{"id":990,"date":"2024-06-03T11:46:20","date_gmt":"2024-06-03T11:46:20","guid":{"rendered":"https:\/\/www.evakuierungsstuhl.de\/?post_type=product&#038;p=990"},"modified":"2024-10-09T10:01:47","modified_gmt":"2024-10-09T09:01:47","slug":"evakuierungsschurze-baby-mover","status":"publish","type":"product","link":"https:\/\/www.evakuierungsstuhl.de\/de\/product\/evacuatieschort-baby-mover\/","title":{"rendered":"Baby Mover\u00ae-Evakuierungssch\u00fcrze"},"content":{"rendered":"<p>Evakuierungssch\u00fcrze ideal f\u00fcr Kinderg\u00e4rten, Kinderstationen, Entbindungsstationen, Gasteltern.<\/p>\n<p>Der BABY MOVER\u00ae ist eine professionelle Evakuierungssch\u00fcrze f\u00fcr die schnelle Evakuierung von Babys und Kleinkindern aus Geb\u00e4uden und Gefahrensituationen.<\/p>\n<p>GEPR\u00dcFTE QUALIT\u00c4T<\/p>\n<p>Die Rettungssch\u00fcrze besteht aus schwer entflammbarem Stoff und wird im Notfall \u00fcber den Kopf (wie ein T-Shirt) angezogen. In den speziell konstruierten Taschen k\u00f6nnen die Babys schnell und sicher untergebracht werden. Durch die Kombination von umfangreich getesteten Materialien und spezieller Verarbeitung kann der BABY MOVER\u00ae bis zu 27 kg Gesamtgewicht in den 3 starken Taschen tragen (9 kg Maximalgewicht pro Kind).<\/p>\n<p>H\u00c4NDE FREI<\/p>\n<p>Die Taschen befinden sich in der vorderen Mitte sowie an der linken und rechten Seite. So hat eine Person, die 3 Babys im BABY MOVER\u00ae tr\u00e4gt, die H\u00e4nde frei, um z. B. das Gel\u00e4nder festzuhalten, T\u00fcren zu \u00f6ffnen oder den Notruf zu w\u00e4hlen.<\/p>","protected":false},"excerpt":{"rendered":"<p>Die Rettungssch\u00fcrze besteht aus schwer entflammbarem Stoff und wird im Notfall \u00fcber den Kopf (wie ein T-Shirt) angezogen. In den speziell konstruierten Taschen k\u00f6nnen die Babys schnell und sicher untergebracht werden. Durch die Kombination von umfangreich getesteten Materialien und spezieller Verarbeitung kann der BABY MOVER\u00ae bis zu 27 kg Gesamtgewicht in den 3 starken Taschen tragen (9 kg Maximalgewicht pro Kind).<\/p>","protected":false},"featured_media":992,"comment_status":"closed","ping_status":"closed","template":"","meta":{"_acf_changed":false},"product_brand":[],"product_cat":[28,29],"product_tag":[49],"class_list":{"0":"post-990","1":"product","2":"type-product","3":"status-publish","4":"has-post-thumbnail","6":"product_cat-accessoires-bhv","7":"product_cat-school-en-kinderen","8":"product_tag-babymover","10":"first","11":"instock","12":"taxable","13":"shipping-taxable","14":"purchasable","15":"product-type-simple"},"acf":[],"yoast_head":"<!-- This site is optimized with the Yoast SEO plugin v27.2 - https:\/\/yoast.com\/product\/yoast-seo-wordpress\/ -->\n<title>Evacuatieschort Baby Mover\u00ae - Evacuatieexpert<\/title>\n<meta name=\"robots\" content=\"index, follow, max-snippet:-1, max-image-preview:large, max-video-preview:-1\" \/>\n<link rel=\"canonical\" href=\"https:\/\/www.evakuierungsstuhl.de\/de\/produkt\/evakuierungsschurze-baby-mover\/\" \/>\n<meta property=\"og:locale\" content=\"de_DE\" \/>\n<meta property=\"og:type\" content=\"article\" \/>\n<meta property=\"og:title\" content=\"Evacuatieschort Baby Mover\u00ae - Evacuatieexpert\" \/>\n<meta property=\"og:description\" content=\"Het reddingsschort is gemaakt van vlamvertragende stof en wordt bij een noodgeval over het hoofd ( zoals een t-shirt) aangetrokken. In de speciaal geconstrueerde zakken kunnen de baby\u2019s snel en veilig geplaatst worden. Door de combinatie van uitgebreid geteste materialen en de speciale verwerking kan de\u00a0BABY MOVER\u00ae\u00a0in de 3 sterke zakken tot 27 kg gezamenlijk gewicht dragen (9 kg maximaal gewicht per kind).\" \/>\n<meta property=\"og:url\" content=\"https:\/\/www.evakuierungsstuhl.de\/de\/produkt\/evakuierungsschurze-baby-mover\/\" \/>\n<meta property=\"og:site_name\" content=\"Evacuatieexpert\" \/>\n<meta property=\"article:modified_time\" content=\"2024-10-09T09:01:47+00:00\" \/>\n<meta property=\"og:image\" content=\"https:\/\/www.evakuierungsstuhl.de\/wp-content\/uploads\/2024\/06\/Baby-Mover-11-scaled.jpg\" \/>\n\t<meta property=\"og:image:width\" content=\"1709\" \/>\n\t<meta property=\"og:image:height\" content=\"2560\" \/>\n\t<meta property=\"og:image:type\" content=\"image\/jpeg\" \/>\n<meta name=\"twitter:card\" content=\"summary_large_image\" \/>\n<meta name=\"twitter:label1\" content=\"Gesch\u00e4tzte Lesezeit\" \/>\n\t<meta name=\"twitter:data1\" content=\"1\u00a0Minute\" \/>\n<script type=\"application\/ld+json\" class=\"yoast-schema-graph\">{\"@context\":\"https:\/\/schema.org\",\"@graph\":[{\"@type\":\"WebPage\",\"@id\":\"https:\/\/www.evakuierungsstuhl.de\/product\/evacuatieschort-baby-mover\/\",\"url\":\"https:\/\/www.evakuierungsstuhl.de\/product\/evacuatieschort-baby-mover\/\",\"name\":\"Evacuatieschort Baby Mover\u00ae - Evacuatieexpert\",\"isPartOf\":{\"@id\":\"https:\/\/www.evakuierungsstuhl.de\/#website\"},\"primaryImageOfPage\":{\"@id\":\"https:\/\/www.evakuierungsstuhl.de\/product\/evacuatieschort-baby-mover\/#primaryimage\"},\"image\":{\"@id\":\"https:\/\/www.evakuierungsstuhl.de\/product\/evacuatieschort-baby-mover\/#primaryimage\"},\"thumbnailUrl\":\"https:\/\/www.evakuierungsstuhl.de\/wp-content\/uploads\/2024\/06\/Baby-Mover-11-scaled.jpg\",\"datePublished\":\"2024-06-03T11:46:20+00:00\",\"dateModified\":\"2024-10-09T09:01:47+00:00\",\"breadcrumb\":{\"@id\":\"https:\/\/www.evakuierungsstuhl.de\/product\/evacuatieschort-baby-mover\/#breadcrumb\"},\"inLanguage\":\"de\",\"potentialAction\":[{\"@type\":\"ReadAction\",\"target\":[\"https:\/\/www.evakuierungsstuhl.de\/product\/evacuatieschort-baby-mover\/\"]}]},{\"@type\":\"ImageObject\",\"inLanguage\":\"de\",\"@id\":\"https:\/\/www.evakuierungsstuhl.de\/product\/evacuatieschort-baby-mover\/#primaryimage\",\"url\":\"https:\/\/www.evakuierungsstuhl.de\/wp-content\/uploads\/2024\/06\/Baby-Mover-11-scaled.jpg\",\"contentUrl\":\"https:\/\/www.evakuierungsstuhl.de\/wp-content\/uploads\/2024\/06\/Baby-Mover-11-scaled.jpg\",\"width\":1709,\"height\":2560},{\"@type\":\"BreadcrumbList\",\"@id\":\"https:\/\/www.evakuierungsstuhl.de\/product\/evacuatieschort-baby-mover\/#breadcrumb\",\"itemListElement\":[{\"@type\":\"ListItem\",\"position\":1,\"name\":\"Home\",\"item\":\"https:\/\/www.evakuierungsstuhl.de\/\"},{\"@type\":\"ListItem\",\"position\":2,\"name\":\"Winkel\",\"item\":\"https:\/\/www.evakuierungsstuhl.de\/winkel\/\"},{\"@type\":\"ListItem\",\"position\":3,\"name\":\"Evacuatieschort Baby Mover\u00ae\"}]},{\"@type\":\"WebSite\",\"@id\":\"https:\/\/www.evakuierungsstuhl.de\/#website\",\"url\":\"https:\/\/www.evakuierungsstuhl.de\/\",\"name\":\"Evacuatieexpert\",\"description\":\"De expert in evacuatie\",\"potentialAction\":[{\"@type\":\"SearchAction\",\"target\":{\"@type\":\"EntryPoint\",\"urlTemplate\":\"https:\/\/www.evakuierungsstuhl.de\/?s={search_term_string}\"},\"query-input\":{\"@type\":\"PropertyValueSpecification\",\"valueRequired\":true,\"valueName\":\"search_term_string\"}}],\"inLanguage\":\"de\"}]}<\/script>\n<!-- \/ Yoast SEO plugin. -->","yoast_head_json":{"title":"Evakuierungssch\u00fcrze Baby Mover\u00ae - Evacuation Expert","robots":{"index":"index","follow":"follow","max-snippet":"max-snippet:-1","max-image-preview":"max-image-preview:large","max-video-preview":"max-video-preview:-1"},"canonical":"https:\/\/www.evakuierungsstuhl.de\/de\/produkt\/evakuierungsschurze-baby-mover\/","og_locale":"de_DE","og_type":"article","og_title":"Evacuatieschort Baby Mover\u00ae - Evacuatieexpert","og_description":"Het reddingsschort is gemaakt van vlamvertragende stof en wordt bij een noodgeval over het hoofd ( zoals een t-shirt) aangetrokken. In de speciaal geconstrueerde zakken kunnen de baby\u2019s snel en veilig geplaatst worden. Door de combinatie van uitgebreid geteste materialen en de speciale verwerking kan de\u00a0BABY MOVER\u00ae\u00a0in de 3 sterke zakken tot 27 kg gezamenlijk gewicht dragen (9 kg maximaal gewicht per kind).","og_url":"https:\/\/www.evakuierungsstuhl.de\/de\/produkt\/evakuierungsschurze-baby-mover\/","og_site_name":"Evacuatieexpert","article_modified_time":"2024-10-09T09:01:47+00:00","og_image":[{"width":1709,"height":2560,"url":"https:\/\/www.evakuierungsstuhl.de\/wp-content\/uploads\/2024\/06\/Baby-Mover-11-scaled.jpg","type":"image\/jpeg"}],"twitter_card":"summary_large_image","twitter_misc":{"Gesch\u00e4tzte Lesezeit":"1\u00a0Minute"},"schema":{"@context":"https:\/\/schema.org","@graph":[{"@type":"WebPage","@id":"https:\/\/www.evakuierungsstuhl.de\/product\/evacuatieschort-baby-mover\/","url":"https:\/\/www.evakuierungsstuhl.de\/product\/evacuatieschort-baby-mover\/","name":"Evakuierungssch\u00fcrze Baby Mover\u00ae - Evacuation Expert","isPartOf":{"@id":"https:\/\/www.evakuierungsstuhl.de\/#website"},"primaryImageOfPage":{"@id":"https:\/\/www.evakuierungsstuhl.de\/product\/evacuatieschort-baby-mover\/#primaryimage"},"image":{"@id":"https:\/\/www.evakuierungsstuhl.de\/product\/evacuatieschort-baby-mover\/#primaryimage"},"thumbnailUrl":"https:\/\/www.evakuierungsstuhl.de\/wp-content\/uploads\/2024\/06\/Baby-Mover-11-scaled.jpg","datePublished":"2024-06-03T11:46:20+00:00","dateModified":"2024-10-09T09:01:47+00:00","breadcrumb":{"@id":"https:\/\/www.evakuierungsstuhl.de\/product\/evacuatieschort-baby-mover\/#breadcrumb"},"inLanguage":"de","potentialAction":[{"@type":"ReadAction","target":["https:\/\/www.evakuierungsstuhl.de\/product\/evacuatieschort-baby-mover\/"]}]},{"@type":"ImageObject","inLanguage":"de","@id":"https:\/\/www.evakuierungsstuhl.de\/product\/evacuatieschort-baby-mover\/#primaryimage","url":"https:\/\/www.evakuierungsstuhl.de\/wp-content\/uploads\/2024\/06\/Baby-Mover-11-scaled.jpg","contentUrl":"https:\/\/www.evakuierungsstuhl.de\/wp-content\/uploads\/2024\/06\/Baby-Mover-11-scaled.jpg","width":1709,"height":2560},{"@type":"BreadcrumbList","@id":"https:\/\/www.evakuierungsstuhl.de\/product\/evacuatieschort-baby-mover\/#breadcrumb","itemListElement":[{"@type":"ListItem","position":1,"name":"Home","item":"https:\/\/www.evakuierungsstuhl.de\/"},{"@type":"ListItem","position":2,"name":"Winkel","item":"https:\/\/www.evakuierungsstuhl.de\/winkel\/"},{"@type":"ListItem","position":3,"name":"Evacuatieschort Baby Mover\u00ae"}]},{"@type":"WebSite","@id":"https:\/\/www.evakuierungsstuhl.de\/#website","url":"https:\/\/www.evakuierungsstuhl.de\/","name":"Experte f\u00fcr Evakuierung","description":"Der Experte f\u00fcr Evakuierung","potentialAction":[{"@type":"SearchAction","target":{"@type":"EntryPoint","urlTemplate":"https:\/\/www.evakuierungsstuhl.de\/?s={search_term_string}"},"query-input":{"@type":"PropertyValueSpecification","valueRequired":true,"valueName":"search_term_string"}}],"inLanguage":"de"}]}},"_links":{"self":[{"href":"https:\/\/www.evakuierungsstuhl.de\/de\/wp-json\/wp\/v2\/product\/990","targetHints":{"allow":["GET"]}}],"collection":[{"href":"https:\/\/www.evakuierungsstuhl.de\/de\/wp-json\/wp\/v2\/product"}],"about":[{"href":"https:\/\/www.evakuierungsstuhl.de\/de\/wp-json\/wp\/v2\/types\/product"}],"replies":[{"embeddable":true,"href":"https:\/\/www.evakuierungsstuhl.de\/de\/wp-json\/wp\/v2\/comments?post=990"}],"version-history":[{"count":1,"href":"https:\/\/www.evakuierungsstuhl.de\/de\/wp-json\/wp\/v2\/product\/990\/revisions"}],"predecessor-version":[{"id":1517,"href":"https:\/\/www.evakuierungsstuhl.de\/de\/wp-json\/wp\/v2\/product\/990\/revisions\/1517"}],"wp:featuredmedia":[{"embeddable":true,"href":"https:\/\/www.evakuierungsstuhl.de\/de\/wp-json\/wp\/v2\/media\/992"}],"wp:attachment":[{"href":"https:\/\/www.evakuierungsstuhl.de\/de\/wp-json\/wp\/v2\/media?parent=990"}],"wp:term":[{"taxonomy":"product_brand","embeddable":true,"href":"https:\/\/www.evakuierungsstuhl.de\/de\/wp-json\/wp\/v2\/product_brand?post=990"},{"taxonomy":"product_cat","embeddable":true,"href":"https:\/\/www.evakuierungsstuhl.de\/de\/wp-json\/wp\/v2\/product_cat?post=990"},{"taxonomy":"product_tag","embeddable":true,"href":"https:\/\/www.evakuierungsstuhl.de\/de\/wp-json\/wp\/v2\/product_tag?post=990"}],"curies":[{"name":"wp","href":"https:\/\/api.w.org\/{rel}","templated":true}]}}