{"id":971,"date":"2024-06-03T10:01:39","date_gmt":"2024-06-03T10:01:39","guid":{"rendered":"https:\/\/www.evakuierungsstuhl.de\/?post_type=product&#038;p=971"},"modified":"2026-01-31T12:04:33","modified_gmt":"2026-01-31T11:04:33","slug":"evakuierungsstuhl-fluchtstuhl-cf-kopie","status":"publish","type":"product","link":"https:\/\/www.evakuierungsstuhl.de\/de\/product\/evacuatiestoel-escape-chair-cf-kopie\/","title":{"rendered":"Professionelles tragbares Evakuierungstuch mit Fu\u00dftasche."},"content":{"rendered":"<p>Dieses Evakuierungstuch wurde speziell f\u00fcr die Evakuierung von liegenden Personen durch Tragen entwickelt. Es ist aus strapazierf\u00e4higem UltraTEX-Material gefertigt und bietet optimale Sicherheit und Zuverl\u00e4ssigkeit. Das Tuch verf\u00fcgt \u00fcber 8 extra verst\u00e4rkte Griffe f\u00fcr festen Halt und Stabilit\u00e4t beim Tragen.<\/p>\n<p>Dar\u00fcber hinaus ist sie mit einer praktischen Fu\u00dftasche ausgestattet, in der die Beine des Evakuierten sicher gelagert werden k\u00f6nnen. Die Evakuierungsdecke erf\u00fcllt die strengen Normen der DIN EN 1865, was ihre hohe Qualit\u00e4t und Sicherheit garantiert.<\/p>","protected":false},"excerpt":{"rendered":"<p>Dieses Evakuierungstuch wurde speziell f\u00fcr die Evakuierung von liegenden Personen durch Tragen entwickelt. Es ist aus strapazierf\u00e4higem UltraTEX-Material gefertigt und bietet optimale Sicherheit und Zuverl\u00e4ssigkeit. Das Tuch verf\u00fcgt \u00fcber 8 extra verst\u00e4rkte Griffe f\u00fcr festen Halt und Stabilit\u00e4t beim Tragen.<\/p>\n<p>Dar\u00fcber hinaus ist sie mit einer praktischen Fu\u00dftasche ausgestattet, in der die Beine des Evakuierten sicher gelagert werden k\u00f6nnen. Die Evakuierungsdecke erf\u00fcllt die strengen Normen der DIN EN 1865, was ihre hohe Qualit\u00e4t und Sicherheit garantiert.<\/p>","protected":false},"featured_media":972,"comment_status":"closed","ping_status":"closed","template":"","meta":{"_acf_changed":false},"product_brand":[],"product_cat":[27,25],"product_tag":[41,59],"class_list":{"0":"post-971","1":"product","2":"type-product","3":"status-publish","4":"has-post-thumbnail","6":"product_cat-evacuatiedoeken","7":"product_cat-evacuatiematrassen","8":"product_tag-evacuatiedoek","9":"product_tag-ultramedic","11":"first","12":"instock","13":"taxable","14":"shipping-taxable","15":"purchasable","16":"product-type-simple"},"acf":[],"yoast_head":"<!-- This site is optimized with the Yoast SEO plugin v27.2 - https:\/\/yoast.com\/product\/yoast-seo-wordpress\/ -->\n<title>Professioneel draagbaar evacuatiedoek met voetzak. - Evacuatieexpert<\/title>\n<meta name=\"robots\" content=\"index, follow, max-snippet:-1, max-image-preview:large, max-video-preview:-1\" \/>\n<link rel=\"canonical\" href=\"https:\/\/www.evakuierungsstuhl.de\/de\/produkt\/evakuierungsstuhl-fluchtstuhl-cf-kopie\/\" \/>\n<meta property=\"og:locale\" content=\"de_DE\" \/>\n<meta property=\"og:type\" content=\"article\" \/>\n<meta property=\"og:title\" content=\"Professioneel draagbaar evacuatiedoek met voetzak. - Evacuatieexpert\" \/>\n<meta property=\"og:description\" content=\"Dit evacuatiedoek is speciaal ontworpen om personen liggend te evacueren door middel van dragen. Gemaakt van duurzaam ultraTEX-materiaal, biedt het optimale veiligheid en betrouwbaarheid. Het doek is voorzien van 8 extra versterkte handgrepen voor stevige grip en stabiliteit tijdens het dragen.  Daarnaast is het uitgerust met een handige voetenzak om de benen van de ge\u00ebvacueerde persoon veilig te positioneren. Het evacuatiedoek voldoet aan de strenge normen van DIN EN 1865, wat de hoge kwaliteit en veiligheid garandeert.\" \/>\n<meta property=\"og:url\" content=\"https:\/\/www.evakuierungsstuhl.de\/de\/produkt\/evakuierungsstuhl-fluchtstuhl-cf-kopie\/\" \/>\n<meta property=\"og:site_name\" content=\"Evacuatieexpert\" \/>\n<meta property=\"article:modified_time\" content=\"2026-01-31T11:04:33+00:00\" \/>\n<meta property=\"og:image\" content=\"https:\/\/www.evakuierungsstuhl.de\/wp-content\/uploads\/2024\/06\/san-0555-scaled.jpg\" \/>\n\t<meta property=\"og:image:width\" content=\"2560\" \/>\n\t<meta property=\"og:image:height\" content=\"1319\" \/>\n\t<meta property=\"og:image:type\" content=\"image\/jpeg\" \/>\n<meta name=\"twitter:card\" content=\"summary_large_image\" \/>\n<script type=\"application\/ld+json\" class=\"yoast-schema-graph\">{\"@context\":\"https:\/\/schema.org\",\"@graph\":[{\"@type\":\"WebPage\",\"@id\":\"https:\/\/www.evakuierungsstuhl.de\/product\/evacuatiestoel-escape-chair-cf-kopie\/\",\"url\":\"https:\/\/www.evakuierungsstuhl.de\/product\/evacuatiestoel-escape-chair-cf-kopie\/\",\"name\":\"Professioneel draagbaar evacuatiedoek met voetzak. - Evacuatieexpert\",\"isPartOf\":{\"@id\":\"https:\/\/www.evakuierungsstuhl.de\/#website\"},\"primaryImageOfPage\":{\"@id\":\"https:\/\/www.evakuierungsstuhl.de\/product\/evacuatiestoel-escape-chair-cf-kopie\/#primaryimage\"},\"image\":{\"@id\":\"https:\/\/www.evakuierungsstuhl.de\/product\/evacuatiestoel-escape-chair-cf-kopie\/#primaryimage\"},\"thumbnailUrl\":\"https:\/\/www.evakuierungsstuhl.de\/wp-content\/uploads\/2024\/06\/san-0555-scaled.jpg\",\"datePublished\":\"2024-06-03T10:01:39+00:00\",\"dateModified\":\"2026-01-31T11:04:33+00:00\",\"breadcrumb\":{\"@id\":\"https:\/\/www.evakuierungsstuhl.de\/product\/evacuatiestoel-escape-chair-cf-kopie\/#breadcrumb\"},\"inLanguage\":\"de\",\"potentialAction\":[{\"@type\":\"ReadAction\",\"target\":[\"https:\/\/www.evakuierungsstuhl.de\/product\/evacuatiestoel-escape-chair-cf-kopie\/\"]}]},{\"@type\":\"ImageObject\",\"inLanguage\":\"de\",\"@id\":\"https:\/\/www.evakuierungsstuhl.de\/product\/evacuatiestoel-escape-chair-cf-kopie\/#primaryimage\",\"url\":\"https:\/\/www.evakuierungsstuhl.de\/wp-content\/uploads\/2024\/06\/san-0555-scaled.jpg\",\"contentUrl\":\"https:\/\/www.evakuierungsstuhl.de\/wp-content\/uploads\/2024\/06\/san-0555-scaled.jpg\",\"width\":2560,\"height\":1319},{\"@type\":\"BreadcrumbList\",\"@id\":\"https:\/\/www.evakuierungsstuhl.de\/product\/evacuatiestoel-escape-chair-cf-kopie\/#breadcrumb\",\"itemListElement\":[{\"@type\":\"ListItem\",\"position\":1,\"name\":\"Home\",\"item\":\"https:\/\/www.evakuierungsstuhl.de\/\"},{\"@type\":\"ListItem\",\"position\":2,\"name\":\"Winkel\",\"item\":\"https:\/\/www.evakuierungsstuhl.de\/winkel\/\"},{\"@type\":\"ListItem\",\"position\":3,\"name\":\"Professioneel draagbaar evacuatiedoek met voetzak.\"}]},{\"@type\":\"WebSite\",\"@id\":\"https:\/\/www.evakuierungsstuhl.de\/#website\",\"url\":\"https:\/\/www.evakuierungsstuhl.de\/\",\"name\":\"Evacuatieexpert\",\"description\":\"De expert in evacuatie\",\"potentialAction\":[{\"@type\":\"SearchAction\",\"target\":{\"@type\":\"EntryPoint\",\"urlTemplate\":\"https:\/\/www.evakuierungsstuhl.de\/?s={search_term_string}\"},\"query-input\":{\"@type\":\"PropertyValueSpecification\",\"valueRequired\":true,\"valueName\":\"search_term_string\"}}],\"inLanguage\":\"de\"}]}<\/script>\n<!-- \/ Yoast SEO plugin. -->","yoast_head_json":{"title":"Professionelles tragbares Evakuierungstuch mit Fu\u00dfsack. - Experte f\u00fcr Evakuierung","robots":{"index":"index","follow":"follow","max-snippet":"max-snippet:-1","max-image-preview":"max-image-preview:large","max-video-preview":"max-video-preview:-1"},"canonical":"https:\/\/www.evakuierungsstuhl.de\/de\/produkt\/evakuierungsstuhl-fluchtstuhl-cf-kopie\/","og_locale":"de_DE","og_type":"article","og_title":"Professioneel draagbaar evacuatiedoek met voetzak. - Evacuatieexpert","og_description":"Dit evacuatiedoek is speciaal ontworpen om personen liggend te evacueren door middel van dragen. Gemaakt van duurzaam ultraTEX-materiaal, biedt het optimale veiligheid en betrouwbaarheid. Het doek is voorzien van 8 extra versterkte handgrepen voor stevige grip en stabiliteit tijdens het dragen.  Daarnaast is het uitgerust met een handige voetenzak om de benen van de ge\u00ebvacueerde persoon veilig te positioneren. Het evacuatiedoek voldoet aan de strenge normen van DIN EN 1865, wat de hoge kwaliteit en veiligheid garandeert.","og_url":"https:\/\/www.evakuierungsstuhl.de\/de\/produkt\/evakuierungsstuhl-fluchtstuhl-cf-kopie\/","og_site_name":"Evacuatieexpert","article_modified_time":"2026-01-31T11:04:33+00:00","og_image":[{"width":2560,"height":1319,"url":"https:\/\/www.evakuierungsstuhl.de\/wp-content\/uploads\/2024\/06\/san-0555-scaled.jpg","type":"image\/jpeg"}],"twitter_card":"summary_large_image","schema":{"@context":"https:\/\/schema.org","@graph":[{"@type":"WebPage","@id":"https:\/\/www.evakuierungsstuhl.de\/product\/evacuatiestoel-escape-chair-cf-kopie\/","url":"https:\/\/www.evakuierungsstuhl.de\/product\/evacuatiestoel-escape-chair-cf-kopie\/","name":"Professionelles tragbares Evakuierungstuch mit Fu\u00dfsack. - Experte f\u00fcr Evakuierung","isPartOf":{"@id":"https:\/\/www.evakuierungsstuhl.de\/#website"},"primaryImageOfPage":{"@id":"https:\/\/www.evakuierungsstuhl.de\/product\/evacuatiestoel-escape-chair-cf-kopie\/#primaryimage"},"image":{"@id":"https:\/\/www.evakuierungsstuhl.de\/product\/evacuatiestoel-escape-chair-cf-kopie\/#primaryimage"},"thumbnailUrl":"https:\/\/www.evakuierungsstuhl.de\/wp-content\/uploads\/2024\/06\/san-0555-scaled.jpg","datePublished":"2024-06-03T10:01:39+00:00","dateModified":"2026-01-31T11:04:33+00:00","breadcrumb":{"@id":"https:\/\/www.evakuierungsstuhl.de\/product\/evacuatiestoel-escape-chair-cf-kopie\/#breadcrumb"},"inLanguage":"de","potentialAction":[{"@type":"ReadAction","target":["https:\/\/www.evakuierungsstuhl.de\/product\/evacuatiestoel-escape-chair-cf-kopie\/"]}]},{"@type":"ImageObject","inLanguage":"de","@id":"https:\/\/www.evakuierungsstuhl.de\/product\/evacuatiestoel-escape-chair-cf-kopie\/#primaryimage","url":"https:\/\/www.evakuierungsstuhl.de\/wp-content\/uploads\/2024\/06\/san-0555-scaled.jpg","contentUrl":"https:\/\/www.evakuierungsstuhl.de\/wp-content\/uploads\/2024\/06\/san-0555-scaled.jpg","width":2560,"height":1319},{"@type":"BreadcrumbList","@id":"https:\/\/www.evakuierungsstuhl.de\/product\/evacuatiestoel-escape-chair-cf-kopie\/#breadcrumb","itemListElement":[{"@type":"ListItem","position":1,"name":"Home","item":"https:\/\/www.evakuierungsstuhl.de\/"},{"@type":"ListItem","position":2,"name":"Winkel","item":"https:\/\/www.evakuierungsstuhl.de\/winkel\/"},{"@type":"ListItem","position":3,"name":"Professioneel draagbaar evacuatiedoek met voetzak."}]},{"@type":"WebSite","@id":"https:\/\/www.evakuierungsstuhl.de\/#website","url":"https:\/\/www.evakuierungsstuhl.de\/","name":"Experte f\u00fcr Evakuierung","description":"Der Experte f\u00fcr Evakuierung","potentialAction":[{"@type":"SearchAction","target":{"@type":"EntryPoint","urlTemplate":"https:\/\/www.evakuierungsstuhl.de\/?s={search_term_string}"},"query-input":{"@type":"PropertyValueSpecification","valueRequired":true,"valueName":"search_term_string"}}],"inLanguage":"de"}]}},"_links":{"self":[{"href":"https:\/\/www.evakuierungsstuhl.de\/de\/wp-json\/wp\/v2\/product\/971","targetHints":{"allow":["GET"]}}],"collection":[{"href":"https:\/\/www.evakuierungsstuhl.de\/de\/wp-json\/wp\/v2\/product"}],"about":[{"href":"https:\/\/www.evakuierungsstuhl.de\/de\/wp-json\/wp\/v2\/types\/product"}],"replies":[{"embeddable":true,"href":"https:\/\/www.evakuierungsstuhl.de\/de\/wp-json\/wp\/v2\/comments?post=971"}],"version-history":[{"count":1,"href":"https:\/\/www.evakuierungsstuhl.de\/de\/wp-json\/wp\/v2\/product\/971\/revisions"}],"predecessor-version":[{"id":1593,"href":"https:\/\/www.evakuierungsstuhl.de\/de\/wp-json\/wp\/v2\/product\/971\/revisions\/1593"}],"wp:featuredmedia":[{"embeddable":true,"href":"https:\/\/www.evakuierungsstuhl.de\/de\/wp-json\/wp\/v2\/media\/972"}],"wp:attachment":[{"href":"https:\/\/www.evakuierungsstuhl.de\/de\/wp-json\/wp\/v2\/media?parent=971"}],"wp:term":[{"taxonomy":"product_brand","embeddable":true,"href":"https:\/\/www.evakuierungsstuhl.de\/de\/wp-json\/wp\/v2\/product_brand?post=971"},{"taxonomy":"product_cat","embeddable":true,"href":"https:\/\/www.evakuierungsstuhl.de\/de\/wp-json\/wp\/v2\/product_cat?post=971"},{"taxonomy":"product_tag","embeddable":true,"href":"https:\/\/www.evakuierungsstuhl.de\/de\/wp-json\/wp\/v2\/product_tag?post=971"}],"curies":[{"name":"wp","href":"https:\/\/api.w.org\/{rel}","templated":true}]}}