{"id":961,"date":"2024-06-03T09:58:56","date_gmt":"2024-06-03T09:58:56","guid":{"rendered":"https:\/\/www.evakuierungsstuhl.de\/?post_type=product&#038;p=961"},"modified":"2026-01-12T17:09:43","modified_gmt":"2026-01-12T16:09:43","slug":"evakuierungsstuhl-fluchtstuhl-cf","status":"publish","type":"product","link":"https:\/\/www.evakuierungsstuhl.de\/de\/product\/evacuatiestoel-escape-chair-cf\/","title":{"rendered":"Evakuierungsstuhl Fluchtstuhl\u00ae CF Angebot"},"content":{"rendered":"<pre class=\"tw-data-text tw-text-large tw-ta\" dir=\"ltr\" tabindex=\"-1\" role=\"text\" data-placeholder=\"Vertaling\" data-ved=\"2ahUKEwjs9YTcsIaSAxWC9AIHHfxbLEUQ3ewLegQIDBAW\" aria-label=\"\u00dcbersetzter Text: Bestellen Sie den Escape Chair CF und erhalten Sie ein kostenloses Upgrade auf den Escape Chair Carry CF! Profitieren Sie jetzt von unserem exklusiven Upgrade-Angebot! Kaufen Sie den Escape Chair CF und erhalten Sie ein kostenloses Upgrade auf den Escape Chair Carry CF!\"><span class=\"Y2IQFc\" lang=\"nl\"><strong>Bestellen Sie den Fluchtstuhl CF und erhalten Sie ein kostenloses Upgrade auf den Fluchtstuhl Carry CF!\n\nNutzen Sie jetzt unser exklusives Upgrade-Angebot!\n\nKaufen Sie den Fluchtstuhl CF und erhalten Sie ein kostenloses Upgrade auf den Fluchtstuhl Carry<\/strong> <strong>CF!\r\n\r\n<\/strong><\/span><\/pre>\n<pre id=\"tw-target-text\" class=\"tw-data-text tw-text-large tw-ta\" dir=\"ltr\" tabindex=\"-1\" role=\"text\" data-placeholder=\"Vertaling\" data-ved=\"2ahUKEwjs9YTcsIaSAxWC9AIHHfxbLEUQ3ewLegQIDBAW\" aria-label=\"\u00dcbersetzter Text: Was bedeutet das f\u00fcr Sie? ? Keine zus\u00e4tzlichen Kosten ? Mehr Komfort und Benutzerfreundlichkeit ? Die bew\u00e4hrte Escape-Qualit\u00e4t Der Escape Chair Carry CF bietet alle Vorteile des Escape Chair CF, plus eine praktische Trageoption f\u00fcr noch mehr Flexibilit\u00e4t. ? Angebot g\u00fcltig f\u00fcr begrenzte Zeit und solange der Vorrat reicht. ? Bestellen Sie noch heute und sichern Sie sich dieses kostenlose Upgrade!\"><strong><span class=\"Y2IQFc\" lang=\"nl\">Was bedeutet das f\u00fcr Sie?\n\nKeine zus\u00e4tzlichen Kosten\nMehr Komfort und einfache Bedienung\nDie bew\u00e4hrte Escape-Qualit\u00e4t\n\nDer Escape Chair Carry CF bietet alle Vorteile des Escape Chair CF, plus eine praktische Trageoption f\u00fcr noch mehr Flexibilit\u00e4t.\n\nAngebot g\u00fcltig f\u00fcr eine begrenzte Zeit und solange der Vorrat reicht.\n\nBestellen Sie noch heute und sichern Sie sich dieses kostenlose Upgrade!<\/span><\/strong><\/pre>\n<pre id=\"tw-target-text\" class=\"tw-data-text tw-text-large tw-ta\" dir=\"ltr\" tabindex=\"-1\" role=\"text\" data-placeholder=\"Vertaling\" data-ved=\"2ahUKEwjs9YTcsIaSAxWC9AIHHfxbLEUQ3ewLegQIDBAW\" aria-label=\"\u00dcbersetzter Text: Bestellen Sie den Escape Chair CF und erhalten Sie ein kostenloses Upgrade auf den Escape Chair Carry CF! Profitieren Sie jetzt von unserem exklusiven Upgrade-Angebot! Kaufen Sie den Escape Chair CF und erhalten Sie ein kostenloses Upgrade auf den Escape Chair Carry CF!\"><span class=\"Y2IQFc\" lang=\"nl\"><strong>\u00a0<\/strong><\/span><\/pre>\n<p>Der Escape-Chair\u00ae CF wurde speziell f\u00fcr Menschen mit eingeschr\u00e4nkter Mobilit\u00e4t und Rollstuhlfahrer entwickelt. Z.B. \u00e4ltere Menschen, Menschen mit einer Verletzung, Rollator usw. Kurz gesagt, jeder, der sich in einer Notsituation nicht selbst\u00e4ndig evakuieren kann. Die Armlehnen geben dem Insassen ein sicheres Gef\u00fchl w\u00e4hrend der Evakuierung und k\u00f6nnen ggf. als Hilfsmittel beim \u00dcbergang vom Rollstuhl zum Escape-Chair\u00ae verwendet werden. Die Armlehnen k\u00f6nnen individuell angehoben oder abgesenkt werden.<\/p>\n<p>Die Fu\u00dfst\u00fctze bietet eine bessere Unterst\u00fctzung f\u00fcr die Beine. Der Evakuierte, der in der Regel l\u00e4ngere Zeit im Escape-Chair\u00ae verweilt (z.B. beim Warten am Sammelplatz), leidet dadurch weniger unter einer Behinderung der Durchblutung der Oberschenkel. Wir empfehlen daher dieses Modell f\u00fcr die Rettung aus einem Geb\u00e4ude mit h\u00f6heren Stockwerken.<\/p>\n<p>Der Komfortsitz sorgt f\u00fcr stabiles und bequemes Sitzen, ebenso wie die doppelte R\u00fcckenlehne. Da dieses Modell \u00fcber einen in 2 H\u00f6hen verstellbaren Steuergriff verf\u00fcgt, k\u00f6nnen Personen mit unterschiedlicher K\u00f6rpergr\u00f6\u00dfe diesen Escape-Chair\u00ae richtig bedienen.<\/p>\n<p>Dieser Evakuierungsstuhl von Escape-Mobility passt in jeden Evakuierungsplan und R\u00e4umungsplan.<\/p>\n<p>E.E.H. liefert u.a. alle Modelle und Produkte aus dem Escape Mobility Sortiment. Auch f\u00fcr die Wartung und Schulung mit dem Escape-Stuhl sind wir die richtige Adresse.<\/p>\n<p>&nbsp;<\/p>\n<p><iframe title=\"EVAKUIERUNGSSTUHL FLUCHTSTUHL ANLEITUNG VIDEO (NL)\" width=\"800\" height=\"450\" data-src=\"https:\/\/www.youtube.com\/embed\/2SXoTU5MCZQ?feature=oembed\" frameborder=\"0\" allow=\"accelerometer; autoplay; clipboard-write; encrypted-media; gyroscope; picture-in-picture; web-share\" referrerpolicy=\"strict-origin-when-cross-origin\" allowfullscreen src=\"data:image\/svg+xml;base64,PHN2ZyB3aWR0aD0iMSIgaGVpZ2h0PSIxIiB4bWxucz0iaHR0cDovL3d3dy53My5vcmcvMjAwMC9zdmciPjwvc3ZnPg==\" class=\"lazyload\" data-load-mode=\"1\"><\/iframe><\/p>","protected":false},"excerpt":{"rendered":"<pre class=\"tw-data-text tw-text-large tw-ta\" dir=\"ltr\" tabindex=\"-1\" role=\"text\" data-placeholder=\"Vertaling\" data-ved=\"2ahUKEwjs9YTcsIaSAxWC9AIHHfxbLEUQ3ewLegQIDBAW\" aria-label=\"\u00dcbersetzter Text: Bestellen Sie den Escape Chair CF und erhalten Sie ein kostenloses Upgrade auf den Escape Chair Carry CF! Profitieren Sie jetzt von unserem exklusiven Upgrade-Angebot! Kaufen Sie den Escape Chair CF und erhalten Sie ein kostenloses Upgrade auf den Escape Chair Carry CF!\"><span class=\"Y2IQFc\" lang=\"nl\"><strong>Bestellen Sie den Fluchtsessel CF und erhalten Sie ein kostenloses Upgrade auf den Fluchtsessel Carry CF! (begrenzte St\u00fcckzahl, solange der Vorrat reicht)<\/strong><\/span><\/pre>\n<p>Deze evacuatiestoel is licht van gewicht en binnen enkele seconden gebruiksklaar. De uitklapbare standaard met brede wielbasis zorgt voor extra stabiliteit. Met een maximale draaglast van 185 kg en geschikt voor een maximale traphoek van 40\u00b0, biedt deze stoel veelzijdigheid en betrouwbaarheid. De bedieningsbeugel is in twee hoogtes verstelbaar, en zowel de bedienings- als onderbeugel zijn voorzien van anti-slip voor extra veiligheid.<\/p>\n<p>Comfort en ondersteuning<\/p>\n<p>De zitting is ontworpen voor maximaal comfort en de brede rugleuning biedt betere ondersteuning. Daarnaast is de stoel uitgerust met een voetensteun, armleuningen, en een hoofdsteun met fixatieband. De opgevulde, gepolsterde hoofdsteun zorgt voor extra comfort tijdens gebruik.<\/p>","protected":false},"featured_media":1491,"comment_status":"closed","ping_status":"closed","template":"","meta":{"_acf_changed":false},"product_brand":[],"product_cat":[24],"product_tag":[35],"class_list":{"0":"post-961","1":"product","2":"type-product","3":"status-publish","4":"has-post-thumbnail","6":"product_cat-evacuatiestoelen","7":"product_tag-escape-chair","9":"first","10":"instock","11":"taxable","12":"shipping-taxable","13":"purchasable","14":"product-type-simple"},"acf":[],"yoast_head":"<!-- This site is optimized with the Yoast SEO plugin v27.2 - https:\/\/yoast.com\/product\/yoast-seo-wordpress\/ -->\n<title>Evacuatiestoel Escape-Chair\u00ae CF Aanbieding - Evacuatieexpert<\/title>\n<meta name=\"robots\" content=\"index, follow, max-snippet:-1, max-image-preview:large, max-video-preview:-1\" \/>\n<link rel=\"canonical\" href=\"https:\/\/www.evakuierungsstuhl.de\/de\/produkt\/evakuierungsstuhl-fluchtstuhl-cf\/\" \/>\n<meta property=\"og:locale\" content=\"de_DE\" \/>\n<meta property=\"og:type\" content=\"article\" \/>\n<meta property=\"og:title\" content=\"Evacuatiestoel Escape-Chair\u00ae CF Aanbieding - Evacuatieexpert\" \/>\n<meta property=\"og:description\" content=\"Bestel de Escape Chair CF en ontvang een gratis upgrade naar de Escape Chair Carry CF! (beperkte voorraad, zolang de voorraad strekt) Deze evacuatiestoel is licht van gewicht en binnen enkele seconden gebruiksklaar. De uitklapbare standaard met brede wielbasis zorgt voor extra stabiliteit. Met een maximale draaglast van 185 kg en geschikt voor een maximale traphoek van 40\u00b0, biedt deze stoel veelzijdigheid en betrouwbaarheid. De bedieningsbeugel is in twee hoogtes verstelbaar, en zowel de bedienings- als onderbeugel zijn voorzien van anti-slip voor extra veiligheid.  Comfort en ondersteuning  De zitting is ontworpen voor maximaal comfort en de brede rugleuning biedt betere ondersteuning. Daarnaast is de stoel uitgerust met een voetensteun, armleuningen, en een hoofdsteun met fixatieband. De opgevulde, gepolsterde hoofdsteun zorgt voor extra comfort tijdens gebruik.\" \/>\n<meta property=\"og:url\" content=\"https:\/\/www.evakuierungsstuhl.de\/de\/produkt\/evakuierungsstuhl-fluchtstuhl-cf\/\" \/>\n<meta property=\"og:site_name\" content=\"Evacuatieexpert\" \/>\n<meta property=\"article:modified_time\" content=\"2026-01-12T16:09:43+00:00\" \/>\n<meta property=\"og:image\" content=\"https:\/\/www.evakuierungsstuhl.de\/wp-content\/uploads\/2024\/06\/CF-scaled.jpg\" \/>\n\t<meta property=\"og:image:width\" content=\"2048\" \/>\n\t<meta property=\"og:image:height\" content=\"2560\" \/>\n\t<meta property=\"og:image:type\" content=\"image\/jpeg\" \/>\n<meta name=\"twitter:card\" content=\"summary_large_image\" \/>\n<meta name=\"twitter:label1\" content=\"Gesch\u00e4tzte Lesezeit\" \/>\n\t<meta name=\"twitter:data1\" content=\"2\u00a0Minuten\" \/>\n<script type=\"application\/ld+json\" class=\"yoast-schema-graph\">{\"@context\":\"https:\/\/schema.org\",\"@graph\":[{\"@type\":\"WebPage\",\"@id\":\"https:\/\/www.evakuierungsstuhl.de\/product\/evacuatiestoel-escape-chair-cf\/\",\"url\":\"https:\/\/www.evakuierungsstuhl.de\/product\/evacuatiestoel-escape-chair-cf\/\",\"name\":\"Evacuatiestoel Escape-Chair\u00ae CF Aanbieding - Evacuatieexpert\",\"isPartOf\":{\"@id\":\"https:\/\/www.evakuierungsstuhl.de\/#website\"},\"primaryImageOfPage\":{\"@id\":\"https:\/\/www.evakuierungsstuhl.de\/product\/evacuatiestoel-escape-chair-cf\/#primaryimage\"},\"image\":{\"@id\":\"https:\/\/www.evakuierungsstuhl.de\/product\/evacuatiestoel-escape-chair-cf\/#primaryimage\"},\"thumbnailUrl\":\"https:\/\/www.evakuierungsstuhl.de\/wp-content\/uploads\/2024\/06\/CF-scaled.jpg\",\"datePublished\":\"2024-06-03T09:58:56+00:00\",\"dateModified\":\"2026-01-12T16:09:43+00:00\",\"breadcrumb\":{\"@id\":\"https:\/\/www.evakuierungsstuhl.de\/product\/evacuatiestoel-escape-chair-cf\/#breadcrumb\"},\"inLanguage\":\"de\",\"potentialAction\":[{\"@type\":\"ReadAction\",\"target\":[\"https:\/\/www.evakuierungsstuhl.de\/product\/evacuatiestoel-escape-chair-cf\/\"]}]},{\"@type\":\"ImageObject\",\"inLanguage\":\"de\",\"@id\":\"https:\/\/www.evakuierungsstuhl.de\/product\/evacuatiestoel-escape-chair-cf\/#primaryimage\",\"url\":\"https:\/\/www.evakuierungsstuhl.de\/wp-content\/uploads\/2024\/06\/CF-scaled.jpg\",\"contentUrl\":\"https:\/\/www.evakuierungsstuhl.de\/wp-content\/uploads\/2024\/06\/CF-scaled.jpg\",\"width\":2048,\"height\":2560},{\"@type\":\"BreadcrumbList\",\"@id\":\"https:\/\/www.evakuierungsstuhl.de\/product\/evacuatiestoel-escape-chair-cf\/#breadcrumb\",\"itemListElement\":[{\"@type\":\"ListItem\",\"position\":1,\"name\":\"Home\",\"item\":\"https:\/\/www.evakuierungsstuhl.de\/\"},{\"@type\":\"ListItem\",\"position\":2,\"name\":\"Winkel\",\"item\":\"https:\/\/www.evakuierungsstuhl.de\/winkel\/\"},{\"@type\":\"ListItem\",\"position\":3,\"name\":\"Evacuatiestoel Escape-Chair\u00ae CF Aanbieding\"}]},{\"@type\":\"WebSite\",\"@id\":\"https:\/\/www.evakuierungsstuhl.de\/#website\",\"url\":\"https:\/\/www.evakuierungsstuhl.de\/\",\"name\":\"Evacuatieexpert\",\"description\":\"De expert in evacuatie\",\"potentialAction\":[{\"@type\":\"SearchAction\",\"target\":{\"@type\":\"EntryPoint\",\"urlTemplate\":\"https:\/\/www.evakuierungsstuhl.de\/?s={search_term_string}\"},\"query-input\":{\"@type\":\"PropertyValueSpecification\",\"valueRequired\":true,\"valueName\":\"search_term_string\"}}],\"inLanguage\":\"de\"}]}<\/script>\n<!-- \/ Yoast SEO plugin. -->","yoast_head_json":{"title":"Evakuierungsstuhl Fluchtstuhl\u00ae CF Angebot - Evakuierungsexperte","robots":{"index":"index","follow":"follow","max-snippet":"max-snippet:-1","max-image-preview":"max-image-preview:large","max-video-preview":"max-video-preview:-1"},"canonical":"https:\/\/www.evakuierungsstuhl.de\/de\/produkt\/evakuierungsstuhl-fluchtstuhl-cf\/","og_locale":"de_DE","og_type":"article","og_title":"Evacuatiestoel Escape-Chair\u00ae CF Aanbieding - Evacuatieexpert","og_description":"Bestel de Escape Chair CF en ontvang een gratis upgrade naar de Escape Chair Carry CF! (beperkte voorraad, zolang de voorraad strekt) Deze evacuatiestoel is licht van gewicht en binnen enkele seconden gebruiksklaar. De uitklapbare standaard met brede wielbasis zorgt voor extra stabiliteit. Met een maximale draaglast van 185 kg en geschikt voor een maximale traphoek van 40\u00b0, biedt deze stoel veelzijdigheid en betrouwbaarheid. De bedieningsbeugel is in twee hoogtes verstelbaar, en zowel de bedienings- als onderbeugel zijn voorzien van anti-slip voor extra veiligheid.  Comfort en ondersteuning  De zitting is ontworpen voor maximaal comfort en de brede rugleuning biedt betere ondersteuning. Daarnaast is de stoel uitgerust met een voetensteun, armleuningen, en een hoofdsteun met fixatieband. De opgevulde, gepolsterde hoofdsteun zorgt voor extra comfort tijdens gebruik.","og_url":"https:\/\/www.evakuierungsstuhl.de\/de\/produkt\/evakuierungsstuhl-fluchtstuhl-cf\/","og_site_name":"Evacuatieexpert","article_modified_time":"2026-01-12T16:09:43+00:00","og_image":[{"width":2048,"height":2560,"url":"https:\/\/www.evakuierungsstuhl.de\/wp-content\/uploads\/2024\/06\/CF-scaled.jpg","type":"image\/jpeg"}],"twitter_card":"summary_large_image","twitter_misc":{"Gesch\u00e4tzte Lesezeit":"2\u00a0Minuten"},"schema":{"@context":"https:\/\/schema.org","@graph":[{"@type":"WebPage","@id":"https:\/\/www.evakuierungsstuhl.de\/product\/evacuatiestoel-escape-chair-cf\/","url":"https:\/\/www.evakuierungsstuhl.de\/product\/evacuatiestoel-escape-chair-cf\/","name":"Evakuierungsstuhl Fluchtstuhl\u00ae CF Angebot - Evakuierungsexperte","isPartOf":{"@id":"https:\/\/www.evakuierungsstuhl.de\/#website"},"primaryImageOfPage":{"@id":"https:\/\/www.evakuierungsstuhl.de\/product\/evacuatiestoel-escape-chair-cf\/#primaryimage"},"image":{"@id":"https:\/\/www.evakuierungsstuhl.de\/product\/evacuatiestoel-escape-chair-cf\/#primaryimage"},"thumbnailUrl":"https:\/\/www.evakuierungsstuhl.de\/wp-content\/uploads\/2024\/06\/CF-scaled.jpg","datePublished":"2024-06-03T09:58:56+00:00","dateModified":"2026-01-12T16:09:43+00:00","breadcrumb":{"@id":"https:\/\/www.evakuierungsstuhl.de\/product\/evacuatiestoel-escape-chair-cf\/#breadcrumb"},"inLanguage":"de","potentialAction":[{"@type":"ReadAction","target":["https:\/\/www.evakuierungsstuhl.de\/product\/evacuatiestoel-escape-chair-cf\/"]}]},{"@type":"ImageObject","inLanguage":"de","@id":"https:\/\/www.evakuierungsstuhl.de\/product\/evacuatiestoel-escape-chair-cf\/#primaryimage","url":"https:\/\/www.evakuierungsstuhl.de\/wp-content\/uploads\/2024\/06\/CF-scaled.jpg","contentUrl":"https:\/\/www.evakuierungsstuhl.de\/wp-content\/uploads\/2024\/06\/CF-scaled.jpg","width":2048,"height":2560},{"@type":"BreadcrumbList","@id":"https:\/\/www.evakuierungsstuhl.de\/product\/evacuatiestoel-escape-chair-cf\/#breadcrumb","itemListElement":[{"@type":"ListItem","position":1,"name":"Home","item":"https:\/\/www.evakuierungsstuhl.de\/"},{"@type":"ListItem","position":2,"name":"Winkel","item":"https:\/\/www.evakuierungsstuhl.de\/winkel\/"},{"@type":"ListItem","position":3,"name":"Evacuatiestoel Escape-Chair\u00ae CF Aanbieding"}]},{"@type":"WebSite","@id":"https:\/\/www.evakuierungsstuhl.de\/#website","url":"https:\/\/www.evakuierungsstuhl.de\/","name":"Experte f\u00fcr Evakuierung","description":"Der Experte f\u00fcr Evakuierung","potentialAction":[{"@type":"SearchAction","target":{"@type":"EntryPoint","urlTemplate":"https:\/\/www.evakuierungsstuhl.de\/?s={search_term_string}"},"query-input":{"@type":"PropertyValueSpecification","valueRequired":true,"valueName":"search_term_string"}}],"inLanguage":"de"}]}},"_links":{"self":[{"href":"https:\/\/www.evakuierungsstuhl.de\/de\/wp-json\/wp\/v2\/product\/961","targetHints":{"allow":["GET"]}}],"collection":[{"href":"https:\/\/www.evakuierungsstuhl.de\/de\/wp-json\/wp\/v2\/product"}],"about":[{"href":"https:\/\/www.evakuierungsstuhl.de\/de\/wp-json\/wp\/v2\/types\/product"}],"replies":[{"embeddable":true,"href":"https:\/\/www.evakuierungsstuhl.de\/de\/wp-json\/wp\/v2\/comments?post=961"}],"version-history":[{"count":5,"href":"https:\/\/www.evakuierungsstuhl.de\/de\/wp-json\/wp\/v2\/product\/961\/revisions"}],"predecessor-version":[{"id":1942,"href":"https:\/\/www.evakuierungsstuhl.de\/de\/wp-json\/wp\/v2\/product\/961\/revisions\/1942"}],"wp:featuredmedia":[{"embeddable":true,"href":"https:\/\/www.evakuierungsstuhl.de\/de\/wp-json\/wp\/v2\/media\/1491"}],"wp:attachment":[{"href":"https:\/\/www.evakuierungsstuhl.de\/de\/wp-json\/wp\/v2\/media?parent=961"}],"wp:term":[{"taxonomy":"product_brand","embeddable":true,"href":"https:\/\/www.evakuierungsstuhl.de\/de\/wp-json\/wp\/v2\/product_brand?post=961"},{"taxonomy":"product_cat","embeddable":true,"href":"https:\/\/www.evakuierungsstuhl.de\/de\/wp-json\/wp\/v2\/product_cat?post=961"},{"taxonomy":"product_tag","embeddable":true,"href":"https:\/\/www.evakuierungsstuhl.de\/de\/wp-json\/wp\/v2\/product_tag?post=961"}],"curies":[{"name":"wp","href":"https:\/\/api.w.org\/{rel}","templated":true}]}}