{"id":951,"date":"2024-06-03T09:52:58","date_gmt":"2024-06-03T09:52:58","guid":{"rendered":"https:\/\/www.evakuierungsstuhl.de\/?post_type=product&#038;p=951"},"modified":"2026-03-23T16:15:11","modified_gmt":"2026-03-23T15:15:11","slug":"evakuierungsmatratze-s-capeplus-premium","status":"publish","type":"product","link":"https:\/\/www.evakuierungsstuhl.de\/de\/product\/evacuatiematras-s-capeplus-premium\/","title":{"rendered":"Evakuierungsmatratze S-capeplus premium"},"content":{"rendered":"<p>Diese unzerst\u00f6rbare Evakuierungsmatratze wird aus der st\u00e4rksten Faser der Welt hergestellt. Dieses Garn, Dyneema, ist 15 Mal st\u00e4rker als Stahl. Neben dem unzerst\u00f6rbaren Material ist diese Evakuierungshilfe auch mit zwei Stabilisierungsbl\u00f6cken ausgestattet, um den Kopf sicher und fest zu fixieren.<\/p>\n<p>Dieses Modell wird bereits in mehreren Unternehmen und auch in mehreren Einrichtungen des Gesundheitswesens eingesetzt, wo eine gelochte Au\u00dfentreppe zur Evakuierung \u00fcber gelochte Treppen verwendet wird.<\/p>\n<p>Ihre besonderen Eigenschaften machen diese Schleppmatratze zu einer perfekten L\u00f6sung f\u00fcr die schnelle und sichere Evakuierung von Personen.<\/p>\n<p>Die gr\u00f6\u00dften Unterschiede zum Standard S-Capeplus?<\/p>\n<p>Dyneema, das beste Garn f\u00fcr eine unverw\u00fcstliche Evakuierungsmatratze.<br \/>\nBesseres und schnelleres Man\u00f6vrieren auf engem Raum dank zus\u00e4tzlicher Br\u00fccken in den Zugschlaufen.<br \/>\nEine Pappe, die das Gewicht des Opfers w\u00e4hrend einer vertikalen Evakuierung verteilt<br \/>\nBefestigung des Kopfes mit Hilfe von \"Kopfbl\u00f6cken\". Leicht einstellbar.<br \/>\nEine Tragetasche, die in L\u00e4ngsrichtung an die Wand geh\u00e4ngt werden kann. Oder flach auf der Liege.<\/p>\n<p>Die zus\u00e4tzlichen Zugschlaufen geben dem FAFS-Beamten mehr M\u00f6glichkeiten, die Evakuierungsmatratze schnell und sicher zu bedienen.<\/p>\n<p>Das Gewicht des Evakuierten wird auf der Treppe auf die Pappe am unteren Ende der Matratze verteilt.<\/p>\n<p>Dyneema ist ein Garn, das bis zu 15 Mal st\u00e4rker ist als Stahl. Aus gutem Grund ist diese Evakuierungsmatratze die beste auf dem Markt.<\/p>\n<p>Die maximale Tragf\u00e4higkeit betr\u00e4gt 200 kg. So kann es \u00fcberall verwendet werden.<\/p>\n<p>Benutzerfreundlichkeit.<\/p>\n<p>Die einfachen Verfahren, die mit einer Evakuierungsmatratze einhergehen, sorgen daf\u00fcr, dass jeder, selbst wenn der Feueralarm ausgel\u00f6st wird und Stress aufkommt, in der Lage ist, dieses Instrument zu nutzen.<\/p>\n<p>Geeignet f\u00fcr jede Oberfl\u00e4che!!!<\/p>\n<p>Sehen Sie sich hier das Video der Standard s-capeplus Matratze an<\/p>\n<p>Abmessungen verpackt in Tragetasche: 60\u00d7210 cm oder 60x35x60 cm Optional mit Wandabdeckung erh\u00e4ltlich<\/p>\n<p>Gr\u00f6\u00dfe der Matratze: 60\u00d7210 cm<br \/>\nGr\u00f6\u00dfe mit aufgeklappten Klappen: 190\u00d7285 cm<br \/>\nMaterial Oberseite: feuerhemmendes Trevira CS Polyester<br \/>\nBodenmaterial: Dyneema\u00ae<br \/>\nGewichtsgrenze: 200 kg<br \/>\nWaschanleitung: Au\u00dfenbezug separat waschen, 60 Grad, bei niedriger Temperatur trocknen, nicht b\u00fcgeln, nicht chemisch reinigen, nicht bleichen.<\/p>","protected":false},"excerpt":{"rendered":"<p>Het sterkste materiaal, Dyneema, is gebruikt om dit onverwoestbare evacuatiematras te maken. Elke trap een vluchtweg. Evacuatie horizontaal en verticaal.<br \/>\nEvacuatie over trappen, ongeacht van welk materiaal de trap is gemaakt. Evacuatiematras voor het snel en veilig evacueren van onder andere rolstoelgebruikers.<\/p>","protected":false},"featured_media":957,"comment_status":"closed","ping_status":"closed","template":"","meta":{"_acf_changed":false},"product_brand":[],"product_cat":[25],"product_tag":[],"class_list":{"0":"post-951","1":"product","2":"type-product","3":"status-publish","4":"has-post-thumbnail","6":"product_cat-evacuatiematrassen","8":"first","9":"instock","10":"taxable","11":"shipping-taxable","12":"purchasable","13":"product-type-simple"},"acf":[],"yoast_head":"<!-- This site is optimized with the Yoast SEO plugin v27.2 - https:\/\/yoast.com\/product\/yoast-seo-wordpress\/ -->\n<title>Evacuatiematras S-capeplus premium - Evacuatieexpert<\/title>\n<meta name=\"robots\" content=\"index, follow, max-snippet:-1, max-image-preview:large, max-video-preview:-1\" \/>\n<link rel=\"canonical\" href=\"https:\/\/www.evakuierungsstuhl.de\/de\/produkt\/evakuierungsmatratze-s-capeplus-premium\/\" \/>\n<meta property=\"og:locale\" content=\"de_DE\" \/>\n<meta property=\"og:type\" content=\"article\" \/>\n<meta property=\"og:title\" content=\"Evacuatiematras S-capeplus premium - Evacuatieexpert\" \/>\n<meta property=\"og:description\" content=\"Het sterkste materiaal, Dyneema, is gebruikt om dit onverwoestbare evacuatiematras te maken. Elke trap een vluchtweg. Evacuatie horizontaal en verticaal. Evacuatie over trappen, ongeacht van welk materiaal de trap is gemaakt. Evacuatiematras voor het snel en veilig evacueren van onder andere rolstoelgebruikers.\" \/>\n<meta property=\"og:url\" content=\"https:\/\/www.evakuierungsstuhl.de\/de\/produkt\/evakuierungsmatratze-s-capeplus-premium\/\" \/>\n<meta property=\"og:site_name\" content=\"Evacuatieexpert\" \/>\n<meta property=\"article:modified_time\" content=\"2026-03-23T15:15:11+00:00\" \/>\n<meta property=\"og:image\" content=\"https:\/\/www.evakuierungsstuhl.de\/wp-content\/uploads\/2024\/06\/evacuatiestoel-alternatief-2-400x267-1.jpg\" \/>\n\t<meta property=\"og:image:width\" content=\"400\" \/>\n\t<meta property=\"og:image:height\" content=\"267\" \/>\n\t<meta property=\"og:image:type\" content=\"image\/jpeg\" \/>\n<meta name=\"twitter:card\" content=\"summary_large_image\" \/>\n<meta name=\"twitter:label1\" content=\"Gesch\u00e4tzte Lesezeit\" \/>\n\t<meta name=\"twitter:data1\" content=\"2\u00a0Minuten\" \/>\n<script type=\"application\/ld+json\" class=\"yoast-schema-graph\">{\"@context\":\"https:\/\/schema.org\",\"@graph\":[{\"@type\":\"WebPage\",\"@id\":\"https:\/\/www.evakuierungsstuhl.de\/product\/evacuatiematras-s-capeplus-premium\/\",\"url\":\"https:\/\/www.evakuierungsstuhl.de\/product\/evacuatiematras-s-capeplus-premium\/\",\"name\":\"Evacuatiematras S-capeplus premium - Evacuatieexpert\",\"isPartOf\":{\"@id\":\"https:\/\/www.evakuierungsstuhl.de\/#website\"},\"primaryImageOfPage\":{\"@id\":\"https:\/\/www.evakuierungsstuhl.de\/product\/evacuatiematras-s-capeplus-premium\/#primaryimage\"},\"image\":{\"@id\":\"https:\/\/www.evakuierungsstuhl.de\/product\/evacuatiematras-s-capeplus-premium\/#primaryimage\"},\"thumbnailUrl\":\"https:\/\/www.evakuierungsstuhl.de\/wp-content\/uploads\/2024\/06\/evacuatiestoel-alternatief-2-400x267-1.jpg\",\"datePublished\":\"2024-06-03T09:52:58+00:00\",\"dateModified\":\"2026-03-23T15:15:11+00:00\",\"breadcrumb\":{\"@id\":\"https:\/\/www.evakuierungsstuhl.de\/product\/evacuatiematras-s-capeplus-premium\/#breadcrumb\"},\"inLanguage\":\"de\",\"potentialAction\":[{\"@type\":\"ReadAction\",\"target\":[\"https:\/\/www.evakuierungsstuhl.de\/product\/evacuatiematras-s-capeplus-premium\/\"]}]},{\"@type\":\"ImageObject\",\"inLanguage\":\"de\",\"@id\":\"https:\/\/www.evakuierungsstuhl.de\/product\/evacuatiematras-s-capeplus-premium\/#primaryimage\",\"url\":\"https:\/\/www.evakuierungsstuhl.de\/wp-content\/uploads\/2024\/06\/evacuatiestoel-alternatief-2-400x267-1.jpg\",\"contentUrl\":\"https:\/\/www.evakuierungsstuhl.de\/wp-content\/uploads\/2024\/06\/evacuatiestoel-alternatief-2-400x267-1.jpg\",\"width\":400,\"height\":267},{\"@type\":\"BreadcrumbList\",\"@id\":\"https:\/\/www.evakuierungsstuhl.de\/product\/evacuatiematras-s-capeplus-premium\/#breadcrumb\",\"itemListElement\":[{\"@type\":\"ListItem\",\"position\":1,\"name\":\"Home\",\"item\":\"https:\/\/www.evakuierungsstuhl.de\/\"},{\"@type\":\"ListItem\",\"position\":2,\"name\":\"Winkel\",\"item\":\"https:\/\/www.evakuierungsstuhl.de\/winkel\/\"},{\"@type\":\"ListItem\",\"position\":3,\"name\":\"Evacuatiematras S-capeplus premium\"}]},{\"@type\":\"WebSite\",\"@id\":\"https:\/\/www.evakuierungsstuhl.de\/#website\",\"url\":\"https:\/\/www.evakuierungsstuhl.de\/\",\"name\":\"Evacuatieexpert\",\"description\":\"De expert in evacuatie\",\"potentialAction\":[{\"@type\":\"SearchAction\",\"target\":{\"@type\":\"EntryPoint\",\"urlTemplate\":\"https:\/\/www.evakuierungsstuhl.de\/?s={search_term_string}\"},\"query-input\":{\"@type\":\"PropertyValueSpecification\",\"valueRequired\":true,\"valueName\":\"search_term_string\"}}],\"inLanguage\":\"de\"}]}<\/script>\n<!-- \/ Yoast SEO plugin. -->","yoast_head_json":{"title":"Evakuierungsmatratze S-capeplus premium - Evacuation Expert","robots":{"index":"index","follow":"follow","max-snippet":"max-snippet:-1","max-image-preview":"max-image-preview:large","max-video-preview":"max-video-preview:-1"},"canonical":"https:\/\/www.evakuierungsstuhl.de\/de\/produkt\/evakuierungsmatratze-s-capeplus-premium\/","og_locale":"de_DE","og_type":"article","og_title":"Evacuatiematras S-capeplus premium - Evacuatieexpert","og_description":"Het sterkste materiaal, Dyneema, is gebruikt om dit onverwoestbare evacuatiematras te maken. Elke trap een vluchtweg. Evacuatie horizontaal en verticaal. Evacuatie over trappen, ongeacht van welk materiaal de trap is gemaakt. Evacuatiematras voor het snel en veilig evacueren van onder andere rolstoelgebruikers.","og_url":"https:\/\/www.evakuierungsstuhl.de\/de\/produkt\/evakuierungsmatratze-s-capeplus-premium\/","og_site_name":"Evacuatieexpert","article_modified_time":"2026-03-23T15:15:11+00:00","og_image":[{"width":400,"height":267,"url":"https:\/\/www.evakuierungsstuhl.de\/wp-content\/uploads\/2024\/06\/evacuatiestoel-alternatief-2-400x267-1.jpg","type":"image\/jpeg"}],"twitter_card":"summary_large_image","twitter_misc":{"Gesch\u00e4tzte Lesezeit":"2\u00a0Minuten"},"schema":{"@context":"https:\/\/schema.org","@graph":[{"@type":"WebPage","@id":"https:\/\/www.evakuierungsstuhl.de\/product\/evacuatiematras-s-capeplus-premium\/","url":"https:\/\/www.evakuierungsstuhl.de\/product\/evacuatiematras-s-capeplus-premium\/","name":"Evakuierungsmatratze S-capeplus premium - Evacuation Expert","isPartOf":{"@id":"https:\/\/www.evakuierungsstuhl.de\/#website"},"primaryImageOfPage":{"@id":"https:\/\/www.evakuierungsstuhl.de\/product\/evacuatiematras-s-capeplus-premium\/#primaryimage"},"image":{"@id":"https:\/\/www.evakuierungsstuhl.de\/product\/evacuatiematras-s-capeplus-premium\/#primaryimage"},"thumbnailUrl":"https:\/\/www.evakuierungsstuhl.de\/wp-content\/uploads\/2024\/06\/evacuatiestoel-alternatief-2-400x267-1.jpg","datePublished":"2024-06-03T09:52:58+00:00","dateModified":"2026-03-23T15:15:11+00:00","breadcrumb":{"@id":"https:\/\/www.evakuierungsstuhl.de\/product\/evacuatiematras-s-capeplus-premium\/#breadcrumb"},"inLanguage":"de","potentialAction":[{"@type":"ReadAction","target":["https:\/\/www.evakuierungsstuhl.de\/product\/evacuatiematras-s-capeplus-premium\/"]}]},{"@type":"ImageObject","inLanguage":"de","@id":"https:\/\/www.evakuierungsstuhl.de\/product\/evacuatiematras-s-capeplus-premium\/#primaryimage","url":"https:\/\/www.evakuierungsstuhl.de\/wp-content\/uploads\/2024\/06\/evacuatiestoel-alternatief-2-400x267-1.jpg","contentUrl":"https:\/\/www.evakuierungsstuhl.de\/wp-content\/uploads\/2024\/06\/evacuatiestoel-alternatief-2-400x267-1.jpg","width":400,"height":267},{"@type":"BreadcrumbList","@id":"https:\/\/www.evakuierungsstuhl.de\/product\/evacuatiematras-s-capeplus-premium\/#breadcrumb","itemListElement":[{"@type":"ListItem","position":1,"name":"Home","item":"https:\/\/www.evakuierungsstuhl.de\/"},{"@type":"ListItem","position":2,"name":"Winkel","item":"https:\/\/www.evakuierungsstuhl.de\/winkel\/"},{"@type":"ListItem","position":3,"name":"Evacuatiematras S-capeplus premium"}]},{"@type":"WebSite","@id":"https:\/\/www.evakuierungsstuhl.de\/#website","url":"https:\/\/www.evakuierungsstuhl.de\/","name":"Experte f\u00fcr Evakuierung","description":"Der Experte f\u00fcr Evakuierung","potentialAction":[{"@type":"SearchAction","target":{"@type":"EntryPoint","urlTemplate":"https:\/\/www.evakuierungsstuhl.de\/?s={search_term_string}"},"query-input":{"@type":"PropertyValueSpecification","valueRequired":true,"valueName":"search_term_string"}}],"inLanguage":"de"}]}},"_links":{"self":[{"href":"https:\/\/www.evakuierungsstuhl.de\/de\/wp-json\/wp\/v2\/product\/951","targetHints":{"allow":["GET"]}}],"collection":[{"href":"https:\/\/www.evakuierungsstuhl.de\/de\/wp-json\/wp\/v2\/product"}],"about":[{"href":"https:\/\/www.evakuierungsstuhl.de\/de\/wp-json\/wp\/v2\/types\/product"}],"replies":[{"embeddable":true,"href":"https:\/\/www.evakuierungsstuhl.de\/de\/wp-json\/wp\/v2\/comments?post=951"}],"version-history":[{"count":1,"href":"https:\/\/www.evakuierungsstuhl.de\/de\/wp-json\/wp\/v2\/product\/951\/revisions"}],"predecessor-version":[{"id":1646,"href":"https:\/\/www.evakuierungsstuhl.de\/de\/wp-json\/wp\/v2\/product\/951\/revisions\/1646"}],"wp:featuredmedia":[{"embeddable":true,"href":"https:\/\/www.evakuierungsstuhl.de\/de\/wp-json\/wp\/v2\/media\/957"}],"wp:attachment":[{"href":"https:\/\/www.evakuierungsstuhl.de\/de\/wp-json\/wp\/v2\/media?parent=951"}],"wp:term":[{"taxonomy":"product_brand","embeddable":true,"href":"https:\/\/www.evakuierungsstuhl.de\/de\/wp-json\/wp\/v2\/product_brand?post=951"},{"taxonomy":"product_cat","embeddable":true,"href":"https:\/\/www.evakuierungsstuhl.de\/de\/wp-json\/wp\/v2\/product_cat?post=951"},{"taxonomy":"product_tag","embeddable":true,"href":"https:\/\/www.evakuierungsstuhl.de\/de\/wp-json\/wp\/v2\/product_tag?post=951"}],"curies":[{"name":"wp","href":"https:\/\/api.w.org\/{rel}","templated":true}]}}