{"id":943,"date":"2024-06-03T09:47:58","date_gmt":"2024-06-03T09:47:58","guid":{"rendered":"https:\/\/www.evakuierungsstuhl.de\/?post_type=product&#038;p=943"},"modified":"2024-10-08T16:26:10","modified_gmt":"2024-10-08T15:26:10","slug":"evakuierungsstuhl-fluchtstuhl-st-b","status":"publish","type":"product","link":"https:\/\/www.evakuierungsstuhl.de\/de\/product\/evacuatiestoel-escape-chair-st-b\/","title":{"rendered":"Evakuierungsstuhl Escape-Chair ST-B"},"content":{"rendered":"<p>Der Escape-Chair\u00ae ST-B Evakuierungsstuhl verf\u00fcgt \u00fcber alle grundlegenden Funktionen. Dieser Escape-Chair\u00ae ist hervorragend geeignet, wenn Sie eine minimal notwendige Evakuierungshilfe in einem (\u00f6ffentlichen) Geb\u00e4ude ben\u00f6tigen.<\/p>\n<p>Dieser Evakuierungsstuhl passt in jeden Evakuierungsplan und kann von 1 Person bedient werden.<\/p>\n<p>Fluchtst\u00fchle sind ideal f\u00fcr die schnelle und sichere Evakuierung von Personen \u00fcber Treppen. Je nach Situation ist es m\u00f6glich, die St\u00fchle an Ihre Treppe anzupassen, so dass Sie immer die richtige L\u00f6sung haben.<\/p>\n<p>Der Escape-Stuhl wird seit vielen Jahren in Deutschland produziert und erf\u00fcllt die h\u00f6chsten Qualit\u00e4tsstandards, die man erwarten kann.<\/p>\n<p>Demonstration und Beratung<br \/>\nKeine zwei Geb\u00e4ude und keine zwei Situationen sind gleich. Wir legen gro\u00dfen Wert auf die Auswahl der richtigen Evakuierungshilfen und beraten Sie gerne bei einer Vorf\u00fchrung.<\/p>\n<p>Spezifikationen - Escape-Chair\u00ae ST-B<br \/>\nMaterial (Rahmen):  Aluminium<br \/>\nLeicht, einfach zu bedienen.<br \/>\nInnerhalb von Sekunden einsatzbereit.<br \/>\nKlappbarer St\u00e4nder mit breitem Radstand.<br \/>\nAnti-Rutsch-Beschichtung an den Bedienelementen und der unteren Halterung.<\/p>\n<p>Im Lieferumfang enthalten sind Wandhaken und Piktogrammtafel.<br \/>\nAbdeckung: fakultativ<br \/>\nMaximale Belastung: 185 kg<br \/>\nMaximaler Pedalwinkel: 40 ?<br \/>\nFu\u00dfst\u00fctze.                                  Wahlweise<br \/>\nGewicht: 10 kg<\/p>\n<p>Abmessungen: 102 x 51 x 18 cm<br \/>\nGarantie: 6 Jahre auf nicht abgenutzte Teile<br \/>\nSatz Aufh\u00e4ngungshaken:<\/p>","protected":false},"excerpt":{"rendered":"<p>Escape-chair ST-B, evacuatiestoel. Snel en eenvoudig verplaatsen van personen over trappen.<\/p>\n<p>Geschikt voor personen tot 185 KG.<\/p>\n<p>Levering incl wandhaken, pictogram, gebruiksaanwijzing<\/p>","protected":false},"featured_media":1490,"comment_status":"closed","ping_status":"closed","template":"","meta":{"_acf_changed":false},"product_brand":[],"product_cat":[24],"product_tag":[35,33],"class_list":{"0":"post-943","1":"product","2":"type-product","3":"status-publish","4":"has-post-thumbnail","6":"product_cat-evacuatiestoelen","7":"product_tag-escape-chair","8":"product_tag-evacchair","10":"first","11":"instock","12":"taxable","13":"shipping-taxable","14":"purchasable","15":"product-type-simple"},"acf":[],"yoast_head":"<!-- This site is optimized with the Yoast SEO plugin v27.2 - https:\/\/yoast.com\/product\/yoast-seo-wordpress\/ -->\n<title>Evacuatiestoel Escape-Chair ST-B - Evacuatieexpert<\/title>\n<meta name=\"robots\" content=\"index, follow, max-snippet:-1, max-image-preview:large, max-video-preview:-1\" \/>\n<link rel=\"canonical\" href=\"https:\/\/www.evakuierungsstuhl.de\/de\/produkt\/evakuierungsstuhl-fluchtstuhl-st-b\/\" \/>\n<meta property=\"og:locale\" content=\"de_DE\" \/>\n<meta property=\"og:type\" content=\"article\" \/>\n<meta property=\"og:title\" content=\"Evacuatiestoel Escape-Chair ST-B - Evacuatieexpert\" \/>\n<meta property=\"og:description\" content=\"Escape-chair ST-B, evacuatiestoel. Snel en eenvoudig verplaatsen van personen over trappen.  Geschikt voor personen tot 185 KG.  Levering incl wandhaken, pictogram, gebruiksaanwijzing\" \/>\n<meta property=\"og:url\" content=\"https:\/\/www.evakuierungsstuhl.de\/de\/produkt\/evakuierungsstuhl-fluchtstuhl-st-b\/\" \/>\n<meta property=\"og:site_name\" content=\"Evacuatieexpert\" \/>\n<meta property=\"article:modified_time\" content=\"2024-10-08T15:26:10+00:00\" \/>\n<meta property=\"og:image\" content=\"https:\/\/www.evakuierungsstuhl.de\/wp-content\/uploads\/2024\/06\/ST-B-scaled.jpg\" \/>\n\t<meta property=\"og:image:width\" content=\"2048\" \/>\n\t<meta property=\"og:image:height\" content=\"2560\" \/>\n\t<meta property=\"og:image:type\" content=\"image\/jpeg\" \/>\n<meta name=\"twitter:card\" content=\"summary_large_image\" \/>\n<meta name=\"twitter:label1\" content=\"Gesch\u00e4tzte Lesezeit\" \/>\n\t<meta name=\"twitter:data1\" content=\"2\u00a0Minuten\" \/>\n<script type=\"application\/ld+json\" class=\"yoast-schema-graph\">{\"@context\":\"https:\/\/schema.org\",\"@graph\":[{\"@type\":\"WebPage\",\"@id\":\"https:\/\/www.evakuierungsstuhl.de\/product\/evacuatiestoel-escape-chair-st-b\/\",\"url\":\"https:\/\/www.evakuierungsstuhl.de\/product\/evacuatiestoel-escape-chair-st-b\/\",\"name\":\"Evacuatiestoel Escape-Chair ST-B - Evacuatieexpert\",\"isPartOf\":{\"@id\":\"https:\/\/www.evakuierungsstuhl.de\/#website\"},\"primaryImageOfPage\":{\"@id\":\"https:\/\/www.evakuierungsstuhl.de\/product\/evacuatiestoel-escape-chair-st-b\/#primaryimage\"},\"image\":{\"@id\":\"https:\/\/www.evakuierungsstuhl.de\/product\/evacuatiestoel-escape-chair-st-b\/#primaryimage\"},\"thumbnailUrl\":\"https:\/\/www.evakuierungsstuhl.de\/wp-content\/uploads\/2024\/06\/ST-B-scaled.jpg\",\"datePublished\":\"2024-06-03T09:47:58+00:00\",\"dateModified\":\"2024-10-08T15:26:10+00:00\",\"breadcrumb\":{\"@id\":\"https:\/\/www.evakuierungsstuhl.de\/product\/evacuatiestoel-escape-chair-st-b\/#breadcrumb\"},\"inLanguage\":\"de\",\"potentialAction\":[{\"@type\":\"ReadAction\",\"target\":[\"https:\/\/www.evakuierungsstuhl.de\/product\/evacuatiestoel-escape-chair-st-b\/\"]}]},{\"@type\":\"ImageObject\",\"inLanguage\":\"de\",\"@id\":\"https:\/\/www.evakuierungsstuhl.de\/product\/evacuatiestoel-escape-chair-st-b\/#primaryimage\",\"url\":\"https:\/\/www.evakuierungsstuhl.de\/wp-content\/uploads\/2024\/06\/ST-B-scaled.jpg\",\"contentUrl\":\"https:\/\/www.evakuierungsstuhl.de\/wp-content\/uploads\/2024\/06\/ST-B-scaled.jpg\",\"width\":2048,\"height\":2560,\"caption\":\"Escape-Chair ST-B Nieuw\"},{\"@type\":\"BreadcrumbList\",\"@id\":\"https:\/\/www.evakuierungsstuhl.de\/product\/evacuatiestoel-escape-chair-st-b\/#breadcrumb\",\"itemListElement\":[{\"@type\":\"ListItem\",\"position\":1,\"name\":\"Home\",\"item\":\"https:\/\/www.evakuierungsstuhl.de\/\"},{\"@type\":\"ListItem\",\"position\":2,\"name\":\"Winkel\",\"item\":\"https:\/\/www.evakuierungsstuhl.de\/winkel\/\"},{\"@type\":\"ListItem\",\"position\":3,\"name\":\"Evacuatiestoel Escape-Chair ST-B\"}]},{\"@type\":\"WebSite\",\"@id\":\"https:\/\/www.evakuierungsstuhl.de\/#website\",\"url\":\"https:\/\/www.evakuierungsstuhl.de\/\",\"name\":\"Evacuatieexpert\",\"description\":\"De expert in evacuatie\",\"potentialAction\":[{\"@type\":\"SearchAction\",\"target\":{\"@type\":\"EntryPoint\",\"urlTemplate\":\"https:\/\/www.evakuierungsstuhl.de\/?s={search_term_string}\"},\"query-input\":{\"@type\":\"PropertyValueSpecification\",\"valueRequired\":true,\"valueName\":\"search_term_string\"}}],\"inLanguage\":\"de\"}]}<\/script>\n<!-- \/ Yoast SEO plugin. -->","yoast_head_json":{"title":"Evakuierungsstuhl Escape-Chair ST-B - Evacuation Expert","robots":{"index":"index","follow":"follow","max-snippet":"max-snippet:-1","max-image-preview":"max-image-preview:large","max-video-preview":"max-video-preview:-1"},"canonical":"https:\/\/www.evakuierungsstuhl.de\/de\/produkt\/evakuierungsstuhl-fluchtstuhl-st-b\/","og_locale":"de_DE","og_type":"article","og_title":"Evacuatiestoel Escape-Chair ST-B - Evacuatieexpert","og_description":"Escape-chair ST-B, evacuatiestoel. Snel en eenvoudig verplaatsen van personen over trappen.  Geschikt voor personen tot 185 KG.  Levering incl wandhaken, pictogram, gebruiksaanwijzing","og_url":"https:\/\/www.evakuierungsstuhl.de\/de\/produkt\/evakuierungsstuhl-fluchtstuhl-st-b\/","og_site_name":"Evacuatieexpert","article_modified_time":"2024-10-08T15:26:10+00:00","og_image":[{"width":2048,"height":2560,"url":"https:\/\/www.evakuierungsstuhl.de\/wp-content\/uploads\/2024\/06\/ST-B-scaled.jpg","type":"image\/jpeg"}],"twitter_card":"summary_large_image","twitter_misc":{"Gesch\u00e4tzte Lesezeit":"2\u00a0Minuten"},"schema":{"@context":"https:\/\/schema.org","@graph":[{"@type":"WebPage","@id":"https:\/\/www.evakuierungsstuhl.de\/product\/evacuatiestoel-escape-chair-st-b\/","url":"https:\/\/www.evakuierungsstuhl.de\/product\/evacuatiestoel-escape-chair-st-b\/","name":"Evakuierungsstuhl Escape-Chair ST-B - Evacuation Expert","isPartOf":{"@id":"https:\/\/www.evakuierungsstuhl.de\/#website"},"primaryImageOfPage":{"@id":"https:\/\/www.evakuierungsstuhl.de\/product\/evacuatiestoel-escape-chair-st-b\/#primaryimage"},"image":{"@id":"https:\/\/www.evakuierungsstuhl.de\/product\/evacuatiestoel-escape-chair-st-b\/#primaryimage"},"thumbnailUrl":"https:\/\/www.evakuierungsstuhl.de\/wp-content\/uploads\/2024\/06\/ST-B-scaled.jpg","datePublished":"2024-06-03T09:47:58+00:00","dateModified":"2024-10-08T15:26:10+00:00","breadcrumb":{"@id":"https:\/\/www.evakuierungsstuhl.de\/product\/evacuatiestoel-escape-chair-st-b\/#breadcrumb"},"inLanguage":"de","potentialAction":[{"@type":"ReadAction","target":["https:\/\/www.evakuierungsstuhl.de\/product\/evacuatiestoel-escape-chair-st-b\/"]}]},{"@type":"ImageObject","inLanguage":"de","@id":"https:\/\/www.evakuierungsstuhl.de\/product\/evacuatiestoel-escape-chair-st-b\/#primaryimage","url":"https:\/\/www.evakuierungsstuhl.de\/wp-content\/uploads\/2024\/06\/ST-B-scaled.jpg","contentUrl":"https:\/\/www.evakuierungsstuhl.de\/wp-content\/uploads\/2024\/06\/ST-B-scaled.jpg","width":2048,"height":2560,"caption":"Escape-Chair ST-B Nieuw"},{"@type":"BreadcrumbList","@id":"https:\/\/www.evakuierungsstuhl.de\/product\/evacuatiestoel-escape-chair-st-b\/#breadcrumb","itemListElement":[{"@type":"ListItem","position":1,"name":"Home","item":"https:\/\/www.evakuierungsstuhl.de\/"},{"@type":"ListItem","position":2,"name":"Winkel","item":"https:\/\/www.evakuierungsstuhl.de\/winkel\/"},{"@type":"ListItem","position":3,"name":"Evacuatiestoel Escape-Chair ST-B"}]},{"@type":"WebSite","@id":"https:\/\/www.evakuierungsstuhl.de\/#website","url":"https:\/\/www.evakuierungsstuhl.de\/","name":"Experte f\u00fcr Evakuierung","description":"Der Experte f\u00fcr Evakuierung","potentialAction":[{"@type":"SearchAction","target":{"@type":"EntryPoint","urlTemplate":"https:\/\/www.evakuierungsstuhl.de\/?s={search_term_string}"},"query-input":{"@type":"PropertyValueSpecification","valueRequired":true,"valueName":"search_term_string"}}],"inLanguage":"de"}]}},"_links":{"self":[{"href":"https:\/\/www.evakuierungsstuhl.de\/de\/wp-json\/wp\/v2\/product\/943","targetHints":{"allow":["GET"]}}],"collection":[{"href":"https:\/\/www.evakuierungsstuhl.de\/de\/wp-json\/wp\/v2\/product"}],"about":[{"href":"https:\/\/www.evakuierungsstuhl.de\/de\/wp-json\/wp\/v2\/types\/product"}],"replies":[{"embeddable":true,"href":"https:\/\/www.evakuierungsstuhl.de\/de\/wp-json\/wp\/v2\/comments?post=943"}],"version-history":[{"count":2,"href":"https:\/\/www.evakuierungsstuhl.de\/de\/wp-json\/wp\/v2\/product\/943\/revisions"}],"predecessor-version":[{"id":1495,"href":"https:\/\/www.evakuierungsstuhl.de\/de\/wp-json\/wp\/v2\/product\/943\/revisions\/1495"}],"wp:featuredmedia":[{"embeddable":true,"href":"https:\/\/www.evakuierungsstuhl.de\/de\/wp-json\/wp\/v2\/media\/1490"}],"wp:attachment":[{"href":"https:\/\/www.evakuierungsstuhl.de\/de\/wp-json\/wp\/v2\/media?parent=943"}],"wp:term":[{"taxonomy":"product_brand","embeddable":true,"href":"https:\/\/www.evakuierungsstuhl.de\/de\/wp-json\/wp\/v2\/product_brand?post=943"},{"taxonomy":"product_cat","embeddable":true,"href":"https:\/\/www.evakuierungsstuhl.de\/de\/wp-json\/wp\/v2\/product_cat?post=943"},{"taxonomy":"product_tag","embeddable":true,"href":"https:\/\/www.evakuierungsstuhl.de\/de\/wp-json\/wp\/v2\/product_tag?post=943"}],"curies":[{"name":"wp","href":"https:\/\/api.w.org\/{rel}","templated":true}]}}