{"id":937,"date":"2024-06-03T09:44:58","date_gmt":"2024-06-03T09:44:58","guid":{"rendered":"https:\/\/www.evakuierungsstuhl.de\/?post_type=product&#038;p=937"},"modified":"2024-06-03T09:47:21","modified_gmt":"2024-06-03T09:47:21","slug":"sicherheitswagen-s-feuerloscherhalter","status":"publish","type":"product","link":"https:\/\/www.evakuierungsstuhl.de\/de\/product\/safetytrolley-s-brandblusserhouder\/","title":{"rendered":"Safetytrolley-S Feuerl\u00f6schertr\u00e4ger"},"content":{"rendered":"<p>Insbesondere f\u00fcr Orte, an denen Feuerl\u00f6scher und\/oder Verbandsmaterial vor\u00fcbergehend untergebracht werden, aber auch f\u00fcr solche Orte, an denen die Feuerl\u00f6scher nicht an der Wand befestigt werden k\u00f6nnen\/d\u00fcrfen.<\/p>\n<p>Baustelle<\/p>\n<p>Veranstaltung<\/p>\n<p>Bei Arbeiten vor Ort<\/p>\n<p>Tankstellen<\/p>\n<p>Je nach Ihren Sicherheitsanforderungen und -w\u00fcnschen kann der Safetytrolley-S mit den relevantesten Sicherheitsprodukten best\u00fcckt werden und ist somit sehr flexibel und vielseitig einsetzbar. Seine Mobilit\u00e4t macht den Safetytrolley-S besonders flexibel.<\/p>\n<p>Vor allem in gr\u00f6\u00dferen Organisationen, auf Baustellen oder in weitl\u00e4ufigen Industriegel\u00e4nden ist es effizient, einen Safetrolley-S f\u00fcr Externe zur Verf\u00fcgung zu stellen. Auf diese Weise muss man im Falle eines Ungl\u00fccks nie wieder nach Sicherheitsartikeln suchen.<\/p>\n<p>Der ideale Feuerl\u00f6scherst\u00e4nder, der mehr bietet.<\/p>\n<p>Geeignet f\u00fcr 2 verschiedene Feuerl\u00f6scher<br \/>\n- Stabiler Transport dank Gummir\u00e4dern<br \/>\n- Beschilderung \/ Etikett oben<br \/>\n- Vollgummir\u00e4der (\u00d8 200 mm)<br \/>\n- Feuerl\u00f6scherwagen f\u00fcr den stabilen Transport<br \/>\n- Optimierte Schwerpunktslage<br \/>\n- Leicht zu bewegen, zu ziehen oder zu schieben<br \/>\n- Ideal f\u00fcr alle Arten von Einrichtungsgegenst\u00e4nden<br \/>\n- Kann individuell gestaltet werden, z. B. mit einem Erste-Hilfe-Schrank usw.<\/p>\n<p>DER ANGEGEBENE PREIS ENTH\u00c4LT KEINE PRODUKTE (FEUERL\u00d6SCHER UND DERGLEICHEN)<\/p>","protected":false},"excerpt":{"rendered":"<p>Safetytrolley- S, het kleine broertje van de Safetytrolley flightcase.<\/p>\n<p>De safetytrolley&#8217;s zijn speciaal ontwikkeld voor die locaties waar de blussers en ander BHV materiaal flexibel of tijdelijk geplaatst worden.<\/p>\n<p>Bouwplaatsen, evenementen, festivals, etc.<\/p>\n<p>eenvoudig te verplaatsen.<\/p>\n<p>Alle hulpmiddelen binnen handbereik.<\/p>\n<p>DER ANGEGEBENE PREIS ENTH\u00c4LT KEINE PRODUKTE (FEUERL\u00d6SCHER UND DERGLEICHEN)<\/p>","protected":false},"featured_media":941,"comment_status":"closed","ping_status":"closed","template":"","meta":{"_acf_changed":false},"product_brand":[],"product_cat":[28,30],"product_tag":[],"class_list":{"0":"post-937","1":"product","2":"type-product","3":"status-publish","4":"has-post-thumbnail","6":"product_cat-accessoires-bhv","7":"product_cat-brandveiligheid","9":"first","10":"instock","11":"taxable","12":"shipping-taxable","13":"purchasable","14":"product-type-simple"},"acf":[],"yoast_head":"<!-- This site is optimized with the Yoast SEO plugin v27.2 - https:\/\/yoast.com\/product\/yoast-seo-wordpress\/ -->\n<title>Safetytrolley-S Brandblusserhouder - Evacuatieexpert<\/title>\n<meta name=\"robots\" content=\"index, follow, max-snippet:-1, max-image-preview:large, max-video-preview:-1\" \/>\n<link rel=\"canonical\" href=\"https:\/\/www.evakuierungsstuhl.de\/de\/produkt\/sicherheitswagen-s-feuerloscherhalter\/\" \/>\n<meta property=\"og:locale\" content=\"de_DE\" \/>\n<meta property=\"og:type\" content=\"article\" \/>\n<meta property=\"og:title\" content=\"Safetytrolley-S Brandblusserhouder - Evacuatieexpert\" \/>\n<meta property=\"og:description\" content=\"Safetytrolley- S, het kleine broertje van de Safetytrolley flightcase.  De safetytrolley&#039;s zijn speciaal ontwikkeld voor die locaties waar de blussers en ander BHV materiaal flexibel of tijdelijk geplaatst worden.  Bouwplaatsen, evenementen, festivals, etc.  eenvoudig te verplaatsen.  Alle hulpmiddelen binnen handbereik.  DE VERMELDE PRIJS IS EXCLUSIEF PRODUCTEN (BLUSSERS EN DERGELIJKE)\" \/>\n<meta property=\"og:url\" content=\"https:\/\/www.evakuierungsstuhl.de\/de\/produkt\/sicherheitswagen-s-feuerloscherhalter\/\" \/>\n<meta property=\"og:site_name\" content=\"Evacuatieexpert\" \/>\n<meta property=\"article:modified_time\" content=\"2024-06-03T09:47:21+00:00\" \/>\n<meta property=\"og:image\" content=\"https:\/\/www.evakuierungsstuhl.de\/wp-content\/uploads\/2024\/06\/safetytrolley-s.jpg\" \/>\n\t<meta property=\"og:image:width\" content=\"600\" \/>\n\t<meta property=\"og:image:height\" content=\"600\" \/>\n\t<meta property=\"og:image:type\" content=\"image\/jpeg\" \/>\n<meta name=\"twitter:card\" content=\"summary_large_image\" \/>\n<meta name=\"twitter:label1\" content=\"Gesch\u00e4tzte Lesezeit\" \/>\n\t<meta name=\"twitter:data1\" content=\"1\u00a0Minute\" \/>\n<script type=\"application\/ld+json\" class=\"yoast-schema-graph\">{\"@context\":\"https:\/\/schema.org\",\"@graph\":[{\"@type\":\"WebPage\",\"@id\":\"https:\/\/www.evakuierungsstuhl.de\/product\/safetytrolley-s-brandblusserhouder\/\",\"url\":\"https:\/\/www.evakuierungsstuhl.de\/product\/safetytrolley-s-brandblusserhouder\/\",\"name\":\"Safetytrolley-S Brandblusserhouder - Evacuatieexpert\",\"isPartOf\":{\"@id\":\"https:\/\/www.evakuierungsstuhl.de\/#website\"},\"primaryImageOfPage\":{\"@id\":\"https:\/\/www.evakuierungsstuhl.de\/product\/safetytrolley-s-brandblusserhouder\/#primaryimage\"},\"image\":{\"@id\":\"https:\/\/www.evakuierungsstuhl.de\/product\/safetytrolley-s-brandblusserhouder\/#primaryimage\"},\"thumbnailUrl\":\"https:\/\/www.evakuierungsstuhl.de\/wp-content\/uploads\/2024\/06\/safetytrolley-s.jpg\",\"datePublished\":\"2024-06-03T09:44:58+00:00\",\"dateModified\":\"2024-06-03T09:47:21+00:00\",\"breadcrumb\":{\"@id\":\"https:\/\/www.evakuierungsstuhl.de\/product\/safetytrolley-s-brandblusserhouder\/#breadcrumb\"},\"inLanguage\":\"de\",\"potentialAction\":[{\"@type\":\"ReadAction\",\"target\":[\"https:\/\/www.evakuierungsstuhl.de\/product\/safetytrolley-s-brandblusserhouder\/\"]}]},{\"@type\":\"ImageObject\",\"inLanguage\":\"de\",\"@id\":\"https:\/\/www.evakuierungsstuhl.de\/product\/safetytrolley-s-brandblusserhouder\/#primaryimage\",\"url\":\"https:\/\/www.evakuierungsstuhl.de\/wp-content\/uploads\/2024\/06\/safetytrolley-s.jpg\",\"contentUrl\":\"https:\/\/www.evakuierungsstuhl.de\/wp-content\/uploads\/2024\/06\/safetytrolley-s.jpg\",\"width\":600,\"height\":600},{\"@type\":\"BreadcrumbList\",\"@id\":\"https:\/\/www.evakuierungsstuhl.de\/product\/safetytrolley-s-brandblusserhouder\/#breadcrumb\",\"itemListElement\":[{\"@type\":\"ListItem\",\"position\":1,\"name\":\"Home\",\"item\":\"https:\/\/www.evakuierungsstuhl.de\/\"},{\"@type\":\"ListItem\",\"position\":2,\"name\":\"Winkel\",\"item\":\"https:\/\/www.evakuierungsstuhl.de\/winkel\/\"},{\"@type\":\"ListItem\",\"position\":3,\"name\":\"Safetytrolley-S Brandblusserhouder\"}]},{\"@type\":\"WebSite\",\"@id\":\"https:\/\/www.evakuierungsstuhl.de\/#website\",\"url\":\"https:\/\/www.evakuierungsstuhl.de\/\",\"name\":\"Evacuatieexpert\",\"description\":\"De expert in evacuatie\",\"potentialAction\":[{\"@type\":\"SearchAction\",\"target\":{\"@type\":\"EntryPoint\",\"urlTemplate\":\"https:\/\/www.evakuierungsstuhl.de\/?s={search_term_string}\"},\"query-input\":{\"@type\":\"PropertyValueSpecification\",\"valueRequired\":true,\"valueName\":\"search_term_string\"}}],\"inLanguage\":\"de\"}]}<\/script>\n<!-- \/ Yoast SEO plugin. -->","yoast_head_json":{"title":"Safetytrolley-S Feuerl\u00f6scherhalter - Evacuation Expert","robots":{"index":"index","follow":"follow","max-snippet":"max-snippet:-1","max-image-preview":"max-image-preview:large","max-video-preview":"max-video-preview:-1"},"canonical":"https:\/\/www.evakuierungsstuhl.de\/de\/produkt\/sicherheitswagen-s-feuerloscherhalter\/","og_locale":"de_DE","og_type":"article","og_title":"Safetytrolley-S Brandblusserhouder - Evacuatieexpert","og_description":"Safetytrolley- S, het kleine broertje van de Safetytrolley flightcase.  De safetytrolley's zijn speciaal ontwikkeld voor die locaties waar de blussers en ander BHV materiaal flexibel of tijdelijk geplaatst worden.  Bouwplaatsen, evenementen, festivals, etc.  eenvoudig te verplaatsen.  Alle hulpmiddelen binnen handbereik.  DE VERMELDE PRIJS IS EXCLUSIEF PRODUCTEN (BLUSSERS EN DERGELIJKE)","og_url":"https:\/\/www.evakuierungsstuhl.de\/de\/produkt\/sicherheitswagen-s-feuerloscherhalter\/","og_site_name":"Evacuatieexpert","article_modified_time":"2024-06-03T09:47:21+00:00","og_image":[{"width":600,"height":600,"url":"https:\/\/www.evakuierungsstuhl.de\/wp-content\/uploads\/2024\/06\/safetytrolley-s.jpg","type":"image\/jpeg"}],"twitter_card":"summary_large_image","twitter_misc":{"Gesch\u00e4tzte Lesezeit":"1\u00a0Minute"},"schema":{"@context":"https:\/\/schema.org","@graph":[{"@type":"WebPage","@id":"https:\/\/www.evakuierungsstuhl.de\/product\/safetytrolley-s-brandblusserhouder\/","url":"https:\/\/www.evakuierungsstuhl.de\/product\/safetytrolley-s-brandblusserhouder\/","name":"Safetytrolley-S Feuerl\u00f6scherhalter - Evacuation Expert","isPartOf":{"@id":"https:\/\/www.evakuierungsstuhl.de\/#website"},"primaryImageOfPage":{"@id":"https:\/\/www.evakuierungsstuhl.de\/product\/safetytrolley-s-brandblusserhouder\/#primaryimage"},"image":{"@id":"https:\/\/www.evakuierungsstuhl.de\/product\/safetytrolley-s-brandblusserhouder\/#primaryimage"},"thumbnailUrl":"https:\/\/www.evakuierungsstuhl.de\/wp-content\/uploads\/2024\/06\/safetytrolley-s.jpg","datePublished":"2024-06-03T09:44:58+00:00","dateModified":"2024-06-03T09:47:21+00:00","breadcrumb":{"@id":"https:\/\/www.evakuierungsstuhl.de\/product\/safetytrolley-s-brandblusserhouder\/#breadcrumb"},"inLanguage":"de","potentialAction":[{"@type":"ReadAction","target":["https:\/\/www.evakuierungsstuhl.de\/product\/safetytrolley-s-brandblusserhouder\/"]}]},{"@type":"ImageObject","inLanguage":"de","@id":"https:\/\/www.evakuierungsstuhl.de\/product\/safetytrolley-s-brandblusserhouder\/#primaryimage","url":"https:\/\/www.evakuierungsstuhl.de\/wp-content\/uploads\/2024\/06\/safetytrolley-s.jpg","contentUrl":"https:\/\/www.evakuierungsstuhl.de\/wp-content\/uploads\/2024\/06\/safetytrolley-s.jpg","width":600,"height":600},{"@type":"BreadcrumbList","@id":"https:\/\/www.evakuierungsstuhl.de\/product\/safetytrolley-s-brandblusserhouder\/#breadcrumb","itemListElement":[{"@type":"ListItem","position":1,"name":"Home","item":"https:\/\/www.evakuierungsstuhl.de\/"},{"@type":"ListItem","position":2,"name":"Winkel","item":"https:\/\/www.evakuierungsstuhl.de\/winkel\/"},{"@type":"ListItem","position":3,"name":"Safetytrolley-S Brandblusserhouder"}]},{"@type":"WebSite","@id":"https:\/\/www.evakuierungsstuhl.de\/#website","url":"https:\/\/www.evakuierungsstuhl.de\/","name":"Experte f\u00fcr Evakuierung","description":"Der Experte f\u00fcr Evakuierung","potentialAction":[{"@type":"SearchAction","target":{"@type":"EntryPoint","urlTemplate":"https:\/\/www.evakuierungsstuhl.de\/?s={search_term_string}"},"query-input":{"@type":"PropertyValueSpecification","valueRequired":true,"valueName":"search_term_string"}}],"inLanguage":"de"}]}},"_links":{"self":[{"href":"https:\/\/www.evakuierungsstuhl.de\/de\/wp-json\/wp\/v2\/product\/937","targetHints":{"allow":["GET"]}}],"collection":[{"href":"https:\/\/www.evakuierungsstuhl.de\/de\/wp-json\/wp\/v2\/product"}],"about":[{"href":"https:\/\/www.evakuierungsstuhl.de\/de\/wp-json\/wp\/v2\/types\/product"}],"replies":[{"embeddable":true,"href":"https:\/\/www.evakuierungsstuhl.de\/de\/wp-json\/wp\/v2\/comments?post=937"}],"version-history":[{"count":0,"href":"https:\/\/www.evakuierungsstuhl.de\/de\/wp-json\/wp\/v2\/product\/937\/revisions"}],"wp:featuredmedia":[{"embeddable":true,"href":"https:\/\/www.evakuierungsstuhl.de\/de\/wp-json\/wp\/v2\/media\/941"}],"wp:attachment":[{"href":"https:\/\/www.evakuierungsstuhl.de\/de\/wp-json\/wp\/v2\/media?parent=937"}],"wp:term":[{"taxonomy":"product_brand","embeddable":true,"href":"https:\/\/www.evakuierungsstuhl.de\/de\/wp-json\/wp\/v2\/product_brand?post=937"},{"taxonomy":"product_cat","embeddable":true,"href":"https:\/\/www.evakuierungsstuhl.de\/de\/wp-json\/wp\/v2\/product_cat?post=937"},{"taxonomy":"product_tag","embeddable":true,"href":"https:\/\/www.evakuierungsstuhl.de\/de\/wp-json\/wp\/v2\/product_tag?post=937"}],"curies":[{"name":"wp","href":"https:\/\/api.w.org\/{rel}","templated":true}]}}