{"id":922,"date":"2024-06-03T09:39:13","date_gmt":"2024-06-03T09:39:13","guid":{"rendered":"https:\/\/www.evakuierungsstuhl.de\/?post_type=product&#038;p=922"},"modified":"2025-06-19T11:07:51","modified_gmt":"2025-06-19T10:07:51","slug":"sicherheitswagen-ohne-inhalt","status":"publish","type":"product","link":"https:\/\/www.evakuierungsstuhl.de\/de\/product\/safety-trolley-zonder-inhoud\/","title":{"rendered":"Safety trolley (ohne Inhalt)"},"content":{"rendered":"<p>Neu in unserer Produktpalette<\/p>\n<p>Der Safety Trolley ist die L\u00f6sung f\u00fcr alle Orte, an denen man schnell auf alle Sicherheits- und Erste-Hilfe-Ausr\u00fcstungen zugreifen m\u00f6chte.<\/p>\n<p>Auf Baustellen, in der Fabrikhalle, bei Festen, bei Veranstaltungen.<\/p>\n<p>Der Safety-Trolley ist ein robustes Flightcase, das sich leicht bewegen und transportieren l\u00e4sst.<\/p>\n<p>Stellen Sie denSafety-Trolley an dem Ort auf, an dem Sie die Sicherheitsprodukte leicht erreichen wollen.<\/p>\n<p>Bei Bedarf liefern und Montieren wir die Inhalte nach Ihren Vorgaben.<\/p>\n<p>So besteht zum Beispiel die M\u00f6glichkeit, den Safety Trolley durch einen AED zu erg\u00e4nzen.<\/p>\n<p>Bitte nehmen Sie Kontakt mit uns auf.<\/p>\n<p>Spezifikationen:<\/p>\n<p>Ausschnitte f\u00fcr 2 Feuerl\u00f6scher (max. Durchmesser von 165 mm und max. H\u00f6he von 630 mm).<br \/>\nVeredelt mit Aluminiumprofilen und Stahlkugelecken<br \/>\nPlatz f\u00fcr Erste-Hilfe-Kasten, Pflasterspender usw. (je nach Bedarf zu bef\u00fcllen)<br \/>\nFarbe: orange<br \/>\nDer klappbare Deckel ist durch einen Schmetterlingsverschluss gegen das Zuschlagen gesichert.<br \/>\nAusgestattet mit soliden Schl\u00f6ssern<br \/>\nAusgestattet mit 4 Lenkrollen (2 mit Bremse)<br \/>\nLeicht zu bewegen<br \/>\nAusgestattet mit 8 Griffen<br \/>\nAbmessungen: 613 x 460 x 724 mm (L x B x H)<br \/>\nGewicht: ca. 27 kg<\/p>","protected":false},"excerpt":{"rendered":"<p>Alle veiligheids en EHBO producten binnen hand bereik.<\/p>\n<p>Safetytrolley wordt geleverd zonder inhoud.<\/p>\n<p>De safety trolley met inhoud stellen wij graag voor u samen.<\/p>\n<p>Ideaal voor op de bouwplaats, bij renovatie van het pand, evenementen en festival.<\/p>\n<p>Door de robuste uitvoering ideaal te vervoeren en te verplaatsen.<\/p>\n<p>Kwaliteit en veiligheid.<\/p>","protected":false},"featured_media":926,"comment_status":"closed","ping_status":"closed","template":"","meta":{"_acf_changed":false},"product_brand":[],"product_cat":[28,30],"product_tag":[],"class_list":{"0":"post-922","1":"product","2":"type-product","3":"status-publish","4":"has-post-thumbnail","6":"product_cat-accessoires-bhv","7":"product_cat-brandveiligheid","9":"first","10":"instock","11":"taxable","12":"shipping-taxable","13":"purchasable","14":"product-type-simple"},"acf":[],"yoast_head":"<!-- This site is optimized with the Yoast SEO plugin v27.2 - https:\/\/yoast.com\/product\/yoast-seo-wordpress\/ -->\n<title>Safety trolley (zonder inhoud) - Evacuatieexpert<\/title>\n<meta name=\"robots\" content=\"index, follow, max-snippet:-1, max-image-preview:large, max-video-preview:-1\" \/>\n<link rel=\"canonical\" href=\"https:\/\/www.evakuierungsstuhl.de\/de\/produkt\/sicherheitswagen-ohne-inhalt\/\" \/>\n<meta property=\"og:locale\" content=\"de_DE\" \/>\n<meta property=\"og:type\" content=\"article\" \/>\n<meta property=\"og:title\" content=\"Safety trolley (zonder inhoud) - Evacuatieexpert\" \/>\n<meta property=\"og:description\" content=\"Alle veiligheids en EHBO producten binnen hand bereik.  Safetytrolley wordt geleverd zonder inhoud.  De safety trolley met inhoud stellen wij graag voor u samen.  Ideaal voor op de bouwplaats, bij renovatie van het pand, evenementen en festival.  Door de robuste uitvoering ideaal te vervoeren en te verplaatsen.  Kwaliteit en veiligheid.\" \/>\n<meta property=\"og:url\" content=\"https:\/\/www.evakuierungsstuhl.de\/de\/produkt\/sicherheitswagen-ohne-inhalt\/\" \/>\n<meta property=\"og:site_name\" content=\"Evacuatieexpert\" \/>\n<meta property=\"article:modified_time\" content=\"2025-06-19T10:07:51+00:00\" \/>\n<meta property=\"og:image\" content=\"https:\/\/www.evakuierungsstuhl.de\/wp-content\/uploads\/2024\/06\/flightcase-emergency.jpg\" \/>\n\t<meta property=\"og:image:width\" content=\"1003\" \/>\n\t<meta property=\"og:image:height\" content=\"1280\" \/>\n\t<meta property=\"og:image:type\" content=\"image\/jpeg\" \/>\n<meta name=\"twitter:card\" content=\"summary_large_image\" \/>\n<meta name=\"twitter:label1\" content=\"Gesch\u00e4tzte Lesezeit\" \/>\n\t<meta name=\"twitter:data1\" content=\"2\u00a0Minuten\" \/>\n<script type=\"application\/ld+json\" class=\"yoast-schema-graph\">{\"@context\":\"https:\/\/schema.org\",\"@graph\":[{\"@type\":\"WebPage\",\"@id\":\"https:\/\/www.evakuierungsstuhl.de\/product\/safety-trolley-zonder-inhoud\/\",\"url\":\"https:\/\/www.evakuierungsstuhl.de\/product\/safety-trolley-zonder-inhoud\/\",\"name\":\"Safety trolley (zonder inhoud) - Evacuatieexpert\",\"isPartOf\":{\"@id\":\"https:\/\/www.evakuierungsstuhl.de\/#website\"},\"primaryImageOfPage\":{\"@id\":\"https:\/\/www.evakuierungsstuhl.de\/product\/safety-trolley-zonder-inhoud\/#primaryimage\"},\"image\":{\"@id\":\"https:\/\/www.evakuierungsstuhl.de\/product\/safety-trolley-zonder-inhoud\/#primaryimage\"},\"thumbnailUrl\":\"https:\/\/www.evakuierungsstuhl.de\/wp-content\/uploads\/2024\/06\/flightcase-emergency.jpg\",\"datePublished\":\"2024-06-03T09:39:13+00:00\",\"dateModified\":\"2025-06-19T10:07:51+00:00\",\"breadcrumb\":{\"@id\":\"https:\/\/www.evakuierungsstuhl.de\/product\/safety-trolley-zonder-inhoud\/#breadcrumb\"},\"inLanguage\":\"de\",\"potentialAction\":[{\"@type\":\"ReadAction\",\"target\":[\"https:\/\/www.evakuierungsstuhl.de\/product\/safety-trolley-zonder-inhoud\/\"]}]},{\"@type\":\"ImageObject\",\"inLanguage\":\"de\",\"@id\":\"https:\/\/www.evakuierungsstuhl.de\/product\/safety-trolley-zonder-inhoud\/#primaryimage\",\"url\":\"https:\/\/www.evakuierungsstuhl.de\/wp-content\/uploads\/2024\/06\/flightcase-emergency.jpg\",\"contentUrl\":\"https:\/\/www.evakuierungsstuhl.de\/wp-content\/uploads\/2024\/06\/flightcase-emergency.jpg\",\"width\":1003,\"height\":1280},{\"@type\":\"BreadcrumbList\",\"@id\":\"https:\/\/www.evakuierungsstuhl.de\/product\/safety-trolley-zonder-inhoud\/#breadcrumb\",\"itemListElement\":[{\"@type\":\"ListItem\",\"position\":1,\"name\":\"Home\",\"item\":\"https:\/\/www.evakuierungsstuhl.de\/\"},{\"@type\":\"ListItem\",\"position\":2,\"name\":\"Winkel\",\"item\":\"https:\/\/www.evakuierungsstuhl.de\/winkel\/\"},{\"@type\":\"ListItem\",\"position\":3,\"name\":\"Safety trolley (zonder inhoud)\"}]},{\"@type\":\"WebSite\",\"@id\":\"https:\/\/www.evakuierungsstuhl.de\/#website\",\"url\":\"https:\/\/www.evakuierungsstuhl.de\/\",\"name\":\"Evacuatieexpert\",\"description\":\"De expert in evacuatie\",\"potentialAction\":[{\"@type\":\"SearchAction\",\"target\":{\"@type\":\"EntryPoint\",\"urlTemplate\":\"https:\/\/www.evakuierungsstuhl.de\/?s={search_term_string}\"},\"query-input\":{\"@type\":\"PropertyValueSpecification\",\"valueRequired\":true,\"valueName\":\"search_term_string\"}}],\"inLanguage\":\"de\"}]}<\/script>\n<!-- \/ Yoast SEO plugin. -->","yoast_head_json":{"title":"Sicherheitswagen (ohne Inhalt) - Evacuation Expert","robots":{"index":"index","follow":"follow","max-snippet":"max-snippet:-1","max-image-preview":"max-image-preview:large","max-video-preview":"max-video-preview:-1"},"canonical":"https:\/\/www.evakuierungsstuhl.de\/de\/produkt\/sicherheitswagen-ohne-inhalt\/","og_locale":"de_DE","og_type":"article","og_title":"Safety trolley (zonder inhoud) - Evacuatieexpert","og_description":"Alle veiligheids en EHBO producten binnen hand bereik.  Safetytrolley wordt geleverd zonder inhoud.  De safety trolley met inhoud stellen wij graag voor u samen.  Ideaal voor op de bouwplaats, bij renovatie van het pand, evenementen en festival.  Door de robuste uitvoering ideaal te vervoeren en te verplaatsen.  Kwaliteit en veiligheid.","og_url":"https:\/\/www.evakuierungsstuhl.de\/de\/produkt\/sicherheitswagen-ohne-inhalt\/","og_site_name":"Evacuatieexpert","article_modified_time":"2025-06-19T10:07:51+00:00","og_image":[{"width":1003,"height":1280,"url":"https:\/\/www.evakuierungsstuhl.de\/wp-content\/uploads\/2024\/06\/flightcase-emergency.jpg","type":"image\/jpeg"}],"twitter_card":"summary_large_image","twitter_misc":{"Gesch\u00e4tzte Lesezeit":"2\u00a0Minuten"},"schema":{"@context":"https:\/\/schema.org","@graph":[{"@type":"WebPage","@id":"https:\/\/www.evakuierungsstuhl.de\/product\/safety-trolley-zonder-inhoud\/","url":"https:\/\/www.evakuierungsstuhl.de\/product\/safety-trolley-zonder-inhoud\/","name":"Sicherheitswagen (ohne Inhalt) - Evacuation Expert","isPartOf":{"@id":"https:\/\/www.evakuierungsstuhl.de\/#website"},"primaryImageOfPage":{"@id":"https:\/\/www.evakuierungsstuhl.de\/product\/safety-trolley-zonder-inhoud\/#primaryimage"},"image":{"@id":"https:\/\/www.evakuierungsstuhl.de\/product\/safety-trolley-zonder-inhoud\/#primaryimage"},"thumbnailUrl":"https:\/\/www.evakuierungsstuhl.de\/wp-content\/uploads\/2024\/06\/flightcase-emergency.jpg","datePublished":"2024-06-03T09:39:13+00:00","dateModified":"2025-06-19T10:07:51+00:00","breadcrumb":{"@id":"https:\/\/www.evakuierungsstuhl.de\/product\/safety-trolley-zonder-inhoud\/#breadcrumb"},"inLanguage":"de","potentialAction":[{"@type":"ReadAction","target":["https:\/\/www.evakuierungsstuhl.de\/product\/safety-trolley-zonder-inhoud\/"]}]},{"@type":"ImageObject","inLanguage":"de","@id":"https:\/\/www.evakuierungsstuhl.de\/product\/safety-trolley-zonder-inhoud\/#primaryimage","url":"https:\/\/www.evakuierungsstuhl.de\/wp-content\/uploads\/2024\/06\/flightcase-emergency.jpg","contentUrl":"https:\/\/www.evakuierungsstuhl.de\/wp-content\/uploads\/2024\/06\/flightcase-emergency.jpg","width":1003,"height":1280},{"@type":"BreadcrumbList","@id":"https:\/\/www.evakuierungsstuhl.de\/product\/safety-trolley-zonder-inhoud\/#breadcrumb","itemListElement":[{"@type":"ListItem","position":1,"name":"Home","item":"https:\/\/www.evakuierungsstuhl.de\/"},{"@type":"ListItem","position":2,"name":"Winkel","item":"https:\/\/www.evakuierungsstuhl.de\/winkel\/"},{"@type":"ListItem","position":3,"name":"Safety trolley (zonder inhoud)"}]},{"@type":"WebSite","@id":"https:\/\/www.evakuierungsstuhl.de\/#website","url":"https:\/\/www.evakuierungsstuhl.de\/","name":"Experte f\u00fcr Evakuierung","description":"Der Experte f\u00fcr Evakuierung","potentialAction":[{"@type":"SearchAction","target":{"@type":"EntryPoint","urlTemplate":"https:\/\/www.evakuierungsstuhl.de\/?s={search_term_string}"},"query-input":{"@type":"PropertyValueSpecification","valueRequired":true,"valueName":"search_term_string"}}],"inLanguage":"de"}]}},"_links":{"self":[{"href":"https:\/\/www.evakuierungsstuhl.de\/de\/wp-json\/wp\/v2\/product\/922","targetHints":{"allow":["GET"]}}],"collection":[{"href":"https:\/\/www.evakuierungsstuhl.de\/de\/wp-json\/wp\/v2\/product"}],"about":[{"href":"https:\/\/www.evakuierungsstuhl.de\/de\/wp-json\/wp\/v2\/types\/product"}],"replies":[{"embeddable":true,"href":"https:\/\/www.evakuierungsstuhl.de\/de\/wp-json\/wp\/v2\/comments?post=922"}],"version-history":[{"count":2,"href":"https:\/\/www.evakuierungsstuhl.de\/de\/wp-json\/wp\/v2\/product\/922\/revisions"}],"predecessor-version":[{"id":1699,"href":"https:\/\/www.evakuierungsstuhl.de\/de\/wp-json\/wp\/v2\/product\/922\/revisions\/1699"}],"wp:featuredmedia":[{"embeddable":true,"href":"https:\/\/www.evakuierungsstuhl.de\/de\/wp-json\/wp\/v2\/media\/926"}],"wp:attachment":[{"href":"https:\/\/www.evakuierungsstuhl.de\/de\/wp-json\/wp\/v2\/media?parent=922"}],"wp:term":[{"taxonomy":"product_brand","embeddable":true,"href":"https:\/\/www.evakuierungsstuhl.de\/de\/wp-json\/wp\/v2\/product_brand?post=922"},{"taxonomy":"product_cat","embeddable":true,"href":"https:\/\/www.evakuierungsstuhl.de\/de\/wp-json\/wp\/v2\/product_cat?post=922"},{"taxonomy":"product_tag","embeddable":true,"href":"https:\/\/www.evakuierungsstuhl.de\/de\/wp-json\/wp\/v2\/product_tag?post=922"}],"curies":[{"name":"wp","href":"https:\/\/api.w.org\/{rel}","templated":true}]}}