{"id":906,"date":"2024-06-03T07:56:45","date_gmt":"2024-06-03T07:56:45","guid":{"rendered":"https:\/\/www.evakuierungsstuhl.de\/?post_type=product&#038;p=906"},"modified":"2025-07-03T07:49:51","modified_gmt":"2025-07-03T06:49:51","slug":"fluchtmatratze-evakuierungsmatratze-falt-70","status":"publish","type":"product","link":"https:\/\/www.evakuierungsstuhl.de\/de\/product\/escape-mattress-evacuatiematras-fold-70\/","title":{"rendered":"Escape-Mattress\u00ae Evakuierungsmatratze Fold 70"},"content":{"rendered":"<p>Die Escape Mattress Fold l\u00e4sst sich in der H\u00e4lfte zusammenfalten, so dass sie leicht zu transportieren und zu verstauen ist.<\/p>\n<p>Nach dem Entfalten ist diese Evakuierungsmatratze sofort einsatzbereit.<\/p>\n<p>Ausgestattet mit Griffen, mit denen die Evakuierungsmatratze auch getragen werden kann.<\/p>\n<p>Verstellbare Kopfst\u00fctze mittels Klettverschluss.<\/p>\n<p>Mit einem der optionalen Zubeh\u00f6rteile, darunter der Aufbewahrungsh\u00fclle, kann diese Matratze hygienisch und staubfrei aufbewahrt werden.<\/p>\n<p>CE-zertifiziert und T\u00dcV-gepr\u00fcft und zertifiziert bis zu einer Tragf\u00e4higkeit von 150 kg.<\/p>\n<p>Kostenlose Vorf\u00fchrung und fachkundige Beratung im Voraus (falls gew\u00fcnscht)<\/p>\n<p>In Sekundenschnelle einsatzbereit<br \/>\nHitze- und flammhemmendes Material<br \/>\nAbmessungen (L\u00e4nge x Breite): ca. 200 x 68 cm<br \/>\nAuch in einer 55 cm breiten Version erh\u00e4ltlich<br \/>\nDicke der Matratze: ca. 8 cm<br \/>\nOptional: Aufbewahrungstasche<br \/>\nMaximale Belastung: 150 kg<br \/>\nPlatzsparend (Wandmontage)<br \/>\nGewicht: ca. 7,2 kg ohne Deckel<br \/>\nVerstellbare Kopfst\u00fctze mit Fixiergurt<br \/>\nGarantie: 2 Jahre<br \/>\n4-sprachiges Benutzerhandbuch<br \/>\nT\u00dcV-zertifiziert<br \/>\nCE-zertifiziert<\/p>\n<p>&nbsp;<\/p>\n<p><iframe title=\"ESCAPE-MATTRESS EVAKUIERUNGSMATRATZE ANLEITUNG VIDEO (NL)\" width=\"800\" height=\"450\" data-src=\"https:\/\/www.youtube.com\/embed\/cwj-_T5xao0?feature=oembed\" frameborder=\"0\" allow=\"accelerometer; autoplay; clipboard-write; encrypted-media; gyroscope; picture-in-picture; web-share\" referrerpolicy=\"strict-origin-when-cross-origin\" allowfullscreen src=\"data:image\/svg+xml;base64,PHN2ZyB3aWR0aD0iMSIgaGVpZ2h0PSIxIiB4bWxucz0iaHR0cDovL3d3dy53My5vcmcvMjAwMC9zdmciPjwvc3ZnPg==\" class=\"lazyload\" data-load-mode=\"1\"><\/iframe><\/p>","protected":false},"excerpt":{"rendered":"<p>Diese Evakuierungsmatratze ist ein niederl\u00e4ndisches Qualit\u00e4tsprodukt, das sich durch hohe Zuverl\u00e4ssigkeit und Sicherheit auszeichnet. Die Matratze ist T\u00dcV-gepr\u00fcft und kann eine Last von bis zu 150 kg tragen. Sie ist in zwei Breiten erh\u00e4ltlich: 70 cm und 50 cm.<\/p>","protected":false},"featured_media":914,"comment_status":"closed","ping_status":"closed","template":"","meta":{"_acf_changed":false},"product_brand":[],"product_cat":[25],"product_tag":[],"class_list":{"0":"post-906","1":"product","2":"type-product","3":"status-publish","4":"has-post-thumbnail","6":"product_cat-evacuatiematrassen","8":"first","9":"instock","10":"taxable","11":"shipping-taxable","12":"purchasable","13":"product-type-simple"},"acf":[],"yoast_head":"<!-- This site is optimized with the Yoast SEO plugin v27.2 - https:\/\/yoast.com\/product\/yoast-seo-wordpress\/ -->\n<title>Escape-Mattress\u00ae evacuatiematras Fold 70 - Evacuatieexpert<\/title>\n<meta name=\"robots\" content=\"index, follow, max-snippet:-1, max-image-preview:large, max-video-preview:-1\" \/>\n<link rel=\"canonical\" href=\"https:\/\/www.evakuierungsstuhl.de\/de\/produkt\/fluchtmatratze-evakuierungsmatratze-falt-70\/\" \/>\n<meta property=\"og:locale\" content=\"de_DE\" \/>\n<meta property=\"og:type\" content=\"article\" \/>\n<meta property=\"og:title\" content=\"Escape-Mattress\u00ae evacuatiematras Fold 70 - Evacuatieexpert\" \/>\n<meta property=\"og:description\" content=\"Dit evacuatiematras, een kwalitatief Nederlands product, biedt uitstekende betrouwbaarheid en veiligheid. Het matras is TUV-gekeurd en kan een draaglast van maximaal 150 kg aan. Het is verkrijgbaar in twee breedtes: 70 cm en 50 cm.\" \/>\n<meta property=\"og:url\" content=\"https:\/\/www.evakuierungsstuhl.de\/de\/produkt\/fluchtmatratze-evakuierungsmatratze-falt-70\/\" \/>\n<meta property=\"og:site_name\" content=\"Evacuatieexpert\" \/>\n<meta property=\"article:modified_time\" content=\"2025-07-03T06:49:51+00:00\" \/>\n<meta property=\"og:image\" content=\"https:\/\/www.evakuierungsstuhl.de\/wp-content\/uploads\/2024\/06\/Fold-70-vs-55-Rechts-scaled.jpg\" \/>\n\t<meta property=\"og:image:width\" content=\"2560\" \/>\n\t<meta property=\"og:image:height\" content=\"1707\" \/>\n\t<meta property=\"og:image:type\" content=\"image\/jpeg\" \/>\n<meta name=\"twitter:card\" content=\"summary_large_image\" \/>\n<meta name=\"twitter:label1\" content=\"Gesch\u00e4tzte Lesezeit\" \/>\n\t<meta name=\"twitter:data1\" content=\"1\u00a0Minute\" \/>\n<script type=\"application\/ld+json\" class=\"yoast-schema-graph\">{\"@context\":\"https:\/\/schema.org\",\"@graph\":[{\"@type\":\"WebPage\",\"@id\":\"https:\/\/www.evakuierungsstuhl.de\/product\/escape-mattress-evacuatiematras-fold-70\/\",\"url\":\"https:\/\/www.evakuierungsstuhl.de\/product\/escape-mattress-evacuatiematras-fold-70\/\",\"name\":\"Escape-Mattress\u00ae evacuatiematras Fold 70 - Evacuatieexpert\",\"isPartOf\":{\"@id\":\"https:\/\/www.evakuierungsstuhl.de\/#website\"},\"primaryImageOfPage\":{\"@id\":\"https:\/\/www.evakuierungsstuhl.de\/product\/escape-mattress-evacuatiematras-fold-70\/#primaryimage\"},\"image\":{\"@id\":\"https:\/\/www.evakuierungsstuhl.de\/product\/escape-mattress-evacuatiematras-fold-70\/#primaryimage\"},\"thumbnailUrl\":\"https:\/\/www.evakuierungsstuhl.de\/wp-content\/uploads\/2024\/06\/Fold-70-vs-55-Rechts-scaled.jpg\",\"datePublished\":\"2024-06-03T07:56:45+00:00\",\"dateModified\":\"2025-07-03T06:49:51+00:00\",\"breadcrumb\":{\"@id\":\"https:\/\/www.evakuierungsstuhl.de\/product\/escape-mattress-evacuatiematras-fold-70\/#breadcrumb\"},\"inLanguage\":\"de\",\"potentialAction\":[{\"@type\":\"ReadAction\",\"target\":[\"https:\/\/www.evakuierungsstuhl.de\/product\/escape-mattress-evacuatiematras-fold-70\/\"]}]},{\"@type\":\"ImageObject\",\"inLanguage\":\"de\",\"@id\":\"https:\/\/www.evakuierungsstuhl.de\/product\/escape-mattress-evacuatiematras-fold-70\/#primaryimage\",\"url\":\"https:\/\/www.evakuierungsstuhl.de\/wp-content\/uploads\/2024\/06\/Fold-70-vs-55-Rechts-scaled.jpg\",\"contentUrl\":\"https:\/\/www.evakuierungsstuhl.de\/wp-content\/uploads\/2024\/06\/Fold-70-vs-55-Rechts-scaled.jpg\",\"width\":2560,\"height\":1707},{\"@type\":\"BreadcrumbList\",\"@id\":\"https:\/\/www.evakuierungsstuhl.de\/product\/escape-mattress-evacuatiematras-fold-70\/#breadcrumb\",\"itemListElement\":[{\"@type\":\"ListItem\",\"position\":1,\"name\":\"Home\",\"item\":\"https:\/\/www.evakuierungsstuhl.de\/\"},{\"@type\":\"ListItem\",\"position\":2,\"name\":\"Winkel\",\"item\":\"https:\/\/www.evakuierungsstuhl.de\/winkel\/\"},{\"@type\":\"ListItem\",\"position\":3,\"name\":\"Escape-Mattress\u00ae evacuatiematras Fold 70\"}]},{\"@type\":\"WebSite\",\"@id\":\"https:\/\/www.evakuierungsstuhl.de\/#website\",\"url\":\"https:\/\/www.evakuierungsstuhl.de\/\",\"name\":\"Evacuatieexpert\",\"description\":\"De expert in evacuatie\",\"potentialAction\":[{\"@type\":\"SearchAction\",\"target\":{\"@type\":\"EntryPoint\",\"urlTemplate\":\"https:\/\/www.evakuierungsstuhl.de\/?s={search_term_string}\"},\"query-input\":{\"@type\":\"PropertyValueSpecification\",\"valueRequired\":true,\"valueName\":\"search_term_string\"}}],\"inLanguage\":\"de\"}]}<\/script>\n<!-- \/ Yoast SEO plugin. -->","yoast_head_json":{"title":"Escape-Mattress\u00ae Evakuierungsmatratze Fold 70 - Evacuation Expert","robots":{"index":"index","follow":"follow","max-snippet":"max-snippet:-1","max-image-preview":"max-image-preview:large","max-video-preview":"max-video-preview:-1"},"canonical":"https:\/\/www.evakuierungsstuhl.de\/de\/produkt\/fluchtmatratze-evakuierungsmatratze-falt-70\/","og_locale":"de_DE","og_type":"article","og_title":"Escape-Mattress\u00ae evacuatiematras Fold 70 - Evacuatieexpert","og_description":"Dit evacuatiematras, een kwalitatief Nederlands product, biedt uitstekende betrouwbaarheid en veiligheid. Het matras is TUV-gekeurd en kan een draaglast van maximaal 150 kg aan. Het is verkrijgbaar in twee breedtes: 70 cm en 50 cm.","og_url":"https:\/\/www.evakuierungsstuhl.de\/de\/produkt\/fluchtmatratze-evakuierungsmatratze-falt-70\/","og_site_name":"Evacuatieexpert","article_modified_time":"2025-07-03T06:49:51+00:00","og_image":[{"width":2560,"height":1707,"url":"https:\/\/www.evakuierungsstuhl.de\/wp-content\/uploads\/2024\/06\/Fold-70-vs-55-Rechts-scaled.jpg","type":"image\/jpeg"}],"twitter_card":"summary_large_image","twitter_misc":{"Gesch\u00e4tzte Lesezeit":"1\u00a0Minute"},"schema":{"@context":"https:\/\/schema.org","@graph":[{"@type":"WebPage","@id":"https:\/\/www.evakuierungsstuhl.de\/product\/escape-mattress-evacuatiematras-fold-70\/","url":"https:\/\/www.evakuierungsstuhl.de\/product\/escape-mattress-evacuatiematras-fold-70\/","name":"Escape-Mattress\u00ae Evakuierungsmatratze Fold 70 - Evacuation Expert","isPartOf":{"@id":"https:\/\/www.evakuierungsstuhl.de\/#website"},"primaryImageOfPage":{"@id":"https:\/\/www.evakuierungsstuhl.de\/product\/escape-mattress-evacuatiematras-fold-70\/#primaryimage"},"image":{"@id":"https:\/\/www.evakuierungsstuhl.de\/product\/escape-mattress-evacuatiematras-fold-70\/#primaryimage"},"thumbnailUrl":"https:\/\/www.evakuierungsstuhl.de\/wp-content\/uploads\/2024\/06\/Fold-70-vs-55-Rechts-scaled.jpg","datePublished":"2024-06-03T07:56:45+00:00","dateModified":"2025-07-03T06:49:51+00:00","breadcrumb":{"@id":"https:\/\/www.evakuierungsstuhl.de\/product\/escape-mattress-evacuatiematras-fold-70\/#breadcrumb"},"inLanguage":"de","potentialAction":[{"@type":"ReadAction","target":["https:\/\/www.evakuierungsstuhl.de\/product\/escape-mattress-evacuatiematras-fold-70\/"]}]},{"@type":"ImageObject","inLanguage":"de","@id":"https:\/\/www.evakuierungsstuhl.de\/product\/escape-mattress-evacuatiematras-fold-70\/#primaryimage","url":"https:\/\/www.evakuierungsstuhl.de\/wp-content\/uploads\/2024\/06\/Fold-70-vs-55-Rechts-scaled.jpg","contentUrl":"https:\/\/www.evakuierungsstuhl.de\/wp-content\/uploads\/2024\/06\/Fold-70-vs-55-Rechts-scaled.jpg","width":2560,"height":1707},{"@type":"BreadcrumbList","@id":"https:\/\/www.evakuierungsstuhl.de\/product\/escape-mattress-evacuatiematras-fold-70\/#breadcrumb","itemListElement":[{"@type":"ListItem","position":1,"name":"Home","item":"https:\/\/www.evakuierungsstuhl.de\/"},{"@type":"ListItem","position":2,"name":"Winkel","item":"https:\/\/www.evakuierungsstuhl.de\/winkel\/"},{"@type":"ListItem","position":3,"name":"Escape-Mattress\u00ae evacuatiematras Fold 70"}]},{"@type":"WebSite","@id":"https:\/\/www.evakuierungsstuhl.de\/#website","url":"https:\/\/www.evakuierungsstuhl.de\/","name":"Experte f\u00fcr Evakuierung","description":"Der Experte f\u00fcr Evakuierung","potentialAction":[{"@type":"SearchAction","target":{"@type":"EntryPoint","urlTemplate":"https:\/\/www.evakuierungsstuhl.de\/?s={search_term_string}"},"query-input":{"@type":"PropertyValueSpecification","valueRequired":true,"valueName":"search_term_string"}}],"inLanguage":"de"}]}},"_links":{"self":[{"href":"https:\/\/www.evakuierungsstuhl.de\/de\/wp-json\/wp\/v2\/product\/906","targetHints":{"allow":["GET"]}}],"collection":[{"href":"https:\/\/www.evakuierungsstuhl.de\/de\/wp-json\/wp\/v2\/product"}],"about":[{"href":"https:\/\/www.evakuierungsstuhl.de\/de\/wp-json\/wp\/v2\/types\/product"}],"replies":[{"embeddable":true,"href":"https:\/\/www.evakuierungsstuhl.de\/de\/wp-json\/wp\/v2\/comments?post=906"}],"version-history":[{"count":1,"href":"https:\/\/www.evakuierungsstuhl.de\/de\/wp-json\/wp\/v2\/product\/906\/revisions"}],"predecessor-version":[{"id":1803,"href":"https:\/\/www.evakuierungsstuhl.de\/de\/wp-json\/wp\/v2\/product\/906\/revisions\/1803"}],"wp:featuredmedia":[{"embeddable":true,"href":"https:\/\/www.evakuierungsstuhl.de\/de\/wp-json\/wp\/v2\/media\/914"}],"wp:attachment":[{"href":"https:\/\/www.evakuierungsstuhl.de\/de\/wp-json\/wp\/v2\/media?parent=906"}],"wp:term":[{"taxonomy":"product_brand","embeddable":true,"href":"https:\/\/www.evakuierungsstuhl.de\/de\/wp-json\/wp\/v2\/product_brand?post=906"},{"taxonomy":"product_cat","embeddable":true,"href":"https:\/\/www.evakuierungsstuhl.de\/de\/wp-json\/wp\/v2\/product_cat?post=906"},{"taxonomy":"product_tag","embeddable":true,"href":"https:\/\/www.evakuierungsstuhl.de\/de\/wp-json\/wp\/v2\/product_tag?post=906"}],"curies":[{"name":"wp","href":"https:\/\/api.w.org\/{rel}","templated":true}]}}