{"id":901,"date":"2024-06-03T07:53:54","date_gmt":"2024-06-03T07:53:54","guid":{"rendered":"https:\/\/www.evakuierungsstuhl.de\/?post_type=product&#038;p=901"},"modified":"2024-06-03T07:56:12","modified_gmt":"2024-06-03T07:56:12","slug":"fluchtmatratzen-aufbewahrungshulle-fur-evakuierungsmatratze-fold-70","status":"publish","type":"product","link":"https:\/\/www.evakuierungsstuhl.de\/de\/product\/escape-mattress-opberghoes-voor-evacuatiematras-fold-70\/","title":{"rendered":"Escape-Mattress\u00ae Aufbewahrungsh\u00fclle f\u00fcr Evakuierungsmatratze Fold 70"},"content":{"rendered":"<p>Die Escape-Mattress\u00ae Fold kann in der H\u00e4lfte gefaltet werden und l\u00e4sst sich so leicht in der Aufbewahrungstasche verstauen.<\/p>\n<p>Die H\u00fclle ist an beiden Seiten mit Trageschlaufen versehen.<\/p>\n<p>Durch den gro\u00dfen Rei\u00dfverschluss l\u00e4sst sich die Matratze leicht aus dem Bezug nehmen.<\/p>\n<p>Platzsparend (Wandmontage)<\/p>","protected":false},"excerpt":{"rendered":"<p>Speziell f\u00fcr die Evakuierungsmatratze entwickelt, bietet diese Lagerungsh\u00fclle dank ihrer sehr robusten Konstruktion maximalen Schutz. Ausgestattet mit praktischen Trageschlaufen ist die H\u00fclle leicht zu transportieren. Au\u00dferdem ist sie f\u00fcr die Wandmontage geeignet, so dass sie im Notfall immer in Reichweite ist.<\/p>","protected":false},"featured_media":902,"comment_status":"closed","ping_status":"closed","template":"","meta":{"_acf_changed":false},"product_brand":[],"product_cat":[28,25],"product_tag":[],"class_list":{"0":"post-901","1":"product","2":"type-product","3":"status-publish","4":"has-post-thumbnail","6":"product_cat-accessoires-bhv","7":"product_cat-evacuatiematrassen","9":"first","10":"instock","11":"taxable","12":"shipping-taxable","13":"purchasable","14":"product-type-simple"},"acf":[],"yoast_head":"<!-- This site is optimized with the Yoast SEO plugin v27.2 - https:\/\/yoast.com\/product\/yoast-seo-wordpress\/ -->\n<title>Escape-Mattress\u00ae opberghoes voor evacuatiematras Fold 70 - Evacuatieexpert<\/title>\n<meta name=\"robots\" content=\"index, follow, max-snippet:-1, max-image-preview:large, max-video-preview:-1\" \/>\n<link rel=\"canonical\" href=\"https:\/\/www.evakuierungsstuhl.de\/de\/produkt\/fluchtmatratzen-aufbewahrungshulle-fur-evakuierungsmatratze-fold-70\/\" \/>\n<meta property=\"og:locale\" content=\"de_DE\" \/>\n<meta property=\"og:type\" content=\"article\" \/>\n<meta property=\"og:title\" content=\"Escape-Mattress\u00ae opberghoes voor evacuatiematras Fold 70 - Evacuatieexpert\" \/>\n<meta property=\"og:description\" content=\"Deze bewaarhoes is speciaal ontworpen voor het evacuatiematras en biedt maximale bescherming dankzij de zeer stevige constructie. Voorzien van handige draaglussen, is de hoes gemakkelijk te transporteren. Daarnaast is hij geschikt voor wandmontage, waardoor hij altijd binnen handbereik is in geval van nood.\" \/>\n<meta property=\"og:url\" content=\"https:\/\/www.evakuierungsstuhl.de\/de\/produkt\/fluchtmatratzen-aufbewahrungshulle-fur-evakuierungsmatratze-fold-70\/\" \/>\n<meta property=\"og:site_name\" content=\"Evacuatieexpert\" \/>\n<meta property=\"article:modified_time\" content=\"2024-06-03T07:56:12+00:00\" \/>\n<meta property=\"og:image\" content=\"https:\/\/www.evakuierungsstuhl.de\/wp-content\/uploads\/2024\/06\/Fold-hoes-Links-scaled.jpg\" \/>\n\t<meta property=\"og:image:width\" content=\"1707\" \/>\n\t<meta property=\"og:image:height\" content=\"2560\" \/>\n\t<meta property=\"og:image:type\" content=\"image\/jpeg\" \/>\n<meta name=\"twitter:card\" content=\"summary_large_image\" \/>\n<script type=\"application\/ld+json\" class=\"yoast-schema-graph\">{\"@context\":\"https:\/\/schema.org\",\"@graph\":[{\"@type\":\"WebPage\",\"@id\":\"https:\/\/www.evakuierungsstuhl.de\/product\/escape-mattress-opberghoes-voor-evacuatiematras-fold-70\/\",\"url\":\"https:\/\/www.evakuierungsstuhl.de\/product\/escape-mattress-opberghoes-voor-evacuatiematras-fold-70\/\",\"name\":\"Escape-Mattress\u00ae opberghoes voor evacuatiematras Fold 70 - Evacuatieexpert\",\"isPartOf\":{\"@id\":\"https:\/\/www.evakuierungsstuhl.de\/#website\"},\"primaryImageOfPage\":{\"@id\":\"https:\/\/www.evakuierungsstuhl.de\/product\/escape-mattress-opberghoes-voor-evacuatiematras-fold-70\/#primaryimage\"},\"image\":{\"@id\":\"https:\/\/www.evakuierungsstuhl.de\/product\/escape-mattress-opberghoes-voor-evacuatiematras-fold-70\/#primaryimage\"},\"thumbnailUrl\":\"https:\/\/www.evakuierungsstuhl.de\/wp-content\/uploads\/2024\/06\/Fold-hoes-Links-scaled.jpg\",\"datePublished\":\"2024-06-03T07:53:54+00:00\",\"dateModified\":\"2024-06-03T07:56:12+00:00\",\"breadcrumb\":{\"@id\":\"https:\/\/www.evakuierungsstuhl.de\/product\/escape-mattress-opberghoes-voor-evacuatiematras-fold-70\/#breadcrumb\"},\"inLanguage\":\"de\",\"potentialAction\":[{\"@type\":\"ReadAction\",\"target\":[\"https:\/\/www.evakuierungsstuhl.de\/product\/escape-mattress-opberghoes-voor-evacuatiematras-fold-70\/\"]}]},{\"@type\":\"ImageObject\",\"inLanguage\":\"de\",\"@id\":\"https:\/\/www.evakuierungsstuhl.de\/product\/escape-mattress-opberghoes-voor-evacuatiematras-fold-70\/#primaryimage\",\"url\":\"https:\/\/www.evakuierungsstuhl.de\/wp-content\/uploads\/2024\/06\/Fold-hoes-Links-scaled.jpg\",\"contentUrl\":\"https:\/\/www.evakuierungsstuhl.de\/wp-content\/uploads\/2024\/06\/Fold-hoes-Links-scaled.jpg\",\"width\":1707,\"height\":2560},{\"@type\":\"BreadcrumbList\",\"@id\":\"https:\/\/www.evakuierungsstuhl.de\/product\/escape-mattress-opberghoes-voor-evacuatiematras-fold-70\/#breadcrumb\",\"itemListElement\":[{\"@type\":\"ListItem\",\"position\":1,\"name\":\"Home\",\"item\":\"https:\/\/www.evakuierungsstuhl.de\/\"},{\"@type\":\"ListItem\",\"position\":2,\"name\":\"Winkel\",\"item\":\"https:\/\/www.evakuierungsstuhl.de\/winkel\/\"},{\"@type\":\"ListItem\",\"position\":3,\"name\":\"Escape-Mattress\u00ae opberghoes voor evacuatiematras Fold 70\"}]},{\"@type\":\"WebSite\",\"@id\":\"https:\/\/www.evakuierungsstuhl.de\/#website\",\"url\":\"https:\/\/www.evakuierungsstuhl.de\/\",\"name\":\"Evacuatieexpert\",\"description\":\"De expert in evacuatie\",\"potentialAction\":[{\"@type\":\"SearchAction\",\"target\":{\"@type\":\"EntryPoint\",\"urlTemplate\":\"https:\/\/www.evakuierungsstuhl.de\/?s={search_term_string}\"},\"query-input\":{\"@type\":\"PropertyValueSpecification\",\"valueRequired\":true,\"valueName\":\"search_term_string\"}}],\"inLanguage\":\"de\"}]}<\/script>\n<!-- \/ Yoast SEO plugin. -->","yoast_head_json":{"title":"Escape-Mattress\u00ae Aufbewahrungsh\u00fclle f\u00fcr Evakuierungsmatratze Fold 70 - Evacuation Expert","robots":{"index":"index","follow":"follow","max-snippet":"max-snippet:-1","max-image-preview":"max-image-preview:large","max-video-preview":"max-video-preview:-1"},"canonical":"https:\/\/www.evakuierungsstuhl.de\/de\/produkt\/fluchtmatratzen-aufbewahrungshulle-fur-evakuierungsmatratze-fold-70\/","og_locale":"de_DE","og_type":"article","og_title":"Escape-Mattress\u00ae opberghoes voor evacuatiematras Fold 70 - Evacuatieexpert","og_description":"Deze bewaarhoes is speciaal ontworpen voor het evacuatiematras en biedt maximale bescherming dankzij de zeer stevige constructie. Voorzien van handige draaglussen, is de hoes gemakkelijk te transporteren. Daarnaast is hij geschikt voor wandmontage, waardoor hij altijd binnen handbereik is in geval van nood.","og_url":"https:\/\/www.evakuierungsstuhl.de\/de\/produkt\/fluchtmatratzen-aufbewahrungshulle-fur-evakuierungsmatratze-fold-70\/","og_site_name":"Evacuatieexpert","article_modified_time":"2024-06-03T07:56:12+00:00","og_image":[{"width":1707,"height":2560,"url":"https:\/\/www.evakuierungsstuhl.de\/wp-content\/uploads\/2024\/06\/Fold-hoes-Links-scaled.jpg","type":"image\/jpeg"}],"twitter_card":"summary_large_image","schema":{"@context":"https:\/\/schema.org","@graph":[{"@type":"WebPage","@id":"https:\/\/www.evakuierungsstuhl.de\/product\/escape-mattress-opberghoes-voor-evacuatiematras-fold-70\/","url":"https:\/\/www.evakuierungsstuhl.de\/product\/escape-mattress-opberghoes-voor-evacuatiematras-fold-70\/","name":"Escape-Mattress\u00ae Aufbewahrungsh\u00fclle f\u00fcr Evakuierungsmatratze Fold 70 - Evacuation Expert","isPartOf":{"@id":"https:\/\/www.evakuierungsstuhl.de\/#website"},"primaryImageOfPage":{"@id":"https:\/\/www.evakuierungsstuhl.de\/product\/escape-mattress-opberghoes-voor-evacuatiematras-fold-70\/#primaryimage"},"image":{"@id":"https:\/\/www.evakuierungsstuhl.de\/product\/escape-mattress-opberghoes-voor-evacuatiematras-fold-70\/#primaryimage"},"thumbnailUrl":"https:\/\/www.evakuierungsstuhl.de\/wp-content\/uploads\/2024\/06\/Fold-hoes-Links-scaled.jpg","datePublished":"2024-06-03T07:53:54+00:00","dateModified":"2024-06-03T07:56:12+00:00","breadcrumb":{"@id":"https:\/\/www.evakuierungsstuhl.de\/product\/escape-mattress-opberghoes-voor-evacuatiematras-fold-70\/#breadcrumb"},"inLanguage":"de","potentialAction":[{"@type":"ReadAction","target":["https:\/\/www.evakuierungsstuhl.de\/product\/escape-mattress-opberghoes-voor-evacuatiematras-fold-70\/"]}]},{"@type":"ImageObject","inLanguage":"de","@id":"https:\/\/www.evakuierungsstuhl.de\/product\/escape-mattress-opberghoes-voor-evacuatiematras-fold-70\/#primaryimage","url":"https:\/\/www.evakuierungsstuhl.de\/wp-content\/uploads\/2024\/06\/Fold-hoes-Links-scaled.jpg","contentUrl":"https:\/\/www.evakuierungsstuhl.de\/wp-content\/uploads\/2024\/06\/Fold-hoes-Links-scaled.jpg","width":1707,"height":2560},{"@type":"BreadcrumbList","@id":"https:\/\/www.evakuierungsstuhl.de\/product\/escape-mattress-opberghoes-voor-evacuatiematras-fold-70\/#breadcrumb","itemListElement":[{"@type":"ListItem","position":1,"name":"Home","item":"https:\/\/www.evakuierungsstuhl.de\/"},{"@type":"ListItem","position":2,"name":"Winkel","item":"https:\/\/www.evakuierungsstuhl.de\/winkel\/"},{"@type":"ListItem","position":3,"name":"Escape-Mattress\u00ae opberghoes voor evacuatiematras Fold 70"}]},{"@type":"WebSite","@id":"https:\/\/www.evakuierungsstuhl.de\/#website","url":"https:\/\/www.evakuierungsstuhl.de\/","name":"Experte f\u00fcr Evakuierung","description":"Der Experte f\u00fcr Evakuierung","potentialAction":[{"@type":"SearchAction","target":{"@type":"EntryPoint","urlTemplate":"https:\/\/www.evakuierungsstuhl.de\/?s={search_term_string}"},"query-input":{"@type":"PropertyValueSpecification","valueRequired":true,"valueName":"search_term_string"}}],"inLanguage":"de"}]}},"_links":{"self":[{"href":"https:\/\/www.evakuierungsstuhl.de\/de\/wp-json\/wp\/v2\/product\/901","targetHints":{"allow":["GET"]}}],"collection":[{"href":"https:\/\/www.evakuierungsstuhl.de\/de\/wp-json\/wp\/v2\/product"}],"about":[{"href":"https:\/\/www.evakuierungsstuhl.de\/de\/wp-json\/wp\/v2\/types\/product"}],"replies":[{"embeddable":true,"href":"https:\/\/www.evakuierungsstuhl.de\/de\/wp-json\/wp\/v2\/comments?post=901"}],"version-history":[{"count":0,"href":"https:\/\/www.evakuierungsstuhl.de\/de\/wp-json\/wp\/v2\/product\/901\/revisions"}],"wp:featuredmedia":[{"embeddable":true,"href":"https:\/\/www.evakuierungsstuhl.de\/de\/wp-json\/wp\/v2\/media\/902"}],"wp:attachment":[{"href":"https:\/\/www.evakuierungsstuhl.de\/de\/wp-json\/wp\/v2\/media?parent=901"}],"wp:term":[{"taxonomy":"product_brand","embeddable":true,"href":"https:\/\/www.evakuierungsstuhl.de\/de\/wp-json\/wp\/v2\/product_brand?post=901"},{"taxonomy":"product_cat","embeddable":true,"href":"https:\/\/www.evakuierungsstuhl.de\/de\/wp-json\/wp\/v2\/product_cat?post=901"},{"taxonomy":"product_tag","embeddable":true,"href":"https:\/\/www.evakuierungsstuhl.de\/de\/wp-json\/wp\/v2\/product_tag?post=901"}],"curies":[{"name":"wp","href":"https:\/\/api.w.org\/{rel}","templated":true}]}}