{"id":894,"date":"2024-06-03T07:49:42","date_gmt":"2024-06-03T07:49:42","guid":{"rendered":"https:\/\/www.evakuierungsstuhl.de\/?post_type=product&#038;p=894"},"modified":"2024-06-03T07:51:26","modified_gmt":"2024-06-03T07:51:26","slug":"evakuierungsschurze-baby-mover-fruhchen","status":"publish","type":"product","link":"https:\/\/www.evakuierungsstuhl.de\/de\/product\/evacuatieschort-baby-mover-prematuur\/","title":{"rendered":"Evakuierungssch\u00fcrze Baby Mover\u00ae Fr\u00fchgeborenes"},"content":{"rendered":"<p>Die Rettungssch\u00fcrze besteht aus schwer entflammbarem Stoff und wird im Notfall \u00fcber den Kopf (wie ein T-Shirt) angezogen. In den speziell konstruierten Taschen k\u00f6nnen die Babys schnell und sicher untergebracht werden. Durch die Kombination von umfangreich getesteten Materialien und spezieller Verarbeitung kann der BABY MOVER\u00ae bis zu 27 kg Gesamtgewicht in den 3 starken Taschen tragen (9 kg Maximalgewicht pro Kind).<\/p>\n<p>Die Taschen befinden sich in der vorderen Mitte sowie an der linken und rechten Seite. So hat eine Person, die 3 Babys im BABY MOVER\u00ae tr\u00e4gt, die H\u00e4nde frei, um z. B. das Gel\u00e4nder festzuhalten, T\u00fcren zu \u00f6ffnen oder den Notruf zu w\u00e4hlen.<\/p>\n<p>Spezielles Modell u.a. f\u00fcr Fr\u00fchgeborene. Die Form der Taschen bringt das Baby in eine liegende Position.<\/p>","protected":false},"excerpt":{"rendered":"<p>Der BABY MOVER\u00ae ist eine professionelle Evakuierungssch\u00fcrze f\u00fcr die schnelle Evakuierung von Babys und Kleinkindern aus Geb\u00e4uden und Gefahrensituationen.<\/p>","protected":false},"featured_media":898,"comment_status":"closed","ping_status":"closed","template":"","meta":{"_acf_changed":false},"product_brand":[],"product_cat":[29],"product_tag":[],"class_list":{"0":"post-894","1":"product","2":"type-product","3":"status-publish","4":"has-post-thumbnail","6":"product_cat-school-en-kinderen","8":"first","9":"instock","10":"taxable","11":"shipping-taxable","12":"purchasable","13":"product-type-simple"},"acf":[],"yoast_head":"<!-- This site is optimized with the Yoast SEO plugin v27.2 - https:\/\/yoast.com\/product\/yoast-seo-wordpress\/ -->\n<title>Evacuatieschort Baby Mover\u00ae Prematuur - Evacuatieexpert<\/title>\n<meta name=\"robots\" content=\"index, follow, max-snippet:-1, max-image-preview:large, max-video-preview:-1\" \/>\n<link rel=\"canonical\" href=\"https:\/\/www.evakuierungsstuhl.de\/de\/produkt\/evakuierungsschurze-baby-mover-fruhchen\/\" \/>\n<meta property=\"og:locale\" content=\"de_DE\" \/>\n<meta property=\"og:type\" content=\"article\" \/>\n<meta property=\"og:title\" content=\"Evacuatieschort Baby Mover\u00ae Prematuur - Evacuatieexpert\" \/>\n<meta property=\"og:description\" content=\"De BABY MOVER\u00ae is een professioneel evacuatieschort waarmee op een snelle wijze baby\u2019s en kleine kinderen uit gebouwen en gevaarlijke situaties ge\u00ebvacueerd kunnen worden.\" \/>\n<meta property=\"og:url\" content=\"https:\/\/www.evakuierungsstuhl.de\/de\/produkt\/evakuierungsschurze-baby-mover-fruhchen\/\" \/>\n<meta property=\"og:site_name\" content=\"Evacuatieexpert\" \/>\n<meta property=\"article:modified_time\" content=\"2024-06-03T07:51:26+00:00\" \/>\n<meta property=\"og:image\" content=\"https:\/\/www.evakuierungsstuhl.de\/wp-content\/uploads\/2024\/06\/Babymover-Studio-Spoormakers-8.2-scaled-1.jpg\" \/>\n\t<meta property=\"og:image:width\" content=\"1706\" \/>\n\t<meta property=\"og:image:height\" content=\"2560\" \/>\n\t<meta property=\"og:image:type\" content=\"image\/jpeg\" \/>\n<meta name=\"twitter:card\" content=\"summary_large_image\" \/>\n<meta name=\"twitter:label1\" content=\"Gesch\u00e4tzte Lesezeit\" \/>\n\t<meta name=\"twitter:data1\" content=\"1\u00a0Minute\" \/>\n<script type=\"application\/ld+json\" class=\"yoast-schema-graph\">{\"@context\":\"https:\/\/schema.org\",\"@graph\":[{\"@type\":\"WebPage\",\"@id\":\"https:\/\/www.evakuierungsstuhl.de\/product\/evacuatieschort-baby-mover-prematuur\/\",\"url\":\"https:\/\/www.evakuierungsstuhl.de\/product\/evacuatieschort-baby-mover-prematuur\/\",\"name\":\"Evacuatieschort Baby Mover\u00ae Prematuur - Evacuatieexpert\",\"isPartOf\":{\"@id\":\"https:\/\/www.evakuierungsstuhl.de\/#website\"},\"primaryImageOfPage\":{\"@id\":\"https:\/\/www.evakuierungsstuhl.de\/product\/evacuatieschort-baby-mover-prematuur\/#primaryimage\"},\"image\":{\"@id\":\"https:\/\/www.evakuierungsstuhl.de\/product\/evacuatieschort-baby-mover-prematuur\/#primaryimage\"},\"thumbnailUrl\":\"https:\/\/www.evakuierungsstuhl.de\/wp-content\/uploads\/2024\/06\/Babymover-Studio-Spoormakers-8.2-scaled-1.jpg\",\"datePublished\":\"2024-06-03T07:49:42+00:00\",\"dateModified\":\"2024-06-03T07:51:26+00:00\",\"breadcrumb\":{\"@id\":\"https:\/\/www.evakuierungsstuhl.de\/product\/evacuatieschort-baby-mover-prematuur\/#breadcrumb\"},\"inLanguage\":\"de\",\"potentialAction\":[{\"@type\":\"ReadAction\",\"target\":[\"https:\/\/www.evakuierungsstuhl.de\/product\/evacuatieschort-baby-mover-prematuur\/\"]}]},{\"@type\":\"ImageObject\",\"inLanguage\":\"de\",\"@id\":\"https:\/\/www.evakuierungsstuhl.de\/product\/evacuatieschort-baby-mover-prematuur\/#primaryimage\",\"url\":\"https:\/\/www.evakuierungsstuhl.de\/wp-content\/uploads\/2024\/06\/Babymover-Studio-Spoormakers-8.2-scaled-1.jpg\",\"contentUrl\":\"https:\/\/www.evakuierungsstuhl.de\/wp-content\/uploads\/2024\/06\/Babymover-Studio-Spoormakers-8.2-scaled-1.jpg\",\"width\":1706,\"height\":2560},{\"@type\":\"BreadcrumbList\",\"@id\":\"https:\/\/www.evakuierungsstuhl.de\/product\/evacuatieschort-baby-mover-prematuur\/#breadcrumb\",\"itemListElement\":[{\"@type\":\"ListItem\",\"position\":1,\"name\":\"Home\",\"item\":\"https:\/\/www.evakuierungsstuhl.de\/\"},{\"@type\":\"ListItem\",\"position\":2,\"name\":\"Winkel\",\"item\":\"https:\/\/www.evakuierungsstuhl.de\/winkel\/\"},{\"@type\":\"ListItem\",\"position\":3,\"name\":\"Evacuatieschort Baby Mover\u00ae Prematuur\"}]},{\"@type\":\"WebSite\",\"@id\":\"https:\/\/www.evakuierungsstuhl.de\/#website\",\"url\":\"https:\/\/www.evakuierungsstuhl.de\/\",\"name\":\"Evacuatieexpert\",\"description\":\"De expert in evacuatie\",\"potentialAction\":[{\"@type\":\"SearchAction\",\"target\":{\"@type\":\"EntryPoint\",\"urlTemplate\":\"https:\/\/www.evakuierungsstuhl.de\/?s={search_term_string}\"},\"query-input\":{\"@type\":\"PropertyValueSpecification\",\"valueRequired\":true,\"valueName\":\"search_term_string\"}}],\"inLanguage\":\"de\"}]}<\/script>\n<!-- \/ Yoast SEO plugin. -->","yoast_head_json":{"title":"Evakuierungssch\u00fcrze Baby Mover\u00ae Fr\u00fchchen - Evacuation Expert","robots":{"index":"index","follow":"follow","max-snippet":"max-snippet:-1","max-image-preview":"max-image-preview:large","max-video-preview":"max-video-preview:-1"},"canonical":"https:\/\/www.evakuierungsstuhl.de\/de\/produkt\/evakuierungsschurze-baby-mover-fruhchen\/","og_locale":"de_DE","og_type":"article","og_title":"Evacuatieschort Baby Mover\u00ae Prematuur - Evacuatieexpert","og_description":"De BABY MOVER\u00ae is een professioneel evacuatieschort waarmee op een snelle wijze baby\u2019s en kleine kinderen uit gebouwen en gevaarlijke situaties ge\u00ebvacueerd kunnen worden.","og_url":"https:\/\/www.evakuierungsstuhl.de\/de\/produkt\/evakuierungsschurze-baby-mover-fruhchen\/","og_site_name":"Evacuatieexpert","article_modified_time":"2024-06-03T07:51:26+00:00","og_image":[{"width":1706,"height":2560,"url":"https:\/\/www.evakuierungsstuhl.de\/wp-content\/uploads\/2024\/06\/Babymover-Studio-Spoormakers-8.2-scaled-1.jpg","type":"image\/jpeg"}],"twitter_card":"summary_large_image","twitter_misc":{"Gesch\u00e4tzte Lesezeit":"1\u00a0Minute"},"schema":{"@context":"https:\/\/schema.org","@graph":[{"@type":"WebPage","@id":"https:\/\/www.evakuierungsstuhl.de\/product\/evacuatieschort-baby-mover-prematuur\/","url":"https:\/\/www.evakuierungsstuhl.de\/product\/evacuatieschort-baby-mover-prematuur\/","name":"Evakuierungssch\u00fcrze Baby Mover\u00ae Fr\u00fchchen - Evacuation Expert","isPartOf":{"@id":"https:\/\/www.evakuierungsstuhl.de\/#website"},"primaryImageOfPage":{"@id":"https:\/\/www.evakuierungsstuhl.de\/product\/evacuatieschort-baby-mover-prematuur\/#primaryimage"},"image":{"@id":"https:\/\/www.evakuierungsstuhl.de\/product\/evacuatieschort-baby-mover-prematuur\/#primaryimage"},"thumbnailUrl":"https:\/\/www.evakuierungsstuhl.de\/wp-content\/uploads\/2024\/06\/Babymover-Studio-Spoormakers-8.2-scaled-1.jpg","datePublished":"2024-06-03T07:49:42+00:00","dateModified":"2024-06-03T07:51:26+00:00","breadcrumb":{"@id":"https:\/\/www.evakuierungsstuhl.de\/product\/evacuatieschort-baby-mover-prematuur\/#breadcrumb"},"inLanguage":"de","potentialAction":[{"@type":"ReadAction","target":["https:\/\/www.evakuierungsstuhl.de\/product\/evacuatieschort-baby-mover-prematuur\/"]}]},{"@type":"ImageObject","inLanguage":"de","@id":"https:\/\/www.evakuierungsstuhl.de\/product\/evacuatieschort-baby-mover-prematuur\/#primaryimage","url":"https:\/\/www.evakuierungsstuhl.de\/wp-content\/uploads\/2024\/06\/Babymover-Studio-Spoormakers-8.2-scaled-1.jpg","contentUrl":"https:\/\/www.evakuierungsstuhl.de\/wp-content\/uploads\/2024\/06\/Babymover-Studio-Spoormakers-8.2-scaled-1.jpg","width":1706,"height":2560},{"@type":"BreadcrumbList","@id":"https:\/\/www.evakuierungsstuhl.de\/product\/evacuatieschort-baby-mover-prematuur\/#breadcrumb","itemListElement":[{"@type":"ListItem","position":1,"name":"Home","item":"https:\/\/www.evakuierungsstuhl.de\/"},{"@type":"ListItem","position":2,"name":"Winkel","item":"https:\/\/www.evakuierungsstuhl.de\/winkel\/"},{"@type":"ListItem","position":3,"name":"Evacuatieschort Baby Mover\u00ae Prematuur"}]},{"@type":"WebSite","@id":"https:\/\/www.evakuierungsstuhl.de\/#website","url":"https:\/\/www.evakuierungsstuhl.de\/","name":"Experte f\u00fcr Evakuierung","description":"Der Experte f\u00fcr Evakuierung","potentialAction":[{"@type":"SearchAction","target":{"@type":"EntryPoint","urlTemplate":"https:\/\/www.evakuierungsstuhl.de\/?s={search_term_string}"},"query-input":{"@type":"PropertyValueSpecification","valueRequired":true,"valueName":"search_term_string"}}],"inLanguage":"de"}]}},"_links":{"self":[{"href":"https:\/\/www.evakuierungsstuhl.de\/de\/wp-json\/wp\/v2\/product\/894","targetHints":{"allow":["GET"]}}],"collection":[{"href":"https:\/\/www.evakuierungsstuhl.de\/de\/wp-json\/wp\/v2\/product"}],"about":[{"href":"https:\/\/www.evakuierungsstuhl.de\/de\/wp-json\/wp\/v2\/types\/product"}],"replies":[{"embeddable":true,"href":"https:\/\/www.evakuierungsstuhl.de\/de\/wp-json\/wp\/v2\/comments?post=894"}],"version-history":[{"count":0,"href":"https:\/\/www.evakuierungsstuhl.de\/de\/wp-json\/wp\/v2\/product\/894\/revisions"}],"wp:featuredmedia":[{"embeddable":true,"href":"https:\/\/www.evakuierungsstuhl.de\/de\/wp-json\/wp\/v2\/media\/898"}],"wp:attachment":[{"href":"https:\/\/www.evakuierungsstuhl.de\/de\/wp-json\/wp\/v2\/media?parent=894"}],"wp:term":[{"taxonomy":"product_brand","embeddable":true,"href":"https:\/\/www.evakuierungsstuhl.de\/de\/wp-json\/wp\/v2\/product_brand?post=894"},{"taxonomy":"product_cat","embeddable":true,"href":"https:\/\/www.evakuierungsstuhl.de\/de\/wp-json\/wp\/v2\/product_cat?post=894"},{"taxonomy":"product_tag","embeddable":true,"href":"https:\/\/www.evakuierungsstuhl.de\/de\/wp-json\/wp\/v2\/product_tag?post=894"}],"curies":[{"name":"wp","href":"https:\/\/api.w.org\/{rel}","templated":true}]}}