{"id":886,"date":"2024-06-03T07:43:44","date_gmt":"2024-06-03T07:43:44","guid":{"rendered":"https:\/\/www.evakuierungsstuhl.de\/?post_type=product&#038;p=886"},"modified":"2025-03-12T14:28:16","modified_gmt":"2025-03-12T13:28:16","slug":"riemen-mit-fussack-und-bajonetthaken","status":"publish","type":"product","link":"https:\/\/www.evakuierungsstuhl.de\/de\/product\/draagdoek-met-voetenzak-en-bajonet-haak\/","title":{"rendered":"Rettungstuch mit Fu\u00dfsack und Bajonetthaken"},"content":{"rendered":"<p>Ein sehr stabiler Rettungstuch mit Fu\u00dfsack f\u00fcr den schnellen und sicheren Transport von Personen.<\/p>\n<p>Der Bajonetthaken erleichtert das Tragen und l\u00e4sst die H\u00e4nde frei.<\/p>\n<p>Diese Rettungst\u00fccher sind daf\u00fcr gedacht, unbewegliche Personen aus gef\u00e4hrlichen Situationen zu befreien. Sie sind ideal f\u00fcr den Transfer einer Person auf und von einer Trage geeignet. Das Tragetuch hat nicht weniger als 12 verst\u00e4rkte Trageschlaufen. So k\u00f6nnen mehrere Retter schnell das Gleichgewicht finden und die Person transferieren.<\/p>\n<p>Das Gewicht des Opfers wird \u00fcber die gesamte Breite und L\u00e4nge des Rettungstuch verteilt.<\/p>\n<p>Die Schlinge kommt mit Bajonetthaken<\/p>\n<p>Gr\u00f6\u00dfe Rettungstuch: 205\u00d780 cm<br \/>\nGr\u00f6\u00dfe des Fu\u00dfsacks: 40\u00d780 cm<br \/>\nObermaterial: PU-Beschichtung<br \/>\nMaterial des Bodens: 100% Polyester<br \/>\nGewichtsgrenze: 500 kg<br \/>\nWaschanleitung: separat waschen, 60 Grad, bei niedriger Temperatur trocknen, nicht b\u00fcgeln, nicht chemisch reinigen, nicht bleichen.<\/p>","protected":false},"excerpt":{"rendered":"<p>Professioneller Rettungstuch f\u00fcr den schnellen und sicheren Transport von Personen. Ausgestattet mit Fu\u00dfsack und 12 Trageschlaufen.<\/p>","protected":false},"featured_media":890,"comment_status":"closed","ping_status":"closed","template":"","meta":{"_acf_changed":false},"product_brand":[],"product_cat":[27],"product_tag":[],"class_list":{"0":"post-886","1":"product","2":"type-product","3":"status-publish","4":"has-post-thumbnail","6":"product_cat-evacuatiedoeken","8":"first","9":"instock","10":"taxable","11":"shipping-taxable","12":"purchasable","13":"product-type-simple"},"acf":[],"yoast_head":"<!-- This site is optimized with the Yoast SEO plugin v27.2 - https:\/\/yoast.com\/product\/yoast-seo-wordpress\/ -->\n<title>Draagdoek met voetenzak en bajonet haak - Evacuatieexpert<\/title>\n<meta name=\"robots\" content=\"index, follow, max-snippet:-1, max-image-preview:large, max-video-preview:-1\" \/>\n<link rel=\"canonical\" href=\"https:\/\/www.evakuierungsstuhl.de\/de\/produkt\/riemen-mit-fussack-und-bajonetthaken\/\" \/>\n<meta property=\"og:locale\" content=\"de_DE\" \/>\n<meta property=\"og:type\" content=\"article\" \/>\n<meta property=\"og:title\" content=\"Draagdoek met voetenzak en bajonet haak - Evacuatieexpert\" \/>\n<meta property=\"og:description\" content=\"Professioneel draagdoek voor het snel en veilig verplaatsen van personen. Voorzien van voetenzak en 12 draaglussen.\" \/>\n<meta property=\"og:url\" content=\"https:\/\/www.evakuierungsstuhl.de\/de\/produkt\/riemen-mit-fussack-und-bajonetthaken\/\" \/>\n<meta property=\"og:site_name\" content=\"Evacuatieexpert\" \/>\n<meta property=\"article:modified_time\" content=\"2025-03-12T13:28:16+00:00\" \/>\n<meta property=\"og:image\" content=\"https:\/\/www.evakuierungsstuhl.de\/wp-content\/uploads\/2024\/06\/evacuatie-draagdoek-mindermobiel-400x494-1.png\" \/>\n\t<meta property=\"og:image:width\" content=\"400\" \/>\n\t<meta property=\"og:image:height\" content=\"494\" \/>\n\t<meta property=\"og:image:type\" content=\"image\/png\" \/>\n<meta name=\"twitter:card\" content=\"summary_large_image\" \/>\n<meta name=\"twitter:label1\" content=\"Gesch\u00e4tzte Lesezeit\" \/>\n\t<meta name=\"twitter:data1\" content=\"1\u00a0Minute\" \/>\n<script type=\"application\/ld+json\" class=\"yoast-schema-graph\">{\"@context\":\"https:\/\/schema.org\",\"@graph\":[{\"@type\":\"WebPage\",\"@id\":\"https:\/\/www.evakuierungsstuhl.de\/product\/draagdoek-met-voetenzak-en-bajonet-haak\/\",\"url\":\"https:\/\/www.evakuierungsstuhl.de\/product\/draagdoek-met-voetenzak-en-bajonet-haak\/\",\"name\":\"Draagdoek met voetenzak en bajonet haak - Evacuatieexpert\",\"isPartOf\":{\"@id\":\"https:\/\/www.evakuierungsstuhl.de\/#website\"},\"primaryImageOfPage\":{\"@id\":\"https:\/\/www.evakuierungsstuhl.de\/product\/draagdoek-met-voetenzak-en-bajonet-haak\/#primaryimage\"},\"image\":{\"@id\":\"https:\/\/www.evakuierungsstuhl.de\/product\/draagdoek-met-voetenzak-en-bajonet-haak\/#primaryimage\"},\"thumbnailUrl\":\"https:\/\/www.evakuierungsstuhl.de\/wp-content\/uploads\/2024\/06\/evacuatie-draagdoek-mindermobiel-400x494-1.png\",\"datePublished\":\"2024-06-03T07:43:44+00:00\",\"dateModified\":\"2025-03-12T13:28:16+00:00\",\"breadcrumb\":{\"@id\":\"https:\/\/www.evakuierungsstuhl.de\/product\/draagdoek-met-voetenzak-en-bajonet-haak\/#breadcrumb\"},\"inLanguage\":\"de\",\"potentialAction\":[{\"@type\":\"ReadAction\",\"target\":[\"https:\/\/www.evakuierungsstuhl.de\/product\/draagdoek-met-voetenzak-en-bajonet-haak\/\"]}]},{\"@type\":\"ImageObject\",\"inLanguage\":\"de\",\"@id\":\"https:\/\/www.evakuierungsstuhl.de\/product\/draagdoek-met-voetenzak-en-bajonet-haak\/#primaryimage\",\"url\":\"https:\/\/www.evakuierungsstuhl.de\/wp-content\/uploads\/2024\/06\/evacuatie-draagdoek-mindermobiel-400x494-1.png\",\"contentUrl\":\"https:\/\/www.evakuierungsstuhl.de\/wp-content\/uploads\/2024\/06\/evacuatie-draagdoek-mindermobiel-400x494-1.png\",\"width\":400,\"height\":494},{\"@type\":\"BreadcrumbList\",\"@id\":\"https:\/\/www.evakuierungsstuhl.de\/product\/draagdoek-met-voetenzak-en-bajonet-haak\/#breadcrumb\",\"itemListElement\":[{\"@type\":\"ListItem\",\"position\":1,\"name\":\"Home\",\"item\":\"https:\/\/www.evakuierungsstuhl.de\/\"},{\"@type\":\"ListItem\",\"position\":2,\"name\":\"Winkel\",\"item\":\"https:\/\/www.evakuierungsstuhl.de\/winkel\/\"},{\"@type\":\"ListItem\",\"position\":3,\"name\":\"Draagdoek met voetenzak en bajonet haak\"}]},{\"@type\":\"WebSite\",\"@id\":\"https:\/\/www.evakuierungsstuhl.de\/#website\",\"url\":\"https:\/\/www.evakuierungsstuhl.de\/\",\"name\":\"Evacuatieexpert\",\"description\":\"De expert in evacuatie\",\"potentialAction\":[{\"@type\":\"SearchAction\",\"target\":{\"@type\":\"EntryPoint\",\"urlTemplate\":\"https:\/\/www.evakuierungsstuhl.de\/?s={search_term_string}\"},\"query-input\":{\"@type\":\"PropertyValueSpecification\",\"valueRequired\":true,\"valueName\":\"search_term_string\"}}],\"inLanguage\":\"de\"}]}<\/script>\n<!-- \/ Yoast SEO plugin. -->","yoast_head_json":{"title":"Hebegurt mit Fu\u00dftasche und Bajonetthaken - Evacuation Expert","robots":{"index":"index","follow":"follow","max-snippet":"max-snippet:-1","max-image-preview":"max-image-preview:large","max-video-preview":"max-video-preview:-1"},"canonical":"https:\/\/www.evakuierungsstuhl.de\/de\/produkt\/riemen-mit-fussack-und-bajonetthaken\/","og_locale":"de_DE","og_type":"article","og_title":"Draagdoek met voetenzak en bajonet haak - Evacuatieexpert","og_description":"Professioneel draagdoek voor het snel en veilig verplaatsen van personen. Voorzien van voetenzak en 12 draaglussen.","og_url":"https:\/\/www.evakuierungsstuhl.de\/de\/produkt\/riemen-mit-fussack-und-bajonetthaken\/","og_site_name":"Evacuatieexpert","article_modified_time":"2025-03-12T13:28:16+00:00","og_image":[{"width":400,"height":494,"url":"https:\/\/www.evakuierungsstuhl.de\/wp-content\/uploads\/2024\/06\/evacuatie-draagdoek-mindermobiel-400x494-1.png","type":"image\/png"}],"twitter_card":"summary_large_image","twitter_misc":{"Gesch\u00e4tzte Lesezeit":"1\u00a0Minute"},"schema":{"@context":"https:\/\/schema.org","@graph":[{"@type":"WebPage","@id":"https:\/\/www.evakuierungsstuhl.de\/product\/draagdoek-met-voetenzak-en-bajonet-haak\/","url":"https:\/\/www.evakuierungsstuhl.de\/product\/draagdoek-met-voetenzak-en-bajonet-haak\/","name":"Hebegurt mit Fu\u00dftasche und Bajonetthaken - Evacuation Expert","isPartOf":{"@id":"https:\/\/www.evakuierungsstuhl.de\/#website"},"primaryImageOfPage":{"@id":"https:\/\/www.evakuierungsstuhl.de\/product\/draagdoek-met-voetenzak-en-bajonet-haak\/#primaryimage"},"image":{"@id":"https:\/\/www.evakuierungsstuhl.de\/product\/draagdoek-met-voetenzak-en-bajonet-haak\/#primaryimage"},"thumbnailUrl":"https:\/\/www.evakuierungsstuhl.de\/wp-content\/uploads\/2024\/06\/evacuatie-draagdoek-mindermobiel-400x494-1.png","datePublished":"2024-06-03T07:43:44+00:00","dateModified":"2025-03-12T13:28:16+00:00","breadcrumb":{"@id":"https:\/\/www.evakuierungsstuhl.de\/product\/draagdoek-met-voetenzak-en-bajonet-haak\/#breadcrumb"},"inLanguage":"de","potentialAction":[{"@type":"ReadAction","target":["https:\/\/www.evakuierungsstuhl.de\/product\/draagdoek-met-voetenzak-en-bajonet-haak\/"]}]},{"@type":"ImageObject","inLanguage":"de","@id":"https:\/\/www.evakuierungsstuhl.de\/product\/draagdoek-met-voetenzak-en-bajonet-haak\/#primaryimage","url":"https:\/\/www.evakuierungsstuhl.de\/wp-content\/uploads\/2024\/06\/evacuatie-draagdoek-mindermobiel-400x494-1.png","contentUrl":"https:\/\/www.evakuierungsstuhl.de\/wp-content\/uploads\/2024\/06\/evacuatie-draagdoek-mindermobiel-400x494-1.png","width":400,"height":494},{"@type":"BreadcrumbList","@id":"https:\/\/www.evakuierungsstuhl.de\/product\/draagdoek-met-voetenzak-en-bajonet-haak\/#breadcrumb","itemListElement":[{"@type":"ListItem","position":1,"name":"Home","item":"https:\/\/www.evakuierungsstuhl.de\/"},{"@type":"ListItem","position":2,"name":"Winkel","item":"https:\/\/www.evakuierungsstuhl.de\/winkel\/"},{"@type":"ListItem","position":3,"name":"Draagdoek met voetenzak en bajonet haak"}]},{"@type":"WebSite","@id":"https:\/\/www.evakuierungsstuhl.de\/#website","url":"https:\/\/www.evakuierungsstuhl.de\/","name":"Experte f\u00fcr Evakuierung","description":"Der Experte f\u00fcr Evakuierung","potentialAction":[{"@type":"SearchAction","target":{"@type":"EntryPoint","urlTemplate":"https:\/\/www.evakuierungsstuhl.de\/?s={search_term_string}"},"query-input":{"@type":"PropertyValueSpecification","valueRequired":true,"valueName":"search_term_string"}}],"inLanguage":"de"}]}},"_links":{"self":[{"href":"https:\/\/www.evakuierungsstuhl.de\/de\/wp-json\/wp\/v2\/product\/886","targetHints":{"allow":["GET"]}}],"collection":[{"href":"https:\/\/www.evakuierungsstuhl.de\/de\/wp-json\/wp\/v2\/product"}],"about":[{"href":"https:\/\/www.evakuierungsstuhl.de\/de\/wp-json\/wp\/v2\/types\/product"}],"replies":[{"embeddable":true,"href":"https:\/\/www.evakuierungsstuhl.de\/de\/wp-json\/wp\/v2\/comments?post=886"}],"version-history":[{"count":1,"href":"https:\/\/www.evakuierungsstuhl.de\/de\/wp-json\/wp\/v2\/product\/886\/revisions"}],"predecessor-version":[{"id":1651,"href":"https:\/\/www.evakuierungsstuhl.de\/de\/wp-json\/wp\/v2\/product\/886\/revisions\/1651"}],"wp:featuredmedia":[{"embeddable":true,"href":"https:\/\/www.evakuierungsstuhl.de\/de\/wp-json\/wp\/v2\/media\/890"}],"wp:attachment":[{"href":"https:\/\/www.evakuierungsstuhl.de\/de\/wp-json\/wp\/v2\/media?parent=886"}],"wp:term":[{"taxonomy":"product_brand","embeddable":true,"href":"https:\/\/www.evakuierungsstuhl.de\/de\/wp-json\/wp\/v2\/product_brand?post=886"},{"taxonomy":"product_cat","embeddable":true,"href":"https:\/\/www.evakuierungsstuhl.de\/de\/wp-json\/wp\/v2\/product_cat?post=886"},{"taxonomy":"product_tag","embeddable":true,"href":"https:\/\/www.evakuierungsstuhl.de\/de\/wp-json\/wp\/v2\/product_tag?post=886"}],"curies":[{"name":"wp","href":"https:\/\/api.w.org\/{rel}","templated":true}]}}