{"id":877,"date":"2024-06-03T07:39:49","date_gmt":"2024-06-03T07:39:49","guid":{"rendered":"https:\/\/www.evakuierungsstuhl.de\/?post_type=product&#038;p=877"},"modified":"2026-04-17T09:05:30","modified_gmt":"2026-04-17T08:05:30","slug":"stairplus-160-pt-treppensteiger","status":"publish","type":"product","link":"https:\/\/www.evakuierungsstuhl.de\/de\/product\/stairplus-160-pt-trappenklimmer\/","title":{"rendered":"Stairplus 160 PT Treppensteigger\u00e4t"},"content":{"rendered":"<p>Stairplus 160 PT Treppensteigger\u00e4t f\u00fcr Personen.<\/p>\n<p>Elektrisch betriebener Treppenl\u00e4ufer - Transportstuhl zum schnellen und sicheren Transport von Personen \u00fcber Treppen. Nicht nur in Notf\u00e4llen, sondern z. B. auch bei Ausfall des Aufzugs, bei Stromausfall, an Orten, wo es keinen Aufzug gibt.<\/p>\n<p>Nach dem Entfalten steht dieser Treppensteiger direkt auf 4 R\u00e4dern, was ein schnelles und sicheres Einsteigen erm\u00f6glicht. Der Bediener hat somit die H\u00e4nde frei, um der Person beim Ein- und Aussteigen zu helfen.<\/p>\n<p>Mit Hilfe des Schrittgurtes wird die Person sicher transportiert.<\/p>\n<p>Die gro\u00dfen Hinterr\u00e4der und die gefederten Vorderr\u00e4der erm\u00f6glichen es, problemlos von der Treppe direkt z.B. zum Auto zu gelangen.<\/p>\n<p>Die Stairplus 160 PT verf\u00fcgt \u00fcber ein sehr deutliches und \u00fcbersichtliches Bedienfeld.<\/p>\n<p>Die aktualisierte Anzeige zeigt an, wie weit der Akku gef\u00fcllt ist. Die Geschwindigkeit des Treppensteigers ist in 3 verschiedenen Modi leicht einstellbar.<\/p>\n<p>Mittels 2 Schienen f\u00e4hrt der LG EVACU PLUS EL ohne Bedienereinsatz die Treppe ab und hoch. die Geschwindigkeit betr\u00e4gt maximal 45 Stufen pro Minute. die zu transportierende Person wird mittels des Sicherheitsgurtes sicher im Sitz fixiert. Nach Bedarf verf\u00fcgt auch die Kopfst\u00fctze \u00fcber ein Fixierband.<\/p>\n<p>Passt in jeden Evakuierungsplan.<br \/>\nEinsetzbar in Sekunden.<br \/>\nEinfache Bedienung.<br \/>\nGro\u00dfe Transportr\u00e4der.<br \/>\nBequemer Sitz und Kopfst\u00fctze.<br \/>\nF\u00fcr jede Art von Treppe. Beton, Stahl, Holz usw.<br \/>\nTragf\u00e4higkeit bis zu 160 KG.<br \/>\nTreppen rauf und runter.<br \/>\n45 Schritte pro Minute (leicht einstellbare Geschwindigkeit)<br \/>\nBeleuchtung f\u00fcr Treppen<br \/>\nMithilfe der Raupenb\u00e4nder an der Unterseite und des \u00fcbersichtlichen Bedienfelds hat der Bediener einfach die Kontrolle \u00fcber die Geschwindigkeit, mit der Sie die Treppe hinunterfahren.<\/p>\n<p>Mit der Stairplus 160 PT k\u00f6nnen Sie jede Person schnell und sicher an einen sicheren Ort transportieren.<\/p>","protected":false},"excerpt":{"rendered":"<p>Leicht zu bedienender Treppensteiger\/Evakuierungsstuhl. Robuste Konstruktion. Keine Montage im Geb\u00e4ude erforderlich. \u00c4u\u00dferst flexibel in der Anwendung.<\/p>","protected":false},"featured_media":878,"comment_status":"closed","ping_status":"closed","template":"","meta":{"_acf_changed":false},"product_brand":[],"product_cat":[26],"product_tag":[],"class_list":{"0":"post-877","1":"product","2":"type-product","3":"status-publish","4":"has-post-thumbnail","6":"product_cat-trapklimmers","8":"first","9":"onbackorder","10":"taxable","11":"shipping-taxable","12":"purchasable","13":"product-type-simple"},"acf":[],"yoast_head":"<!-- This site is optimized with the Yoast SEO plugin v27.2 - https:\/\/yoast.com\/product\/yoast-seo-wordpress\/ -->\n<title>Stairplus 160 PT trappenklimmer - Evacuatieexpert<\/title>\n<meta name=\"robots\" content=\"index, follow, max-snippet:-1, max-image-preview:large, max-video-preview:-1\" \/>\n<link rel=\"canonical\" href=\"https:\/\/www.evakuierungsstuhl.de\/de\/produkt\/stairplus-160-pt-treppensteiger\/\" \/>\n<meta property=\"og:locale\" content=\"de_DE\" \/>\n<meta property=\"og:type\" content=\"article\" \/>\n<meta property=\"og:title\" content=\"Stairplus 160 PT trappenklimmer - Evacuatieexpert\" \/>\n<meta property=\"og:description\" content=\"Eenvoudig te bedienen trappenklimmer\/evacuatiestoel. Robuuste uitvoering. Geen montage in gebouw nodig. Zeer flexibel inzetbaar.\" \/>\n<meta property=\"og:url\" content=\"https:\/\/www.evakuierungsstuhl.de\/de\/produkt\/stairplus-160-pt-treppensteiger\/\" \/>\n<meta property=\"og:site_name\" content=\"Evacuatieexpert\" \/>\n<meta property=\"article:modified_time\" content=\"2026-04-17T08:05:30+00:00\" \/>\n<meta property=\"og:image\" content=\"https:\/\/www.evakuierungsstuhl.de\/wp-content\/uploads\/2024\/06\/20190509140308-scaled.jpg\" \/>\n\t<meta property=\"og:image:width\" content=\"2560\" \/>\n\t<meta property=\"og:image:height\" content=\"2560\" \/>\n\t<meta property=\"og:image:type\" content=\"image\/jpeg\" \/>\n<meta name=\"twitter:card\" content=\"summary_large_image\" \/>\n<meta name=\"twitter:label1\" content=\"Gesch\u00e4tzte Lesezeit\" \/>\n\t<meta name=\"twitter:data1\" content=\"2\u00a0Minuten\" \/>\n<script type=\"application\/ld+json\" class=\"yoast-schema-graph\">{\"@context\":\"https:\/\/schema.org\",\"@graph\":[{\"@type\":\"WebPage\",\"@id\":\"https:\/\/www.evakuierungsstuhl.de\/product\/stairplus-160-pt-trappenklimmer\/\",\"url\":\"https:\/\/www.evakuierungsstuhl.de\/product\/stairplus-160-pt-trappenklimmer\/\",\"name\":\"Stairplus 160 PT trappenklimmer - Evacuatieexpert\",\"isPartOf\":{\"@id\":\"https:\/\/www.evakuierungsstuhl.de\/#website\"},\"primaryImageOfPage\":{\"@id\":\"https:\/\/www.evakuierungsstuhl.de\/product\/stairplus-160-pt-trappenklimmer\/#primaryimage\"},\"image\":{\"@id\":\"https:\/\/www.evakuierungsstuhl.de\/product\/stairplus-160-pt-trappenklimmer\/#primaryimage\"},\"thumbnailUrl\":\"https:\/\/www.evakuierungsstuhl.de\/wp-content\/uploads\/2024\/06\/20190509140308-scaled.jpg\",\"datePublished\":\"2024-06-03T07:39:49+00:00\",\"dateModified\":\"2026-04-17T08:05:30+00:00\",\"breadcrumb\":{\"@id\":\"https:\/\/www.evakuierungsstuhl.de\/product\/stairplus-160-pt-trappenklimmer\/#breadcrumb\"},\"inLanguage\":\"de\",\"potentialAction\":[{\"@type\":\"ReadAction\",\"target\":[\"https:\/\/www.evakuierungsstuhl.de\/product\/stairplus-160-pt-trappenklimmer\/\"]}]},{\"@type\":\"ImageObject\",\"inLanguage\":\"de\",\"@id\":\"https:\/\/www.evakuierungsstuhl.de\/product\/stairplus-160-pt-trappenklimmer\/#primaryimage\",\"url\":\"https:\/\/www.evakuierungsstuhl.de\/wp-content\/uploads\/2024\/06\/20190509140308-scaled.jpg\",\"contentUrl\":\"https:\/\/www.evakuierungsstuhl.de\/wp-content\/uploads\/2024\/06\/20190509140308-scaled.jpg\",\"width\":2560,\"height\":2560},{\"@type\":\"BreadcrumbList\",\"@id\":\"https:\/\/www.evakuierungsstuhl.de\/product\/stairplus-160-pt-trappenklimmer\/#breadcrumb\",\"itemListElement\":[{\"@type\":\"ListItem\",\"position\":1,\"name\":\"Home\",\"item\":\"https:\/\/www.evakuierungsstuhl.de\/\"},{\"@type\":\"ListItem\",\"position\":2,\"name\":\"Winkel\",\"item\":\"https:\/\/www.evakuierungsstuhl.de\/winkel\/\"},{\"@type\":\"ListItem\",\"position\":3,\"name\":\"Stairplus 160 PT trappenklimmer\"}]},{\"@type\":\"WebSite\",\"@id\":\"https:\/\/www.evakuierungsstuhl.de\/#website\",\"url\":\"https:\/\/www.evakuierungsstuhl.de\/\",\"name\":\"Evacuatieexpert\",\"description\":\"De expert in evacuatie\",\"potentialAction\":[{\"@type\":\"SearchAction\",\"target\":{\"@type\":\"EntryPoint\",\"urlTemplate\":\"https:\/\/www.evakuierungsstuhl.de\/?s={search_term_string}\"},\"query-input\":{\"@type\":\"PropertyValueSpecification\",\"valueRequired\":true,\"valueName\":\"search_term_string\"}}],\"inLanguage\":\"de\"}]}<\/script>\n<!-- \/ Yoast SEO plugin. -->","yoast_head_json":{"title":"Stairplus 160 PT Treppensteiger - Evacuation Expert","robots":{"index":"index","follow":"follow","max-snippet":"max-snippet:-1","max-image-preview":"max-image-preview:large","max-video-preview":"max-video-preview:-1"},"canonical":"https:\/\/www.evakuierungsstuhl.de\/de\/produkt\/stairplus-160-pt-treppensteiger\/","og_locale":"de_DE","og_type":"article","og_title":"Stairplus 160 PT trappenklimmer - Evacuatieexpert","og_description":"Eenvoudig te bedienen trappenklimmer\/evacuatiestoel. Robuuste uitvoering. Geen montage in gebouw nodig. Zeer flexibel inzetbaar.","og_url":"https:\/\/www.evakuierungsstuhl.de\/de\/produkt\/stairplus-160-pt-treppensteiger\/","og_site_name":"Evacuatieexpert","article_modified_time":"2026-04-17T08:05:30+00:00","og_image":[{"width":2560,"height":2560,"url":"https:\/\/www.evakuierungsstuhl.de\/wp-content\/uploads\/2024\/06\/20190509140308-scaled.jpg","type":"image\/jpeg"}],"twitter_card":"summary_large_image","twitter_misc":{"Gesch\u00e4tzte Lesezeit":"2\u00a0Minuten"},"schema":{"@context":"https:\/\/schema.org","@graph":[{"@type":"WebPage","@id":"https:\/\/www.evakuierungsstuhl.de\/product\/stairplus-160-pt-trappenklimmer\/","url":"https:\/\/www.evakuierungsstuhl.de\/product\/stairplus-160-pt-trappenklimmer\/","name":"Stairplus 160 PT Treppensteiger - Evacuation Expert","isPartOf":{"@id":"https:\/\/www.evakuierungsstuhl.de\/#website"},"primaryImageOfPage":{"@id":"https:\/\/www.evakuierungsstuhl.de\/product\/stairplus-160-pt-trappenklimmer\/#primaryimage"},"image":{"@id":"https:\/\/www.evakuierungsstuhl.de\/product\/stairplus-160-pt-trappenklimmer\/#primaryimage"},"thumbnailUrl":"https:\/\/www.evakuierungsstuhl.de\/wp-content\/uploads\/2024\/06\/20190509140308-scaled.jpg","datePublished":"2024-06-03T07:39:49+00:00","dateModified":"2026-04-17T08:05:30+00:00","breadcrumb":{"@id":"https:\/\/www.evakuierungsstuhl.de\/product\/stairplus-160-pt-trappenklimmer\/#breadcrumb"},"inLanguage":"de","potentialAction":[{"@type":"ReadAction","target":["https:\/\/www.evakuierungsstuhl.de\/product\/stairplus-160-pt-trappenklimmer\/"]}]},{"@type":"ImageObject","inLanguage":"de","@id":"https:\/\/www.evakuierungsstuhl.de\/product\/stairplus-160-pt-trappenklimmer\/#primaryimage","url":"https:\/\/www.evakuierungsstuhl.de\/wp-content\/uploads\/2024\/06\/20190509140308-scaled.jpg","contentUrl":"https:\/\/www.evakuierungsstuhl.de\/wp-content\/uploads\/2024\/06\/20190509140308-scaled.jpg","width":2560,"height":2560},{"@type":"BreadcrumbList","@id":"https:\/\/www.evakuierungsstuhl.de\/product\/stairplus-160-pt-trappenklimmer\/#breadcrumb","itemListElement":[{"@type":"ListItem","position":1,"name":"Home","item":"https:\/\/www.evakuierungsstuhl.de\/"},{"@type":"ListItem","position":2,"name":"Winkel","item":"https:\/\/www.evakuierungsstuhl.de\/winkel\/"},{"@type":"ListItem","position":3,"name":"Stairplus 160 PT trappenklimmer"}]},{"@type":"WebSite","@id":"https:\/\/www.evakuierungsstuhl.de\/#website","url":"https:\/\/www.evakuierungsstuhl.de\/","name":"Experte f\u00fcr Evakuierung","description":"Der Experte f\u00fcr Evakuierung","potentialAction":[{"@type":"SearchAction","target":{"@type":"EntryPoint","urlTemplate":"https:\/\/www.evakuierungsstuhl.de\/?s={search_term_string}"},"query-input":{"@type":"PropertyValueSpecification","valueRequired":true,"valueName":"search_term_string"}}],"inLanguage":"de"}]}},"_links":{"self":[{"href":"https:\/\/www.evakuierungsstuhl.de\/de\/wp-json\/wp\/v2\/product\/877","targetHints":{"allow":["GET"]}}],"collection":[{"href":"https:\/\/www.evakuierungsstuhl.de\/de\/wp-json\/wp\/v2\/product"}],"about":[{"href":"https:\/\/www.evakuierungsstuhl.de\/de\/wp-json\/wp\/v2\/types\/product"}],"replies":[{"embeddable":true,"href":"https:\/\/www.evakuierungsstuhl.de\/de\/wp-json\/wp\/v2\/comments?post=877"}],"version-history":[{"count":1,"href":"https:\/\/www.evakuierungsstuhl.de\/de\/wp-json\/wp\/v2\/product\/877\/revisions"}],"predecessor-version":[{"id":1489,"href":"https:\/\/www.evakuierungsstuhl.de\/de\/wp-json\/wp\/v2\/product\/877\/revisions\/1489"}],"wp:featuredmedia":[{"embeddable":true,"href":"https:\/\/www.evakuierungsstuhl.de\/de\/wp-json\/wp\/v2\/media\/878"}],"wp:attachment":[{"href":"https:\/\/www.evakuierungsstuhl.de\/de\/wp-json\/wp\/v2\/media?parent=877"}],"wp:term":[{"taxonomy":"product_brand","embeddable":true,"href":"https:\/\/www.evakuierungsstuhl.de\/de\/wp-json\/wp\/v2\/product_brand?post=877"},{"taxonomy":"product_cat","embeddable":true,"href":"https:\/\/www.evakuierungsstuhl.de\/de\/wp-json\/wp\/v2\/product_cat?post=877"},{"taxonomy":"product_tag","embeddable":true,"href":"https:\/\/www.evakuierungsstuhl.de\/de\/wp-json\/wp\/v2\/product_tag?post=877"}],"curies":[{"name":"wp","href":"https:\/\/api.w.org\/{rel}","templated":true}]}}