{"id":870,"date":"2024-06-03T07:33:18","date_gmt":"2024-06-03T07:33:18","guid":{"rendered":"https:\/\/www.evakuierungsstuhl.de\/?post_type=product&#038;p=870"},"modified":"2024-06-03T07:39:11","modified_gmt":"2024-06-03T07:39:11","slug":"stairplus-160","status":"publish","type":"product","link":"https:\/\/www.evakuierungsstuhl.de\/de\/product\/stairplus-160\/","title":{"rendered":"Stairplus160"},"content":{"rendered":"<p>Treppenkletterer f\u00fcr Waren.<\/p>\n<p>Batteriebetriebener Treppensteiger f\u00fcr den Transport von G\u00fctern \u00fcber Treppen.<\/p>\n<p>Dieser Treppensteiger ist sehr einfach zu bedienen.<\/p>\n<p>Ein Umzug? Schwere M\u00f6bel? Lieferung von Haushaltsger\u00e4ten? F\u00fcr all diese Aufgaben ist Stairplus der zuverl\u00e4ssige Partner.<\/p>\n<p>Solide Konstruktion.<br \/>\nEinfache Bedienung.<br \/>\nF\u00fcr jede Art von Treppe. Beton, Stahl, Holz usw.<br \/>\nBesonders bei geraden Treppen.<br \/>\nTragf\u00e4higkeit bis zu 160 KG.<br \/>\n1200 bis 1800 Schritte.<br \/>\nEinstellbare Geschwindigkeit.<br \/>\n19 bis 38 Schritte pro Minute.<br \/>\nTreppen rauf und runter.<br \/>\nAusgestattet mit Schienen f\u00fcr sto\u00dffreien Transport.<br \/>\nZusammenklappbar f\u00fcr den Transport im Auto, Bus oder LKW.<br \/>\nEinsetzbar in Sekunden.<br \/>\nNat\u00fcrlich mit CE ausgestattet.<br \/>\nDas Beste f\u00fcr Ihr Personal.<\/p>","protected":false},"excerpt":{"rendered":"<p>Sterke en compacte trapklimmer voor goederen. Ideaal voor verhuizers, bezorgers en intern transport.<\/p>\n<p>Door de lengte van de rupsbanden rijdt de klimmer soepel en zonder grote schokken over de trap omhoog.<\/p>\n<p>Witgoed, verhuizing, intern transport.<\/p>","protected":false},"featured_media":871,"comment_status":"closed","ping_status":"closed","template":"","meta":{"_acf_changed":false},"product_brand":[],"product_cat":[26],"product_tag":[],"class_list":{"0":"post-870","1":"product","2":"type-product","3":"status-publish","4":"has-post-thumbnail","6":"product_cat-trapklimmers","8":"first","9":"instock","10":"taxable","11":"shipping-taxable","12":"purchasable","13":"product-type-simple"},"acf":[],"yoast_head":"<!-- This site is optimized with the Yoast SEO plugin v27.2 - https:\/\/yoast.com\/product\/yoast-seo-wordpress\/ -->\n<title>Stairplus 160 - Evacuatieexpert<\/title>\n<meta name=\"robots\" content=\"index, follow, max-snippet:-1, max-image-preview:large, max-video-preview:-1\" \/>\n<link rel=\"canonical\" href=\"https:\/\/www.evakuierungsstuhl.de\/de\/produkt\/stairplus-160\/\" \/>\n<meta property=\"og:locale\" content=\"de_DE\" \/>\n<meta property=\"og:type\" content=\"article\" \/>\n<meta property=\"og:title\" content=\"Stairplus 160 - Evacuatieexpert\" \/>\n<meta property=\"og:description\" content=\"Sterke en compacte trapklimmer voor goederen. Ideaal voor verhuizers, bezorgers en intern transport.  Door de lengte van de rupsbanden rijdt de klimmer soepel en zonder grote schokken over de trap omhoog.  Witgoed, verhuizing, intern transport.\" \/>\n<meta property=\"og:url\" content=\"https:\/\/www.evakuierungsstuhl.de\/de\/produkt\/stairplus-160\/\" \/>\n<meta property=\"og:site_name\" content=\"Evacuatieexpert\" \/>\n<meta property=\"article:modified_time\" content=\"2024-06-03T07:39:11+00:00\" \/>\n<meta property=\"og:image\" content=\"https:\/\/www.evakuierungsstuhl.de\/wp-content\/uploads\/2024\/06\/admin-ajax.jpeg\" \/>\n\t<meta property=\"og:image:width\" content=\"267\" \/>\n\t<meta property=\"og:image:height\" content=\"400\" \/>\n\t<meta property=\"og:image:type\" content=\"image\/jpeg\" \/>\n<meta name=\"twitter:card\" content=\"summary_large_image\" \/>\n<script type=\"application\/ld+json\" class=\"yoast-schema-graph\">{\"@context\":\"https:\/\/schema.org\",\"@graph\":[{\"@type\":\"WebPage\",\"@id\":\"https:\/\/www.evakuierungsstuhl.de\/product\/stairplus-160\/\",\"url\":\"https:\/\/www.evakuierungsstuhl.de\/product\/stairplus-160\/\",\"name\":\"Stairplus 160 - Evacuatieexpert\",\"isPartOf\":{\"@id\":\"https:\/\/www.evakuierungsstuhl.de\/#website\"},\"primaryImageOfPage\":{\"@id\":\"https:\/\/www.evakuierungsstuhl.de\/product\/stairplus-160\/#primaryimage\"},\"image\":{\"@id\":\"https:\/\/www.evakuierungsstuhl.de\/product\/stairplus-160\/#primaryimage\"},\"thumbnailUrl\":\"https:\/\/www.evakuierungsstuhl.de\/wp-content\/uploads\/2024\/06\/admin-ajax.jpeg\",\"datePublished\":\"2024-06-03T07:33:18+00:00\",\"dateModified\":\"2024-06-03T07:39:11+00:00\",\"breadcrumb\":{\"@id\":\"https:\/\/www.evakuierungsstuhl.de\/product\/stairplus-160\/#breadcrumb\"},\"inLanguage\":\"de\",\"potentialAction\":[{\"@type\":\"ReadAction\",\"target\":[\"https:\/\/www.evakuierungsstuhl.de\/product\/stairplus-160\/\"]}]},{\"@type\":\"ImageObject\",\"inLanguage\":\"de\",\"@id\":\"https:\/\/www.evakuierungsstuhl.de\/product\/stairplus-160\/#primaryimage\",\"url\":\"https:\/\/www.evakuierungsstuhl.de\/wp-content\/uploads\/2024\/06\/admin-ajax.jpeg\",\"contentUrl\":\"https:\/\/www.evakuierungsstuhl.de\/wp-content\/uploads\/2024\/06\/admin-ajax.jpeg\",\"width\":267,\"height\":400},{\"@type\":\"BreadcrumbList\",\"@id\":\"https:\/\/www.evakuierungsstuhl.de\/product\/stairplus-160\/#breadcrumb\",\"itemListElement\":[{\"@type\":\"ListItem\",\"position\":1,\"name\":\"Home\",\"item\":\"https:\/\/www.evakuierungsstuhl.de\/\"},{\"@type\":\"ListItem\",\"position\":2,\"name\":\"Winkel\",\"item\":\"https:\/\/www.evakuierungsstuhl.de\/winkel\/\"},{\"@type\":\"ListItem\",\"position\":3,\"name\":\"Stairplus 160\"}]},{\"@type\":\"WebSite\",\"@id\":\"https:\/\/www.evakuierungsstuhl.de\/#website\",\"url\":\"https:\/\/www.evakuierungsstuhl.de\/\",\"name\":\"Evacuatieexpert\",\"description\":\"De expert in evacuatie\",\"potentialAction\":[{\"@type\":\"SearchAction\",\"target\":{\"@type\":\"EntryPoint\",\"urlTemplate\":\"https:\/\/www.evakuierungsstuhl.de\/?s={search_term_string}\"},\"query-input\":{\"@type\":\"PropertyValueSpecification\",\"valueRequired\":true,\"valueName\":\"search_term_string\"}}],\"inLanguage\":\"de\"}]}<\/script>\n<!-- \/ Yoast SEO plugin. -->","yoast_head_json":{"title":"Stairplus 160 - Experte f\u00fcr Evakuierung","robots":{"index":"index","follow":"follow","max-snippet":"max-snippet:-1","max-image-preview":"max-image-preview:large","max-video-preview":"max-video-preview:-1"},"canonical":"https:\/\/www.evakuierungsstuhl.de\/de\/produkt\/stairplus-160\/","og_locale":"de_DE","og_type":"article","og_title":"Stairplus 160 - Evacuatieexpert","og_description":"Sterke en compacte trapklimmer voor goederen. Ideaal voor verhuizers, bezorgers en intern transport.  Door de lengte van de rupsbanden rijdt de klimmer soepel en zonder grote schokken over de trap omhoog.  Witgoed, verhuizing, intern transport.","og_url":"https:\/\/www.evakuierungsstuhl.de\/de\/produkt\/stairplus-160\/","og_site_name":"Evacuatieexpert","article_modified_time":"2024-06-03T07:39:11+00:00","og_image":[{"width":267,"height":400,"url":"https:\/\/www.evakuierungsstuhl.de\/wp-content\/uploads\/2024\/06\/admin-ajax.jpeg","type":"image\/jpeg"}],"twitter_card":"summary_large_image","schema":{"@context":"https:\/\/schema.org","@graph":[{"@type":"WebPage","@id":"https:\/\/www.evakuierungsstuhl.de\/product\/stairplus-160\/","url":"https:\/\/www.evakuierungsstuhl.de\/product\/stairplus-160\/","name":"Stairplus 160 - Experte f\u00fcr Evakuierung","isPartOf":{"@id":"https:\/\/www.evakuierungsstuhl.de\/#website"},"primaryImageOfPage":{"@id":"https:\/\/www.evakuierungsstuhl.de\/product\/stairplus-160\/#primaryimage"},"image":{"@id":"https:\/\/www.evakuierungsstuhl.de\/product\/stairplus-160\/#primaryimage"},"thumbnailUrl":"https:\/\/www.evakuierungsstuhl.de\/wp-content\/uploads\/2024\/06\/admin-ajax.jpeg","datePublished":"2024-06-03T07:33:18+00:00","dateModified":"2024-06-03T07:39:11+00:00","breadcrumb":{"@id":"https:\/\/www.evakuierungsstuhl.de\/product\/stairplus-160\/#breadcrumb"},"inLanguage":"de","potentialAction":[{"@type":"ReadAction","target":["https:\/\/www.evakuierungsstuhl.de\/product\/stairplus-160\/"]}]},{"@type":"ImageObject","inLanguage":"de","@id":"https:\/\/www.evakuierungsstuhl.de\/product\/stairplus-160\/#primaryimage","url":"https:\/\/www.evakuierungsstuhl.de\/wp-content\/uploads\/2024\/06\/admin-ajax.jpeg","contentUrl":"https:\/\/www.evakuierungsstuhl.de\/wp-content\/uploads\/2024\/06\/admin-ajax.jpeg","width":267,"height":400},{"@type":"BreadcrumbList","@id":"https:\/\/www.evakuierungsstuhl.de\/product\/stairplus-160\/#breadcrumb","itemListElement":[{"@type":"ListItem","position":1,"name":"Home","item":"https:\/\/www.evakuierungsstuhl.de\/"},{"@type":"ListItem","position":2,"name":"Winkel","item":"https:\/\/www.evakuierungsstuhl.de\/winkel\/"},{"@type":"ListItem","position":3,"name":"Stairplus 160"}]},{"@type":"WebSite","@id":"https:\/\/www.evakuierungsstuhl.de\/#website","url":"https:\/\/www.evakuierungsstuhl.de\/","name":"Experte f\u00fcr Evakuierung","description":"Der Experte f\u00fcr Evakuierung","potentialAction":[{"@type":"SearchAction","target":{"@type":"EntryPoint","urlTemplate":"https:\/\/www.evakuierungsstuhl.de\/?s={search_term_string}"},"query-input":{"@type":"PropertyValueSpecification","valueRequired":true,"valueName":"search_term_string"}}],"inLanguage":"de"}]}},"_links":{"self":[{"href":"https:\/\/www.evakuierungsstuhl.de\/de\/wp-json\/wp\/v2\/product\/870","targetHints":{"allow":["GET"]}}],"collection":[{"href":"https:\/\/www.evakuierungsstuhl.de\/de\/wp-json\/wp\/v2\/product"}],"about":[{"href":"https:\/\/www.evakuierungsstuhl.de\/de\/wp-json\/wp\/v2\/types\/product"}],"replies":[{"embeddable":true,"href":"https:\/\/www.evakuierungsstuhl.de\/de\/wp-json\/wp\/v2\/comments?post=870"}],"version-history":[{"count":0,"href":"https:\/\/www.evakuierungsstuhl.de\/de\/wp-json\/wp\/v2\/product\/870\/revisions"}],"wp:featuredmedia":[{"embeddable":true,"href":"https:\/\/www.evakuierungsstuhl.de\/de\/wp-json\/wp\/v2\/media\/871"}],"wp:attachment":[{"href":"https:\/\/www.evakuierungsstuhl.de\/de\/wp-json\/wp\/v2\/media?parent=870"}],"wp:term":[{"taxonomy":"product_brand","embeddable":true,"href":"https:\/\/www.evakuierungsstuhl.de\/de\/wp-json\/wp\/v2\/product_brand?post=870"},{"taxonomy":"product_cat","embeddable":true,"href":"https:\/\/www.evakuierungsstuhl.de\/de\/wp-json\/wp\/v2\/product_cat?post=870"},{"taxonomy":"product_tag","embeddable":true,"href":"https:\/\/www.evakuierungsstuhl.de\/de\/wp-json\/wp\/v2\/product_tag?post=870"}],"curies":[{"name":"wp","href":"https:\/\/api.w.org\/{rel}","templated":true}]}}