{"id":856,"date":"2024-05-31T12:44:57","date_gmt":"2024-05-31T12:44:57","guid":{"rendered":"https:\/\/www.evakuierungsstuhl.de\/?post_type=product&#038;p=856"},"modified":"2025-07-03T07:45:56","modified_gmt":"2025-07-03T06:45:56","slug":"escape-stuhl-volt-batteriebetrieben","status":"publish","type":"product","link":"https:\/\/www.evakuierungsstuhl.de\/de\/product\/escape-chair-volt-accu-aangedreven\/","title":{"rendered":"Fluchtstuhl volt batteriebetrieben"},"content":{"rendered":"<p>Dieses Modell ist ideal geeignet, wenn elektronische Unterst\u00fctzung f\u00fcr die Evakuierung oder Rettung von Personen \u00fcber Treppen, sowohl nach oben als auch nach unten, erforderlich ist.<\/p>\n<p>Die Bedienung des Escape-Chair\u00ae VOLT erfolgt \u00fcber ein einfaches, kabelloses Display, das an der Steuerungshalterung angebracht ist. Nach dem Entfalten des Escape-Chair\u00ae VOLT ist er sofort einsatzbereit.<\/p>\n<p>Der Bediener sollte den Steuergriff in Richtung der Treppe dr\u00fccken.<\/p>\n<p>ZIELGRUPPE<br \/>\nDer Escape-Chair\u00ae Volt ist die perfekte Alltagsl\u00f6sung f\u00fcr Ihr Mobilit\u00e4tsproblem. F\u00fcr das Gesundheitswesen, f\u00fcr Rettungsdienste sowie f\u00fcr \u00f6ffentliche Geb\u00e4ude und B\u00fcros.<\/p>\n<p>BENEFITS<br \/>\nDer elektrische Antrieb erleichtert die Evakuierung \u00fcber die Treppe erheblich.<br \/>\nIdeal f\u00fcr die schnelle Evakuierung (3 Geschwindigkeiten).<br \/>\nLithium-Batterie reicht f\u00fcr \u00b1100 Etagen.<br \/>\nWird von nur 1 Person bedient.<br \/>\nInnerhalb von Sekunden einsatzbereit.<br \/>\nEinfach zu bedienen.<br \/>\nAusgestattet mit Arm- und Fu\u00dfst\u00fctze.<br \/>\nVerstellbarer Bedienungsgriff in 3 H\u00f6hen.<br \/>\nSitz, Kopfst\u00fctze und Bezug sind flammhemmend.<br \/>\nAnzeige der Batterie.<br \/>\nLED-Beleuchtung f\u00fcr die Evakuierung\/Rettung bei Dunkelheit.<br \/>\nCE-zertifiziert.<\/p>\n<p>VORF\u00dcHRUNG UND BERATUNG<br \/>\nKein Geb\u00e4ude ist wie das andere. Unsere Produktspezialisten beraten Sie \u00fcber die Evakuierungssicherheit in Ihrem Unternehmen. Wir legen Wert auf Ihre Wahl der richtigen Evakuierungshilfen. Nehmen Sie <a href=\"https:\/\/www.evakuierungsstuhl.de\/de\/kontakt\/\">Kontakt<\/a> Kontaktieren Sie uns f\u00fcr einen Termin vor Ort<\/p>\n<p>SPEZIFIKATIONEN<br \/>\nInnerhalb von Sekunden einsatzbereit<br \/>\nMa\u00dfe zusammengeklappt: 115 x 50 x 27 cm<br \/>\nMaximale Belastung: 180 kg<br \/>\nMaximaler Pedalwinkel: 40\u00b0<br \/>\nGewicht: \u00b130 kg<br \/>\nNutzungsdauer (voll aufgeladen): 2 Stunden<br \/>\nMotor: 36V, 300W<br \/>\nAnzahl der Batterieladungen (bei 220Volt): 500<br \/>\nLebensdauer der Batterie: 3 - 5 Jahre<br \/>\nOptional: zus\u00e4tzliche Batterie<br \/>\nAnzahl der Geschwindigkeiten: 3<br \/>\nFu\u00dfst\u00fctze<br \/>\nArmlehnen<br \/>\nLED-Beleuchtung f\u00fcr dunkle Bedingungen<br \/>\nBediengriff in 3 H\u00f6hen einstellbar<br \/>\nFlammhemmender Sitz, Kopfst\u00fctze und Bezug<br \/>\nVordere und hintere Tragegriffe<br \/>\nCE-zertifiziert<br \/>\nKostenlose Vorf\u00fchrung und fachkundige Beratung im Vorfeld<br \/>\nLieferanweisungen, Piktogramm &amp; Aufh\u00e4ngehaken<br \/>\nGarantie auf nichttragende Teile: 1 Jahr (Batterie 6 Monate)<\/p>\n<p>&nbsp;<\/p>\n<p><iframe title=\"MOTORISIERTER TREPPENSTEIGER ESCAPE-CHAIRVOLT ANLEITUNGSVIDEO (ENG)\" width=\"800\" height=\"450\" data-src=\"https:\/\/www.youtube.com\/embed\/NjREcBJPwg8?feature=oembed\" frameborder=\"0\" allow=\"accelerometer; autoplay; clipboard-write; encrypted-media; gyroscope; picture-in-picture; web-share\" referrerpolicy=\"strict-origin-when-cross-origin\" allowfullscreen src=\"data:image\/svg+xml;base64,PHN2ZyB3aWR0aD0iMSIgaGVpZ2h0PSIxIiB4bWxucz0iaHR0cDovL3d3dy53My5vcmcvMjAwMC9zdmciPjwvc3ZnPg==\" class=\"lazyload\" data-load-mode=\"1\"><\/iframe><\/p>","protected":false},"excerpt":{"rendered":"<p>Batteriebetriebenes Treppensteigger\u00e4t. Einfaches Auf- und Absteigen \u00fcber gerade Treppen.<\/p>\n<p>Nehmen Sie <a href=\"https:\/\/www.evakuierungsstuhl.de\/de\/kontakt\/\">Kontakt<\/a> mit uns f\u00fcr eine unverbindliche Demo und einen Test vor Ort.<\/p>","protected":false},"featured_media":862,"comment_status":"closed","ping_status":"closed","template":"","meta":{"_acf_changed":false},"product_brand":[],"product_cat":[24,26],"product_tag":[62,35,43],"class_list":{"0":"post-856","1":"product","2":"type-product","3":"status-publish","4":"has-post-thumbnail","6":"product_cat-evacuatiestoelen","7":"product_cat-trapklimmers","8":"product_tag-accu-aangedreven","9":"product_tag-escape-chair","10":"product_tag-trapklimmer","12":"first","13":"instock","14":"taxable","15":"shipping-taxable","16":"purchasable","17":"product-type-simple"},"acf":[],"yoast_head":"<!-- This site is optimized with the Yoast SEO plugin v27.5 - https:\/\/yoast.com\/product\/yoast-seo-wordpress\/ -->\n<title>Escape-chair volt accu aangedreven - Evacuatieexpert<\/title>\n<meta name=\"robots\" content=\"index, follow, max-snippet:-1, max-image-preview:large, max-video-preview:-1\" \/>\n<link rel=\"canonical\" href=\"https:\/\/www.evakuierungsstuhl.de\/de\/produkt\/escape-stuhl-volt-batteriebetrieben\/\" \/>\n<meta property=\"og:locale\" content=\"de_DE\" \/>\n<meta property=\"og:type\" content=\"article\" \/>\n<meta property=\"og:title\" content=\"Escape-chair volt accu aangedreven - Evacuatieexpert\" \/>\n<meta property=\"og:description\" content=\"Accu aangedreven trapklimmer. Eenvoudig omhoog en omlaag over rechte trappen.  Neem contact met ons op voor een vrijblijvende demo en test op locatie.\" \/>\n<meta property=\"og:url\" content=\"https:\/\/www.evakuierungsstuhl.de\/de\/produkt\/escape-stuhl-volt-batteriebetrieben\/\" \/>\n<meta property=\"og:site_name\" content=\"Evacuatieexpert\" \/>\n<meta property=\"article:modified_time\" content=\"2025-07-03T06:45:56+00:00\" \/>\n<meta property=\"og:image\" content=\"https:\/\/www.evakuierungsstuhl.de\/wp-content\/uploads\/2024\/05\/VOLT-groot-300x300-1.jpg\" \/>\n\t<meta property=\"og:image:width\" content=\"300\" \/>\n\t<meta property=\"og:image:height\" content=\"300\" \/>\n\t<meta property=\"og:image:type\" content=\"image\/jpeg\" \/>\n<meta name=\"twitter:card\" content=\"summary_large_image\" \/>\n<meta name=\"twitter:label1\" content=\"Gesch\u00e4tzte Lesezeit\" \/>\n\t<meta name=\"twitter:data1\" content=\"2\u00a0Minuten\" \/>\n<script type=\"application\/ld+json\" class=\"yoast-schema-graph\">{\"@context\":\"https:\\\/\\\/schema.org\",\"@graph\":[{\"@type\":\"WebPage\",\"@id\":\"https:\\\/\\\/www.evakuierungsstuhl.de\\\/product\\\/escape-chair-volt-accu-aangedreven\\\/\",\"url\":\"https:\\\/\\\/www.evakuierungsstuhl.de\\\/product\\\/escape-chair-volt-accu-aangedreven\\\/\",\"name\":\"Escape-chair volt accu aangedreven - Evacuatieexpert\",\"isPartOf\":{\"@id\":\"https:\\\/\\\/www.evakuierungsstuhl.de\\\/#website\"},\"primaryImageOfPage\":{\"@id\":\"https:\\\/\\\/www.evakuierungsstuhl.de\\\/product\\\/escape-chair-volt-accu-aangedreven\\\/#primaryimage\"},\"image\":{\"@id\":\"https:\\\/\\\/www.evakuierungsstuhl.de\\\/product\\\/escape-chair-volt-accu-aangedreven\\\/#primaryimage\"},\"thumbnailUrl\":\"https:\\\/\\\/www.evakuierungsstuhl.de\\\/wp-content\\\/uploads\\\/2024\\\/05\\\/VOLT-groot-300x300-1.jpg\",\"datePublished\":\"2024-05-31T12:44:57+00:00\",\"dateModified\":\"2025-07-03T06:45:56+00:00\",\"breadcrumb\":{\"@id\":\"https:\\\/\\\/www.evakuierungsstuhl.de\\\/product\\\/escape-chair-volt-accu-aangedreven\\\/#breadcrumb\"},\"inLanguage\":\"de\",\"potentialAction\":[{\"@type\":\"ReadAction\",\"target\":[\"https:\\\/\\\/www.evakuierungsstuhl.de\\\/product\\\/escape-chair-volt-accu-aangedreven\\\/\"]}]},{\"@type\":\"ImageObject\",\"inLanguage\":\"de\",\"@id\":\"https:\\\/\\\/www.evakuierungsstuhl.de\\\/product\\\/escape-chair-volt-accu-aangedreven\\\/#primaryimage\",\"url\":\"https:\\\/\\\/www.evakuierungsstuhl.de\\\/wp-content\\\/uploads\\\/2024\\\/05\\\/VOLT-groot-300x300-1.jpg\",\"contentUrl\":\"https:\\\/\\\/www.evakuierungsstuhl.de\\\/wp-content\\\/uploads\\\/2024\\\/05\\\/VOLT-groot-300x300-1.jpg\",\"width\":300,\"height\":300},{\"@type\":\"BreadcrumbList\",\"@id\":\"https:\\\/\\\/www.evakuierungsstuhl.de\\\/product\\\/escape-chair-volt-accu-aangedreven\\\/#breadcrumb\",\"itemListElement\":[{\"@type\":\"ListItem\",\"position\":1,\"name\":\"Home\",\"item\":\"https:\\\/\\\/www.evakuierungsstuhl.de\\\/\"},{\"@type\":\"ListItem\",\"position\":2,\"name\":\"Winkel\",\"item\":\"https:\\\/\\\/www.evakuierungsstuhl.de\\\/winkel\\\/\"},{\"@type\":\"ListItem\",\"position\":3,\"name\":\"Escape-chair volt accu aangedreven\"}]},{\"@type\":\"WebSite\",\"@id\":\"https:\\\/\\\/www.evakuierungsstuhl.de\\\/#website\",\"url\":\"https:\\\/\\\/www.evakuierungsstuhl.de\\\/\",\"name\":\"Evacuatieexpert\",\"description\":\"De expert in evacuatie\",\"potentialAction\":[{\"@type\":\"SearchAction\",\"target\":{\"@type\":\"EntryPoint\",\"urlTemplate\":\"https:\\\/\\\/www.evakuierungsstuhl.de\\\/?s={search_term_string}\"},\"query-input\":{\"@type\":\"PropertyValueSpecification\",\"valueRequired\":true,\"valueName\":\"search_term_string\"}}],\"inLanguage\":\"de\"}]}<\/script>\n<!-- \/ Yoast SEO plugin. -->","yoast_head_json":{"title":"Rettungssessel Volt batteriebetrieben - Evacuation Expert","robots":{"index":"index","follow":"follow","max-snippet":"max-snippet:-1","max-image-preview":"max-image-preview:large","max-video-preview":"max-video-preview:-1"},"canonical":"https:\/\/www.evakuierungsstuhl.de\/de\/produkt\/escape-stuhl-volt-batteriebetrieben\/","og_locale":"de_DE","og_type":"article","og_title":"Escape-chair volt accu aangedreven - Evacuatieexpert","og_description":"Accu aangedreven trapklimmer. Eenvoudig omhoog en omlaag over rechte trappen.  Neem contact met ons op voor een vrijblijvende demo en test op locatie.","og_url":"https:\/\/www.evakuierungsstuhl.de\/de\/produkt\/escape-stuhl-volt-batteriebetrieben\/","og_site_name":"Evacuatieexpert","article_modified_time":"2025-07-03T06:45:56+00:00","og_image":[{"width":300,"height":300,"url":"https:\/\/www.evakuierungsstuhl.de\/wp-content\/uploads\/2024\/05\/VOLT-groot-300x300-1.jpg","type":"image\/jpeg"}],"twitter_card":"summary_large_image","twitter_misc":{"Gesch\u00e4tzte Lesezeit":"2\u00a0Minuten"},"schema":{"@context":"https:\/\/schema.org","@graph":[{"@type":"WebPage","@id":"https:\/\/www.evakuierungsstuhl.de\/product\/escape-chair-volt-accu-aangedreven\/","url":"https:\/\/www.evakuierungsstuhl.de\/product\/escape-chair-volt-accu-aangedreven\/","name":"Rettungssessel Volt batteriebetrieben - Evacuation Expert","isPartOf":{"@id":"https:\/\/www.evakuierungsstuhl.de\/#website"},"primaryImageOfPage":{"@id":"https:\/\/www.evakuierungsstuhl.de\/product\/escape-chair-volt-accu-aangedreven\/#primaryimage"},"image":{"@id":"https:\/\/www.evakuierungsstuhl.de\/product\/escape-chair-volt-accu-aangedreven\/#primaryimage"},"thumbnailUrl":"https:\/\/www.evakuierungsstuhl.de\/wp-content\/uploads\/2024\/05\/VOLT-groot-300x300-1.jpg","datePublished":"2024-05-31T12:44:57+00:00","dateModified":"2025-07-03T06:45:56+00:00","breadcrumb":{"@id":"https:\/\/www.evakuierungsstuhl.de\/product\/escape-chair-volt-accu-aangedreven\/#breadcrumb"},"inLanguage":"de","potentialAction":[{"@type":"ReadAction","target":["https:\/\/www.evakuierungsstuhl.de\/product\/escape-chair-volt-accu-aangedreven\/"]}]},{"@type":"ImageObject","inLanguage":"de","@id":"https:\/\/www.evakuierungsstuhl.de\/product\/escape-chair-volt-accu-aangedreven\/#primaryimage","url":"https:\/\/www.evakuierungsstuhl.de\/wp-content\/uploads\/2024\/05\/VOLT-groot-300x300-1.jpg","contentUrl":"https:\/\/www.evakuierungsstuhl.de\/wp-content\/uploads\/2024\/05\/VOLT-groot-300x300-1.jpg","width":300,"height":300},{"@type":"BreadcrumbList","@id":"https:\/\/www.evakuierungsstuhl.de\/product\/escape-chair-volt-accu-aangedreven\/#breadcrumb","itemListElement":[{"@type":"ListItem","position":1,"name":"Home","item":"https:\/\/www.evakuierungsstuhl.de\/"},{"@type":"ListItem","position":2,"name":"Winkel","item":"https:\/\/www.evakuierungsstuhl.de\/winkel\/"},{"@type":"ListItem","position":3,"name":"Escape-chair volt accu aangedreven"}]},{"@type":"WebSite","@id":"https:\/\/www.evakuierungsstuhl.de\/#website","url":"https:\/\/www.evakuierungsstuhl.de\/","name":"Experte f\u00fcr Evakuierung","description":"Der Experte f\u00fcr Evakuierung","potentialAction":[{"@type":"SearchAction","target":{"@type":"EntryPoint","urlTemplate":"https:\/\/www.evakuierungsstuhl.de\/?s={search_term_string}"},"query-input":{"@type":"PropertyValueSpecification","valueRequired":true,"valueName":"search_term_string"}}],"inLanguage":"de"}]}},"_links":{"self":[{"href":"https:\/\/www.evakuierungsstuhl.de\/de\/wp-json\/wp\/v2\/product\/856","targetHints":{"allow":["GET"]}}],"collection":[{"href":"https:\/\/www.evakuierungsstuhl.de\/de\/wp-json\/wp\/v2\/product"}],"about":[{"href":"https:\/\/www.evakuierungsstuhl.de\/de\/wp-json\/wp\/v2\/types\/product"}],"replies":[{"embeddable":true,"href":"https:\/\/www.evakuierungsstuhl.de\/de\/wp-json\/wp\/v2\/comments?post=856"}],"version-history":[{"count":4,"href":"https:\/\/www.evakuierungsstuhl.de\/de\/wp-json\/wp\/v2\/product\/856\/revisions"}],"predecessor-version":[{"id":1702,"href":"https:\/\/www.evakuierungsstuhl.de\/de\/wp-json\/wp\/v2\/product\/856\/revisions\/1702"}],"wp:featuredmedia":[{"embeddable":true,"href":"https:\/\/www.evakuierungsstuhl.de\/de\/wp-json\/wp\/v2\/media\/862"}],"wp:attachment":[{"href":"https:\/\/www.evakuierungsstuhl.de\/de\/wp-json\/wp\/v2\/media?parent=856"}],"wp:term":[{"taxonomy":"product_brand","embeddable":true,"href":"https:\/\/www.evakuierungsstuhl.de\/de\/wp-json\/wp\/v2\/product_brand?post=856"},{"taxonomy":"product_cat","embeddable":true,"href":"https:\/\/www.evakuierungsstuhl.de\/de\/wp-json\/wp\/v2\/product_cat?post=856"},{"taxonomy":"product_tag","embeddable":true,"href":"https:\/\/www.evakuierungsstuhl.de\/de\/wp-json\/wp\/v2\/product_tag?post=856"}],"curies":[{"name":"wp","href":"https:\/\/api.w.org\/{rel}","templated":true}]}}