{"id":850,"date":"2024-05-31T12:31:04","date_gmt":"2024-05-31T12:31:04","guid":{"rendered":"https:\/\/www.evakuierungsstuhl.de\/?post_type=product&#038;p=850"},"modified":"2025-11-29T18:20:00","modified_gmt":"2025-11-29T17:20:00","slug":"evakuierungsseil-evakuierungsseil-wanderseil-evacord","status":"publish","type":"product","link":"https:\/\/www.evakuierungsstuhl.de\/de\/product\/evacuatietouw-evacuatiekoord-wandelkoord-evacord\/","title":{"rendered":"Evakuierungsseil, Evakuierungsschnur, Wanderseil, Evacord"},"content":{"rendered":"<p>Evakuierungsseil f\u00fcr Kinder<\/p>\n<p>Das Evakuierungsseil f\u00fcr Kinder dient dazu, eine Gruppe von Kindern zusammenzuhalten, wenn ein Geb\u00e4ude evakuiert werden muss.<\/p>\n<p>Evakuierungshilfen wie ein Evakuierungsseil machen eine Evakuierung schneller und strukturierter. Durch die Verwendung der richtigen Materialien und hellen Farben ist das Wanderseil kinderfreundlich. Selbst wenn ein Kleinkind oder ein Vorschulkind das Evakuierungsseil losl\u00e4sst, bleibt der Rest der Gruppe besser zusammen, als wenn sie sich die H\u00e4nde reichen und die Gruppe auseinanderf\u00e4llt, wenn jemand losl\u00e4sst.<\/p>\n<p>Laufendes Schl\u00fcsselband<\/p>\n<p>Wenn Sie mit einer Gruppe von Kleinkindern unterwegs sind, wissen Sie, dass es schwierig ist, die Gruppe zusammenzuhalten. Ausfl\u00fcge mit Kleinkindern auf den Spielplatz, in die Turnhalle oder in den Streichelzoo sind eine besondere Herausforderung. Das Laufseil bietet eine L\u00f6sung, die die Gruppe zusammenh\u00e4lt.<\/p>\n<p>Das Kabel wird in einer kompakten Tasche geliefert und ist leicht zu transportieren oder zu verstauen.<\/p>\n<p>9 farbige Ringe + 1 Schleife<\/p>","protected":false},"excerpt":{"rendered":"<p>Das Evakuierungsseil f\u00fcr Kinder dient dazu, eine Gruppe von Kindern zusammenzuhalten, wenn ein Geb\u00e4ude evakuiert werden muss.<\/p>","protected":false},"featured_media":851,"comment_status":"closed","ping_status":"closed","template":"","meta":{"_acf_changed":false},"product_brand":[],"product_cat":[28],"product_tag":[],"class_list":{"0":"post-850","1":"product","2":"type-product","3":"status-publish","4":"has-post-thumbnail","6":"product_cat-accessoires-bhv","8":"first","9":"instock","10":"taxable","11":"shipping-taxable","12":"purchasable","13":"product-type-simple"},"acf":[],"yoast_head":"<!-- This site is optimized with the Yoast SEO plugin v27.2 - https:\/\/yoast.com\/product\/yoast-seo-wordpress\/ -->\n<title>Evacuatietouw, Evacuatiekoord, wandelkoord, Evacord - Evacuatieexpert<\/title>\n<meta name=\"robots\" content=\"index, follow, max-snippet:-1, max-image-preview:large, max-video-preview:-1\" \/>\n<link rel=\"canonical\" href=\"https:\/\/www.evakuierungsstuhl.de\/de\/produkt\/evakuierungsseil-evakuierungsseil-wanderseil-evacord\/\" \/>\n<meta property=\"og:locale\" content=\"de_DE\" \/>\n<meta property=\"og:type\" content=\"article\" \/>\n<meta property=\"og:title\" content=\"Evacuatietouw, Evacuatiekoord, wandelkoord, Evacord - Evacuatieexpert\" \/>\n<meta property=\"og:description\" content=\"Het evacuatietouw voor kinderen is bedoeld om een groep kinderen bij elkaar te houden als een gebouw ontruimd moet worden.\" \/>\n<meta property=\"og:url\" content=\"https:\/\/www.evakuierungsstuhl.de\/de\/produkt\/evakuierungsseil-evakuierungsseil-wanderseil-evacord\/\" \/>\n<meta property=\"og:site_name\" content=\"Evacuatieexpert\" \/>\n<meta property=\"article:modified_time\" content=\"2025-11-29T17:20:00+00:00\" \/>\n<meta property=\"og:image\" content=\"https:\/\/www.evakuierungsstuhl.de\/wp-content\/uploads\/2024\/05\/E9843-EvaCord-evacuatietouw-300x300-1.jpg\" \/>\n\t<meta property=\"og:image:width\" content=\"300\" \/>\n\t<meta property=\"og:image:height\" content=\"300\" \/>\n\t<meta property=\"og:image:type\" content=\"image\/jpeg\" \/>\n<meta name=\"twitter:card\" content=\"summary_large_image\" \/>\n<meta name=\"twitter:label1\" content=\"Gesch\u00e4tzte Lesezeit\" \/>\n\t<meta name=\"twitter:data1\" content=\"1\u00a0Minute\" \/>\n<script type=\"application\/ld+json\" class=\"yoast-schema-graph\">{\"@context\":\"https:\/\/schema.org\",\"@graph\":[{\"@type\":\"WebPage\",\"@id\":\"https:\/\/www.evakuierungsstuhl.de\/product\/evacuatietouw-evacuatiekoord-wandelkoord-evacord\/\",\"url\":\"https:\/\/www.evakuierungsstuhl.de\/product\/evacuatietouw-evacuatiekoord-wandelkoord-evacord\/\",\"name\":\"Evacuatietouw, Evacuatiekoord, wandelkoord, Evacord - Evacuatieexpert\",\"isPartOf\":{\"@id\":\"https:\/\/www.evakuierungsstuhl.de\/#website\"},\"primaryImageOfPage\":{\"@id\":\"https:\/\/www.evakuierungsstuhl.de\/product\/evacuatietouw-evacuatiekoord-wandelkoord-evacord\/#primaryimage\"},\"image\":{\"@id\":\"https:\/\/www.evakuierungsstuhl.de\/product\/evacuatietouw-evacuatiekoord-wandelkoord-evacord\/#primaryimage\"},\"thumbnailUrl\":\"https:\/\/www.evakuierungsstuhl.de\/wp-content\/uploads\/2024\/05\/E9843-EvaCord-evacuatietouw-300x300-1.jpg\",\"datePublished\":\"2024-05-31T12:31:04+00:00\",\"dateModified\":\"2025-11-29T17:20:00+00:00\",\"breadcrumb\":{\"@id\":\"https:\/\/www.evakuierungsstuhl.de\/product\/evacuatietouw-evacuatiekoord-wandelkoord-evacord\/#breadcrumb\"},\"inLanguage\":\"de\",\"potentialAction\":[{\"@type\":\"ReadAction\",\"target\":[\"https:\/\/www.evakuierungsstuhl.de\/product\/evacuatietouw-evacuatiekoord-wandelkoord-evacord\/\"]}]},{\"@type\":\"ImageObject\",\"inLanguage\":\"de\",\"@id\":\"https:\/\/www.evakuierungsstuhl.de\/product\/evacuatietouw-evacuatiekoord-wandelkoord-evacord\/#primaryimage\",\"url\":\"https:\/\/www.evakuierungsstuhl.de\/wp-content\/uploads\/2024\/05\/E9843-EvaCord-evacuatietouw-300x300-1.jpg\",\"contentUrl\":\"https:\/\/www.evakuierungsstuhl.de\/wp-content\/uploads\/2024\/05\/E9843-EvaCord-evacuatietouw-300x300-1.jpg\",\"width\":300,\"height\":300},{\"@type\":\"BreadcrumbList\",\"@id\":\"https:\/\/www.evakuierungsstuhl.de\/product\/evacuatietouw-evacuatiekoord-wandelkoord-evacord\/#breadcrumb\",\"itemListElement\":[{\"@type\":\"ListItem\",\"position\":1,\"name\":\"Home\",\"item\":\"https:\/\/www.evakuierungsstuhl.de\/\"},{\"@type\":\"ListItem\",\"position\":2,\"name\":\"Winkel\",\"item\":\"https:\/\/www.evakuierungsstuhl.de\/winkel\/\"},{\"@type\":\"ListItem\",\"position\":3,\"name\":\"Evacuatietouw, Evacuatiekoord, wandelkoord, Evacord\"}]},{\"@type\":\"WebSite\",\"@id\":\"https:\/\/www.evakuierungsstuhl.de\/#website\",\"url\":\"https:\/\/www.evakuierungsstuhl.de\/\",\"name\":\"Evacuatieexpert\",\"description\":\"De expert in evacuatie\",\"potentialAction\":[{\"@type\":\"SearchAction\",\"target\":{\"@type\":\"EntryPoint\",\"urlTemplate\":\"https:\/\/www.evakuierungsstuhl.de\/?s={search_term_string}\"},\"query-input\":{\"@type\":\"PropertyValueSpecification\",\"valueRequired\":true,\"valueName\":\"search_term_string\"}}],\"inLanguage\":\"de\"}]}<\/script>\n<!-- \/ Yoast SEO plugin. -->","yoast_head_json":{"title":"Evakuierungsseil, Evakuierungsschnur, Wanderschnur, Evacord - Evacuation Expert","robots":{"index":"index","follow":"follow","max-snippet":"max-snippet:-1","max-image-preview":"max-image-preview:large","max-video-preview":"max-video-preview:-1"},"canonical":"https:\/\/www.evakuierungsstuhl.de\/de\/produkt\/evakuierungsseil-evakuierungsseil-wanderseil-evacord\/","og_locale":"de_DE","og_type":"article","og_title":"Evacuatietouw, Evacuatiekoord, wandelkoord, Evacord - Evacuatieexpert","og_description":"Het evacuatietouw voor kinderen is bedoeld om een groep kinderen bij elkaar te houden als een gebouw ontruimd moet worden.","og_url":"https:\/\/www.evakuierungsstuhl.de\/de\/produkt\/evakuierungsseil-evakuierungsseil-wanderseil-evacord\/","og_site_name":"Evacuatieexpert","article_modified_time":"2025-11-29T17:20:00+00:00","og_image":[{"width":300,"height":300,"url":"https:\/\/www.evakuierungsstuhl.de\/wp-content\/uploads\/2024\/05\/E9843-EvaCord-evacuatietouw-300x300-1.jpg","type":"image\/jpeg"}],"twitter_card":"summary_large_image","twitter_misc":{"Gesch\u00e4tzte Lesezeit":"1\u00a0Minute"},"schema":{"@context":"https:\/\/schema.org","@graph":[{"@type":"WebPage","@id":"https:\/\/www.evakuierungsstuhl.de\/product\/evacuatietouw-evacuatiekoord-wandelkoord-evacord\/","url":"https:\/\/www.evakuierungsstuhl.de\/product\/evacuatietouw-evacuatiekoord-wandelkoord-evacord\/","name":"Evakuierungsseil, Evakuierungsschnur, Wanderschnur, Evacord - Evacuation Expert","isPartOf":{"@id":"https:\/\/www.evakuierungsstuhl.de\/#website"},"primaryImageOfPage":{"@id":"https:\/\/www.evakuierungsstuhl.de\/product\/evacuatietouw-evacuatiekoord-wandelkoord-evacord\/#primaryimage"},"image":{"@id":"https:\/\/www.evakuierungsstuhl.de\/product\/evacuatietouw-evacuatiekoord-wandelkoord-evacord\/#primaryimage"},"thumbnailUrl":"https:\/\/www.evakuierungsstuhl.de\/wp-content\/uploads\/2024\/05\/E9843-EvaCord-evacuatietouw-300x300-1.jpg","datePublished":"2024-05-31T12:31:04+00:00","dateModified":"2025-11-29T17:20:00+00:00","breadcrumb":{"@id":"https:\/\/www.evakuierungsstuhl.de\/product\/evacuatietouw-evacuatiekoord-wandelkoord-evacord\/#breadcrumb"},"inLanguage":"de","potentialAction":[{"@type":"ReadAction","target":["https:\/\/www.evakuierungsstuhl.de\/product\/evacuatietouw-evacuatiekoord-wandelkoord-evacord\/"]}]},{"@type":"ImageObject","inLanguage":"de","@id":"https:\/\/www.evakuierungsstuhl.de\/product\/evacuatietouw-evacuatiekoord-wandelkoord-evacord\/#primaryimage","url":"https:\/\/www.evakuierungsstuhl.de\/wp-content\/uploads\/2024\/05\/E9843-EvaCord-evacuatietouw-300x300-1.jpg","contentUrl":"https:\/\/www.evakuierungsstuhl.de\/wp-content\/uploads\/2024\/05\/E9843-EvaCord-evacuatietouw-300x300-1.jpg","width":300,"height":300},{"@type":"BreadcrumbList","@id":"https:\/\/www.evakuierungsstuhl.de\/product\/evacuatietouw-evacuatiekoord-wandelkoord-evacord\/#breadcrumb","itemListElement":[{"@type":"ListItem","position":1,"name":"Home","item":"https:\/\/www.evakuierungsstuhl.de\/"},{"@type":"ListItem","position":2,"name":"Winkel","item":"https:\/\/www.evakuierungsstuhl.de\/winkel\/"},{"@type":"ListItem","position":3,"name":"Evacuatietouw, Evacuatiekoord, wandelkoord, Evacord"}]},{"@type":"WebSite","@id":"https:\/\/www.evakuierungsstuhl.de\/#website","url":"https:\/\/www.evakuierungsstuhl.de\/","name":"Experte f\u00fcr Evakuierung","description":"Der Experte f\u00fcr Evakuierung","potentialAction":[{"@type":"SearchAction","target":{"@type":"EntryPoint","urlTemplate":"https:\/\/www.evakuierungsstuhl.de\/?s={search_term_string}"},"query-input":{"@type":"PropertyValueSpecification","valueRequired":true,"valueName":"search_term_string"}}],"inLanguage":"de"}]}},"_links":{"self":[{"href":"https:\/\/www.evakuierungsstuhl.de\/de\/wp-json\/wp\/v2\/product\/850","targetHints":{"allow":["GET"]}}],"collection":[{"href":"https:\/\/www.evakuierungsstuhl.de\/de\/wp-json\/wp\/v2\/product"}],"about":[{"href":"https:\/\/www.evakuierungsstuhl.de\/de\/wp-json\/wp\/v2\/types\/product"}],"replies":[{"embeddable":true,"href":"https:\/\/www.evakuierungsstuhl.de\/de\/wp-json\/wp\/v2\/comments?post=850"}],"version-history":[{"count":1,"href":"https:\/\/www.evakuierungsstuhl.de\/de\/wp-json\/wp\/v2\/product\/850\/revisions"}],"predecessor-version":[{"id":1902,"href":"https:\/\/www.evakuierungsstuhl.de\/de\/wp-json\/wp\/v2\/product\/850\/revisions\/1902"}],"wp:featuredmedia":[{"embeddable":true,"href":"https:\/\/www.evakuierungsstuhl.de\/de\/wp-json\/wp\/v2\/media\/851"}],"wp:attachment":[{"href":"https:\/\/www.evakuierungsstuhl.de\/de\/wp-json\/wp\/v2\/media?parent=850"}],"wp:term":[{"taxonomy":"product_brand","embeddable":true,"href":"https:\/\/www.evakuierungsstuhl.de\/de\/wp-json\/wp\/v2\/product_brand?post=850"},{"taxonomy":"product_cat","embeddable":true,"href":"https:\/\/www.evakuierungsstuhl.de\/de\/wp-json\/wp\/v2\/product_cat?post=850"},{"taxonomy":"product_tag","embeddable":true,"href":"https:\/\/www.evakuierungsstuhl.de\/de\/wp-json\/wp\/v2\/product_tag?post=850"}],"curies":[{"name":"wp","href":"https:\/\/api.w.org\/{rel}","templated":true}]}}