{"id":847,"date":"2024-05-31T12:25:23","date_gmt":"2024-05-31T12:25:23","guid":{"rendered":"https:\/\/www.evakuierungsstuhl.de\/?post_type=product&#038;p=847"},"modified":"2024-10-09T10:04:42","modified_gmt":"2024-10-09T09:04:42","slug":"tre52-rollstuhl-plattform-treppensteiger","status":"publish","type":"product","link":"https:\/\/www.evakuierungsstuhl.de\/de\/product\/tre52-rolstoelplatform-trapklimmer\/","title":{"rendered":"TRE52 Rollstuhl-Plattform-Treppensteiger"},"content":{"rendered":"<p>Leistungsstarke batteriebetriebene Motoren<br \/>\nNutzlast 200 KG!!!<br \/>\nGeeignet f\u00fcr Innen- und Au\u00dfentreppen<br \/>\nInkl. leistungsstarkem Akku und Ladeger\u00e4t<br \/>\nDie breite Doppelbereifung sorgt f\u00fcr einen sicheren Halt auf der Treppe<br \/>\nGro\u00dfe R\u00e4der f\u00fcr horizontale Bewegung<br \/>\nRollstuhl treppauf und treppab<br \/>\nRobuste Konstruktion<br \/>\nGeeignet f\u00fcr alle Arten von Rollst\u00fchlen<\/p>\n<p>Viel g\u00fcnstiger als feste Plattformen und vergleichbare Treppenlifte<br \/>\nminimaler Platz auf den Treppenstufen<br \/>\nKeine \u00c4nderungen an Ihrem Geb\u00e4ude erforderlich<br \/>\nKeine Beschr\u00e4nkung der Treppenbreite<br \/>\nDer TRE-52 kann im gesamten Geb\u00e4ude verwendet werden<br \/>\nMinimale Wartung erforderlich<br \/>\nIdeales Backup bei Aufzugsausf\u00e4llen und Renovierungen<br \/>\nFunktioniert auch bei Stromausf\u00e4llen oder an Orten, an denen keine st\u00e4ndige Stromversorgung vorhanden ist<\/p>","protected":false},"excerpt":{"rendered":"<p>De TRE-52 platform trapklimmer is geschikt voor het vervoer van alle soorten rolstoelen over de trap. Het is op dit moment de enige mobiele platform rolstoellift\/trapklimmer op de markt. Deze mobiele platformlift verzorgt directe, betaalbare toegankelijkheid voor rolstoelen daar waar trappen een hindernis vormen.<\/p>\n<p>Het unieke mobiele platform is geschikt voor alle modellen rolstoelen, inclusief kinderrolstoelen, sportrolstoelen, elektrische rolstoelen.\u00a0 De mobiele platformlift \/ trapklimmer TRE-52 is ideaal voor alle gebouwen waar de toegankelijkheid gewenst is.\u00a0 Simpel in het gebruik en voorzien van diverse veiligheids- waarborgen.<\/p>\n<p>Met het mobiele rolstoelplatform maakt u uw gebouw simpel en met een aangename investering rolstoel toegankelijk.<\/p>","protected":false},"featured_media":848,"comment_status":"closed","ping_status":"closed","template":"","meta":{"_acf_changed":false},"product_brand":[],"product_cat":[26],"product_tag":[],"class_list":{"0":"post-847","1":"product","2":"type-product","3":"status-publish","4":"has-post-thumbnail","6":"product_cat-trapklimmers","8":"first","9":"onbackorder","10":"taxable","11":"shipping-taxable","12":"product-type-simple"},"acf":[],"yoast_head":"<!-- This site is optimized with the Yoast SEO plugin v27.2 - https:\/\/yoast.com\/product\/yoast-seo-wordpress\/ -->\n<title>TRE52 rolstoelplatform trapklimmer - Evacuatieexpert<\/title>\n<meta name=\"robots\" content=\"index, follow, max-snippet:-1, max-image-preview:large, max-video-preview:-1\" \/>\n<link rel=\"canonical\" href=\"https:\/\/www.evakuierungsstuhl.de\/de\/produkt\/tre52-rollstuhl-plattform-treppensteiger\/\" \/>\n<meta property=\"og:locale\" content=\"de_DE\" \/>\n<meta property=\"og:type\" content=\"article\" \/>\n<meta property=\"og:title\" content=\"TRE52 rolstoelplatform trapklimmer - Evacuatieexpert\" \/>\n<meta property=\"og:description\" content=\"De TRE-52 platform trapklimmer is geschikt voor het vervoer van alle soorten rolstoelen over de trap. Het is op dit moment de enige mobiele platform rolstoellift\/trapklimmer op de markt. Deze mobiele platformlift verzorgt directe, betaalbare toegankelijkheid voor rolstoelen daar waar trappen een hindernis vormen.  Het unieke mobiele platform is geschikt voor alle modellen rolstoelen, inclusief kinderrolstoelen, sportrolstoelen, elektrische rolstoelen.\u00a0 De mobiele platformlift \/ trapklimmer TRE-52 is ideaal voor alle gebouwen waar de toegankelijkheid gewenst is.\u00a0 Simpel in het gebruik en voorzien van diverse veiligheids- waarborgen.  Met het mobiele rolstoelplatform maakt u uw gebouw simpel en met een aangename investering rolstoel toegankelijk.\" \/>\n<meta property=\"og:url\" content=\"https:\/\/www.evakuierungsstuhl.de\/de\/produkt\/tre52-rollstuhl-plattform-treppensteiger\/\" \/>\n<meta property=\"og:site_name\" content=\"Evacuatieexpert\" \/>\n<meta property=\"article:modified_time\" content=\"2024-10-09T09:04:42+00:00\" \/>\n<meta property=\"og:image\" content=\"https:\/\/www.evakuierungsstuhl.de\/wp-content\/uploads\/2024\/05\/tre52-front-300x300-1.jpg\" \/>\n\t<meta property=\"og:image:width\" content=\"300\" \/>\n\t<meta property=\"og:image:height\" content=\"300\" \/>\n\t<meta property=\"og:image:type\" content=\"image\/jpeg\" \/>\n<meta name=\"twitter:card\" content=\"summary_large_image\" \/>\n<meta name=\"twitter:label1\" content=\"Gesch\u00e4tzte Lesezeit\" \/>\n\t<meta name=\"twitter:data1\" content=\"1\u00a0Minute\" \/>\n<script type=\"application\/ld+json\" class=\"yoast-schema-graph\">{\"@context\":\"https:\/\/schema.org\",\"@graph\":[{\"@type\":\"WebPage\",\"@id\":\"https:\/\/www.evakuierungsstuhl.de\/product\/tre52-rolstoelplatform-trapklimmer\/\",\"url\":\"https:\/\/www.evakuierungsstuhl.de\/product\/tre52-rolstoelplatform-trapklimmer\/\",\"name\":\"TRE52 rolstoelplatform trapklimmer - Evacuatieexpert\",\"isPartOf\":{\"@id\":\"https:\/\/www.evakuierungsstuhl.de\/#website\"},\"primaryImageOfPage\":{\"@id\":\"https:\/\/www.evakuierungsstuhl.de\/product\/tre52-rolstoelplatform-trapklimmer\/#primaryimage\"},\"image\":{\"@id\":\"https:\/\/www.evakuierungsstuhl.de\/product\/tre52-rolstoelplatform-trapklimmer\/#primaryimage\"},\"thumbnailUrl\":\"https:\/\/www.evakuierungsstuhl.de\/wp-content\/uploads\/2024\/05\/tre52-front-300x300-1.jpg\",\"datePublished\":\"2024-05-31T12:25:23+00:00\",\"dateModified\":\"2024-10-09T09:04:42+00:00\",\"breadcrumb\":{\"@id\":\"https:\/\/www.evakuierungsstuhl.de\/product\/tre52-rolstoelplatform-trapklimmer\/#breadcrumb\"},\"inLanguage\":\"de\",\"potentialAction\":[{\"@type\":\"ReadAction\",\"target\":[\"https:\/\/www.evakuierungsstuhl.de\/product\/tre52-rolstoelplatform-trapklimmer\/\"]}]},{\"@type\":\"ImageObject\",\"inLanguage\":\"de\",\"@id\":\"https:\/\/www.evakuierungsstuhl.de\/product\/tre52-rolstoelplatform-trapklimmer\/#primaryimage\",\"url\":\"https:\/\/www.evakuierungsstuhl.de\/wp-content\/uploads\/2024\/05\/tre52-front-300x300-1.jpg\",\"contentUrl\":\"https:\/\/www.evakuierungsstuhl.de\/wp-content\/uploads\/2024\/05\/tre52-front-300x300-1.jpg\",\"width\":300,\"height\":300},{\"@type\":\"BreadcrumbList\",\"@id\":\"https:\/\/www.evakuierungsstuhl.de\/product\/tre52-rolstoelplatform-trapklimmer\/#breadcrumb\",\"itemListElement\":[{\"@type\":\"ListItem\",\"position\":1,\"name\":\"Home\",\"item\":\"https:\/\/www.evakuierungsstuhl.de\/\"},{\"@type\":\"ListItem\",\"position\":2,\"name\":\"Winkel\",\"item\":\"https:\/\/www.evakuierungsstuhl.de\/winkel\/\"},{\"@type\":\"ListItem\",\"position\":3,\"name\":\"TRE52 rolstoelplatform trapklimmer\"}]},{\"@type\":\"WebSite\",\"@id\":\"https:\/\/www.evakuierungsstuhl.de\/#website\",\"url\":\"https:\/\/www.evakuierungsstuhl.de\/\",\"name\":\"Evacuatieexpert\",\"description\":\"De expert in evacuatie\",\"potentialAction\":[{\"@type\":\"SearchAction\",\"target\":{\"@type\":\"EntryPoint\",\"urlTemplate\":\"https:\/\/www.evakuierungsstuhl.de\/?s={search_term_string}\"},\"query-input\":{\"@type\":\"PropertyValueSpecification\",\"valueRequired\":true,\"valueName\":\"search_term_string\"}}],\"inLanguage\":\"de\"}]}<\/script>\n<!-- \/ Yoast SEO plugin. -->","yoast_head_json":{"title":"TRE52 Rollstuhlplattform Treppensteiger - Evacuation Expert","robots":{"index":"index","follow":"follow","max-snippet":"max-snippet:-1","max-image-preview":"max-image-preview:large","max-video-preview":"max-video-preview:-1"},"canonical":"https:\/\/www.evakuierungsstuhl.de\/de\/produkt\/tre52-rollstuhl-plattform-treppensteiger\/","og_locale":"de_DE","og_type":"article","og_title":"TRE52 rolstoelplatform trapklimmer - Evacuatieexpert","og_description":"De TRE-52 platform trapklimmer is geschikt voor het vervoer van alle soorten rolstoelen over de trap. Het is op dit moment de enige mobiele platform rolstoellift\/trapklimmer op de markt. Deze mobiele platformlift verzorgt directe, betaalbare toegankelijkheid voor rolstoelen daar waar trappen een hindernis vormen.  Het unieke mobiele platform is geschikt voor alle modellen rolstoelen, inclusief kinderrolstoelen, sportrolstoelen, elektrische rolstoelen.\u00a0 De mobiele platformlift \/ trapklimmer TRE-52 is ideaal voor alle gebouwen waar de toegankelijkheid gewenst is.\u00a0 Simpel in het gebruik en voorzien van diverse veiligheids- waarborgen.  Met het mobiele rolstoelplatform maakt u uw gebouw simpel en met een aangename investering rolstoel toegankelijk.","og_url":"https:\/\/www.evakuierungsstuhl.de\/de\/produkt\/tre52-rollstuhl-plattform-treppensteiger\/","og_site_name":"Evacuatieexpert","article_modified_time":"2024-10-09T09:04:42+00:00","og_image":[{"width":300,"height":300,"url":"https:\/\/www.evakuierungsstuhl.de\/wp-content\/uploads\/2024\/05\/tre52-front-300x300-1.jpg","type":"image\/jpeg"}],"twitter_card":"summary_large_image","twitter_misc":{"Gesch\u00e4tzte Lesezeit":"1\u00a0Minute"},"schema":{"@context":"https:\/\/schema.org","@graph":[{"@type":"WebPage","@id":"https:\/\/www.evakuierungsstuhl.de\/product\/tre52-rolstoelplatform-trapklimmer\/","url":"https:\/\/www.evakuierungsstuhl.de\/product\/tre52-rolstoelplatform-trapklimmer\/","name":"TRE52 Rollstuhlplattform Treppensteiger - Evacuation Expert","isPartOf":{"@id":"https:\/\/www.evakuierungsstuhl.de\/#website"},"primaryImageOfPage":{"@id":"https:\/\/www.evakuierungsstuhl.de\/product\/tre52-rolstoelplatform-trapklimmer\/#primaryimage"},"image":{"@id":"https:\/\/www.evakuierungsstuhl.de\/product\/tre52-rolstoelplatform-trapklimmer\/#primaryimage"},"thumbnailUrl":"https:\/\/www.evakuierungsstuhl.de\/wp-content\/uploads\/2024\/05\/tre52-front-300x300-1.jpg","datePublished":"2024-05-31T12:25:23+00:00","dateModified":"2024-10-09T09:04:42+00:00","breadcrumb":{"@id":"https:\/\/www.evakuierungsstuhl.de\/product\/tre52-rolstoelplatform-trapklimmer\/#breadcrumb"},"inLanguage":"de","potentialAction":[{"@type":"ReadAction","target":["https:\/\/www.evakuierungsstuhl.de\/product\/tre52-rolstoelplatform-trapklimmer\/"]}]},{"@type":"ImageObject","inLanguage":"de","@id":"https:\/\/www.evakuierungsstuhl.de\/product\/tre52-rolstoelplatform-trapklimmer\/#primaryimage","url":"https:\/\/www.evakuierungsstuhl.de\/wp-content\/uploads\/2024\/05\/tre52-front-300x300-1.jpg","contentUrl":"https:\/\/www.evakuierungsstuhl.de\/wp-content\/uploads\/2024\/05\/tre52-front-300x300-1.jpg","width":300,"height":300},{"@type":"BreadcrumbList","@id":"https:\/\/www.evakuierungsstuhl.de\/product\/tre52-rolstoelplatform-trapklimmer\/#breadcrumb","itemListElement":[{"@type":"ListItem","position":1,"name":"Home","item":"https:\/\/www.evakuierungsstuhl.de\/"},{"@type":"ListItem","position":2,"name":"Winkel","item":"https:\/\/www.evakuierungsstuhl.de\/winkel\/"},{"@type":"ListItem","position":3,"name":"TRE52 rolstoelplatform trapklimmer"}]},{"@type":"WebSite","@id":"https:\/\/www.evakuierungsstuhl.de\/#website","url":"https:\/\/www.evakuierungsstuhl.de\/","name":"Experte f\u00fcr Evakuierung","description":"Der Experte f\u00fcr Evakuierung","potentialAction":[{"@type":"SearchAction","target":{"@type":"EntryPoint","urlTemplate":"https:\/\/www.evakuierungsstuhl.de\/?s={search_term_string}"},"query-input":{"@type":"PropertyValueSpecification","valueRequired":true,"valueName":"search_term_string"}}],"inLanguage":"de"}]}},"_links":{"self":[{"href":"https:\/\/www.evakuierungsstuhl.de\/de\/wp-json\/wp\/v2\/product\/847","targetHints":{"allow":["GET"]}}],"collection":[{"href":"https:\/\/www.evakuierungsstuhl.de\/de\/wp-json\/wp\/v2\/product"}],"about":[{"href":"https:\/\/www.evakuierungsstuhl.de\/de\/wp-json\/wp\/v2\/types\/product"}],"replies":[{"embeddable":true,"href":"https:\/\/www.evakuierungsstuhl.de\/de\/wp-json\/wp\/v2\/comments?post=847"}],"version-history":[{"count":1,"href":"https:\/\/www.evakuierungsstuhl.de\/de\/wp-json\/wp\/v2\/product\/847\/revisions"}],"predecessor-version":[{"id":1520,"href":"https:\/\/www.evakuierungsstuhl.de\/de\/wp-json\/wp\/v2\/product\/847\/revisions\/1520"}],"wp:featuredmedia":[{"embeddable":true,"href":"https:\/\/www.evakuierungsstuhl.de\/de\/wp-json\/wp\/v2\/media\/848"}],"wp:attachment":[{"href":"https:\/\/www.evakuierungsstuhl.de\/de\/wp-json\/wp\/v2\/media?parent=847"}],"wp:term":[{"taxonomy":"product_brand","embeddable":true,"href":"https:\/\/www.evakuierungsstuhl.de\/de\/wp-json\/wp\/v2\/product_brand?post=847"},{"taxonomy":"product_cat","embeddable":true,"href":"https:\/\/www.evakuierungsstuhl.de\/de\/wp-json\/wp\/v2\/product_cat?post=847"},{"taxonomy":"product_tag","embeddable":true,"href":"https:\/\/www.evakuierungsstuhl.de\/de\/wp-json\/wp\/v2\/product_tag?post=847"}],"curies":[{"name":"wp","href":"https:\/\/api.w.org\/{rel}","templated":true}]}}