{"id":839,"date":"2024-05-29T11:23:21","date_gmt":"2024-05-29T11:23:21","guid":{"rendered":"https:\/\/www.evakuierungsstuhl.de\/?post_type=product&#038;p=839"},"modified":"2025-11-29T18:20:40","modified_gmt":"2025-11-29T17:20:40","slug":"evatex-evacuation-sheet-vario-standardgrose-evacuation-cloth-90-x-200-cm-rot","status":"publish","type":"product","link":"https:\/\/www.evakuierungsstuhl.de\/de\/product\/evatex-evacuatiesheet-vario-standaardmaat-evacuatiedoek-90-x-200-cm-rood\/","title":{"rendered":"Evatex Evakuierungstuch vario Standardgr\u00f6\u00dfe Evakuierungstuch 90 x 200 cm Rot"},"content":{"rendered":"<p>Evatex-Evakuierungstuch, Modell Vario Standardgr\u00f6\u00dfe<\/p>\n<p>Produktdetails auf einen Blick.<\/p>\n<p>Liegt dauerhaft zwischen Bett und Matratze.<br \/>\nWird als Schlepptuch eingesetzt.<br \/>\nIst f\u00fcr alle Bettmodelle und Pflegematratzen geeignet.<br \/>\nDurch die verstellbaren Eckgurte ist er f\u00fcr jede Matratzenst\u00e4rke geeignet.<br \/>\nKann von 1 Person sicher bedient werden.<br \/>\nDas Material l\u00e4sst das Tuch sehr leicht gleiten. (auch auf einem nassen Boden)<br \/>\n100 % Polyester. sowohl der Stoff als auch die Gurte.<br \/>\nDie Reifen k\u00f6nnen einer Zugkraft von KG standhalten.<br \/>\nfeuchtigkeitsabweisendes und dennoch atmungsaktives Material.<br \/>\nwaschbar bis zu 95 Grad.<br \/>\nbest\u00e4ndig bis 105 Grad f\u00fcr eine Dauer von 5 Minuten. (thermische Reinigung).<br \/>\nKann mit handels\u00fcblichen Desinfektionsmitteln gereinigt werden.<br \/>\nCE-zertifiziert nach DIN EN 1865. Tragf\u00e4higkeit bis zu 250 KG.<\/p>\n<p>F\u00fcr weitere Informationen nehmen Sie bitte unverbindlich Kontakt mit uns auf.<\/p>\n<p>Wir bieten auch Benutzerschulungen mit dem Evatex-Evakuierungstuch f\u00fcr Ihr Personal an.<\/p>","protected":false},"excerpt":{"rendered":"<p>Evatex-Evakuierungstuch, Modell Vario Standardgr\u00f6\u00dfe<\/p>\n<p>Produktdetails auf einen Blick.<\/p>\n<p>Liegt dauerhaft zwischen Bett und Matratze.<br \/>\nWird als Schlepptuch eingesetzt.<br \/>\nIst f\u00fcr alle Bettmodelle und Pflegematratzen geeignet.<br \/>\nDurch die verstellbaren Eckgurte ist er f\u00fcr jede Matratzenst\u00e4rke geeignet.<br \/>\nKann von 1 Person sicher bedient werden.<br \/>\nDas Material l\u00e4sst das Tuch sehr leicht gleiten. (auch auf einem nassen Boden)<br \/>\n100 % Polyester. sowohl der Stoff als auch die Gurte.<br \/>\nDie Reifen k\u00f6nnen einer Zugkraft von KG standhalten.<br \/>\nfeuchtigkeitsabweisendes und dennoch atmungsaktives Material.<br \/>\nwaschbar bis zu 95 Grad.<br \/>\nbest\u00e4ndig bis 105 Grad f\u00fcr eine Dauer von 5 Minuten. (thermische Reinigung).<br \/>\nKann mit handels\u00fcblichen Desinfektionsmitteln gereinigt werden.<br \/>\nCE-zertifiziert nach DIN EN 1865. Tragf\u00e4higkeit bis zu 250 KG.<\/p>\n<p>F\u00fcr weitere Informationen nehmen Sie bitte unverbindlich Kontakt mit uns auf.<\/p>\n<p>Wir bieten auch Benutzerschulungen mit dem Evatex-Evakuierungstuch f\u00fcr Ihr Personal an.<\/p>","protected":false},"featured_media":840,"comment_status":"closed","ping_status":"closed","template":"","meta":{"_acf_changed":false},"product_brand":[],"product_cat":[27],"product_tag":[],"class_list":{"0":"post-839","1":"product","2":"type-product","3":"status-publish","4":"has-post-thumbnail","6":"product_cat-evacuatiedoeken","8":"first","9":"instock","10":"taxable","11":"shipping-taxable","12":"purchasable","13":"product-type-simple"},"acf":[],"yoast_head":"<!-- This site is optimized with the Yoast SEO plugin v27.2 - https:\/\/yoast.com\/product\/yoast-seo-wordpress\/ -->\n<title>Evatex evacuatiesheet vario standaardmaat evacuatiedoek 90 x 200 cm Rood - Evacuatieexpert<\/title>\n<meta name=\"robots\" content=\"index, follow, max-snippet:-1, max-image-preview:large, max-video-preview:-1\" \/>\n<link rel=\"canonical\" href=\"https:\/\/www.evakuierungsstuhl.de\/de\/produkt\/evatex-evacuation-sheet-vario-standardgrose-evacuation-cloth-90-x-200-cm-rot\/\" \/>\n<meta property=\"og:locale\" content=\"de_DE\" \/>\n<meta property=\"og:type\" content=\"article\" \/>\n<meta property=\"og:title\" content=\"Evatex evacuatiesheet vario standaardmaat evacuatiedoek 90 x 200 cm Rood - Evacuatieexpert\" \/>\n<meta property=\"og:description\" content=\"Evatex evacuatiedoek, Model Vario standaardmaat  De productdetails in \u00e9\u00e9n oog opslag.  Ligt permanent tussen het bed en de matras. Wordt als sleepdoek ingezet. Is voor alle bed modellen en verzorgings- matrassen geschikt. Door de verstelbare hoekbanden voor elke matras dikte geschikt. Kan door 1 persoon veilig bedient worden. Het materiaal zorgt ervoor dat het doek zeer gemakkelijk glijd. ( ook op een natte vloer ) 100 % polyester. zowel doek als ook de banden. De banden zijn bestand tegen een trekkracht van \u00a0KG. vocht afstotende en toch ademend materiaal. wasbaar tot 95 graden. bestand tegen 105 graden voor een periode van 5 minuten. ( thermische reiniging). Met de standaard desinfecteer middelen te reinigen. CE gecertificeerd volgens DIN EN 1865. belastbaar tot 250 KG.  Voor meer informatie neemt u vrijblijvend contact met ons op.  Wij verzorgen tevens gebruikers trainingen met het Evatex evacuatiedoek voor uw personeel.\" \/>\n<meta property=\"og:url\" content=\"https:\/\/www.evakuierungsstuhl.de\/de\/produkt\/evatex-evacuation-sheet-vario-standardgrose-evacuation-cloth-90-x-200-cm-rot\/\" \/>\n<meta property=\"og:site_name\" content=\"Evacuatieexpert\" \/>\n<meta property=\"article:modified_time\" content=\"2025-11-29T17:20:40+00:00\" \/>\n<meta property=\"og:image\" content=\"https:\/\/www.evakuierungsstuhl.de\/wp-content\/uploads\/2024\/05\/20221107_121928-1.jpg\" \/>\n\t<meta property=\"og:image:width\" content=\"267\" \/>\n\t<meta property=\"og:image:height\" content=\"200\" \/>\n\t<meta property=\"og:image:type\" content=\"image\/jpeg\" \/>\n<meta name=\"twitter:card\" content=\"summary_large_image\" \/>\n<meta name=\"twitter:label1\" content=\"Gesch\u00e4tzte Lesezeit\" \/>\n\t<meta name=\"twitter:data1\" content=\"1\u00a0Minute\" \/>\n<script type=\"application\/ld+json\" class=\"yoast-schema-graph\">{\"@context\":\"https:\/\/schema.org\",\"@graph\":[{\"@type\":\"WebPage\",\"@id\":\"https:\/\/www.evakuierungsstuhl.de\/product\/evatex-evacuatiesheet-vario-standaardmaat-evacuatiedoek-90-x-200-cm-rood\/\",\"url\":\"https:\/\/www.evakuierungsstuhl.de\/product\/evatex-evacuatiesheet-vario-standaardmaat-evacuatiedoek-90-x-200-cm-rood\/\",\"name\":\"Evatex evacuatiesheet vario standaardmaat evacuatiedoek 90 x 200 cm Rood - Evacuatieexpert\",\"isPartOf\":{\"@id\":\"https:\/\/www.evakuierungsstuhl.de\/#website\"},\"primaryImageOfPage\":{\"@id\":\"https:\/\/www.evakuierungsstuhl.de\/product\/evatex-evacuatiesheet-vario-standaardmaat-evacuatiedoek-90-x-200-cm-rood\/#primaryimage\"},\"image\":{\"@id\":\"https:\/\/www.evakuierungsstuhl.de\/product\/evatex-evacuatiesheet-vario-standaardmaat-evacuatiedoek-90-x-200-cm-rood\/#primaryimage\"},\"thumbnailUrl\":\"https:\/\/www.evakuierungsstuhl.de\/wp-content\/uploads\/2024\/05\/20221107_121928-1.jpg\",\"datePublished\":\"2024-05-29T11:23:21+00:00\",\"dateModified\":\"2025-11-29T17:20:40+00:00\",\"breadcrumb\":{\"@id\":\"https:\/\/www.evakuierungsstuhl.de\/product\/evatex-evacuatiesheet-vario-standaardmaat-evacuatiedoek-90-x-200-cm-rood\/#breadcrumb\"},\"inLanguage\":\"de\",\"potentialAction\":[{\"@type\":\"ReadAction\",\"target\":[\"https:\/\/www.evakuierungsstuhl.de\/product\/evatex-evacuatiesheet-vario-standaardmaat-evacuatiedoek-90-x-200-cm-rood\/\"]}]},{\"@type\":\"ImageObject\",\"inLanguage\":\"de\",\"@id\":\"https:\/\/www.evakuierungsstuhl.de\/product\/evatex-evacuatiesheet-vario-standaardmaat-evacuatiedoek-90-x-200-cm-rood\/#primaryimage\",\"url\":\"https:\/\/www.evakuierungsstuhl.de\/wp-content\/uploads\/2024\/05\/20221107_121928-1.jpg\",\"contentUrl\":\"https:\/\/www.evakuierungsstuhl.de\/wp-content\/uploads\/2024\/05\/20221107_121928-1.jpg\",\"width\":267,\"height\":200},{\"@type\":\"BreadcrumbList\",\"@id\":\"https:\/\/www.evakuierungsstuhl.de\/product\/evatex-evacuatiesheet-vario-standaardmaat-evacuatiedoek-90-x-200-cm-rood\/#breadcrumb\",\"itemListElement\":[{\"@type\":\"ListItem\",\"position\":1,\"name\":\"Home\",\"item\":\"https:\/\/www.evakuierungsstuhl.de\/\"},{\"@type\":\"ListItem\",\"position\":2,\"name\":\"Winkel\",\"item\":\"https:\/\/www.evakuierungsstuhl.de\/winkel\/\"},{\"@type\":\"ListItem\",\"position\":3,\"name\":\"Evatex evacuatiesheet vario standaardmaat evacuatiedoek 90 x 200 cm Rood\"}]},{\"@type\":\"WebSite\",\"@id\":\"https:\/\/www.evakuierungsstuhl.de\/#website\",\"url\":\"https:\/\/www.evakuierungsstuhl.de\/\",\"name\":\"Evacuatieexpert\",\"description\":\"De expert in evacuatie\",\"potentialAction\":[{\"@type\":\"SearchAction\",\"target\":{\"@type\":\"EntryPoint\",\"urlTemplate\":\"https:\/\/www.evakuierungsstuhl.de\/?s={search_term_string}\"},\"query-input\":{\"@type\":\"PropertyValueSpecification\",\"valueRequired\":true,\"valueName\":\"search_term_string\"}}],\"inLanguage\":\"de\"}]}<\/script>\n<!-- \/ Yoast SEO plugin. -->","yoast_head_json":{"title":"Evatex Evakuierungstuch vario Standardgr\u00f6\u00dfe Evakuierungstuch 90 x 200 cm Rot - Evacuation Expert","robots":{"index":"index","follow":"follow","max-snippet":"max-snippet:-1","max-image-preview":"max-image-preview:large","max-video-preview":"max-video-preview:-1"},"canonical":"https:\/\/www.evakuierungsstuhl.de\/de\/produkt\/evatex-evacuation-sheet-vario-standardgrose-evacuation-cloth-90-x-200-cm-rot\/","og_locale":"de_DE","og_type":"article","og_title":"Evatex evacuatiesheet vario standaardmaat evacuatiedoek 90 x 200 cm Rood - Evacuatieexpert","og_description":"Evatex evacuatiedoek, Model Vario standaardmaat  De productdetails in \u00e9\u00e9n oog opslag.  Ligt permanent tussen het bed en de matras. Wordt als sleepdoek ingezet. Is voor alle bed modellen en verzorgings- matrassen geschikt. Door de verstelbare hoekbanden voor elke matras dikte geschikt. Kan door 1 persoon veilig bedient worden. Het materiaal zorgt ervoor dat het doek zeer gemakkelijk glijd. ( ook op een natte vloer ) 100 % polyester. zowel doek als ook de banden. De banden zijn bestand tegen een trekkracht van \u00a0KG. vocht afstotende en toch ademend materiaal. wasbaar tot 95 graden. bestand tegen 105 graden voor een periode van 5 minuten. ( thermische reiniging). Met de standaard desinfecteer middelen te reinigen. CE gecertificeerd volgens DIN EN 1865. belastbaar tot 250 KG.  Voor meer informatie neemt u vrijblijvend contact met ons op.  Wij verzorgen tevens gebruikers trainingen met het Evatex evacuatiedoek voor uw personeel.","og_url":"https:\/\/www.evakuierungsstuhl.de\/de\/produkt\/evatex-evacuation-sheet-vario-standardgrose-evacuation-cloth-90-x-200-cm-rot\/","og_site_name":"Evacuatieexpert","article_modified_time":"2025-11-29T17:20:40+00:00","og_image":[{"width":267,"height":200,"url":"https:\/\/www.evakuierungsstuhl.de\/wp-content\/uploads\/2024\/05\/20221107_121928-1.jpg","type":"image\/jpeg"}],"twitter_card":"summary_large_image","twitter_misc":{"Gesch\u00e4tzte Lesezeit":"1\u00a0Minute"},"schema":{"@context":"https:\/\/schema.org","@graph":[{"@type":"WebPage","@id":"https:\/\/www.evakuierungsstuhl.de\/product\/evatex-evacuatiesheet-vario-standaardmaat-evacuatiedoek-90-x-200-cm-rood\/","url":"https:\/\/www.evakuierungsstuhl.de\/product\/evatex-evacuatiesheet-vario-standaardmaat-evacuatiedoek-90-x-200-cm-rood\/","name":"Evatex Evakuierungstuch vario Standardgr\u00f6\u00dfe Evakuierungstuch 90 x 200 cm Rot - Evacuation Expert","isPartOf":{"@id":"https:\/\/www.evakuierungsstuhl.de\/#website"},"primaryImageOfPage":{"@id":"https:\/\/www.evakuierungsstuhl.de\/product\/evatex-evacuatiesheet-vario-standaardmaat-evacuatiedoek-90-x-200-cm-rood\/#primaryimage"},"image":{"@id":"https:\/\/www.evakuierungsstuhl.de\/product\/evatex-evacuatiesheet-vario-standaardmaat-evacuatiedoek-90-x-200-cm-rood\/#primaryimage"},"thumbnailUrl":"https:\/\/www.evakuierungsstuhl.de\/wp-content\/uploads\/2024\/05\/20221107_121928-1.jpg","datePublished":"2024-05-29T11:23:21+00:00","dateModified":"2025-11-29T17:20:40+00:00","breadcrumb":{"@id":"https:\/\/www.evakuierungsstuhl.de\/product\/evatex-evacuatiesheet-vario-standaardmaat-evacuatiedoek-90-x-200-cm-rood\/#breadcrumb"},"inLanguage":"de","potentialAction":[{"@type":"ReadAction","target":["https:\/\/www.evakuierungsstuhl.de\/product\/evatex-evacuatiesheet-vario-standaardmaat-evacuatiedoek-90-x-200-cm-rood\/"]}]},{"@type":"ImageObject","inLanguage":"de","@id":"https:\/\/www.evakuierungsstuhl.de\/product\/evatex-evacuatiesheet-vario-standaardmaat-evacuatiedoek-90-x-200-cm-rood\/#primaryimage","url":"https:\/\/www.evakuierungsstuhl.de\/wp-content\/uploads\/2024\/05\/20221107_121928-1.jpg","contentUrl":"https:\/\/www.evakuierungsstuhl.de\/wp-content\/uploads\/2024\/05\/20221107_121928-1.jpg","width":267,"height":200},{"@type":"BreadcrumbList","@id":"https:\/\/www.evakuierungsstuhl.de\/product\/evatex-evacuatiesheet-vario-standaardmaat-evacuatiedoek-90-x-200-cm-rood\/#breadcrumb","itemListElement":[{"@type":"ListItem","position":1,"name":"Home","item":"https:\/\/www.evakuierungsstuhl.de\/"},{"@type":"ListItem","position":2,"name":"Winkel","item":"https:\/\/www.evakuierungsstuhl.de\/winkel\/"},{"@type":"ListItem","position":3,"name":"Evatex evacuatiesheet vario standaardmaat evacuatiedoek 90 x 200 cm Rood"}]},{"@type":"WebSite","@id":"https:\/\/www.evakuierungsstuhl.de\/#website","url":"https:\/\/www.evakuierungsstuhl.de\/","name":"Experte f\u00fcr Evakuierung","description":"Der Experte f\u00fcr Evakuierung","potentialAction":[{"@type":"SearchAction","target":{"@type":"EntryPoint","urlTemplate":"https:\/\/www.evakuierungsstuhl.de\/?s={search_term_string}"},"query-input":{"@type":"PropertyValueSpecification","valueRequired":true,"valueName":"search_term_string"}}],"inLanguage":"de"}]}},"_links":{"self":[{"href":"https:\/\/www.evakuierungsstuhl.de\/de\/wp-json\/wp\/v2\/product\/839","targetHints":{"allow":["GET"]}}],"collection":[{"href":"https:\/\/www.evakuierungsstuhl.de\/de\/wp-json\/wp\/v2\/product"}],"about":[{"href":"https:\/\/www.evakuierungsstuhl.de\/de\/wp-json\/wp\/v2\/types\/product"}],"replies":[{"embeddable":true,"href":"https:\/\/www.evakuierungsstuhl.de\/de\/wp-json\/wp\/v2\/comments?post=839"}],"version-history":[{"count":1,"href":"https:\/\/www.evakuierungsstuhl.de\/de\/wp-json\/wp\/v2\/product\/839\/revisions"}],"predecessor-version":[{"id":1903,"href":"https:\/\/www.evakuierungsstuhl.de\/de\/wp-json\/wp\/v2\/product\/839\/revisions\/1903"}],"wp:featuredmedia":[{"embeddable":true,"href":"https:\/\/www.evakuierungsstuhl.de\/de\/wp-json\/wp\/v2\/media\/840"}],"wp:attachment":[{"href":"https:\/\/www.evakuierungsstuhl.de\/de\/wp-json\/wp\/v2\/media?parent=839"}],"wp:term":[{"taxonomy":"product_brand","embeddable":true,"href":"https:\/\/www.evakuierungsstuhl.de\/de\/wp-json\/wp\/v2\/product_brand?post=839"},{"taxonomy":"product_cat","embeddable":true,"href":"https:\/\/www.evakuierungsstuhl.de\/de\/wp-json\/wp\/v2\/product_cat?post=839"},{"taxonomy":"product_tag","embeddable":true,"href":"https:\/\/www.evakuierungsstuhl.de\/de\/wp-json\/wp\/v2\/product_tag?post=839"}],"curies":[{"name":"wp","href":"https:\/\/api.w.org\/{rel}","templated":true}]}}