{"id":826,"date":"2024-05-29T11:11:17","date_gmt":"2024-05-29T11:11:17","guid":{"rendered":"https:\/\/www.evakuierungsstuhl.de\/?post_type=product&#038;p=826"},"modified":"2025-11-29T18:21:12","modified_gmt":"2025-11-29T17:21:12","slug":"zusatzliches-ruckenstutzkissen-evakuierungsstuhl","status":"publish","type":"product","link":"https:\/\/www.evakuierungsstuhl.de\/de\/product\/extra-rugondersteunings-kussen-evacuatiestoel\/","title":{"rendered":"Zus\u00e4tzliches R\u00fcckenst\u00fctzkissen Evakuierungsstuhl"},"content":{"rendered":"<p>Spezielles R\u00fcckenkissen f\u00fcr die Verwendung im Escape-Chair.<\/p>\n<p>Entwickelt f\u00fcr Personen, die mit wenig oder gar keinem Gegendruck umgehen k\u00f6nnen.<\/p>","protected":false},"excerpt":{"rendered":"<p>Spezielles R\u00fcckenkissen f\u00fcr die Verwendung im Escape-Chair.<\/p>\n<p>Entwickelt f\u00fcr Personen, die mit wenig oder gar keinem Gegendruck umgehen k\u00f6nnen.<\/p>","protected":false},"featured_media":828,"comment_status":"closed","ping_status":"closed","template":"","meta":{"_acf_changed":false},"product_brand":[],"product_cat":[28,24],"product_tag":[],"class_list":{"0":"post-826","1":"product","2":"type-product","3":"status-publish","4":"has-post-thumbnail","6":"product_cat-accessoires-bhv","7":"product_cat-evacuatiestoelen","9":"first","10":"instock","11":"taxable","12":"shipping-taxable","13":"purchasable","14":"product-type-simple"},"acf":[],"yoast_head":"<!-- This site is optimized with the Yoast SEO plugin v27.2 - https:\/\/yoast.com\/product\/yoast-seo-wordpress\/ -->\n<title>Extra rugondersteunings kussen evacuatiestoel - Evacuatieexpert<\/title>\n<meta name=\"robots\" content=\"index, follow, max-snippet:-1, max-image-preview:large, max-video-preview:-1\" \/>\n<link rel=\"canonical\" href=\"https:\/\/www.evakuierungsstuhl.de\/de\/produkt\/zusatzliches-ruckenstutzkissen-evakuierungsstuhl\/\" \/>\n<meta property=\"og:locale\" content=\"de_DE\" \/>\n<meta property=\"og:type\" content=\"article\" \/>\n<meta property=\"og:title\" content=\"Extra rugondersteunings kussen evacuatiestoel - Evacuatieexpert\" \/>\n<meta property=\"og:description\" content=\"Speciaal rugkussen voor gebruik in de Escape-Chair.  Ontwikkeld voor personen die geen of weinig druk op de rug aan kunnen.\" \/>\n<meta property=\"og:url\" content=\"https:\/\/www.evakuierungsstuhl.de\/de\/produkt\/zusatzliches-ruckenstutzkissen-evakuierungsstuhl\/\" \/>\n<meta property=\"og:site_name\" content=\"Evacuatieexpert\" \/>\n<meta property=\"article:modified_time\" content=\"2025-11-29T17:21:12+00:00\" \/>\n<meta property=\"og:image\" content=\"https:\/\/www.evakuierungsstuhl.de\/wp-content\/uploads\/2024\/05\/EscapeBackrest550x700-300x300-1.jpg\" \/>\n\t<meta property=\"og:image:width\" content=\"300\" \/>\n\t<meta property=\"og:image:height\" content=\"300\" \/>\n\t<meta property=\"og:image:type\" content=\"image\/jpeg\" \/>\n<meta name=\"twitter:card\" content=\"summary_large_image\" \/>\n<script type=\"application\/ld+json\" class=\"yoast-schema-graph\">{\"@context\":\"https:\/\/schema.org\",\"@graph\":[{\"@type\":\"WebPage\",\"@id\":\"https:\/\/www.evakuierungsstuhl.de\/product\/extra-rugondersteunings-kussen-evacuatiestoel\/\",\"url\":\"https:\/\/www.evakuierungsstuhl.de\/product\/extra-rugondersteunings-kussen-evacuatiestoel\/\",\"name\":\"Extra rugondersteunings kussen evacuatiestoel - Evacuatieexpert\",\"isPartOf\":{\"@id\":\"https:\/\/www.evakuierungsstuhl.de\/#website\"},\"primaryImageOfPage\":{\"@id\":\"https:\/\/www.evakuierungsstuhl.de\/product\/extra-rugondersteunings-kussen-evacuatiestoel\/#primaryimage\"},\"image\":{\"@id\":\"https:\/\/www.evakuierungsstuhl.de\/product\/extra-rugondersteunings-kussen-evacuatiestoel\/#primaryimage\"},\"thumbnailUrl\":\"https:\/\/www.evakuierungsstuhl.de\/wp-content\/uploads\/2024\/05\/EscapeBackrest550x700-300x300-1.jpg\",\"datePublished\":\"2024-05-29T11:11:17+00:00\",\"dateModified\":\"2025-11-29T17:21:12+00:00\",\"breadcrumb\":{\"@id\":\"https:\/\/www.evakuierungsstuhl.de\/product\/extra-rugondersteunings-kussen-evacuatiestoel\/#breadcrumb\"},\"inLanguage\":\"de\",\"potentialAction\":[{\"@type\":\"ReadAction\",\"target\":[\"https:\/\/www.evakuierungsstuhl.de\/product\/extra-rugondersteunings-kussen-evacuatiestoel\/\"]}]},{\"@type\":\"ImageObject\",\"inLanguage\":\"de\",\"@id\":\"https:\/\/www.evakuierungsstuhl.de\/product\/extra-rugondersteunings-kussen-evacuatiestoel\/#primaryimage\",\"url\":\"https:\/\/www.evakuierungsstuhl.de\/wp-content\/uploads\/2024\/05\/EscapeBackrest550x700-300x300-1.jpg\",\"contentUrl\":\"https:\/\/www.evakuierungsstuhl.de\/wp-content\/uploads\/2024\/05\/EscapeBackrest550x700-300x300-1.jpg\",\"width\":300,\"height\":300},{\"@type\":\"BreadcrumbList\",\"@id\":\"https:\/\/www.evakuierungsstuhl.de\/product\/extra-rugondersteunings-kussen-evacuatiestoel\/#breadcrumb\",\"itemListElement\":[{\"@type\":\"ListItem\",\"position\":1,\"name\":\"Home\",\"item\":\"https:\/\/www.evakuierungsstuhl.de\/\"},{\"@type\":\"ListItem\",\"position\":2,\"name\":\"Winkel\",\"item\":\"https:\/\/www.evakuierungsstuhl.de\/winkel\/\"},{\"@type\":\"ListItem\",\"position\":3,\"name\":\"Extra rugondersteunings kussen evacuatiestoel\"}]},{\"@type\":\"WebSite\",\"@id\":\"https:\/\/www.evakuierungsstuhl.de\/#website\",\"url\":\"https:\/\/www.evakuierungsstuhl.de\/\",\"name\":\"Evacuatieexpert\",\"description\":\"De expert in evacuatie\",\"potentialAction\":[{\"@type\":\"SearchAction\",\"target\":{\"@type\":\"EntryPoint\",\"urlTemplate\":\"https:\/\/www.evakuierungsstuhl.de\/?s={search_term_string}\"},\"query-input\":{\"@type\":\"PropertyValueSpecification\",\"valueRequired\":true,\"valueName\":\"search_term_string\"}}],\"inLanguage\":\"de\"}]}<\/script>\n<!-- \/ Yoast SEO plugin. -->","yoast_head_json":{"title":"Zus\u00e4tzliches R\u00fcckenst\u00fctzkissen Evakuierungsstuhl - Evacuation Expert","robots":{"index":"index","follow":"follow","max-snippet":"max-snippet:-1","max-image-preview":"max-image-preview:large","max-video-preview":"max-video-preview:-1"},"canonical":"https:\/\/www.evakuierungsstuhl.de\/de\/produkt\/zusatzliches-ruckenstutzkissen-evakuierungsstuhl\/","og_locale":"de_DE","og_type":"article","og_title":"Extra rugondersteunings kussen evacuatiestoel - Evacuatieexpert","og_description":"Speciaal rugkussen voor gebruik in de Escape-Chair.  Ontwikkeld voor personen die geen of weinig druk op de rug aan kunnen.","og_url":"https:\/\/www.evakuierungsstuhl.de\/de\/produkt\/zusatzliches-ruckenstutzkissen-evakuierungsstuhl\/","og_site_name":"Evacuatieexpert","article_modified_time":"2025-11-29T17:21:12+00:00","og_image":[{"width":300,"height":300,"url":"https:\/\/www.evakuierungsstuhl.de\/wp-content\/uploads\/2024\/05\/EscapeBackrest550x700-300x300-1.jpg","type":"image\/jpeg"}],"twitter_card":"summary_large_image","schema":{"@context":"https:\/\/schema.org","@graph":[{"@type":"WebPage","@id":"https:\/\/www.evakuierungsstuhl.de\/product\/extra-rugondersteunings-kussen-evacuatiestoel\/","url":"https:\/\/www.evakuierungsstuhl.de\/product\/extra-rugondersteunings-kussen-evacuatiestoel\/","name":"Zus\u00e4tzliches R\u00fcckenst\u00fctzkissen Evakuierungsstuhl - Evacuation Expert","isPartOf":{"@id":"https:\/\/www.evakuierungsstuhl.de\/#website"},"primaryImageOfPage":{"@id":"https:\/\/www.evakuierungsstuhl.de\/product\/extra-rugondersteunings-kussen-evacuatiestoel\/#primaryimage"},"image":{"@id":"https:\/\/www.evakuierungsstuhl.de\/product\/extra-rugondersteunings-kussen-evacuatiestoel\/#primaryimage"},"thumbnailUrl":"https:\/\/www.evakuierungsstuhl.de\/wp-content\/uploads\/2024\/05\/EscapeBackrest550x700-300x300-1.jpg","datePublished":"2024-05-29T11:11:17+00:00","dateModified":"2025-11-29T17:21:12+00:00","breadcrumb":{"@id":"https:\/\/www.evakuierungsstuhl.de\/product\/extra-rugondersteunings-kussen-evacuatiestoel\/#breadcrumb"},"inLanguage":"de","potentialAction":[{"@type":"ReadAction","target":["https:\/\/www.evakuierungsstuhl.de\/product\/extra-rugondersteunings-kussen-evacuatiestoel\/"]}]},{"@type":"ImageObject","inLanguage":"de","@id":"https:\/\/www.evakuierungsstuhl.de\/product\/extra-rugondersteunings-kussen-evacuatiestoel\/#primaryimage","url":"https:\/\/www.evakuierungsstuhl.de\/wp-content\/uploads\/2024\/05\/EscapeBackrest550x700-300x300-1.jpg","contentUrl":"https:\/\/www.evakuierungsstuhl.de\/wp-content\/uploads\/2024\/05\/EscapeBackrest550x700-300x300-1.jpg","width":300,"height":300},{"@type":"BreadcrumbList","@id":"https:\/\/www.evakuierungsstuhl.de\/product\/extra-rugondersteunings-kussen-evacuatiestoel\/#breadcrumb","itemListElement":[{"@type":"ListItem","position":1,"name":"Home","item":"https:\/\/www.evakuierungsstuhl.de\/"},{"@type":"ListItem","position":2,"name":"Winkel","item":"https:\/\/www.evakuierungsstuhl.de\/winkel\/"},{"@type":"ListItem","position":3,"name":"Extra rugondersteunings kussen evacuatiestoel"}]},{"@type":"WebSite","@id":"https:\/\/www.evakuierungsstuhl.de\/#website","url":"https:\/\/www.evakuierungsstuhl.de\/","name":"Experte f\u00fcr Evakuierung","description":"Der Experte f\u00fcr Evakuierung","potentialAction":[{"@type":"SearchAction","target":{"@type":"EntryPoint","urlTemplate":"https:\/\/www.evakuierungsstuhl.de\/?s={search_term_string}"},"query-input":{"@type":"PropertyValueSpecification","valueRequired":true,"valueName":"search_term_string"}}],"inLanguage":"de"}]}},"_links":{"self":[{"href":"https:\/\/www.evakuierungsstuhl.de\/de\/wp-json\/wp\/v2\/product\/826","targetHints":{"allow":["GET"]}}],"collection":[{"href":"https:\/\/www.evakuierungsstuhl.de\/de\/wp-json\/wp\/v2\/product"}],"about":[{"href":"https:\/\/www.evakuierungsstuhl.de\/de\/wp-json\/wp\/v2\/types\/product"}],"replies":[{"embeddable":true,"href":"https:\/\/www.evakuierungsstuhl.de\/de\/wp-json\/wp\/v2\/comments?post=826"}],"version-history":[{"count":1,"href":"https:\/\/www.evakuierungsstuhl.de\/de\/wp-json\/wp\/v2\/product\/826\/revisions"}],"predecessor-version":[{"id":1905,"href":"https:\/\/www.evakuierungsstuhl.de\/de\/wp-json\/wp\/v2\/product\/826\/revisions\/1905"}],"wp:featuredmedia":[{"embeddable":true,"href":"https:\/\/www.evakuierungsstuhl.de\/de\/wp-json\/wp\/v2\/media\/828"}],"wp:attachment":[{"href":"https:\/\/www.evakuierungsstuhl.de\/de\/wp-json\/wp\/v2\/media?parent=826"}],"wp:term":[{"taxonomy":"product_brand","embeddable":true,"href":"https:\/\/www.evakuierungsstuhl.de\/de\/wp-json\/wp\/v2\/product_brand?post=826"},{"taxonomy":"product_cat","embeddable":true,"href":"https:\/\/www.evakuierungsstuhl.de\/de\/wp-json\/wp\/v2\/product_cat?post=826"},{"taxonomy":"product_tag","embeddable":true,"href":"https:\/\/www.evakuierungsstuhl.de\/de\/wp-json\/wp\/v2\/product_tag?post=826"}],"curies":[{"name":"wp","href":"https:\/\/api.w.org\/{rel}","templated":true}]}}