{"id":706,"date":"2024-05-27T11:21:19","date_gmt":"2024-05-27T11:21:19","guid":{"rendered":"https:\/\/www.evakuierungsstuhl.de\/?post_type=product&#038;p=706"},"modified":"2024-05-29T10:44:23","modified_gmt":"2024-05-29T10:44:23","slug":"der-spencer-pro-skid-e-evakuierungsstuhl","status":"publish","type":"product","link":"https:\/\/www.evakuierungsstuhl.de\/de\/product\/de-spencer-pro-skid-e-evacuatiestoel\/","title":{"rendered":"Der Evakuierungsstuhl Spencer PRO SKID-E"},"content":{"rendered":"<p>Der Evakuierungsstuhl Pro Skid-E ist leicht und robust zugleich und verf\u00fcgt \u00fcber zwei ausziehbare Doppelgriffe an der Vorder- und R\u00fcckseite,<\/p>\n<p>Er eignet sich zum Treppensteigen und -gehen.<\/p>\n<p>4 R\u00e4der erm\u00f6glichen die Bewegung auf ebenen Fl\u00e4chen.<\/p>\n<p>Der polierte Aluminiumrahmen reduziert das Gewicht des Stuhls, erh\u00f6ht aber seine Haltbarkeit.<br \/>\nSelbstbremsende Gleitb\u00e4nder sorgen f\u00fcr leichte Bewegung und Kontrolle beim Hinabsteigen von Treppen.<br \/>\nVerl\u00e4ngerungsgriff mit mehreren H\u00f6hen verbessert den Halt beim Abstieg.<br \/>\nDie 4 R\u00e4der erm\u00f6glichen auch die Handhabung auf ebenen Fl\u00e4chen.<br \/>\n\u00d8200 mm gro\u00dfe Hinterr\u00e4der reduzieren die Reibung und erh\u00f6hen die Laufruhe auf jedem Untergrund.<br \/>\nAusgestattet mit vorderen Lenkrollen \u00d8100 mm mit Bremse.<br \/>\nVerstellbarer, verst\u00e4rkter Sitz aus PVC-Gewebe, das leicht zu reinigen ist.<br \/>\nDie Fu\u00dfst\u00fctze sorgt f\u00fcr mehr Stabilit\u00e4t und verbessert die Blutzirkulation des Patienten.<br \/>\nDer Pro Skid-E hat eine erh\u00f6hte Tragf\u00e4higkeit von bis zu 250 kg.<br \/>\nAuf der R\u00fcckseite der Kopfst\u00fctze befinden sich klare grafische Anweisungen.<br \/>\nGeringere Abmessungen f\u00fcr die Lagerung.<br \/>\nErh\u00e4ltlich mit Gestellfarbe chrom oder gelb<br \/>\nH\u00f6he mit ausgeklappter R\u00fcckenlehne :1600mm<br \/>\nH\u00f6he mit eingezogener R\u00fcckenlehne :1070mm<br \/>\nL\u00e4nge mit eingefahrenen Griffen :1110mm<br \/>\nL\u00e4nge mit ausgefahrenen Griffen :1450mm<br \/>\nBreite :550mm<br \/>\nDicke gefaltet :330mm<br \/>\nGewicht: 14,2 kg<br \/>\nRahmenfarbe :Gelb<br \/>\nSeit mehr als 35 Jahren stellt Spencer Produkte her, die u. a. Rettungskr\u00e4ften und Sicherheitsexperten helfen, ihre t\u00e4glichen Aufgaben effizient und sicher zu erf\u00fcllen.<\/p>","protected":false},"excerpt":{"rendered":"<p>Der Pro Skid-E ist leicht und robust zugleich. Er verf\u00fcgt \u00fcber zwei ausziehbare Doppelgriffe an der Vorder- und R\u00fcckseite und eignet sich daher zum Treppensteigen und -fahren. 4 R\u00e4der erm\u00f6glichen die Fortbewegung auf ebenen Fl\u00e4chen.<\/p>\n<p>Der gro\u00dfe Vorteil ist, dass er beim Einsteigen auf 4 R\u00e4dern steht und im Vergleich zu anderen Modellen von Evakuierungsst\u00fchlen sehr stabil ist.<\/p>","protected":false},"featured_media":699,"comment_status":"closed","ping_status":"closed","template":"","meta":{"_acf_changed":false},"product_brand":[],"product_cat":[24],"product_tag":[],"class_list":{"0":"post-706","1":"product","2":"type-product","3":"status-publish","4":"has-post-thumbnail","6":"product_cat-evacuatiestoelen","8":"first","9":"instock","10":"taxable","11":"shipping-taxable","12":"purchasable","13":"product-type-simple"},"acf":[],"yoast_head":"<!-- This site is optimized with the Yoast SEO plugin v27.2 - https:\/\/yoast.com\/product\/yoast-seo-wordpress\/ -->\n<title>De Spencer PRO SKID-E evacuatiestoel - Evacuatieexpert<\/title>\n<meta name=\"robots\" content=\"index, follow, max-snippet:-1, max-image-preview:large, max-video-preview:-1\" \/>\n<link rel=\"canonical\" href=\"https:\/\/www.evakuierungsstuhl.de\/de\/produkt\/der-spencer-pro-skid-e-evakuierungsstuhl\/\" \/>\n<meta property=\"og:locale\" content=\"de_DE\" \/>\n<meta property=\"og:type\" content=\"article\" \/>\n<meta property=\"og:title\" content=\"De Spencer PRO SKID-E evacuatiestoel - Evacuatieexpert\" \/>\n<meta property=\"og:description\" content=\"Pro Skid-E is licht en robuust tegelijk en heeft twee dubbele intrekbare handgrepen aan de voor- en achterkant, waardoor hij geschikt is voor het op- en aflopen van trappen. 4 wielen maken beweging op vlakke oppervlakken mogelijk.  Groot voordeel is dat hij bij het instappen op 4 wielen staat en heel stabiel is ten opzichte van andere modellen evacuatiestoelen.\" \/>\n<meta property=\"og:url\" content=\"https:\/\/www.evakuierungsstuhl.de\/de\/produkt\/der-spencer-pro-skid-e-evakuierungsstuhl\/\" \/>\n<meta property=\"og:site_name\" content=\"Evacuatieexpert\" \/>\n<meta property=\"article:modified_time\" content=\"2024-05-29T10:44:23+00:00\" \/>\n<meta property=\"og:image\" content=\"https:\/\/www.evakuierungsstuhl.de\/wp-content\/uploads\/2024\/04\/SK10001-1-e1682152423973-600x776-1.jpg\" \/>\n\t<meta property=\"og:image:width\" content=\"600\" \/>\n\t<meta property=\"og:image:height\" content=\"776\" \/>\n\t<meta property=\"og:image:type\" content=\"image\/jpeg\" \/>\n<meta name=\"twitter:card\" content=\"summary_large_image\" \/>\n<meta name=\"twitter:label1\" content=\"Gesch\u00e4tzte Lesezeit\" \/>\n\t<meta name=\"twitter:data1\" content=\"1\u00a0Minute\" \/>\n<script type=\"application\/ld+json\" class=\"yoast-schema-graph\">{\"@context\":\"https:\/\/schema.org\",\"@graph\":[{\"@type\":\"WebPage\",\"@id\":\"https:\/\/www.evakuierungsstuhl.de\/product\/de-spencer-pro-skid-e-evacuatiestoel\/\",\"url\":\"https:\/\/www.evakuierungsstuhl.de\/product\/de-spencer-pro-skid-e-evacuatiestoel\/\",\"name\":\"De Spencer PRO SKID-E evacuatiestoel - Evacuatieexpert\",\"isPartOf\":{\"@id\":\"https:\/\/www.evakuierungsstuhl.de\/#website\"},\"primaryImageOfPage\":{\"@id\":\"https:\/\/www.evakuierungsstuhl.de\/product\/de-spencer-pro-skid-e-evacuatiestoel\/#primaryimage\"},\"image\":{\"@id\":\"https:\/\/www.evakuierungsstuhl.de\/product\/de-spencer-pro-skid-e-evacuatiestoel\/#primaryimage\"},\"thumbnailUrl\":\"https:\/\/www.evakuierungsstuhl.de\/wp-content\/uploads\/2024\/04\/SK10001-1-e1682152423973-600x776-1.jpg\",\"datePublished\":\"2024-05-27T11:21:19+00:00\",\"dateModified\":\"2024-05-29T10:44:23+00:00\",\"breadcrumb\":{\"@id\":\"https:\/\/www.evakuierungsstuhl.de\/product\/de-spencer-pro-skid-e-evacuatiestoel\/#breadcrumb\"},\"inLanguage\":\"de\",\"potentialAction\":[{\"@type\":\"ReadAction\",\"target\":[\"https:\/\/www.evakuierungsstuhl.de\/product\/de-spencer-pro-skid-e-evacuatiestoel\/\"]}]},{\"@type\":\"ImageObject\",\"inLanguage\":\"de\",\"@id\":\"https:\/\/www.evakuierungsstuhl.de\/product\/de-spencer-pro-skid-e-evacuatiestoel\/#primaryimage\",\"url\":\"https:\/\/www.evakuierungsstuhl.de\/wp-content\/uploads\/2024\/04\/SK10001-1-e1682152423973-600x776-1.jpg\",\"contentUrl\":\"https:\/\/www.evakuierungsstuhl.de\/wp-content\/uploads\/2024\/04\/SK10001-1-e1682152423973-600x776-1.jpg\",\"width\":600,\"height\":776},{\"@type\":\"BreadcrumbList\",\"@id\":\"https:\/\/www.evakuierungsstuhl.de\/product\/de-spencer-pro-skid-e-evacuatiestoel\/#breadcrumb\",\"itemListElement\":[{\"@type\":\"ListItem\",\"position\":1,\"name\":\"Home\",\"item\":\"https:\/\/www.evakuierungsstuhl.de\/\"},{\"@type\":\"ListItem\",\"position\":2,\"name\":\"Winkel\",\"item\":\"https:\/\/www.evakuierungsstuhl.de\/winkel\/\"},{\"@type\":\"ListItem\",\"position\":3,\"name\":\"De Spencer PRO SKID-E evacuatiestoel\"}]},{\"@type\":\"WebSite\",\"@id\":\"https:\/\/www.evakuierungsstuhl.de\/#website\",\"url\":\"https:\/\/www.evakuierungsstuhl.de\/\",\"name\":\"Evacuatieexpert\",\"description\":\"De expert in evacuatie\",\"potentialAction\":[{\"@type\":\"SearchAction\",\"target\":{\"@type\":\"EntryPoint\",\"urlTemplate\":\"https:\/\/www.evakuierungsstuhl.de\/?s={search_term_string}\"},\"query-input\":{\"@type\":\"PropertyValueSpecification\",\"valueRequired\":true,\"valueName\":\"search_term_string\"}}],\"inLanguage\":\"de\"}]}<\/script>\n<!-- \/ Yoast SEO plugin. -->","yoast_head_json":{"title":"Der Spencer PRO SKID-E Evakuierungsstuhl - Evacuation Expert","robots":{"index":"index","follow":"follow","max-snippet":"max-snippet:-1","max-image-preview":"max-image-preview:large","max-video-preview":"max-video-preview:-1"},"canonical":"https:\/\/www.evakuierungsstuhl.de\/de\/produkt\/der-spencer-pro-skid-e-evakuierungsstuhl\/","og_locale":"de_DE","og_type":"article","og_title":"De Spencer PRO SKID-E evacuatiestoel - Evacuatieexpert","og_description":"Pro Skid-E is licht en robuust tegelijk en heeft twee dubbele intrekbare handgrepen aan de voor- en achterkant, waardoor hij geschikt is voor het op- en aflopen van trappen. 4 wielen maken beweging op vlakke oppervlakken mogelijk.  Groot voordeel is dat hij bij het instappen op 4 wielen staat en heel stabiel is ten opzichte van andere modellen evacuatiestoelen.","og_url":"https:\/\/www.evakuierungsstuhl.de\/de\/produkt\/der-spencer-pro-skid-e-evakuierungsstuhl\/","og_site_name":"Evacuatieexpert","article_modified_time":"2024-05-29T10:44:23+00:00","og_image":[{"width":600,"height":776,"url":"https:\/\/www.evakuierungsstuhl.de\/wp-content\/uploads\/2024\/04\/SK10001-1-e1682152423973-600x776-1.jpg","type":"image\/jpeg"}],"twitter_card":"summary_large_image","twitter_misc":{"Gesch\u00e4tzte Lesezeit":"1\u00a0Minute"},"schema":{"@context":"https:\/\/schema.org","@graph":[{"@type":"WebPage","@id":"https:\/\/www.evakuierungsstuhl.de\/product\/de-spencer-pro-skid-e-evacuatiestoel\/","url":"https:\/\/www.evakuierungsstuhl.de\/product\/de-spencer-pro-skid-e-evacuatiestoel\/","name":"Der Spencer PRO SKID-E Evakuierungsstuhl - Evacuation Expert","isPartOf":{"@id":"https:\/\/www.evakuierungsstuhl.de\/#website"},"primaryImageOfPage":{"@id":"https:\/\/www.evakuierungsstuhl.de\/product\/de-spencer-pro-skid-e-evacuatiestoel\/#primaryimage"},"image":{"@id":"https:\/\/www.evakuierungsstuhl.de\/product\/de-spencer-pro-skid-e-evacuatiestoel\/#primaryimage"},"thumbnailUrl":"https:\/\/www.evakuierungsstuhl.de\/wp-content\/uploads\/2024\/04\/SK10001-1-e1682152423973-600x776-1.jpg","datePublished":"2024-05-27T11:21:19+00:00","dateModified":"2024-05-29T10:44:23+00:00","breadcrumb":{"@id":"https:\/\/www.evakuierungsstuhl.de\/product\/de-spencer-pro-skid-e-evacuatiestoel\/#breadcrumb"},"inLanguage":"de","potentialAction":[{"@type":"ReadAction","target":["https:\/\/www.evakuierungsstuhl.de\/product\/de-spencer-pro-skid-e-evacuatiestoel\/"]}]},{"@type":"ImageObject","inLanguage":"de","@id":"https:\/\/www.evakuierungsstuhl.de\/product\/de-spencer-pro-skid-e-evacuatiestoel\/#primaryimage","url":"https:\/\/www.evakuierungsstuhl.de\/wp-content\/uploads\/2024\/04\/SK10001-1-e1682152423973-600x776-1.jpg","contentUrl":"https:\/\/www.evakuierungsstuhl.de\/wp-content\/uploads\/2024\/04\/SK10001-1-e1682152423973-600x776-1.jpg","width":600,"height":776},{"@type":"BreadcrumbList","@id":"https:\/\/www.evakuierungsstuhl.de\/product\/de-spencer-pro-skid-e-evacuatiestoel\/#breadcrumb","itemListElement":[{"@type":"ListItem","position":1,"name":"Home","item":"https:\/\/www.evakuierungsstuhl.de\/"},{"@type":"ListItem","position":2,"name":"Winkel","item":"https:\/\/www.evakuierungsstuhl.de\/winkel\/"},{"@type":"ListItem","position":3,"name":"De Spencer PRO SKID-E evacuatiestoel"}]},{"@type":"WebSite","@id":"https:\/\/www.evakuierungsstuhl.de\/#website","url":"https:\/\/www.evakuierungsstuhl.de\/","name":"Experte f\u00fcr Evakuierung","description":"Der Experte f\u00fcr Evakuierung","potentialAction":[{"@type":"SearchAction","target":{"@type":"EntryPoint","urlTemplate":"https:\/\/www.evakuierungsstuhl.de\/?s={search_term_string}"},"query-input":{"@type":"PropertyValueSpecification","valueRequired":true,"valueName":"search_term_string"}}],"inLanguage":"de"}]}},"_links":{"self":[{"href":"https:\/\/www.evakuierungsstuhl.de\/de\/wp-json\/wp\/v2\/product\/706","targetHints":{"allow":["GET"]}}],"collection":[{"href":"https:\/\/www.evakuierungsstuhl.de\/de\/wp-json\/wp\/v2\/product"}],"about":[{"href":"https:\/\/www.evakuierungsstuhl.de\/de\/wp-json\/wp\/v2\/types\/product"}],"replies":[{"embeddable":true,"href":"https:\/\/www.evakuierungsstuhl.de\/de\/wp-json\/wp\/v2\/comments?post=706"}],"version-history":[{"count":0,"href":"https:\/\/www.evakuierungsstuhl.de\/de\/wp-json\/wp\/v2\/product\/706\/revisions"}],"wp:featuredmedia":[{"embeddable":true,"href":"https:\/\/www.evakuierungsstuhl.de\/de\/wp-json\/wp\/v2\/media\/699"}],"wp:attachment":[{"href":"https:\/\/www.evakuierungsstuhl.de\/de\/wp-json\/wp\/v2\/media?parent=706"}],"wp:term":[{"taxonomy":"product_brand","embeddable":true,"href":"https:\/\/www.evakuierungsstuhl.de\/de\/wp-json\/wp\/v2\/product_brand?post=706"},{"taxonomy":"product_cat","embeddable":true,"href":"https:\/\/www.evakuierungsstuhl.de\/de\/wp-json\/wp\/v2\/product_cat?post=706"},{"taxonomy":"product_tag","embeddable":true,"href":"https:\/\/www.evakuierungsstuhl.de\/de\/wp-json\/wp\/v2\/product_tag?post=706"}],"curies":[{"name":"wp","href":"https:\/\/api.w.org\/{rel}","templated":true}]}}