{"id":2020,"date":"2026-04-16T13:06:35","date_gmt":"2026-04-16T12:06:35","guid":{"rendered":"https:\/\/www.evakuierungsstuhl.de\/?post_type=product&#038;p=2020"},"modified":"2026-04-16T13:40:10","modified_gmt":"2026-04-16T12:40:10","slug":"evakuierungsstuhl-everest-2-0-akku","status":"publish","type":"product","link":"https:\/\/www.evakuierungsstuhl.de\/de\/product\/evacuatiestoel-everest-2-0-accu\/","title":{"rendered":"Evakuierungsstuhl, akkubetrieben, Everest 2.0"},"content":{"rendered":"<p>M\u00f6chten Sie unabh\u00e4ngige Beratung oder eine kostenlose Vorf\u00fchrung?<\/p>\n<p>Einen Termin vereinbaren?<\/p>\n<p>Der De Everest 2.0 akkubetriebene Evakuierungsstuhl, Ensafe, ist eine ideale L\u00f6sung f\u00fcr den Transport von Menschen mit eingeschr\u00e4nkter Mobilit\u00e4t. Er erm\u00f6glicht es einer Person, eine andere Person im Notfall oder wenn der Aufzug nicht benutzt werden kann, sicher und einfach \u00fcber Treppen zu transportieren.<br \/>\nDer Everest 2.0 Evakuierungsstuhl erm\u00f6glicht auch Transporte \u00fcber Treppen und \u00fcber Hindernisse.<\/p>\n<p>Auch sehr geeignet f\u00fcr Standorte, wo kein Aufzug vorhanden ist.<\/p>\n<p>Sehr einfach zu bedienen.<\/p>\n<p>Extra Sicherheit durch die zus\u00e4tzliche Strebe an der Unterseite. Diese Strebe verhindert gef\u00e4hrliche Situationen beim Bewegen zur Treppe.<\/p>\n<p>Eigenschaften<\/p>\n<div class=\"row\">\n<div class=\"col-lg-10 offset-lg-1\">\n<div class=\"row pt-6\">\n<div class=\"col-sm-6\">\n<ol class=\"product-features-ol\">\n<li>Ausziehbarer, mit einer Hand verstellbarer Teleskop-Bedienungsgriff.<br \/>\nDank dieser L\u00f6sung k\u00f6nnen Sie den Griff ganz einfach auf die gew\u00fcnschte H\u00f6he ausfahren.<\/li>\n<li>Leicht zug\u00e4ngliche Anleitungen<br \/>\nDie Gebrauchsanweisung befindet sich auf der R\u00fcckseite der Kopfst\u00fctze. So ist sie f\u00fcr den Benutzer immer sichtbar, wenn der Stuhl in Gebrauch ist.<\/li>\n<li>Ausklappbare Griffe.<br \/>\nDiese werden verwendet bei horizontaler Verbringung, zum Beispiel in einem Gang, Zimmer, etc.<\/li>\n<li>Sicherheitsgurte mit einem sehr einfach zu bedienenden Schlie\u00dfmechanismus, wie er auch in Flugzeugen verwendet wird:<br \/>\ndie beiden Reihen von Sicherheitsgurten garantieren die Sicherheit der evakuierten Person.<br \/>\nOptional kann der Stuhl mit einem zus\u00e4tzlichen Beingurt ausgestattet werden.<\/li>\n<li>Fu\u00dfst\u00fctze und Treppensicherheit<br \/>\nDie Treppensicherung in der integrierten Fu\u00dfst\u00fctze verhindert, dass der Stuhl unkontrolliert \u00fcber den Rand der Treppe rutscht.<\/li>\n<li>Tragegriffe<br \/>\nDer Stuhl ist mit ausziehbaren Tragegriffen ausgestattet.<\/li>\n<li>Armlehnen<br \/>\nOptional kann der Stuhl auch mit Armlehnen ausgestattet werden.<\/li>\n<li>Lange inzetbaarheid door een stevige accu.<\/li>\n<\/ol>\n<\/div>\n<\/div>\n<\/div>\n<\/div>\n<div class=\"row product-benefits mt-5 p-3 p-sm-5 rounded-25 d-flex align-items-top\">\n<div class=\"col-md-6 mb-4 mb-md-0\">\n<div class=\"row\">\n<div class=\"col-md-6\">\n<div class=\"media\">\n<div class=\"media-body\">\n<h4>Vorteile<\/h4>\n<ul>\n<li>Einfach zu bedienen<\/li>\n<li>Zus\u00e4tzliche Sicherheitsb\u00fcgel verhindert zu weites Vorbeifahren.<\/li>\n<li>Ein Bediener auf der Treppe.<\/li>\n<li>Licht<\/li>\n<li>Geeignet f\u00fcr sowohl auf- als auch abw\u00e4rtsgerichtete Evakuierung.<\/li>\n<li>Mehrfache Verwendung w\u00e4hrend eines Evakuierungsvorgangs<\/li>\n<li>Freistehend oder wandmontiert<\/li>\n<li>Zertifikat \"T\u00dcV NORD-gepr\u00fcftes Produkt<\/li>\n<li>BSI-Zertifikat ISO 9001:2015<\/li>\n<li>Hergestellt in Polen<\/li>\n<\/ul>\n<\/div>\n<\/div>\n<\/div>\n<div class=\"col-md-6 mb-4 mb-md-0\">\n<div class=\"media\">\n<div class=\"media-body\">\n<h4>Inklusive Wandhaken, Pickogramm und Abdeckung.<\/h4>\n<p>Weitere Einzelheiten siehe unten<\/p>\n<\/div>\n<p><a href=\"https:\/\/www.evakuierungsstuhl.de\/wp-content\/uploads\/2026\/04\/EVEREST.mov\">Ensafe-Everest<\/a><\/p>\n<p>https:\/\/www.evakuierungsstuhl.de\/wp-content\/uploads\/2026\/04\/EVEREST.mov<\/p>\n<\/div>\n<\/div>\n<\/div>\n<\/div>\n<\/div>","protected":false},"excerpt":{"rendered":"<ul>\n<li>Einfach zu bedienen<\/li>\n<li>Extra sicher durch die Treppensicherung.<\/li>\n<li>Ein Betreiber<\/li>\n<li>Licht<\/li>\n<li>Sowohl f\u00fcr die Aufw\u00e4rts- als auch f\u00fcr die Abw\u00e4rtsevakuierung geeignet<\/li>\n<li>Mehrfache Verwendung w\u00e4hrend eines Evakuierungsvorgangs<\/li>\n<li>Freistehend oder wandmontiert<\/li>\n<li>Zertifikat \"T\u00dcV NORD-gepr\u00fcftes Produkt<\/li>\n<\/ul>\n<p>&nbsp;<\/p>\n<ul>\n<li>BSI-Zertifikat ISO 9001:2015<\/li>\n<li>Hergestellt in Polen<\/li>\n<li>Produzent Ensafe<\/li>\n<\/ul>\n<p>Wir beraten Sie kostenlos vor Ort.<\/p>","protected":false},"featured_media":2022,"comment_status":"open","ping_status":"closed","template":"","meta":{"_acf_changed":false},"product_brand":[],"product_cat":[24,26],"product_tag":[61,65,33,44],"class_list":{"0":"post-2020","1":"product","2":"type-product","3":"status-publish","4":"has-post-thumbnail","6":"product_cat-evacuatiestoelen","7":"product_cat-trapklimmers","8":"product_tag-ensafe","9":"product_tag-escape-chair-volt","10":"product_tag-evacchair","11":"product_tag-evacuatiestoel","13":"first","14":"instock","15":"taxable","16":"shipping-taxable","17":"purchasable","18":"product-type-simple"},"acf":[],"yoast_head":"<!-- This site is optimized with the Yoast SEO plugin v27.2 - https:\/\/yoast.com\/product\/yoast-seo-wordpress\/ -->\n<title>Evacuatiestoel, accu aangedreven, Everest 2.0 - Evacuatieexpert<\/title>\n<meta name=\"robots\" content=\"index, follow, max-snippet:-1, max-image-preview:large, max-video-preview:-1\" \/>\n<link rel=\"canonical\" href=\"https:\/\/www.evakuierungsstuhl.de\/de\/produkt\/evakuierungsstuhl-everest-2-0-akku\/\" \/>\n<meta property=\"og:locale\" content=\"de_DE\" \/>\n<meta property=\"og:type\" content=\"article\" \/>\n<meta property=\"og:title\" content=\"Evacuatiestoel, accu aangedreven, Everest 2.0 - Evacuatieexpert\" \/>\n<meta property=\"og:description\" content=\"Gemakkelijk te gebruiken  Extra veilig door de trapbeveiliging.  E\u00e9n operator  Licht  Geschikt voor zowel op- als neerwaartse evacuatie  Meervoudig gebruik tijdens \u00e9\u00e9n evacuatieproces  Vrijstaand of aan de muur te bevestigen  Certificaat &quot;T\u00dcV NORD-getest product&quot;  &nbsp;   BSI ISO 9001:2015-certificaat  Gemaakt in Polen  Producent Ensafe  Wij adviseren u kosteloos op locatie.\" \/>\n<meta property=\"og:url\" content=\"https:\/\/www.evakuierungsstuhl.de\/de\/produkt\/evakuierungsstuhl-everest-2-0-akku\/\" \/>\n<meta property=\"og:site_name\" content=\"Evacuatieexpert\" \/>\n<meta property=\"article:modified_time\" content=\"2026-04-16T12:40:10+00:00\" \/>\n<meta property=\"og:image\" content=\"https:\/\/www.evakuierungsstuhl.de\/wp-content\/uploads\/2026\/04\/EVEREST-2.0_Foto-2-scaled.jpg\" \/>\n\t<meta property=\"og:image:width\" content=\"1710\" \/>\n\t<meta property=\"og:image:height\" content=\"2560\" \/>\n\t<meta property=\"og:image:type\" content=\"image\/jpeg\" \/>\n<meta name=\"twitter:card\" content=\"summary_large_image\" \/>\n<meta name=\"twitter:label1\" content=\"Gesch\u00e4tzte Lesezeit\" \/>\n\t<meta name=\"twitter:data1\" content=\"2\u00a0Minuten\" \/>\n<script type=\"application\/ld+json\" class=\"yoast-schema-graph\">{\"@context\":\"https:\/\/schema.org\",\"@graph\":[{\"@type\":\"WebPage\",\"@id\":\"https:\/\/www.evakuierungsstuhl.de\/product\/evacuatiestoel-everest-2-0-accu\/\",\"url\":\"https:\/\/www.evakuierungsstuhl.de\/product\/evacuatiestoel-everest-2-0-accu\/\",\"name\":\"Evacuatiestoel, accu aangedreven, Everest 2.0 - Evacuatieexpert\",\"isPartOf\":{\"@id\":\"https:\/\/www.evakuierungsstuhl.de\/#website\"},\"primaryImageOfPage\":{\"@id\":\"https:\/\/www.evakuierungsstuhl.de\/product\/evacuatiestoel-everest-2-0-accu\/#primaryimage\"},\"image\":{\"@id\":\"https:\/\/www.evakuierungsstuhl.de\/product\/evacuatiestoel-everest-2-0-accu\/#primaryimage\"},\"thumbnailUrl\":\"https:\/\/www.evakuierungsstuhl.de\/wp-content\/uploads\/2026\/04\/EVEREST-2.0_Foto-2-scaled.jpg\",\"datePublished\":\"2026-04-16T12:06:35+00:00\",\"dateModified\":\"2026-04-16T12:40:10+00:00\",\"breadcrumb\":{\"@id\":\"https:\/\/www.evakuierungsstuhl.de\/product\/evacuatiestoel-everest-2-0-accu\/#breadcrumb\"},\"inLanguage\":\"de\",\"potentialAction\":[{\"@type\":\"ReadAction\",\"target\":[\"https:\/\/www.evakuierungsstuhl.de\/product\/evacuatiestoel-everest-2-0-accu\/\"]}]},{\"@type\":\"ImageObject\",\"inLanguage\":\"de\",\"@id\":\"https:\/\/www.evakuierungsstuhl.de\/product\/evacuatiestoel-everest-2-0-accu\/#primaryimage\",\"url\":\"https:\/\/www.evakuierungsstuhl.de\/wp-content\/uploads\/2026\/04\/EVEREST-2.0_Foto-2-scaled.jpg\",\"contentUrl\":\"https:\/\/www.evakuierungsstuhl.de\/wp-content\/uploads\/2026\/04\/EVEREST-2.0_Foto-2-scaled.jpg\",\"width\":1710,\"height\":2560,\"caption\":\"Everest, Trapklimmer - Treppensteiger Ensafe\"},{\"@type\":\"BreadcrumbList\",\"@id\":\"https:\/\/www.evakuierungsstuhl.de\/product\/evacuatiestoel-everest-2-0-accu\/#breadcrumb\",\"itemListElement\":[{\"@type\":\"ListItem\",\"position\":1,\"name\":\"Home\",\"item\":\"https:\/\/www.evakuierungsstuhl.de\/\"},{\"@type\":\"ListItem\",\"position\":2,\"name\":\"Winkel\",\"item\":\"https:\/\/www.evakuierungsstuhl.de\/winkel\/\"},{\"@type\":\"ListItem\",\"position\":3,\"name\":\"Evacuatiestoel, accu aangedreven, Everest 2.0\"}]},{\"@type\":\"WebSite\",\"@id\":\"https:\/\/www.evakuierungsstuhl.de\/#website\",\"url\":\"https:\/\/www.evakuierungsstuhl.de\/\",\"name\":\"Evacuatieexpert\",\"description\":\"De expert in evacuatie\",\"potentialAction\":[{\"@type\":\"SearchAction\",\"target\":{\"@type\":\"EntryPoint\",\"urlTemplate\":\"https:\/\/www.evakuierungsstuhl.de\/?s={search_term_string}\"},\"query-input\":{\"@type\":\"PropertyValueSpecification\",\"valueRequired\":true,\"valueName\":\"search_term_string\"}}],\"inLanguage\":\"de\"}]}<\/script>\n<!-- \/ Yoast SEO plugin. -->","yoast_head_json":{"title":"Evakuierungsstuhl, akkubetrieben, Everest 2.0 - Evakuierungsexperte","robots":{"index":"index","follow":"follow","max-snippet":"max-snippet:-1","max-image-preview":"max-image-preview:large","max-video-preview":"max-video-preview:-1"},"canonical":"https:\/\/www.evakuierungsstuhl.de\/de\/produkt\/evakuierungsstuhl-everest-2-0-akku\/","og_locale":"de_DE","og_type":"article","og_title":"Evacuatiestoel, accu aangedreven, Everest 2.0 - Evacuatieexpert","og_description":"Gemakkelijk te gebruiken  Extra veilig door de trapbeveiliging.  E\u00e9n operator  Licht  Geschikt voor zowel op- als neerwaartse evacuatie  Meervoudig gebruik tijdens \u00e9\u00e9n evacuatieproces  Vrijstaand of aan de muur te bevestigen  Certificaat \"T\u00dcV NORD-getest product\"  &nbsp;   BSI ISO 9001:2015-certificaat  Gemaakt in Polen  Producent Ensafe  Wij adviseren u kosteloos op locatie.","og_url":"https:\/\/www.evakuierungsstuhl.de\/de\/produkt\/evakuierungsstuhl-everest-2-0-akku\/","og_site_name":"Evacuatieexpert","article_modified_time":"2026-04-16T12:40:10+00:00","og_image":[{"width":1710,"height":2560,"url":"https:\/\/www.evakuierungsstuhl.de\/wp-content\/uploads\/2026\/04\/EVEREST-2.0_Foto-2-scaled.jpg","type":"image\/jpeg"}],"twitter_card":"summary_large_image","twitter_misc":{"Gesch\u00e4tzte Lesezeit":"2\u00a0Minuten"},"schema":{"@context":"https:\/\/schema.org","@graph":[{"@type":"WebPage","@id":"https:\/\/www.evakuierungsstuhl.de\/product\/evacuatiestoel-everest-2-0-accu\/","url":"https:\/\/www.evakuierungsstuhl.de\/product\/evacuatiestoel-everest-2-0-accu\/","name":"Evakuierungsstuhl, akkubetrieben, Everest 2.0 - Evakuierungsexperte","isPartOf":{"@id":"https:\/\/www.evakuierungsstuhl.de\/#website"},"primaryImageOfPage":{"@id":"https:\/\/www.evakuierungsstuhl.de\/product\/evacuatiestoel-everest-2-0-accu\/#primaryimage"},"image":{"@id":"https:\/\/www.evakuierungsstuhl.de\/product\/evacuatiestoel-everest-2-0-accu\/#primaryimage"},"thumbnailUrl":"https:\/\/www.evakuierungsstuhl.de\/wp-content\/uploads\/2026\/04\/EVEREST-2.0_Foto-2-scaled.jpg","datePublished":"2026-04-16T12:06:35+00:00","dateModified":"2026-04-16T12:40:10+00:00","breadcrumb":{"@id":"https:\/\/www.evakuierungsstuhl.de\/product\/evacuatiestoel-everest-2-0-accu\/#breadcrumb"},"inLanguage":"de","potentialAction":[{"@type":"ReadAction","target":["https:\/\/www.evakuierungsstuhl.de\/product\/evacuatiestoel-everest-2-0-accu\/"]}]},{"@type":"ImageObject","inLanguage":"de","@id":"https:\/\/www.evakuierungsstuhl.de\/product\/evacuatiestoel-everest-2-0-accu\/#primaryimage","url":"https:\/\/www.evakuierungsstuhl.de\/wp-content\/uploads\/2026\/04\/EVEREST-2.0_Foto-2-scaled.jpg","contentUrl":"https:\/\/www.evakuierungsstuhl.de\/wp-content\/uploads\/2026\/04\/EVEREST-2.0_Foto-2-scaled.jpg","width":1710,"height":2560,"caption":"Everest, Trapklimmer - Treppensteiger Ensafe"},{"@type":"BreadcrumbList","@id":"https:\/\/www.evakuierungsstuhl.de\/product\/evacuatiestoel-everest-2-0-accu\/#breadcrumb","itemListElement":[{"@type":"ListItem","position":1,"name":"Home","item":"https:\/\/www.evakuierungsstuhl.de\/"},{"@type":"ListItem","position":2,"name":"Winkel","item":"https:\/\/www.evakuierungsstuhl.de\/winkel\/"},{"@type":"ListItem","position":3,"name":"Evacuatiestoel, accu aangedreven, Everest 2.0"}]},{"@type":"WebSite","@id":"https:\/\/www.evakuierungsstuhl.de\/#website","url":"https:\/\/www.evakuierungsstuhl.de\/","name":"Experte f\u00fcr Evakuierung","description":"Der Experte f\u00fcr Evakuierung","potentialAction":[{"@type":"SearchAction","target":{"@type":"EntryPoint","urlTemplate":"https:\/\/www.evakuierungsstuhl.de\/?s={search_term_string}"},"query-input":{"@type":"PropertyValueSpecification","valueRequired":true,"valueName":"search_term_string"}}],"inLanguage":"de"}]}},"_links":{"self":[{"href":"https:\/\/www.evakuierungsstuhl.de\/de\/wp-json\/wp\/v2\/product\/2020","targetHints":{"allow":["GET"]}}],"collection":[{"href":"https:\/\/www.evakuierungsstuhl.de\/de\/wp-json\/wp\/v2\/product"}],"about":[{"href":"https:\/\/www.evakuierungsstuhl.de\/de\/wp-json\/wp\/v2\/types\/product"}],"replies":[{"embeddable":true,"href":"https:\/\/www.evakuierungsstuhl.de\/de\/wp-json\/wp\/v2\/comments?post=2020"}],"version-history":[{"count":6,"href":"https:\/\/www.evakuierungsstuhl.de\/de\/wp-json\/wp\/v2\/product\/2020\/revisions"}],"predecessor-version":[{"id":2035,"href":"https:\/\/www.evakuierungsstuhl.de\/de\/wp-json\/wp\/v2\/product\/2020\/revisions\/2035"}],"wp:featuredmedia":[{"embeddable":true,"href":"https:\/\/www.evakuierungsstuhl.de\/de\/wp-json\/wp\/v2\/media\/2022"}],"wp:attachment":[{"href":"https:\/\/www.evakuierungsstuhl.de\/de\/wp-json\/wp\/v2\/media?parent=2020"}],"wp:term":[{"taxonomy":"product_brand","embeddable":true,"href":"https:\/\/www.evakuierungsstuhl.de\/de\/wp-json\/wp\/v2\/product_brand?post=2020"},{"taxonomy":"product_cat","embeddable":true,"href":"https:\/\/www.evakuierungsstuhl.de\/de\/wp-json\/wp\/v2\/product_cat?post=2020"},{"taxonomy":"product_tag","embeddable":true,"href":"https:\/\/www.evakuierungsstuhl.de\/de\/wp-json\/wp\/v2\/product_tag?post=2020"}],"curies":[{"name":"wp","href":"https:\/\/api.w.org\/{rel}","templated":true}]}}