{"id":195,"date":"2024-04-23T14:36:49","date_gmt":"2024-04-23T14:36:49","guid":{"rendered":"https:\/\/www.evakuierungsstuhl.de\/?post_type=product&#038;p=195"},"modified":"2024-10-09T10:04:25","modified_gmt":"2024-10-09T09:04:25","slug":"evac-chair-900h-elektrischer-evakuierungsstuhl","status":"publish","type":"product","link":"https:\/\/www.evakuierungsstuhl.de\/de\/product\/evac-chair-900h-power-evacuatiestoel\/","title":{"rendered":"Evac Chair 900H Elektrischer Evakuierungsstuhl"},"content":{"rendered":"<p>Der Pro Skid-E ist leicht und robust zugleich. Er verf\u00fcgt \u00fcber zwei ausziehbare Doppelgriffe an der Vorder- und R\u00fcckseite und eignet sich daher zum Treppensteigen und -fahren. 4 R\u00e4der erm\u00f6glichen die Fortbewegung auf ebenen Fl\u00e4chen.<\/p>\n<p>Der gro\u00dfe Vorteil ist, dass er beim Einsteigen auf 4 R\u00e4dern steht und im Vergleich zu anderen Modellen von Evakuierungsst\u00fchlen sehr stabil ist.<\/p>","protected":false},"excerpt":{"rendered":"<p>Der Pro Skid-E ist leicht und robust zugleich. Er verf\u00fcgt \u00fcber zwei ausziehbare Doppelgriffe an der Vorder- und R\u00fcckseite und eignet sich daher zum Treppensteigen und -fahren. 4 R\u00e4der erm\u00f6glichen die Fortbewegung auf ebenen Fl\u00e4chen.<\/p>\n<p>Der gro\u00dfe Vorteil ist, dass er beim Einsteigen auf 4 R\u00e4dern steht und im Vergleich zu anderen Modellen von Evakuierungsst\u00fchlen sehr stabil ist.<\/p>","protected":false},"featured_media":176,"comment_status":"closed","ping_status":"closed","template":"","meta":{"_acf_changed":false},"product_brand":[],"product_cat":[24,26],"product_tag":[],"class_list":{"0":"post-195","1":"product","2":"type-product","3":"status-publish","4":"has-post-thumbnail","6":"product_cat-evacuatiestoelen","7":"product_cat-trapklimmers","9":"first","10":"instock","11":"taxable","12":"shipping-taxable","13":"purchasable","14":"product-type-simple"},"acf":[],"yoast_head":"<!-- This site is optimized with the Yoast SEO plugin v27.2 - https:\/\/yoast.com\/product\/yoast-seo-wordpress\/ -->\n<title>Evac Chair 900H Power evacuatiestoel - Evacuatieexpert<\/title>\n<meta name=\"robots\" content=\"index, follow, max-snippet:-1, max-image-preview:large, max-video-preview:-1\" \/>\n<link rel=\"canonical\" href=\"https:\/\/www.evakuierungsstuhl.de\/de\/produkt\/evac-chair-900h-elektrischer-evakuierungsstuhl\/\" \/>\n<meta property=\"og:locale\" content=\"de_DE\" \/>\n<meta property=\"og:type\" content=\"article\" \/>\n<meta property=\"og:title\" content=\"Evac Chair 900H Power evacuatiestoel - Evacuatieexpert\" \/>\n<meta property=\"og:description\" content=\"Pro Skid-E is licht en robuust tegelijk en heeft twee dubbele intrekbare handgrepen aan de voor- en achterkant, waardoor hij geschikt is voor het op- en aflopen van trappen. 4 wielen maken beweging op vlakke oppervlakken mogelijk.  Groot voordeel is dat hij bij het instappen op 4 wielen staat en heel stabiel is ten opzichte van andere modellen evacuatiestoelen.\" \/>\n<meta property=\"og:url\" content=\"https:\/\/www.evakuierungsstuhl.de\/de\/produkt\/evac-chair-900h-elektrischer-evakuierungsstuhl\/\" \/>\n<meta property=\"og:site_name\" content=\"Evacuatieexpert\" \/>\n<meta property=\"article:modified_time\" content=\"2024-10-09T09:04:25+00:00\" \/>\n<meta property=\"og:image\" content=\"https:\/\/www.evakuierungsstuhl.de\/wp-content\/uploads\/2024\/04\/product-image.png\" \/>\n\t<meta property=\"og:image:width\" content=\"264\" \/>\n\t<meta property=\"og:image:height\" content=\"264\" \/>\n\t<meta property=\"og:image:type\" content=\"image\/png\" \/>\n<meta name=\"twitter:card\" content=\"summary_large_image\" \/>\n<script type=\"application\/ld+json\" class=\"yoast-schema-graph\">{\"@context\":\"https:\/\/schema.org\",\"@graph\":[{\"@type\":\"WebPage\",\"@id\":\"https:\/\/www.evakuierungsstuhl.de\/product\/evac-chair-900h-power-evacuatiestoel\/\",\"url\":\"https:\/\/www.evakuierungsstuhl.de\/product\/evac-chair-900h-power-evacuatiestoel\/\",\"name\":\"Evac Chair 900H Power evacuatiestoel - Evacuatieexpert\",\"isPartOf\":{\"@id\":\"https:\/\/www.evakuierungsstuhl.de\/#website\"},\"primaryImageOfPage\":{\"@id\":\"https:\/\/www.evakuierungsstuhl.de\/product\/evac-chair-900h-power-evacuatiestoel\/#primaryimage\"},\"image\":{\"@id\":\"https:\/\/www.evakuierungsstuhl.de\/product\/evac-chair-900h-power-evacuatiestoel\/#primaryimage\"},\"thumbnailUrl\":\"https:\/\/www.evakuierungsstuhl.de\/wp-content\/uploads\/2024\/04\/product-image.png\",\"datePublished\":\"2024-04-23T14:36:49+00:00\",\"dateModified\":\"2024-10-09T09:04:25+00:00\",\"breadcrumb\":{\"@id\":\"https:\/\/www.evakuierungsstuhl.de\/product\/evac-chair-900h-power-evacuatiestoel\/#breadcrumb\"},\"inLanguage\":\"de\",\"potentialAction\":[{\"@type\":\"ReadAction\",\"target\":[\"https:\/\/www.evakuierungsstuhl.de\/product\/evac-chair-900h-power-evacuatiestoel\/\"]}]},{\"@type\":\"ImageObject\",\"inLanguage\":\"de\",\"@id\":\"https:\/\/www.evakuierungsstuhl.de\/product\/evac-chair-900h-power-evacuatiestoel\/#primaryimage\",\"url\":\"https:\/\/www.evakuierungsstuhl.de\/wp-content\/uploads\/2024\/04\/product-image.png\",\"contentUrl\":\"https:\/\/www.evakuierungsstuhl.de\/wp-content\/uploads\/2024\/04\/product-image.png\",\"width\":264,\"height\":264},{\"@type\":\"BreadcrumbList\",\"@id\":\"https:\/\/www.evakuierungsstuhl.de\/product\/evac-chair-900h-power-evacuatiestoel\/#breadcrumb\",\"itemListElement\":[{\"@type\":\"ListItem\",\"position\":1,\"name\":\"Home\",\"item\":\"https:\/\/www.evakuierungsstuhl.de\/\"},{\"@type\":\"ListItem\",\"position\":2,\"name\":\"Winkel\",\"item\":\"https:\/\/www.evakuierungsstuhl.de\/winkel\/\"},{\"@type\":\"ListItem\",\"position\":3,\"name\":\"Evac Chair 900H Power evacuatiestoel\"}]},{\"@type\":\"WebSite\",\"@id\":\"https:\/\/www.evakuierungsstuhl.de\/#website\",\"url\":\"https:\/\/www.evakuierungsstuhl.de\/\",\"name\":\"Evacuatieexpert\",\"description\":\"De expert in evacuatie\",\"potentialAction\":[{\"@type\":\"SearchAction\",\"target\":{\"@type\":\"EntryPoint\",\"urlTemplate\":\"https:\/\/www.evakuierungsstuhl.de\/?s={search_term_string}\"},\"query-input\":{\"@type\":\"PropertyValueSpecification\",\"valueRequired\":true,\"valueName\":\"search_term_string\"}}],\"inLanguage\":\"de\"}]}<\/script>\n<!-- \/ Yoast SEO plugin. -->","yoast_head_json":{"title":"Evac Chair 900H Elektrischer Evakuierungsstuhl - Evacuation Expert","robots":{"index":"index","follow":"follow","max-snippet":"max-snippet:-1","max-image-preview":"max-image-preview:large","max-video-preview":"max-video-preview:-1"},"canonical":"https:\/\/www.evakuierungsstuhl.de\/de\/produkt\/evac-chair-900h-elektrischer-evakuierungsstuhl\/","og_locale":"de_DE","og_type":"article","og_title":"Evac Chair 900H Power evacuatiestoel - Evacuatieexpert","og_description":"Pro Skid-E is licht en robuust tegelijk en heeft twee dubbele intrekbare handgrepen aan de voor- en achterkant, waardoor hij geschikt is voor het op- en aflopen van trappen. 4 wielen maken beweging op vlakke oppervlakken mogelijk.  Groot voordeel is dat hij bij het instappen op 4 wielen staat en heel stabiel is ten opzichte van andere modellen evacuatiestoelen.","og_url":"https:\/\/www.evakuierungsstuhl.de\/de\/produkt\/evac-chair-900h-elektrischer-evakuierungsstuhl\/","og_site_name":"Evacuatieexpert","article_modified_time":"2024-10-09T09:04:25+00:00","og_image":[{"width":264,"height":264,"url":"https:\/\/www.evakuierungsstuhl.de\/wp-content\/uploads\/2024\/04\/product-image.png","type":"image\/png"}],"twitter_card":"summary_large_image","schema":{"@context":"https:\/\/schema.org","@graph":[{"@type":"WebPage","@id":"https:\/\/www.evakuierungsstuhl.de\/product\/evac-chair-900h-power-evacuatiestoel\/","url":"https:\/\/www.evakuierungsstuhl.de\/product\/evac-chair-900h-power-evacuatiestoel\/","name":"Evac Chair 900H Elektrischer Evakuierungsstuhl - Evacuation Expert","isPartOf":{"@id":"https:\/\/www.evakuierungsstuhl.de\/#website"},"primaryImageOfPage":{"@id":"https:\/\/www.evakuierungsstuhl.de\/product\/evac-chair-900h-power-evacuatiestoel\/#primaryimage"},"image":{"@id":"https:\/\/www.evakuierungsstuhl.de\/product\/evac-chair-900h-power-evacuatiestoel\/#primaryimage"},"thumbnailUrl":"https:\/\/www.evakuierungsstuhl.de\/wp-content\/uploads\/2024\/04\/product-image.png","datePublished":"2024-04-23T14:36:49+00:00","dateModified":"2024-10-09T09:04:25+00:00","breadcrumb":{"@id":"https:\/\/www.evakuierungsstuhl.de\/product\/evac-chair-900h-power-evacuatiestoel\/#breadcrumb"},"inLanguage":"de","potentialAction":[{"@type":"ReadAction","target":["https:\/\/www.evakuierungsstuhl.de\/product\/evac-chair-900h-power-evacuatiestoel\/"]}]},{"@type":"ImageObject","inLanguage":"de","@id":"https:\/\/www.evakuierungsstuhl.de\/product\/evac-chair-900h-power-evacuatiestoel\/#primaryimage","url":"https:\/\/www.evakuierungsstuhl.de\/wp-content\/uploads\/2024\/04\/product-image.png","contentUrl":"https:\/\/www.evakuierungsstuhl.de\/wp-content\/uploads\/2024\/04\/product-image.png","width":264,"height":264},{"@type":"BreadcrumbList","@id":"https:\/\/www.evakuierungsstuhl.de\/product\/evac-chair-900h-power-evacuatiestoel\/#breadcrumb","itemListElement":[{"@type":"ListItem","position":1,"name":"Home","item":"https:\/\/www.evakuierungsstuhl.de\/"},{"@type":"ListItem","position":2,"name":"Winkel","item":"https:\/\/www.evakuierungsstuhl.de\/winkel\/"},{"@type":"ListItem","position":3,"name":"Evac Chair 900H Power evacuatiestoel"}]},{"@type":"WebSite","@id":"https:\/\/www.evakuierungsstuhl.de\/#website","url":"https:\/\/www.evakuierungsstuhl.de\/","name":"Experte f\u00fcr Evakuierung","description":"Der Experte f\u00fcr Evakuierung","potentialAction":[{"@type":"SearchAction","target":{"@type":"EntryPoint","urlTemplate":"https:\/\/www.evakuierungsstuhl.de\/?s={search_term_string}"},"query-input":{"@type":"PropertyValueSpecification","valueRequired":true,"valueName":"search_term_string"}}],"inLanguage":"de"}]}},"_links":{"self":[{"href":"https:\/\/www.evakuierungsstuhl.de\/de\/wp-json\/wp\/v2\/product\/195","targetHints":{"allow":["GET"]}}],"collection":[{"href":"https:\/\/www.evakuierungsstuhl.de\/de\/wp-json\/wp\/v2\/product"}],"about":[{"href":"https:\/\/www.evakuierungsstuhl.de\/de\/wp-json\/wp\/v2\/types\/product"}],"replies":[{"embeddable":true,"href":"https:\/\/www.evakuierungsstuhl.de\/de\/wp-json\/wp\/v2\/comments?post=195"}],"version-history":[{"count":1,"href":"https:\/\/www.evakuierungsstuhl.de\/de\/wp-json\/wp\/v2\/product\/195\/revisions"}],"predecessor-version":[{"id":1519,"href":"https:\/\/www.evakuierungsstuhl.de\/de\/wp-json\/wp\/v2\/product\/195\/revisions\/1519"}],"wp:featuredmedia":[{"embeddable":true,"href":"https:\/\/www.evakuierungsstuhl.de\/de\/wp-json\/wp\/v2\/media\/176"}],"wp:attachment":[{"href":"https:\/\/www.evakuierungsstuhl.de\/de\/wp-json\/wp\/v2\/media?parent=195"}],"wp:term":[{"taxonomy":"product_brand","embeddable":true,"href":"https:\/\/www.evakuierungsstuhl.de\/de\/wp-json\/wp\/v2\/product_brand?post=195"},{"taxonomy":"product_cat","embeddable":true,"href":"https:\/\/www.evakuierungsstuhl.de\/de\/wp-json\/wp\/v2\/product_cat?post=195"},{"taxonomy":"product_tag","embeddable":true,"href":"https:\/\/www.evakuierungsstuhl.de\/de\/wp-json\/wp\/v2\/product_tag?post=195"}],"curies":[{"name":"wp","href":"https:\/\/api.w.org\/{rel}","templated":true}]}}