{"id":1694,"date":"2025-06-19T11:04:03","date_gmt":"2025-06-19T10:04:03","guid":{"rendered":"https:\/\/www.evakuierungsstuhl.de\/?post_type=product&#038;p=1694"},"modified":"2026-04-13T10:50:16","modified_gmt":"2026-04-13T09:50:16","slug":"evakuierungsstuhl-robin","status":"publish","type":"product","link":"https:\/\/www.evakuierungsstuhl.de\/de\/product\/evacuatiestoel-robin\/","title":{"rendered":"Evakuierungsstuhl Robin"},"content":{"rendered":"<p>Der Evakuierungsstuhl ROBIN 2.0 ist eine ideale L\u00f6sung f\u00fcr die Evakuierung von Menschen mit Behinderungen. Er erm\u00f6glicht es einer Person, eine Person im Notfall oder wenn es unm\u00f6glich ist, den Aufzug zu benutzen, sicher \u00fcber die Treppe zu evakuieren.<\/p>\n<p>&nbsp;<\/p>\n<p>Sehen Sie sich die 360-Grad-Pr\u00e4sentation hier an <a href=\"https:\/\/www.evakuierungsstuhl.de\/wp-content\/uploads\/2025\/06\/Robin2-360-DE-1.mov\">Robin2 360 DE<\/a><\/p>\n<h4>Eigenschaften<\/h4>\n<ol class=\"product-features-ol\">\n<li>Mit einer Hand ausziehbare Halterung.<br \/>\n. Nimmt bei der Aufbewahrung wenig Platz in Anspruch.<\/li>\n<li>Leicht zug\u00e4ngliche Anleitungen<br \/>\nDie Gebrauchsanweisung befindet sich auf der R\u00fcckseite der Kopfst\u00fctze. Dadurch ist sie f\u00fcr den Benutzer bei der Benutzung des Evakuierungsstuhls stets sichtbar.<\/li>\n<li>Sicherheitsgurte:<br \/>\nDie verwendeten Gurte garantieren die Sicherheit der evakuierten Person.<br \/>\nOptional kann der Stuhl mit einem zus\u00e4tzlichen Beingurt ausgestattet werden.<\/li>\n<li>Kopfstabilisierungsgurt<br \/>\nFalls erforderlich, um den Kopf w\u00e4hrend der Evakuierung zu stabilisieren.<\/li>\n<li>Fu\u00dfst\u00fctze<br \/>\nOptional<\/li>\n<li>Armlehnen<br \/>\nOptional<\/li>\n<\/ol>\n<p>Lieferung inklusive Wandhaken, Piktogramm und Abdeckhaube.<\/p>","protected":false},"excerpt":{"rendered":"<p>Extra handgrepen aan de zitting<\/p>\n<p>Ergonomische en daardoor prettiger zitting<\/p>\n<p>Eenvoudig te ontgrendelen beugel<\/p>\n<p>Zeer robuust frame<\/p>\n<p>Bekijk de 360 graden presentatie:<\/p>\n<p>&nbsp;<\/p>\n<p><a href=\"https:\/\/www.evakuierungsstuhl.de\/wp-content\/uploads\/2025\/06\/Robin2-360-DE-1.mov\">Robin2 360 DE<\/a><\/p>\n<p>Een vrijblijvende afspraak plannen om de Robin 2.0 of andere merken te testen en vergelijken?<\/p>\n<p>Neem gerust contact op voor een afspraak.\u00a0 <a href=\"https:\/\/www.evakuierungsstuhl.de\/de\/kontakt\/\">(Termin vereinbaren)<\/a><\/p>","protected":false},"featured_media":1697,"comment_status":"open","ping_status":"closed","template":"","meta":{"_acf_changed":false},"product_brand":[],"product_cat":[24],"product_tag":[61,33,44],"class_list":{"0":"post-1694","1":"product","2":"type-product","3":"status-publish","4":"has-post-thumbnail","6":"product_cat-evacuatiestoelen","7":"product_tag-ensafe","8":"product_tag-evacchair","9":"product_tag-evacuatiestoel","11":"first","12":"instock","13":"taxable","14":"shipping-taxable","15":"purchasable","16":"product-type-simple"},"acf":[],"yoast_head":"<!-- This site is optimized with the Yoast SEO plugin v27.2 - https:\/\/yoast.com\/product\/yoast-seo-wordpress\/ -->\n<title>Evacuatiestoel Robin - Evacuatieexpert<\/title>\n<meta name=\"robots\" content=\"index, follow, max-snippet:-1, max-image-preview:large, max-video-preview:-1\" \/>\n<link rel=\"canonical\" href=\"https:\/\/www.evakuierungsstuhl.de\/de\/produkt\/evakuierungsstuhl-robin\/\" \/>\n<meta property=\"og:locale\" content=\"de_DE\" \/>\n<meta property=\"og:type\" content=\"article\" \/>\n<meta property=\"og:title\" content=\"Evacuatiestoel Robin - Evacuatieexpert\" \/>\n<meta property=\"og:description\" content=\"Extra handgrepen aan de zitting  Ergonomische en daardoor prettiger zitting  Eenvoudig te ontgrendelen beugel  Zeer robuust frame  Bekijk de 360 graden presentatie:  &nbsp;  Robin2 360 DE  Een vrijblijvende afspraak plannen om de Robin 2.0 of andere merken te testen en vergelijken?  Neem gerust contact op voor een afspraak.\u00a0 (afspraak plannen)\" \/>\n<meta property=\"og:url\" content=\"https:\/\/www.evakuierungsstuhl.de\/de\/produkt\/evakuierungsstuhl-robin\/\" \/>\n<meta property=\"og:site_name\" content=\"Evacuatieexpert\" \/>\n<meta property=\"article:modified_time\" content=\"2026-04-13T09:50:16+00:00\" \/>\n<meta property=\"og:image\" content=\"https:\/\/www.evakuierungsstuhl.de\/wp-content\/uploads\/2025\/06\/Robin.png\" \/>\n\t<meta property=\"og:image:width\" content=\"1600\" \/>\n\t<meta property=\"og:image:height\" content=\"1600\" \/>\n\t<meta property=\"og:image:type\" content=\"image\/png\" \/>\n<meta name=\"twitter:card\" content=\"summary_large_image\" \/>\n<meta name=\"twitter:label1\" content=\"Gesch\u00e4tzte Lesezeit\" \/>\n\t<meta name=\"twitter:data1\" content=\"1\u00a0Minute\" \/>\n<script type=\"application\/ld+json\" class=\"yoast-schema-graph\">{\"@context\":\"https:\/\/schema.org\",\"@graph\":[{\"@type\":\"WebPage\",\"@id\":\"https:\/\/www.evakuierungsstuhl.de\/product\/evacuatiestoel-robin\/\",\"url\":\"https:\/\/www.evakuierungsstuhl.de\/product\/evacuatiestoel-robin\/\",\"name\":\"Evacuatiestoel Robin - Evacuatieexpert\",\"isPartOf\":{\"@id\":\"https:\/\/www.evakuierungsstuhl.de\/#website\"},\"primaryImageOfPage\":{\"@id\":\"https:\/\/www.evakuierungsstuhl.de\/product\/evacuatiestoel-robin\/#primaryimage\"},\"image\":{\"@id\":\"https:\/\/www.evakuierungsstuhl.de\/product\/evacuatiestoel-robin\/#primaryimage\"},\"thumbnailUrl\":\"https:\/\/www.evakuierungsstuhl.de\/wp-content\/uploads\/2025\/06\/Robin.png\",\"datePublished\":\"2025-06-19T10:04:03+00:00\",\"dateModified\":\"2026-04-13T09:50:16+00:00\",\"breadcrumb\":{\"@id\":\"https:\/\/www.evakuierungsstuhl.de\/product\/evacuatiestoel-robin\/#breadcrumb\"},\"inLanguage\":\"de\",\"potentialAction\":[{\"@type\":\"ReadAction\",\"target\":[\"https:\/\/www.evakuierungsstuhl.de\/product\/evacuatiestoel-robin\/\"]}]},{\"@type\":\"ImageObject\",\"inLanguage\":\"de\",\"@id\":\"https:\/\/www.evakuierungsstuhl.de\/product\/evacuatiestoel-robin\/#primaryimage\",\"url\":\"https:\/\/www.evakuierungsstuhl.de\/wp-content\/uploads\/2025\/06\/Robin.png\",\"contentUrl\":\"https:\/\/www.evakuierungsstuhl.de\/wp-content\/uploads\/2025\/06\/Robin.png\",\"width\":1600,\"height\":1600,\"caption\":\"Robin evacuatiestoel. Evacchair, escape chair\"},{\"@type\":\"BreadcrumbList\",\"@id\":\"https:\/\/www.evakuierungsstuhl.de\/product\/evacuatiestoel-robin\/#breadcrumb\",\"itemListElement\":[{\"@type\":\"ListItem\",\"position\":1,\"name\":\"Home\",\"item\":\"https:\/\/www.evakuierungsstuhl.de\/\"},{\"@type\":\"ListItem\",\"position\":2,\"name\":\"Winkel\",\"item\":\"https:\/\/www.evakuierungsstuhl.de\/winkel\/\"},{\"@type\":\"ListItem\",\"position\":3,\"name\":\"Evacuatiestoel Robin\"}]},{\"@type\":\"WebSite\",\"@id\":\"https:\/\/www.evakuierungsstuhl.de\/#website\",\"url\":\"https:\/\/www.evakuierungsstuhl.de\/\",\"name\":\"Evacuatieexpert\",\"description\":\"De expert in evacuatie\",\"potentialAction\":[{\"@type\":\"SearchAction\",\"target\":{\"@type\":\"EntryPoint\",\"urlTemplate\":\"https:\/\/www.evakuierungsstuhl.de\/?s={search_term_string}\"},\"query-input\":{\"@type\":\"PropertyValueSpecification\",\"valueRequired\":true,\"valueName\":\"search_term_string\"}}],\"inLanguage\":\"de\"}]}<\/script>\n<!-- \/ Yoast SEO plugin. -->","yoast_head_json":{"title":"Evakuierungsstuhl Robin - Evakuierungsexperte","robots":{"index":"index","follow":"follow","max-snippet":"max-snippet:-1","max-image-preview":"max-image-preview:large","max-video-preview":"max-video-preview:-1"},"canonical":"https:\/\/www.evakuierungsstuhl.de\/de\/produkt\/evakuierungsstuhl-robin\/","og_locale":"de_DE","og_type":"article","og_title":"Evacuatiestoel Robin - Evacuatieexpert","og_description":"Extra handgrepen aan de zitting  Ergonomische en daardoor prettiger zitting  Eenvoudig te ontgrendelen beugel  Zeer robuust frame  Bekijk de 360 graden presentatie:  &nbsp;  Robin2 360 DE  Een vrijblijvende afspraak plannen om de Robin 2.0 of andere merken te testen en vergelijken?  Neem gerust contact op voor een afspraak.\u00a0 (afspraak plannen)","og_url":"https:\/\/www.evakuierungsstuhl.de\/de\/produkt\/evakuierungsstuhl-robin\/","og_site_name":"Evacuatieexpert","article_modified_time":"2026-04-13T09:50:16+00:00","og_image":[{"width":1600,"height":1600,"url":"https:\/\/www.evakuierungsstuhl.de\/wp-content\/uploads\/2025\/06\/Robin.png","type":"image\/png"}],"twitter_card":"summary_large_image","twitter_misc":{"Gesch\u00e4tzte Lesezeit":"1\u00a0Minute"},"schema":{"@context":"https:\/\/schema.org","@graph":[{"@type":"WebPage","@id":"https:\/\/www.evakuierungsstuhl.de\/product\/evacuatiestoel-robin\/","url":"https:\/\/www.evakuierungsstuhl.de\/product\/evacuatiestoel-robin\/","name":"Evakuierungsstuhl Robin - Evakuierungsexperte","isPartOf":{"@id":"https:\/\/www.evakuierungsstuhl.de\/#website"},"primaryImageOfPage":{"@id":"https:\/\/www.evakuierungsstuhl.de\/product\/evacuatiestoel-robin\/#primaryimage"},"image":{"@id":"https:\/\/www.evakuierungsstuhl.de\/product\/evacuatiestoel-robin\/#primaryimage"},"thumbnailUrl":"https:\/\/www.evakuierungsstuhl.de\/wp-content\/uploads\/2025\/06\/Robin.png","datePublished":"2025-06-19T10:04:03+00:00","dateModified":"2026-04-13T09:50:16+00:00","breadcrumb":{"@id":"https:\/\/www.evakuierungsstuhl.de\/product\/evacuatiestoel-robin\/#breadcrumb"},"inLanguage":"de","potentialAction":[{"@type":"ReadAction","target":["https:\/\/www.evakuierungsstuhl.de\/product\/evacuatiestoel-robin\/"]}]},{"@type":"ImageObject","inLanguage":"de","@id":"https:\/\/www.evakuierungsstuhl.de\/product\/evacuatiestoel-robin\/#primaryimage","url":"https:\/\/www.evakuierungsstuhl.de\/wp-content\/uploads\/2025\/06\/Robin.png","contentUrl":"https:\/\/www.evakuierungsstuhl.de\/wp-content\/uploads\/2025\/06\/Robin.png","width":1600,"height":1600,"caption":"Robin evacuatiestoel. Evacchair, escape chair"},{"@type":"BreadcrumbList","@id":"https:\/\/www.evakuierungsstuhl.de\/product\/evacuatiestoel-robin\/#breadcrumb","itemListElement":[{"@type":"ListItem","position":1,"name":"Home","item":"https:\/\/www.evakuierungsstuhl.de\/"},{"@type":"ListItem","position":2,"name":"Winkel","item":"https:\/\/www.evakuierungsstuhl.de\/winkel\/"},{"@type":"ListItem","position":3,"name":"Evacuatiestoel Robin"}]},{"@type":"WebSite","@id":"https:\/\/www.evakuierungsstuhl.de\/#website","url":"https:\/\/www.evakuierungsstuhl.de\/","name":"Experte f\u00fcr Evakuierung","description":"Der Experte f\u00fcr Evakuierung","potentialAction":[{"@type":"SearchAction","target":{"@type":"EntryPoint","urlTemplate":"https:\/\/www.evakuierungsstuhl.de\/?s={search_term_string}"},"query-input":{"@type":"PropertyValueSpecification","valueRequired":true,"valueName":"search_term_string"}}],"inLanguage":"de"}]}},"_links":{"self":[{"href":"https:\/\/www.evakuierungsstuhl.de\/de\/wp-json\/wp\/v2\/product\/1694","targetHints":{"allow":["GET"]}}],"collection":[{"href":"https:\/\/www.evakuierungsstuhl.de\/de\/wp-json\/wp\/v2\/product"}],"about":[{"href":"https:\/\/www.evakuierungsstuhl.de\/de\/wp-json\/wp\/v2\/types\/product"}],"replies":[{"embeddable":true,"href":"https:\/\/www.evakuierungsstuhl.de\/de\/wp-json\/wp\/v2\/comments?post=1694"}],"version-history":[{"count":3,"href":"https:\/\/www.evakuierungsstuhl.de\/de\/wp-json\/wp\/v2\/product\/1694\/revisions"}],"predecessor-version":[{"id":1982,"href":"https:\/\/www.evakuierungsstuhl.de\/de\/wp-json\/wp\/v2\/product\/1694\/revisions\/1982"}],"wp:featuredmedia":[{"embeddable":true,"href":"https:\/\/www.evakuierungsstuhl.de\/de\/wp-json\/wp\/v2\/media\/1697"}],"wp:attachment":[{"href":"https:\/\/www.evakuierungsstuhl.de\/de\/wp-json\/wp\/v2\/media?parent=1694"}],"wp:term":[{"taxonomy":"product_brand","embeddable":true,"href":"https:\/\/www.evakuierungsstuhl.de\/de\/wp-json\/wp\/v2\/product_brand?post=1694"},{"taxonomy":"product_cat","embeddable":true,"href":"https:\/\/www.evakuierungsstuhl.de\/de\/wp-json\/wp\/v2\/product_cat?post=1694"},{"taxonomy":"product_tag","embeddable":true,"href":"https:\/\/www.evakuierungsstuhl.de\/de\/wp-json\/wp\/v2\/product_tag?post=1694"}],"curies":[{"name":"wp","href":"https:\/\/api.w.org\/{rel}","templated":true}]}}