{"id":1683,"date":"2025-06-19T10:16:19","date_gmt":"2025-06-19T09:16:19","guid":{"rendered":"https:\/\/www.evakuierungsstuhl.de\/?post_type=product&#038;p=1683"},"modified":"2026-04-16T13:05:48","modified_gmt":"2026-04-16T12:05:48","slug":"evakuierungsstuhl-falcon-2-0","status":"publish","type":"product","link":"https:\/\/www.evakuierungsstuhl.de\/de\/product\/evacuatiestoel-falcon-2-0\/","title":{"rendered":"Evakuierungsstuhl Falcon 2.0"},"content":{"rendered":"<p>Der FALCON 2.0 Evakuierungsstuhl, Ensafe, ist eine ideale L\u00f6sung zur Evakuierung von Menschen mit eingeschr\u00e4nkter Mobilit\u00e4t. Er erm\u00f6glicht es einer Person, im Notfall oder wenn der Aufzug nicht benutzt werden kann, eine Person sicher und einfach die Treppe hinunter zu evakuieren.<br \/>\nDer Evakuierungsstuhl FALCON 2.0 erm\u00f6glicht auch die Evakuierung \u00fcber Treppen und \u00fcber Hindernisse.<\/p>\n<p>&nbsp;<\/p>\n<p>Sehr einfach zu bedienen.<\/p>\n<p>Zus\u00e4tzliche Sicherheit durch die zus\u00e4tzliche Strebe an der Unterseite.<\/p>\n<p>Eigenschaften<\/p>\n<div class=\"row\">\n<div class=\"col-lg-10 offset-lg-1\">\n<div class=\"row pt-6\">\n<div class=\"col-sm-6\">\n<ol class=\"product-features-ol\">\n<li>Ausziehbarer, mit einer Hand verstellbarer Teleskop-Bedienungsgriff.<br \/>\nDank dieser L\u00f6sung k\u00f6nnen Sie den Griff ganz einfach auf die gew\u00fcnschte H\u00f6he ausfahren.<\/li>\n<li>Leicht zug\u00e4ngliche Anleitungen<br \/>\nDie Gebrauchsanweisung befindet sich auf der R\u00fcckseite der Kopfst\u00fctze. So ist sie f\u00fcr den Benutzer immer sichtbar, wenn der Stuhl in Gebrauch ist.<\/li>\n<li>Ausklappbare Griffe.<br \/>\nDiese werden bei der horizontalen Evakuierung eingesetzt, z. B. in einem Korridor, einem Raum usw.<\/li>\n<li>Sicherheitsgurte mit einem sehr einfach zu bedienenden Schlie\u00dfmechanismus, wie er auch in Flugzeugen verwendet wird:<br \/>\ndie beiden Reihen von Sicherheitsgurten garantieren die Sicherheit der evakuierten Person.<br \/>\nOptional kann der Stuhl mit einem zus\u00e4tzlichen Beingurt ausgestattet werden.<\/li>\n<li>Fu\u00dfst\u00fctze und Treppensicherheit<br \/>\nDie Treppensicherung in der integrierten Fu\u00dfst\u00fctze verhindert, dass der Stuhl unkontrolliert \u00fcber den Rand der Treppe rutscht.<\/li>\n<li>Tragegriffe<br \/>\nDer Stuhl ist mit ausziehbaren Tragegriffen ausgestattet.<\/li>\n<li>Armlehnen<br \/>\nOptional kann der Stuhl auch mit Armlehnen ausgestattet werden.<\/li>\n<\/ol>\n<\/div>\n<\/div>\n<\/div>\n<\/div>\n<div class=\"row product-benefits mt-5 p-3 p-sm-5 rounded-25 d-flex align-items-top\">\n<div class=\"col-md-6 mb-4 mb-md-0\">\n<div class=\"row\">\n<div class=\"col-md-6\">\n<div class=\"media\">\n<div class=\"media-body\">\n<h4>Vorteile<\/h4>\n<ul>\n<li>Einfach zu bedienen<\/li>\n<li>Zus\u00e4tzliche Sicherheitsb\u00fcgel verhindert zu weites Vorbeifahren.<\/li>\n<li>Ein Bediener auf der Treppe.<\/li>\n<li>Licht<\/li>\n<li>Geeignet f\u00fcr sowohl auf- als auch abw\u00e4rtsgerichtete Evakuierung.<\/li>\n<li>Mehrfache Verwendung w\u00e4hrend eines Evakuierungsvorgangs<\/li>\n<li>Freistehend oder wandmontiert<\/li>\n<li>Zertifikat \"T\u00dcV NORD-gepr\u00fcftes Produkt<\/li>\n<li>BSI-Zertifikat ISO 9001:2015<\/li>\n<li>Hergestellt in Polen<\/li>\n<\/ul>\n<\/div>\n<\/div>\n<\/div>\n<div class=\"col-md-6 mb-4 mb-md-0\">\n<div class=\"media\">\n<div class=\"media-body\">\n<h4>Inklusive Wandhaken, Pickogramm und Abdeckung.<\/h4>\n<p>Weitere Einzelheiten siehe unten<\/p>\n<\/div>\n<p><a href=\"https:\/\/www.evakuierungsstuhl.de\/wp-content\/uploads\/2025\/06\/Falcon2-360-DE.mov\">Falcon2 360 DE<\/a><\/p>\n<\/div>\n<\/div>\n<\/div>\n<\/div>\n<\/div>","protected":false},"excerpt":{"rendered":"<ul>\n<li>Einfach zu bedienen<\/li>\n<li>Extra sicher durch die Treppensicherung.<\/li>\n<li>Ein Betreiber<\/li>\n<li>Licht<\/li>\n<li>Sowohl f\u00fcr die Aufw\u00e4rts- als auch f\u00fcr die Abw\u00e4rtsevakuierung geeignet<\/li>\n<li>Mehrfache Verwendung w\u00e4hrend eines Evakuierungsvorgangs<\/li>\n<li>Freistehend oder wandmontiert<\/li>\n<li>Zertifikat \"T\u00dcV NORD-gepr\u00fcftes Produkt<\/li>\n<li>BSI-Zertifikat ISO 9001:2015<\/li>\n<li>Hergestellt in Polen<\/li>\n<li>Produzent Ensafe<\/li>\n<\/ul>","protected":false},"featured_media":1684,"comment_status":"open","ping_status":"closed","template":"","meta":{"_acf_changed":false},"product_brand":[],"product_cat":[24],"product_tag":[61,33,44],"class_list":{"0":"post-1683","1":"product","2":"type-product","3":"status-publish","4":"has-post-thumbnail","6":"product_cat-evacuatiestoelen","7":"product_tag-ensafe","8":"product_tag-evacchair","9":"product_tag-evacuatiestoel","11":"first","12":"instock","13":"taxable","14":"shipping-taxable","15":"purchasable","16":"product-type-simple"},"acf":[],"yoast_head":"<!-- This site is optimized with the Yoast SEO plugin v27.2 - https:\/\/yoast.com\/product\/yoast-seo-wordpress\/ -->\n<title>Evacuatiestoel Falcon 2.0 - Evacuatieexpert<\/title>\n<meta name=\"robots\" content=\"index, follow, max-snippet:-1, max-image-preview:large, max-video-preview:-1\" \/>\n<link rel=\"canonical\" href=\"https:\/\/www.evakuierungsstuhl.de\/de\/produkt\/evakuierungsstuhl-falcon-2-0\/\" \/>\n<meta property=\"og:locale\" content=\"de_DE\" \/>\n<meta property=\"og:type\" content=\"article\" \/>\n<meta property=\"og:title\" content=\"Evacuatiestoel Falcon 2.0 - Evacuatieexpert\" \/>\n<meta property=\"og:description\" content=\"Gemakkelijk te gebruiken  Extra veilig door de trapbeveiliging.  E\u00e9n operator  Licht  Geschikt voor zowel op- als neerwaartse evacuatie  Meervoudig gebruik tijdens \u00e9\u00e9n evacuatieproces  Vrijstaand of aan de muur te bevestigen  Certificaat &quot;T\u00dcV NORD-getest product&quot;  BSI ISO 9001:2015-certificaat  Gemaakt in Polen  Producent Ensafe\" \/>\n<meta property=\"og:url\" content=\"https:\/\/www.evakuierungsstuhl.de\/de\/produkt\/evakuierungsstuhl-falcon-2-0\/\" \/>\n<meta property=\"og:site_name\" content=\"Evacuatieexpert\" \/>\n<meta property=\"article:modified_time\" content=\"2026-04-16T12:05:48+00:00\" \/>\n<meta property=\"og:image\" content=\"https:\/\/www.evakuierungsstuhl.de\/wp-content\/uploads\/2025\/06\/01-2-1-1024x1024.png\" \/>\n\t<meta property=\"og:image:width\" content=\"1024\" \/>\n\t<meta property=\"og:image:height\" content=\"1024\" \/>\n\t<meta property=\"og:image:type\" content=\"image\/png\" \/>\n<meta name=\"twitter:card\" content=\"summary_large_image\" \/>\n<meta name=\"twitter:label1\" content=\"Gesch\u00e4tzte Lesezeit\" \/>\n\t<meta name=\"twitter:data1\" content=\"2\u00a0Minuten\" \/>\n<script type=\"application\/ld+json\" class=\"yoast-schema-graph\">{\"@context\":\"https:\/\/schema.org\",\"@graph\":[{\"@type\":\"WebPage\",\"@id\":\"https:\/\/www.evakuierungsstuhl.de\/product\/evacuatiestoel-falcon-2-0\/\",\"url\":\"https:\/\/www.evakuierungsstuhl.de\/product\/evacuatiestoel-falcon-2-0\/\",\"name\":\"Evacuatiestoel Falcon 2.0 - Evacuatieexpert\",\"isPartOf\":{\"@id\":\"https:\/\/www.evakuierungsstuhl.de\/#website\"},\"primaryImageOfPage\":{\"@id\":\"https:\/\/www.evakuierungsstuhl.de\/product\/evacuatiestoel-falcon-2-0\/#primaryimage\"},\"image\":{\"@id\":\"https:\/\/www.evakuierungsstuhl.de\/product\/evacuatiestoel-falcon-2-0\/#primaryimage\"},\"thumbnailUrl\":\"https:\/\/www.evakuierungsstuhl.de\/wp-content\/uploads\/2025\/06\/01-2-1.png\",\"datePublished\":\"2025-06-19T09:16:19+00:00\",\"dateModified\":\"2026-04-16T12:05:48+00:00\",\"breadcrumb\":{\"@id\":\"https:\/\/www.evakuierungsstuhl.de\/product\/evacuatiestoel-falcon-2-0\/#breadcrumb\"},\"inLanguage\":\"de\",\"potentialAction\":[{\"@type\":\"ReadAction\",\"target\":[\"https:\/\/www.evakuierungsstuhl.de\/product\/evacuatiestoel-falcon-2-0\/\"]}]},{\"@type\":\"ImageObject\",\"inLanguage\":\"de\",\"@id\":\"https:\/\/www.evakuierungsstuhl.de\/product\/evacuatiestoel-falcon-2-0\/#primaryimage\",\"url\":\"https:\/\/www.evakuierungsstuhl.de\/wp-content\/uploads\/2025\/06\/01-2-1.png\",\"contentUrl\":\"https:\/\/www.evakuierungsstuhl.de\/wp-content\/uploads\/2025\/06\/01-2-1.png\",\"width\":3294,\"height\":3294,\"caption\":\"Falcon 2.0 evacuatiestoel. evacchair Escapechair\"},{\"@type\":\"BreadcrumbList\",\"@id\":\"https:\/\/www.evakuierungsstuhl.de\/product\/evacuatiestoel-falcon-2-0\/#breadcrumb\",\"itemListElement\":[{\"@type\":\"ListItem\",\"position\":1,\"name\":\"Home\",\"item\":\"https:\/\/www.evakuierungsstuhl.de\/\"},{\"@type\":\"ListItem\",\"position\":2,\"name\":\"Winkel\",\"item\":\"https:\/\/www.evakuierungsstuhl.de\/winkel\/\"},{\"@type\":\"ListItem\",\"position\":3,\"name\":\"Evacuatiestoel Falcon 2.0\"}]},{\"@type\":\"WebSite\",\"@id\":\"https:\/\/www.evakuierungsstuhl.de\/#website\",\"url\":\"https:\/\/www.evakuierungsstuhl.de\/\",\"name\":\"Evacuatieexpert\",\"description\":\"De expert in evacuatie\",\"potentialAction\":[{\"@type\":\"SearchAction\",\"target\":{\"@type\":\"EntryPoint\",\"urlTemplate\":\"https:\/\/www.evakuierungsstuhl.de\/?s={search_term_string}\"},\"query-input\":{\"@type\":\"PropertyValueSpecification\",\"valueRequired\":true,\"valueName\":\"search_term_string\"}}],\"inLanguage\":\"de\"}]}<\/script>\n<!-- \/ Yoast SEO plugin. -->","yoast_head_json":{"title":"Evakuierungsstuhl Falcon 2.0 - Evacuation Expert","robots":{"index":"index","follow":"follow","max-snippet":"max-snippet:-1","max-image-preview":"max-image-preview:large","max-video-preview":"max-video-preview:-1"},"canonical":"https:\/\/www.evakuierungsstuhl.de\/de\/produkt\/evakuierungsstuhl-falcon-2-0\/","og_locale":"de_DE","og_type":"article","og_title":"Evacuatiestoel Falcon 2.0 - Evacuatieexpert","og_description":"Gemakkelijk te gebruiken  Extra veilig door de trapbeveiliging.  E\u00e9n operator  Licht  Geschikt voor zowel op- als neerwaartse evacuatie  Meervoudig gebruik tijdens \u00e9\u00e9n evacuatieproces  Vrijstaand of aan de muur te bevestigen  Certificaat \"T\u00dcV NORD-getest product\"  BSI ISO 9001:2015-certificaat  Gemaakt in Polen  Producent Ensafe","og_url":"https:\/\/www.evakuierungsstuhl.de\/de\/produkt\/evakuierungsstuhl-falcon-2-0\/","og_site_name":"Evacuatieexpert","article_modified_time":"2026-04-16T12:05:48+00:00","og_image":[{"width":1024,"height":1024,"url":"https:\/\/www.evakuierungsstuhl.de\/wp-content\/uploads\/2025\/06\/01-2-1-1024x1024.png","type":"image\/png"}],"twitter_card":"summary_large_image","twitter_misc":{"Gesch\u00e4tzte Lesezeit":"2\u00a0Minuten"},"schema":{"@context":"https:\/\/schema.org","@graph":[{"@type":"WebPage","@id":"https:\/\/www.evakuierungsstuhl.de\/product\/evacuatiestoel-falcon-2-0\/","url":"https:\/\/www.evakuierungsstuhl.de\/product\/evacuatiestoel-falcon-2-0\/","name":"Evakuierungsstuhl Falcon 2.0 - Evacuation Expert","isPartOf":{"@id":"https:\/\/www.evakuierungsstuhl.de\/#website"},"primaryImageOfPage":{"@id":"https:\/\/www.evakuierungsstuhl.de\/product\/evacuatiestoel-falcon-2-0\/#primaryimage"},"image":{"@id":"https:\/\/www.evakuierungsstuhl.de\/product\/evacuatiestoel-falcon-2-0\/#primaryimage"},"thumbnailUrl":"https:\/\/www.evakuierungsstuhl.de\/wp-content\/uploads\/2025\/06\/01-2-1.png","datePublished":"2025-06-19T09:16:19+00:00","dateModified":"2026-04-16T12:05:48+00:00","breadcrumb":{"@id":"https:\/\/www.evakuierungsstuhl.de\/product\/evacuatiestoel-falcon-2-0\/#breadcrumb"},"inLanguage":"de","potentialAction":[{"@type":"ReadAction","target":["https:\/\/www.evakuierungsstuhl.de\/product\/evacuatiestoel-falcon-2-0\/"]}]},{"@type":"ImageObject","inLanguage":"de","@id":"https:\/\/www.evakuierungsstuhl.de\/product\/evacuatiestoel-falcon-2-0\/#primaryimage","url":"https:\/\/www.evakuierungsstuhl.de\/wp-content\/uploads\/2025\/06\/01-2-1.png","contentUrl":"https:\/\/www.evakuierungsstuhl.de\/wp-content\/uploads\/2025\/06\/01-2-1.png","width":3294,"height":3294,"caption":"Falcon 2.0 evacuatiestoel. evacchair Escapechair"},{"@type":"BreadcrumbList","@id":"https:\/\/www.evakuierungsstuhl.de\/product\/evacuatiestoel-falcon-2-0\/#breadcrumb","itemListElement":[{"@type":"ListItem","position":1,"name":"Home","item":"https:\/\/www.evakuierungsstuhl.de\/"},{"@type":"ListItem","position":2,"name":"Winkel","item":"https:\/\/www.evakuierungsstuhl.de\/winkel\/"},{"@type":"ListItem","position":3,"name":"Evacuatiestoel Falcon 2.0"}]},{"@type":"WebSite","@id":"https:\/\/www.evakuierungsstuhl.de\/#website","url":"https:\/\/www.evakuierungsstuhl.de\/","name":"Experte f\u00fcr Evakuierung","description":"Der Experte f\u00fcr Evakuierung","potentialAction":[{"@type":"SearchAction","target":{"@type":"EntryPoint","urlTemplate":"https:\/\/www.evakuierungsstuhl.de\/?s={search_term_string}"},"query-input":{"@type":"PropertyValueSpecification","valueRequired":true,"valueName":"search_term_string"}}],"inLanguage":"de"}]}},"_links":{"self":[{"href":"https:\/\/www.evakuierungsstuhl.de\/de\/wp-json\/wp\/v2\/product\/1683","targetHints":{"allow":["GET"]}}],"collection":[{"href":"https:\/\/www.evakuierungsstuhl.de\/de\/wp-json\/wp\/v2\/product"}],"about":[{"href":"https:\/\/www.evakuierungsstuhl.de\/de\/wp-json\/wp\/v2\/types\/product"}],"replies":[{"embeddable":true,"href":"https:\/\/www.evakuierungsstuhl.de\/de\/wp-json\/wp\/v2\/comments?post=1683"}],"version-history":[{"count":7,"href":"https:\/\/www.evakuierungsstuhl.de\/de\/wp-json\/wp\/v2\/product\/1683\/revisions"}],"predecessor-version":[{"id":2018,"href":"https:\/\/www.evakuierungsstuhl.de\/de\/wp-json\/wp\/v2\/product\/1683\/revisions\/2018"}],"wp:featuredmedia":[{"embeddable":true,"href":"https:\/\/www.evakuierungsstuhl.de\/de\/wp-json\/wp\/v2\/media\/1684"}],"wp:attachment":[{"href":"https:\/\/www.evakuierungsstuhl.de\/de\/wp-json\/wp\/v2\/media?parent=1683"}],"wp:term":[{"taxonomy":"product_brand","embeddable":true,"href":"https:\/\/www.evakuierungsstuhl.de\/de\/wp-json\/wp\/v2\/product_brand?post=1683"},{"taxonomy":"product_cat","embeddable":true,"href":"https:\/\/www.evakuierungsstuhl.de\/de\/wp-json\/wp\/v2\/product_cat?post=1683"},{"taxonomy":"product_tag","embeddable":true,"href":"https:\/\/www.evakuierungsstuhl.de\/de\/wp-json\/wp\/v2\/product_tag?post=1683"}],"curies":[{"name":"wp","href":"https:\/\/api.w.org\/{rel}","templated":true}]}}