{"id":1544,"date":"2024-10-17T09:22:26","date_gmt":"2024-10-17T08:22:26","guid":{"rendered":"https:\/\/www.evakuierungsstuhl.de\/?post_type=product&#038;p=1544"},"modified":"2026-04-16T13:48:46","modified_gmt":"2026-04-16T12:48:46","slug":"wiederbelebungsausschuss-wiederbelebungsausschuss","status":"publish","type":"product","link":"https:\/\/www.evakuierungsstuhl.de\/de\/product\/res-q-board-reanimatie-board\/","title":{"rendered":"Res-Q-Board CPR-Board"},"content":{"rendered":"<pre class=\"tw-data-text tw-text-large tw-ta\" dir=\"ltr\" data-placeholder=\"Vertaling\" data-ved=\"2ahUKEwj4q6f2_JSJAxWt57sIHUKcH0AQ3ewLegQIBxAU\" aria-label=\"\u00dcbersetzter Text: Das Res-Q-Board wurde entwickelt, um die Wiederbelebungsma\u00dfnahmen zu optimieren. Seine anatomische Form erm\u00f6glicht die korrekte Positionierung des Patienten, h\u00e4lt die Atemwege offen und macht die externe Brustkorbkompression effektiver. Die Oberseite ist strukturiert, um ein Verrutschen zu verhindern und die Wirbels\u00e4ule zu st\u00fctzen. Die untere Fl\u00e4che ist so beschaffen, dass sie das Brett w\u00e4hrend der Wiederbelebung stabilisiert.\"><span class=\"Y2IQFc\" lang=\"nl\">Das Res-Q-Board wurde entwickelt, um die Wiederbelebungsma\u00dfnahmen zu optimieren.\r\nSeine anatomische Form erm\u00f6glicht die korrekte Positionierung des Patienten, wodurch die Atemwege offen gehalten werden und die externe Herzdruckmassage effektiver wird.\r\nDie Oberfl\u00e4che ist strukturiert, um ein Verrutschen zu verhindern und die Wirbels\u00e4ule zu st\u00fctzen.\r\nDie untere Fl\u00e4che dient der Stabilisierung des Brettes w\u00e4hrend der Wiederbelebung.\r\n\r\n605 x 415 x 70 mm\r\n<\/span>Material :<span class=\"sc-c02e931a-6 bXvZpR\" style=\"font-family: Georgia, 'Times New Roman', 'Bitstream Charter', Times, serif;\">PE\r\n<\/span><span class=\"sc-c02e931a-5 enwrfR\">Gewicht:<\/span><span class=\"sc-c02e931a-6 bXvZpR\">1,49 kg<\/span><\/pre>\n<pre id=\"tw-target-text\" class=\"tw-data-text tw-text-large tw-ta\" dir=\"ltr\" data-placeholder=\"Vertaling\" data-ved=\"2ahUKEwj4q6f2_JSJAxWt57sIHUKcH0AQ3ewLegQIBxAU\" aria-label=\"\u00dcbersetzter Text: Das Res-Q-Board wurde entwickelt, um die Wiederbelebungsma\u00dfnahmen zu optimieren. Seine anatomische Form erm\u00f6glicht die korrekte Positionierung des Patienten, h\u00e4lt die Atemwege offen und macht die externe Brustkorbkompression effektiver. Die Oberseite ist strukturiert, um ein Verrutschen zu verhindern und die Wirbels\u00e4ule zu st\u00fctzen. Die untere Fl\u00e4che ist so beschaffen, dass sie das Brett w\u00e4hrend der Wiederbelebung stabilisiert.\"><span class=\"Y2IQFc\" lang=\"nl\"> Hier finden Sie den Wandhalter f\u00fcr die sichtbare Aufbewahrung: <a href=\"https:\/\/www.evakuierungsstuhl.de\/de\/produkt\/wandhalterung-fur-wiederbelebungstafel-wiederbelebungstafel\/\">Wandhalterung<\/a><\/span><\/pre>","protected":false},"excerpt":{"rendered":"<p>Res-Q-Board is ontworpen om reanimatiemanoeuvres te optimaliseren. De anatomische vorm maakt de juiste positionering van de pati\u00ebnt mogelijk, waardoor de luchtwegen open blijven en tegelijkertijd de externe hartmassage effectiever wordt. Het oppervlak is gestructureerd om verschuiven te verminderen en de wervels te ondersteunen. Het onderste oppervlak is gemaakt om het bord tijdens reanimatie te stabiliseren. [&hellip;]<\/p>\n","protected":false},"featured_media":1545,"comment_status":"open","ping_status":"closed","template":"","meta":{"_acf_changed":false},"product_brand":[],"product_cat":[28],"product_tag":[57,56,51],"class_list":{"0":"post-1544","1":"product","2":"type-product","3":"status-publish","4":"has-post-thumbnail","6":"product_cat-accessoires-bhv","7":"product_tag-cpr","8":"product_tag-reanimatie","9":"product_tag-spencer","11":"first","12":"instock","13":"taxable","14":"shipping-taxable","15":"purchasable","16":"product-type-simple"},"acf":[],"yoast_head":"<!-- This site is optimized with the Yoast SEO plugin v27.2 - https:\/\/yoast.com\/product\/yoast-seo-wordpress\/ -->\n<title>Res-Q-Board reanimatie Board - Evacuatieexpert<\/title>\n<meta name=\"robots\" content=\"index, follow, max-snippet:-1, max-image-preview:large, max-video-preview:-1\" \/>\n<link rel=\"canonical\" href=\"https:\/\/www.evakuierungsstuhl.de\/de\/produkt\/wiederbelebungsausschuss-wiederbelebungsausschuss\/\" \/>\n<meta property=\"og:locale\" content=\"de_DE\" \/>\n<meta property=\"og:type\" content=\"article\" \/>\n<meta property=\"og:title\" content=\"Res-Q-Board reanimatie Board - Evacuatieexpert\" \/>\n<meta property=\"og:description\" content=\"Res-Q-Board is ontworpen om reanimatiemanoeuvres te optimaliseren. De anatomische vorm maakt de juiste positionering van de pati\u00ebnt mogelijk, waardoor de luchtwegen open blijven en tegelijkertijd de externe hartmassage effectiever wordt. Het oppervlak is gestructureerd om verschuiven te verminderen en de wervels te ondersteunen. Het onderste oppervlak is gemaakt om het bord tijdens reanimatie te stabiliseren. [&hellip;]\" \/>\n<meta property=\"og:url\" content=\"https:\/\/www.evakuierungsstuhl.de\/de\/produkt\/wiederbelebungsausschuss-wiederbelebungsausschuss\/\" \/>\n<meta property=\"og:site_name\" content=\"Evacuatieexpert\" \/>\n<meta property=\"article:modified_time\" content=\"2026-04-16T12:48:46+00:00\" \/>\n<meta property=\"og:image\" content=\"https:\/\/www.evakuierungsstuhl.de\/wp-content\/uploads\/2024\/10\/Res-q-board-Spencer-Wiederbelebungstafel-1024x1024-1.png\" \/>\n\t<meta property=\"og:image:width\" content=\"1024\" \/>\n\t<meta property=\"og:image:height\" content=\"1024\" \/>\n\t<meta property=\"og:image:type\" content=\"image\/png\" \/>\n<meta name=\"twitter:card\" content=\"summary_large_image\" \/>\n<meta name=\"twitter:label1\" content=\"Gesch\u00e4tzte Lesezeit\" \/>\n\t<meta name=\"twitter:data1\" content=\"1\u00a0Minute\" \/>\n<script type=\"application\/ld+json\" class=\"yoast-schema-graph\">{\"@context\":\"https:\/\/schema.org\",\"@graph\":[{\"@type\":\"WebPage\",\"@id\":\"https:\/\/www.evakuierungsstuhl.de\/product\/res-q-board-reanimatie-board\/\",\"url\":\"https:\/\/www.evakuierungsstuhl.de\/product\/res-q-board-reanimatie-board\/\",\"name\":\"Res-Q-Board reanimatie Board - Evacuatieexpert\",\"isPartOf\":{\"@id\":\"https:\/\/www.evakuierungsstuhl.de\/#website\"},\"primaryImageOfPage\":{\"@id\":\"https:\/\/www.evakuierungsstuhl.de\/product\/res-q-board-reanimatie-board\/#primaryimage\"},\"image\":{\"@id\":\"https:\/\/www.evakuierungsstuhl.de\/product\/res-q-board-reanimatie-board\/#primaryimage\"},\"thumbnailUrl\":\"https:\/\/www.evakuierungsstuhl.de\/wp-content\/uploads\/2024\/10\/Res-q-board-Spencer-Wiederbelebungstafel-1024x1024-1.png\",\"datePublished\":\"2024-10-17T08:22:26+00:00\",\"dateModified\":\"2026-04-16T12:48:46+00:00\",\"breadcrumb\":{\"@id\":\"https:\/\/www.evakuierungsstuhl.de\/product\/res-q-board-reanimatie-board\/#breadcrumb\"},\"inLanguage\":\"de\",\"potentialAction\":[{\"@type\":\"ReadAction\",\"target\":[\"https:\/\/www.evakuierungsstuhl.de\/product\/res-q-board-reanimatie-board\/\"]}]},{\"@type\":\"ImageObject\",\"inLanguage\":\"de\",\"@id\":\"https:\/\/www.evakuierungsstuhl.de\/product\/res-q-board-reanimatie-board\/#primaryimage\",\"url\":\"https:\/\/www.evakuierungsstuhl.de\/wp-content\/uploads\/2024\/10\/Res-q-board-Spencer-Wiederbelebungstafel-1024x1024-1.png\",\"contentUrl\":\"https:\/\/www.evakuierungsstuhl.de\/wp-content\/uploads\/2024\/10\/Res-q-board-Spencer-Wiederbelebungstafel-1024x1024-1.png\",\"width\":1024,\"height\":1024},{\"@type\":\"BreadcrumbList\",\"@id\":\"https:\/\/www.evakuierungsstuhl.de\/product\/res-q-board-reanimatie-board\/#breadcrumb\",\"itemListElement\":[{\"@type\":\"ListItem\",\"position\":1,\"name\":\"Home\",\"item\":\"https:\/\/www.evakuierungsstuhl.de\/\"},{\"@type\":\"ListItem\",\"position\":2,\"name\":\"Winkel\",\"item\":\"https:\/\/www.evakuierungsstuhl.de\/winkel\/\"},{\"@type\":\"ListItem\",\"position\":3,\"name\":\"Res-Q-Board reanimatie Board\"}]},{\"@type\":\"WebSite\",\"@id\":\"https:\/\/www.evakuierungsstuhl.de\/#website\",\"url\":\"https:\/\/www.evakuierungsstuhl.de\/\",\"name\":\"Evacuatieexpert\",\"description\":\"De expert in evacuatie\",\"potentialAction\":[{\"@type\":\"SearchAction\",\"target\":{\"@type\":\"EntryPoint\",\"urlTemplate\":\"https:\/\/www.evakuierungsstuhl.de\/?s={search_term_string}\"},\"query-input\":{\"@type\":\"PropertyValueSpecification\",\"valueRequired\":true,\"valueName\":\"search_term_string\"}}],\"inLanguage\":\"de\"}]}<\/script>\n<!-- \/ Yoast SEO plugin. -->","yoast_head_json":{"title":"Res-Q-Board CPR Board - Evakuierungsexperte","robots":{"index":"index","follow":"follow","max-snippet":"max-snippet:-1","max-image-preview":"max-image-preview:large","max-video-preview":"max-video-preview:-1"},"canonical":"https:\/\/www.evakuierungsstuhl.de\/de\/produkt\/wiederbelebungsausschuss-wiederbelebungsausschuss\/","og_locale":"de_DE","og_type":"article","og_title":"Res-Q-Board reanimatie Board - Evacuatieexpert","og_description":"Res-Q-Board is ontworpen om reanimatiemanoeuvres te optimaliseren. De anatomische vorm maakt de juiste positionering van de pati\u00ebnt mogelijk, waardoor de luchtwegen open blijven en tegelijkertijd de externe hartmassage effectiever wordt. Het oppervlak is gestructureerd om verschuiven te verminderen en de wervels te ondersteunen. Het onderste oppervlak is gemaakt om het bord tijdens reanimatie te stabiliseren. [&hellip;]","og_url":"https:\/\/www.evakuierungsstuhl.de\/de\/produkt\/wiederbelebungsausschuss-wiederbelebungsausschuss\/","og_site_name":"Evacuatieexpert","article_modified_time":"2026-04-16T12:48:46+00:00","og_image":[{"width":1024,"height":1024,"url":"https:\/\/www.evakuierungsstuhl.de\/wp-content\/uploads\/2024\/10\/Res-q-board-Spencer-Wiederbelebungstafel-1024x1024-1.png","type":"image\/png"}],"twitter_card":"summary_large_image","twitter_misc":{"Gesch\u00e4tzte Lesezeit":"1\u00a0Minute"},"schema":{"@context":"https:\/\/schema.org","@graph":[{"@type":"WebPage","@id":"https:\/\/www.evakuierungsstuhl.de\/product\/res-q-board-reanimatie-board\/","url":"https:\/\/www.evakuierungsstuhl.de\/product\/res-q-board-reanimatie-board\/","name":"Res-Q-Board CPR Board - Evakuierungsexperte","isPartOf":{"@id":"https:\/\/www.evakuierungsstuhl.de\/#website"},"primaryImageOfPage":{"@id":"https:\/\/www.evakuierungsstuhl.de\/product\/res-q-board-reanimatie-board\/#primaryimage"},"image":{"@id":"https:\/\/www.evakuierungsstuhl.de\/product\/res-q-board-reanimatie-board\/#primaryimage"},"thumbnailUrl":"https:\/\/www.evakuierungsstuhl.de\/wp-content\/uploads\/2024\/10\/Res-q-board-Spencer-Wiederbelebungstafel-1024x1024-1.png","datePublished":"2024-10-17T08:22:26+00:00","dateModified":"2026-04-16T12:48:46+00:00","breadcrumb":{"@id":"https:\/\/www.evakuierungsstuhl.de\/product\/res-q-board-reanimatie-board\/#breadcrumb"},"inLanguage":"de","potentialAction":[{"@type":"ReadAction","target":["https:\/\/www.evakuierungsstuhl.de\/product\/res-q-board-reanimatie-board\/"]}]},{"@type":"ImageObject","inLanguage":"de","@id":"https:\/\/www.evakuierungsstuhl.de\/product\/res-q-board-reanimatie-board\/#primaryimage","url":"https:\/\/www.evakuierungsstuhl.de\/wp-content\/uploads\/2024\/10\/Res-q-board-Spencer-Wiederbelebungstafel-1024x1024-1.png","contentUrl":"https:\/\/www.evakuierungsstuhl.de\/wp-content\/uploads\/2024\/10\/Res-q-board-Spencer-Wiederbelebungstafel-1024x1024-1.png","width":1024,"height":1024},{"@type":"BreadcrumbList","@id":"https:\/\/www.evakuierungsstuhl.de\/product\/res-q-board-reanimatie-board\/#breadcrumb","itemListElement":[{"@type":"ListItem","position":1,"name":"Home","item":"https:\/\/www.evakuierungsstuhl.de\/"},{"@type":"ListItem","position":2,"name":"Winkel","item":"https:\/\/www.evakuierungsstuhl.de\/winkel\/"},{"@type":"ListItem","position":3,"name":"Res-Q-Board reanimatie Board"}]},{"@type":"WebSite","@id":"https:\/\/www.evakuierungsstuhl.de\/#website","url":"https:\/\/www.evakuierungsstuhl.de\/","name":"Experte f\u00fcr Evakuierung","description":"Der Experte f\u00fcr Evakuierung","potentialAction":[{"@type":"SearchAction","target":{"@type":"EntryPoint","urlTemplate":"https:\/\/www.evakuierungsstuhl.de\/?s={search_term_string}"},"query-input":{"@type":"PropertyValueSpecification","valueRequired":true,"valueName":"search_term_string"}}],"inLanguage":"de"}]}},"_links":{"self":[{"href":"https:\/\/www.evakuierungsstuhl.de\/de\/wp-json\/wp\/v2\/product\/1544","targetHints":{"allow":["GET"]}}],"collection":[{"href":"https:\/\/www.evakuierungsstuhl.de\/de\/wp-json\/wp\/v2\/product"}],"about":[{"href":"https:\/\/www.evakuierungsstuhl.de\/de\/wp-json\/wp\/v2\/types\/product"}],"replies":[{"embeddable":true,"href":"https:\/\/www.evakuierungsstuhl.de\/de\/wp-json\/wp\/v2\/comments?post=1544"}],"version-history":[{"count":3,"href":"https:\/\/www.evakuierungsstuhl.de\/de\/wp-json\/wp\/v2\/product\/1544\/revisions"}],"predecessor-version":[{"id":1617,"href":"https:\/\/www.evakuierungsstuhl.de\/de\/wp-json\/wp\/v2\/product\/1544\/revisions\/1617"}],"wp:featuredmedia":[{"embeddable":true,"href":"https:\/\/www.evakuierungsstuhl.de\/de\/wp-json\/wp\/v2\/media\/1545"}],"wp:attachment":[{"href":"https:\/\/www.evakuierungsstuhl.de\/de\/wp-json\/wp\/v2\/media?parent=1544"}],"wp:term":[{"taxonomy":"product_brand","embeddable":true,"href":"https:\/\/www.evakuierungsstuhl.de\/de\/wp-json\/wp\/v2\/product_brand?post=1544"},{"taxonomy":"product_cat","embeddable":true,"href":"https:\/\/www.evakuierungsstuhl.de\/de\/wp-json\/wp\/v2\/product_cat?post=1544"},{"taxonomy":"product_tag","embeddable":true,"href":"https:\/\/www.evakuierungsstuhl.de\/de\/wp-json\/wp\/v2\/product_tag?post=1544"}],"curies":[{"name":"wp","href":"https:\/\/api.w.org\/{rel}","templated":true}]}}