{"id":1509,"date":"2024-10-08T16:42:56","date_gmt":"2024-10-08T15:42:56","guid":{"rendered":"https:\/\/www.evakuierungsstuhl.de\/?post_type=product&#038;p=1509"},"modified":"2025-07-03T08:22:20","modified_gmt":"2025-07-03T07:22:20","slug":"evakuierungsstuhl-fluchtstuhl-cf-3","status":"publish","type":"product","link":"https:\/\/www.evakuierungsstuhl.de\/de\/product\/evacuatiestoel-escape-chair-stplus\/","title":{"rendered":"Evakuierungsstuhl Escape-Chair\u00ae STplus"},"content":{"rendered":"<p>Der Escape-Chair\u00ae STplus ist speziell f\u00fcr Menschen mit erh\u00f6hter Mobilit\u00e4tseinschr\u00e4nkung und f\u00fcr Rollstuhlfahrer konzipiert. Z.B. \u00e4ltere Menschen, Menschen mit einer Verletzung, Rollator usw. Kurz gesagt, jeder, der sich in einer Notsituation nicht selbst\u00e4ndig evakuieren kann.<\/p>\n<p>Der Komfortsitz sorgt f\u00fcr stabiles und bequemes Sitzen, ebenso wie die doppelte R\u00fcckenlehne. Da dieses Modell \u00fcber einen in 2 H\u00f6hen verstellbaren Steuergriff verf\u00fcgt, k\u00f6nnen Personen mit unterschiedlicher K\u00f6rpergr\u00f6\u00dfe diesen Escape-Chair\u00ae richtig bedienen.<\/p>\n<p>Dieser Evakuierungsstuhl von Escape-Mobility passt in jeden Evakuierungsplan und R\u00e4umungsplan.<\/p>\n<p>&nbsp;<\/p>\n<p>Lieferung umfasst: Wandhaken und Pickogramm<\/p>\n<p>E.E.H. liefert u.a. alle Modelle und Produkte aus dem Escape Mobility Sortiment. Auch f\u00fcr die Wartung und Schulung mit dem Escape-Stuhl sind wir die richtige Adresse.<\/p>\n<p>&nbsp;<\/p>\n<p><iframe title=\"EVAKUIERUNGSSTUHL ESCAPE-CHAIR EINWEISUNGSFILM (DE)\" width=\"800\" height=\"450\" data-src=\"https:\/\/www.youtube.com\/embed\/LDzUTxDhvsY?feature=oembed\" frameborder=\"0\" allow=\"accelerometer; autoplay; clipboard-write; encrypted-media; gyroscope; picture-in-picture; web-share\" referrerpolicy=\"strict-origin-when-cross-origin\" allowfullscreen src=\"data:image\/svg+xml;base64,PHN2ZyB3aWR0aD0iMSIgaGVpZ2h0PSIxIiB4bWxucz0iaHR0cDovL3d3dy53My5vcmcvMjAwMC9zdmciPjwvc3ZnPg==\" class=\"lazyload\" data-load-mode=\"1\"><\/iframe><\/p>\n<p><iframe title=\"EVAKUIERUNGSSTUHL FLUCHTSTUHL ANLEITUNG VIDEO (NL)\" width=\"800\" height=\"450\" data-src=\"https:\/\/www.youtube.com\/embed\/2SXoTU5MCZQ?feature=oembed\" frameborder=\"0\" allow=\"accelerometer; autoplay; clipboard-write; encrypted-media; gyroscope; picture-in-picture; web-share\" referrerpolicy=\"strict-origin-when-cross-origin\" allowfullscreen src=\"data:image\/svg+xml;base64,PHN2ZyB3aWR0aD0iMSIgaGVpZ2h0PSIxIiB4bWxucz0iaHR0cDovL3d3dy53My5vcmcvMjAwMC9zdmciPjwvc3ZnPg==\" class=\"lazyload\" data-load-mode=\"1\"><\/iframe><\/p>","protected":false},"excerpt":{"rendered":"<p>Deze evacuatiestoel is licht van gewicht en binnen enkele seconden gebruiksklaar. De uitklapbare standaard met brede wielbasis zorgt voor extra stabiliteit. Met een maximale draaglast van 185 kg en geschikt voor een maximale traphoek van 40\u00b0, biedt deze stoel veelzijdigheid en betrouwbaarheid. De bedieningsbeugel is in twee hoogtes verstelbaar, en zowel de bedienings- als onderbeugel zijn voorzien van anti-slip voor extra veiligheid.<\/p>\n<p>Comfort en ondersteuning<\/p>\n<p>De zitting is ontworpen voor maximaal comfort en de brede rugleuning biedt betere ondersteuning.<\/p>\n<p>&nbsp;<\/p>","protected":false},"featured_media":1493,"comment_status":"closed","ping_status":"closed","template":"","meta":{"_acf_changed":false},"product_brand":[],"product_cat":[24],"product_tag":[35],"class_list":{"0":"post-1509","1":"product","2":"type-product","3":"status-publish","4":"has-post-thumbnail","6":"product_cat-evacuatiestoelen","7":"product_tag-escape-chair","9":"first","10":"instock","11":"taxable","12":"shipping-taxable","13":"purchasable","14":"product-type-simple"},"acf":[],"yoast_head":"<!-- This site is optimized with the Yoast SEO plugin v27.2 - https:\/\/yoast.com\/product\/yoast-seo-wordpress\/ -->\n<title>Evacuatiestoel Escape-Chair\u00ae STplus - Evacuatieexpert<\/title>\n<meta name=\"robots\" content=\"index, follow, max-snippet:-1, max-image-preview:large, max-video-preview:-1\" \/>\n<link rel=\"canonical\" href=\"https:\/\/www.evakuierungsstuhl.de\/de\/produkt\/evakuierungsstuhl-fluchtstuhl-cf-3\/\" \/>\n<meta property=\"og:locale\" content=\"de_DE\" \/>\n<meta property=\"og:type\" content=\"article\" \/>\n<meta property=\"og:title\" content=\"Evacuatiestoel Escape-Chair\u00ae STplus - Evacuatieexpert\" \/>\n<meta property=\"og:description\" content=\"Deze evacuatiestoel is licht van gewicht en binnen enkele seconden gebruiksklaar. De uitklapbare standaard met brede wielbasis zorgt voor extra stabiliteit. Met een maximale draaglast van 185 kg en geschikt voor een maximale traphoek van 40\u00b0, biedt deze stoel veelzijdigheid en betrouwbaarheid. De bedieningsbeugel is in twee hoogtes verstelbaar, en zowel de bedienings- als onderbeugel zijn voorzien van anti-slip voor extra veiligheid.  Comfort en ondersteuning  De zitting is ontworpen voor maximaal comfort en de brede rugleuning biedt betere ondersteuning.  &nbsp;\" \/>\n<meta property=\"og:url\" content=\"https:\/\/www.evakuierungsstuhl.de\/de\/produkt\/evakuierungsstuhl-fluchtstuhl-cf-3\/\" \/>\n<meta property=\"og:site_name\" content=\"Evacuatieexpert\" \/>\n<meta property=\"article:modified_time\" content=\"2025-07-03T07:22:20+00:00\" \/>\n<meta property=\"og:image\" content=\"https:\/\/www.evakuierungsstuhl.de\/wp-content\/uploads\/2024\/06\/ST-PLUS-scaled.jpg\" \/>\n\t<meta property=\"og:image:width\" content=\"2048\" \/>\n\t<meta property=\"og:image:height\" content=\"2560\" \/>\n\t<meta property=\"og:image:type\" content=\"image\/jpeg\" \/>\n<meta name=\"twitter:card\" content=\"summary_large_image\" \/>\n<meta name=\"twitter:label1\" content=\"Gesch\u00e4tzte Lesezeit\" \/>\n\t<meta name=\"twitter:data1\" content=\"1\u00a0Minute\" \/>\n<script type=\"application\/ld+json\" class=\"yoast-schema-graph\">{\"@context\":\"https:\/\/schema.org\",\"@graph\":[{\"@type\":\"WebPage\",\"@id\":\"https:\/\/www.evakuierungsstuhl.de\/product\/evacuatiestoel-escape-chair-stplus\/\",\"url\":\"https:\/\/www.evakuierungsstuhl.de\/product\/evacuatiestoel-escape-chair-stplus\/\",\"name\":\"Evacuatiestoel Escape-Chair\u00ae STplus - Evacuatieexpert\",\"isPartOf\":{\"@id\":\"https:\/\/www.evakuierungsstuhl.de\/#website\"},\"primaryImageOfPage\":{\"@id\":\"https:\/\/www.evakuierungsstuhl.de\/product\/evacuatiestoel-escape-chair-stplus\/#primaryimage\"},\"image\":{\"@id\":\"https:\/\/www.evakuierungsstuhl.de\/product\/evacuatiestoel-escape-chair-stplus\/#primaryimage\"},\"thumbnailUrl\":\"https:\/\/www.evakuierungsstuhl.de\/wp-content\/uploads\/2024\/06\/ST-PLUS-scaled.jpg\",\"datePublished\":\"2024-10-08T15:42:56+00:00\",\"dateModified\":\"2025-07-03T07:22:20+00:00\",\"breadcrumb\":{\"@id\":\"https:\/\/www.evakuierungsstuhl.de\/product\/evacuatiestoel-escape-chair-stplus\/#breadcrumb\"},\"inLanguage\":\"de\",\"potentialAction\":[{\"@type\":\"ReadAction\",\"target\":[\"https:\/\/www.evakuierungsstuhl.de\/product\/evacuatiestoel-escape-chair-stplus\/\"]}]},{\"@type\":\"ImageObject\",\"inLanguage\":\"de\",\"@id\":\"https:\/\/www.evakuierungsstuhl.de\/product\/evacuatiestoel-escape-chair-stplus\/#primaryimage\",\"url\":\"https:\/\/www.evakuierungsstuhl.de\/wp-content\/uploads\/2024\/06\/ST-PLUS-scaled.jpg\",\"contentUrl\":\"https:\/\/www.evakuierungsstuhl.de\/wp-content\/uploads\/2024\/06\/ST-PLUS-scaled.jpg\",\"width\":2048,\"height\":2560},{\"@type\":\"BreadcrumbList\",\"@id\":\"https:\/\/www.evakuierungsstuhl.de\/product\/evacuatiestoel-escape-chair-stplus\/#breadcrumb\",\"itemListElement\":[{\"@type\":\"ListItem\",\"position\":1,\"name\":\"Home\",\"item\":\"https:\/\/www.evakuierungsstuhl.de\/\"},{\"@type\":\"ListItem\",\"position\":2,\"name\":\"Winkel\",\"item\":\"https:\/\/www.evakuierungsstuhl.de\/winkel\/\"},{\"@type\":\"ListItem\",\"position\":3,\"name\":\"Evacuatiestoel Escape-Chair\u00ae STplus\"}]},{\"@type\":\"WebSite\",\"@id\":\"https:\/\/www.evakuierungsstuhl.de\/#website\",\"url\":\"https:\/\/www.evakuierungsstuhl.de\/\",\"name\":\"Evacuatieexpert\",\"description\":\"De expert in evacuatie\",\"potentialAction\":[{\"@type\":\"SearchAction\",\"target\":{\"@type\":\"EntryPoint\",\"urlTemplate\":\"https:\/\/www.evakuierungsstuhl.de\/?s={search_term_string}\"},\"query-input\":{\"@type\":\"PropertyValueSpecification\",\"valueRequired\":true,\"valueName\":\"search_term_string\"}}],\"inLanguage\":\"de\"}]}<\/script>\n<!-- \/ Yoast SEO plugin. -->","yoast_head_json":{"title":"Evakuierungsstuhl Escape-Chair\u00ae STplus - Evakuierungsexperte","robots":{"index":"index","follow":"follow","max-snippet":"max-snippet:-1","max-image-preview":"max-image-preview:large","max-video-preview":"max-video-preview:-1"},"canonical":"https:\/\/www.evakuierungsstuhl.de\/de\/produkt\/evakuierungsstuhl-fluchtstuhl-cf-3\/","og_locale":"de_DE","og_type":"article","og_title":"Evacuatiestoel Escape-Chair\u00ae STplus - Evacuatieexpert","og_description":"Deze evacuatiestoel is licht van gewicht en binnen enkele seconden gebruiksklaar. De uitklapbare standaard met brede wielbasis zorgt voor extra stabiliteit. Met een maximale draaglast van 185 kg en geschikt voor een maximale traphoek van 40\u00b0, biedt deze stoel veelzijdigheid en betrouwbaarheid. De bedieningsbeugel is in twee hoogtes verstelbaar, en zowel de bedienings- als onderbeugel zijn voorzien van anti-slip voor extra veiligheid.  Comfort en ondersteuning  De zitting is ontworpen voor maximaal comfort en de brede rugleuning biedt betere ondersteuning.  &nbsp;","og_url":"https:\/\/www.evakuierungsstuhl.de\/de\/produkt\/evakuierungsstuhl-fluchtstuhl-cf-3\/","og_site_name":"Evacuatieexpert","article_modified_time":"2025-07-03T07:22:20+00:00","og_image":[{"width":2048,"height":2560,"url":"https:\/\/www.evakuierungsstuhl.de\/wp-content\/uploads\/2024\/06\/ST-PLUS-scaled.jpg","type":"image\/jpeg"}],"twitter_card":"summary_large_image","twitter_misc":{"Gesch\u00e4tzte Lesezeit":"1\u00a0Minute"},"schema":{"@context":"https:\/\/schema.org","@graph":[{"@type":"WebPage","@id":"https:\/\/www.evakuierungsstuhl.de\/product\/evacuatiestoel-escape-chair-stplus\/","url":"https:\/\/www.evakuierungsstuhl.de\/product\/evacuatiestoel-escape-chair-stplus\/","name":"Evakuierungsstuhl Escape-Chair\u00ae STplus - Evakuierungsexperte","isPartOf":{"@id":"https:\/\/www.evakuierungsstuhl.de\/#website"},"primaryImageOfPage":{"@id":"https:\/\/www.evakuierungsstuhl.de\/product\/evacuatiestoel-escape-chair-stplus\/#primaryimage"},"image":{"@id":"https:\/\/www.evakuierungsstuhl.de\/product\/evacuatiestoel-escape-chair-stplus\/#primaryimage"},"thumbnailUrl":"https:\/\/www.evakuierungsstuhl.de\/wp-content\/uploads\/2024\/06\/ST-PLUS-scaled.jpg","datePublished":"2024-10-08T15:42:56+00:00","dateModified":"2025-07-03T07:22:20+00:00","breadcrumb":{"@id":"https:\/\/www.evakuierungsstuhl.de\/product\/evacuatiestoel-escape-chair-stplus\/#breadcrumb"},"inLanguage":"de","potentialAction":[{"@type":"ReadAction","target":["https:\/\/www.evakuierungsstuhl.de\/product\/evacuatiestoel-escape-chair-stplus\/"]}]},{"@type":"ImageObject","inLanguage":"de","@id":"https:\/\/www.evakuierungsstuhl.de\/product\/evacuatiestoel-escape-chair-stplus\/#primaryimage","url":"https:\/\/www.evakuierungsstuhl.de\/wp-content\/uploads\/2024\/06\/ST-PLUS-scaled.jpg","contentUrl":"https:\/\/www.evakuierungsstuhl.de\/wp-content\/uploads\/2024\/06\/ST-PLUS-scaled.jpg","width":2048,"height":2560},{"@type":"BreadcrumbList","@id":"https:\/\/www.evakuierungsstuhl.de\/product\/evacuatiestoel-escape-chair-stplus\/#breadcrumb","itemListElement":[{"@type":"ListItem","position":1,"name":"Home","item":"https:\/\/www.evakuierungsstuhl.de\/"},{"@type":"ListItem","position":2,"name":"Winkel","item":"https:\/\/www.evakuierungsstuhl.de\/winkel\/"},{"@type":"ListItem","position":3,"name":"Evacuatiestoel Escape-Chair\u00ae STplus"}]},{"@type":"WebSite","@id":"https:\/\/www.evakuierungsstuhl.de\/#website","url":"https:\/\/www.evakuierungsstuhl.de\/","name":"Experte f\u00fcr Evakuierung","description":"Der Experte f\u00fcr Evakuierung","potentialAction":[{"@type":"SearchAction","target":{"@type":"EntryPoint","urlTemplate":"https:\/\/www.evakuierungsstuhl.de\/?s={search_term_string}"},"query-input":{"@type":"PropertyValueSpecification","valueRequired":true,"valueName":"search_term_string"}}],"inLanguage":"de"}]}},"_links":{"self":[{"href":"https:\/\/www.evakuierungsstuhl.de\/de\/wp-json\/wp\/v2\/product\/1509","targetHints":{"allow":["GET"]}}],"collection":[{"href":"https:\/\/www.evakuierungsstuhl.de\/de\/wp-json\/wp\/v2\/product"}],"about":[{"href":"https:\/\/www.evakuierungsstuhl.de\/de\/wp-json\/wp\/v2\/types\/product"}],"replies":[{"embeddable":true,"href":"https:\/\/www.evakuierungsstuhl.de\/de\/wp-json\/wp\/v2\/comments?post=1509"}],"version-history":[{"count":3,"href":"https:\/\/www.evakuierungsstuhl.de\/de\/wp-json\/wp\/v2\/product\/1509\/revisions"}],"predecessor-version":[{"id":1809,"href":"https:\/\/www.evakuierungsstuhl.de\/de\/wp-json\/wp\/v2\/product\/1509\/revisions\/1809"}],"wp:featuredmedia":[{"embeddable":true,"href":"https:\/\/www.evakuierungsstuhl.de\/de\/wp-json\/wp\/v2\/media\/1493"}],"wp:attachment":[{"href":"https:\/\/www.evakuierungsstuhl.de\/de\/wp-json\/wp\/v2\/media?parent=1509"}],"wp:term":[{"taxonomy":"product_brand","embeddable":true,"href":"https:\/\/www.evakuierungsstuhl.de\/de\/wp-json\/wp\/v2\/product_brand?post=1509"},{"taxonomy":"product_cat","embeddable":true,"href":"https:\/\/www.evakuierungsstuhl.de\/de\/wp-json\/wp\/v2\/product_cat?post=1509"},{"taxonomy":"product_tag","embeddable":true,"href":"https:\/\/www.evakuierungsstuhl.de\/de\/wp-json\/wp\/v2\/product_tag?post=1509"}],"curies":[{"name":"wp","href":"https:\/\/api.w.org\/{rel}","templated":true}]}}