{"id":1486,"date":"2024-10-08T16:16:19","date_gmt":"2024-10-08T15:16:19","guid":{"rendered":"https:\/\/www.evakuierungsstuhl.de\/?post_type=product&#038;p=1486"},"modified":"2026-04-20T01:07:29","modified_gmt":"2026-04-20T00:07:29","slug":"spencer-kufe-e","status":"publish","type":"product","link":"https:\/\/www.evakuierungsstuhl.de\/de\/product\/spencer-skid-e\/","title":{"rendered":"Spencer Skid-E"},"content":{"rendered":"<pre id=\"tw-target-text\" class=\"tw-data-text tw-text-large tw-ta\" dir=\"ltr\" data-placeholder=\"Vertaling\" data-ved=\"2ahUKEwjTvqzehf-IAxW48bsIHfBcC4cQ3ewLegQIBxAW\" aria-label=\"EVACUATION STOOLSkid ESKID-E ist ein Treppenstuhl f\u00fcr die Evakuierung von Menschen mit Mobilit\u00e4tsproblemen in Notsituationen entwickelt, wenn Aufz\u00fcge nicht verf\u00fcgbar oder au\u00dfer Betrieb sind. Dieser Stuhl entspricht der EU-MDR und gew\u00e4hrleistet eine reibungslose, schnelle und sichere Evakuierung sowohl f\u00fcr den Patienten als auch f\u00fcr den Benutzer. Zwei selbstbremsende Schienen, ein ausziehbarer Griff und ein robuster, aber leichter Rahmen sorgen f\u00fcr Stabilit\u00e4t und Kontrolle beim Hinabsteigen von Treppen. Er bietet ein hohes Ma\u00df an Man\u00f6vrierf\u00e4higkeit und Kontrolle zu einem sehr g\u00fcnstigen Preis. Dank des kompakten Rahmens eignet er sich sehr gut f\u00fcr den Einsatz in engen R\u00e4umen und kann dennoch ein Gewicht von bis zu 250 kg tragen.\"><span class=\"Y2IQFc\" lang=\"nl\">SKID-E ist ein Evakuierungsstuhl, der f\u00fcr die Evakuierung von Menschen mit Mobilit\u00e4tsproblemen in Notsituationen entwickelt wurde, wenn keine Aufz\u00fcge zur Verf\u00fcgung stehen oder diese au\u00dfer Betrieb sind. Dieser Stuhl entspricht der EU-MDR und gew\u00e4hrleistet eine reibungslose, schnelle und sichere Evakuierung sowohl f\u00fcr den Patienten als auch f\u00fcr den Benutzer. Zwei selbstbremsende Schienen, ein ausziehbarer Griff und ein robuster, aber leichter Rahmen sorgen f\u00fcr Stabilit\u00e4t und Kontrolle beim Hinabsteigen von Treppen. Er bietet ein hohes Ma\u00df an Man\u00f6vrierf\u00e4higkeit und Kontrolle zu einem sehr g\u00fcnstigen Preis. Dank des kompakten Rahmens eignet er sich sehr gut f\u00fcr den Einsatz in engen R\u00e4umen und kann dennoch ein Gewicht von bis zu 250 kg tragen.<\/span><\/pre>\n<p>Gewicht 12,7 kg<\/p>\n<p>Gr\u00f6\u00dfe aufgeklappt 90 x 53 x 160 cm<\/p>\n<p>Gr\u00f6\u00dfe gefaltet 33x53x107 cm<\/p>","protected":false},"excerpt":{"rendered":"<p>SKID-E is een evacuatiestoel ontworpen voor de evacuatie van mensen met mobiliteitsproblemen in noodsituaties wanneer liften niet beschikbaar zijn of buiten dienst zijn. Deze stoel voldoet aan de EU MDR en zorgt voor een soepele, snelle en veilige evacuatie voor zowel de pati\u00ebnt als de gebruiker. Twee zelfremmende rails, een uitschuifbare handgreep en een robuust [&hellip;]<\/p>\n","protected":false},"featured_media":1487,"comment_status":"open","ping_status":"closed","template":"","meta":{"_acf_changed":false},"product_brand":[],"product_cat":[24],"product_tag":[44,53],"class_list":{"0":"post-1486","1":"product","2":"type-product","3":"status-publish","4":"has-post-thumbnail","6":"product_cat-evacuatiestoelen","7":"product_tag-evacuatiestoel","8":"product_tag-rettungsstuhl","10":"first","11":"instock","12":"taxable","13":"shipping-taxable","14":"purchasable","15":"product-type-simple"},"acf":[],"yoast_head":"<!-- This site is optimized with the Yoast SEO plugin v27.2 - https:\/\/yoast.com\/product\/yoast-seo-wordpress\/ -->\n<title>Spencer Skid-E - Evacuatieexpert<\/title>\n<meta name=\"robots\" content=\"index, follow, max-snippet:-1, max-image-preview:large, max-video-preview:-1\" \/>\n<link rel=\"canonical\" href=\"https:\/\/www.evakuierungsstuhl.de\/de\/produkt\/spencer-kufe-e\/\" \/>\n<meta property=\"og:locale\" content=\"de_DE\" \/>\n<meta property=\"og:type\" content=\"article\" \/>\n<meta property=\"og:title\" content=\"Spencer Skid-E - Evacuatieexpert\" \/>\n<meta property=\"og:description\" content=\"SKID-E is een evacuatiestoel ontworpen voor de evacuatie van mensen met mobiliteitsproblemen in noodsituaties wanneer liften niet beschikbaar zijn of buiten dienst zijn. Deze stoel voldoet aan de EU MDR en zorgt voor een soepele, snelle en veilige evacuatie voor zowel de pati\u00ebnt als de gebruiker. Twee zelfremmende rails, een uitschuifbare handgreep en een robuust [&hellip;]\" \/>\n<meta property=\"og:url\" content=\"https:\/\/www.evakuierungsstuhl.de\/de\/produkt\/spencer-kufe-e\/\" \/>\n<meta property=\"og:site_name\" content=\"Evacuatieexpert\" \/>\n<meta property=\"article:modified_time\" content=\"2026-04-20T00:07:29+00:00\" \/>\n<meta property=\"og:image\" content=\"https:\/\/www.evakuierungsstuhl.de\/wp-content\/uploads\/2024\/10\/Untitled-design-3.png\" \/>\n\t<meta property=\"og:image:width\" content=\"1000\" \/>\n\t<meta property=\"og:image:height\" content=\"1000\" \/>\n\t<meta property=\"og:image:type\" content=\"image\/png\" \/>\n<meta name=\"twitter:card\" content=\"summary_large_image\" \/>\n<meta name=\"twitter:label1\" content=\"Gesch\u00e4tzte Lesezeit\" \/>\n\t<meta name=\"twitter:data1\" content=\"1\u00a0Minute\" \/>\n<script type=\"application\/ld+json\" class=\"yoast-schema-graph\">{\"@context\":\"https:\/\/schema.org\",\"@graph\":[{\"@type\":\"WebPage\",\"@id\":\"https:\/\/www.evakuierungsstuhl.de\/product\/spencer-skid-e\/\",\"url\":\"https:\/\/www.evakuierungsstuhl.de\/product\/spencer-skid-e\/\",\"name\":\"Spencer Skid-E - Evacuatieexpert\",\"isPartOf\":{\"@id\":\"https:\/\/www.evakuierungsstuhl.de\/#website\"},\"primaryImageOfPage\":{\"@id\":\"https:\/\/www.evakuierungsstuhl.de\/product\/spencer-skid-e\/#primaryimage\"},\"image\":{\"@id\":\"https:\/\/www.evakuierungsstuhl.de\/product\/spencer-skid-e\/#primaryimage\"},\"thumbnailUrl\":\"https:\/\/www.evakuierungsstuhl.de\/wp-content\/uploads\/2024\/10\/Untitled-design-3.png\",\"datePublished\":\"2024-10-08T15:16:19+00:00\",\"dateModified\":\"2026-04-20T00:07:29+00:00\",\"breadcrumb\":{\"@id\":\"https:\/\/www.evakuierungsstuhl.de\/product\/spencer-skid-e\/#breadcrumb\"},\"inLanguage\":\"de\",\"potentialAction\":[{\"@type\":\"ReadAction\",\"target\":[\"https:\/\/www.evakuierungsstuhl.de\/product\/spencer-skid-e\/\"]}]},{\"@type\":\"ImageObject\",\"inLanguage\":\"de\",\"@id\":\"https:\/\/www.evakuierungsstuhl.de\/product\/spencer-skid-e\/#primaryimage\",\"url\":\"https:\/\/www.evakuierungsstuhl.de\/wp-content\/uploads\/2024\/10\/Untitled-design-3.png\",\"contentUrl\":\"https:\/\/www.evakuierungsstuhl.de\/wp-content\/uploads\/2024\/10\/Untitled-design-3.png\",\"width\":1000,\"height\":1000},{\"@type\":\"BreadcrumbList\",\"@id\":\"https:\/\/www.evakuierungsstuhl.de\/product\/spencer-skid-e\/#breadcrumb\",\"itemListElement\":[{\"@type\":\"ListItem\",\"position\":1,\"name\":\"Home\",\"item\":\"https:\/\/www.evakuierungsstuhl.de\/\"},{\"@type\":\"ListItem\",\"position\":2,\"name\":\"Winkel\",\"item\":\"https:\/\/www.evakuierungsstuhl.de\/winkel\/\"},{\"@type\":\"ListItem\",\"position\":3,\"name\":\"Spencer Skid-E\"}]},{\"@type\":\"WebSite\",\"@id\":\"https:\/\/www.evakuierungsstuhl.de\/#website\",\"url\":\"https:\/\/www.evakuierungsstuhl.de\/\",\"name\":\"Evacuatieexpert\",\"description\":\"De expert in evacuatie\",\"potentialAction\":[{\"@type\":\"SearchAction\",\"target\":{\"@type\":\"EntryPoint\",\"urlTemplate\":\"https:\/\/www.evakuierungsstuhl.de\/?s={search_term_string}\"},\"query-input\":{\"@type\":\"PropertyValueSpecification\",\"valueRequired\":true,\"valueName\":\"search_term_string\"}}],\"inLanguage\":\"de\"}]}<\/script>\n<!-- \/ Yoast SEO plugin. -->","yoast_head_json":{"title":"Spencer Skid-E - Experte f\u00fcr Evakuierung","robots":{"index":"index","follow":"follow","max-snippet":"max-snippet:-1","max-image-preview":"max-image-preview:large","max-video-preview":"max-video-preview:-1"},"canonical":"https:\/\/www.evakuierungsstuhl.de\/de\/produkt\/spencer-kufe-e\/","og_locale":"de_DE","og_type":"article","og_title":"Spencer Skid-E - Evacuatieexpert","og_description":"SKID-E is een evacuatiestoel ontworpen voor de evacuatie van mensen met mobiliteitsproblemen in noodsituaties wanneer liften niet beschikbaar zijn of buiten dienst zijn. Deze stoel voldoet aan de EU MDR en zorgt voor een soepele, snelle en veilige evacuatie voor zowel de pati\u00ebnt als de gebruiker. Twee zelfremmende rails, een uitschuifbare handgreep en een robuust [&hellip;]","og_url":"https:\/\/www.evakuierungsstuhl.de\/de\/produkt\/spencer-kufe-e\/","og_site_name":"Evacuatieexpert","article_modified_time":"2026-04-20T00:07:29+00:00","og_image":[{"width":1000,"height":1000,"url":"https:\/\/www.evakuierungsstuhl.de\/wp-content\/uploads\/2024\/10\/Untitled-design-3.png","type":"image\/png"}],"twitter_card":"summary_large_image","twitter_misc":{"Gesch\u00e4tzte Lesezeit":"1\u00a0Minute"},"schema":{"@context":"https:\/\/schema.org","@graph":[{"@type":"WebPage","@id":"https:\/\/www.evakuierungsstuhl.de\/product\/spencer-skid-e\/","url":"https:\/\/www.evakuierungsstuhl.de\/product\/spencer-skid-e\/","name":"Spencer Skid-E - Experte f\u00fcr Evakuierung","isPartOf":{"@id":"https:\/\/www.evakuierungsstuhl.de\/#website"},"primaryImageOfPage":{"@id":"https:\/\/www.evakuierungsstuhl.de\/product\/spencer-skid-e\/#primaryimage"},"image":{"@id":"https:\/\/www.evakuierungsstuhl.de\/product\/spencer-skid-e\/#primaryimage"},"thumbnailUrl":"https:\/\/www.evakuierungsstuhl.de\/wp-content\/uploads\/2024\/10\/Untitled-design-3.png","datePublished":"2024-10-08T15:16:19+00:00","dateModified":"2026-04-20T00:07:29+00:00","breadcrumb":{"@id":"https:\/\/www.evakuierungsstuhl.de\/product\/spencer-skid-e\/#breadcrumb"},"inLanguage":"de","potentialAction":[{"@type":"ReadAction","target":["https:\/\/www.evakuierungsstuhl.de\/product\/spencer-skid-e\/"]}]},{"@type":"ImageObject","inLanguage":"de","@id":"https:\/\/www.evakuierungsstuhl.de\/product\/spencer-skid-e\/#primaryimage","url":"https:\/\/www.evakuierungsstuhl.de\/wp-content\/uploads\/2024\/10\/Untitled-design-3.png","contentUrl":"https:\/\/www.evakuierungsstuhl.de\/wp-content\/uploads\/2024\/10\/Untitled-design-3.png","width":1000,"height":1000},{"@type":"BreadcrumbList","@id":"https:\/\/www.evakuierungsstuhl.de\/product\/spencer-skid-e\/#breadcrumb","itemListElement":[{"@type":"ListItem","position":1,"name":"Home","item":"https:\/\/www.evakuierungsstuhl.de\/"},{"@type":"ListItem","position":2,"name":"Winkel","item":"https:\/\/www.evakuierungsstuhl.de\/winkel\/"},{"@type":"ListItem","position":3,"name":"Spencer Skid-E"}]},{"@type":"WebSite","@id":"https:\/\/www.evakuierungsstuhl.de\/#website","url":"https:\/\/www.evakuierungsstuhl.de\/","name":"Experte f\u00fcr Evakuierung","description":"Der Experte f\u00fcr Evakuierung","potentialAction":[{"@type":"SearchAction","target":{"@type":"EntryPoint","urlTemplate":"https:\/\/www.evakuierungsstuhl.de\/?s={search_term_string}"},"query-input":{"@type":"PropertyValueSpecification","valueRequired":true,"valueName":"search_term_string"}}],"inLanguage":"de"}]}},"_links":{"self":[{"href":"https:\/\/www.evakuierungsstuhl.de\/de\/wp-json\/wp\/v2\/product\/1486","targetHints":{"allow":["GET"]}}],"collection":[{"href":"https:\/\/www.evakuierungsstuhl.de\/de\/wp-json\/wp\/v2\/product"}],"about":[{"href":"https:\/\/www.evakuierungsstuhl.de\/de\/wp-json\/wp\/v2\/types\/product"}],"replies":[{"embeddable":true,"href":"https:\/\/www.evakuierungsstuhl.de\/de\/wp-json\/wp\/v2\/comments?post=1486"}],"version-history":[{"count":1,"href":"https:\/\/www.evakuierungsstuhl.de\/de\/wp-json\/wp\/v2\/product\/1486\/revisions"}],"predecessor-version":[{"id":1488,"href":"https:\/\/www.evakuierungsstuhl.de\/de\/wp-json\/wp\/v2\/product\/1486\/revisions\/1488"}],"wp:featuredmedia":[{"embeddable":true,"href":"https:\/\/www.evakuierungsstuhl.de\/de\/wp-json\/wp\/v2\/media\/1487"}],"wp:attachment":[{"href":"https:\/\/www.evakuierungsstuhl.de\/de\/wp-json\/wp\/v2\/media?parent=1486"}],"wp:term":[{"taxonomy":"product_brand","embeddable":true,"href":"https:\/\/www.evakuierungsstuhl.de\/de\/wp-json\/wp\/v2\/product_brand?post=1486"},{"taxonomy":"product_cat","embeddable":true,"href":"https:\/\/www.evakuierungsstuhl.de\/de\/wp-json\/wp\/v2\/product_cat?post=1486"},{"taxonomy":"product_tag","embeddable":true,"href":"https:\/\/www.evakuierungsstuhl.de\/de\/wp-json\/wp\/v2\/product_tag?post=1486"}],"curies":[{"name":"wp","href":"https:\/\/api.w.org\/{rel}","templated":true}]}}