{"id":1483,"date":"2024-10-08T16:03:03","date_gmt":"2024-10-08T15:03:03","guid":{"rendered":"https:\/\/www.evakuierungsstuhl.de\/?post_type=product&#038;p=1483"},"modified":"2026-04-16T13:48:38","modified_gmt":"2026-04-16T12:48:38","slug":"spencer-kopfbefestigung-sx-kopf","status":"publish","type":"product","link":"https:\/\/www.evakuierungsstuhl.de\/de\/product\/spencer-hoofd-fixatie-sx-head\/","title":{"rendered":"SPENCER Kopfhalterung SX-Kopfhalterung"},"content":{"rendered":"<pre id=\"tw-target-text\" class=\"tw-data-text tw-text-large tw-ta\" dir=\"ltr\" data-placeholder=\"Vertaling\" data-ved=\"2ahUKEwjTvqzehf-IAxW48bsIHfBcC4cQ3ewLegQIBxAW\" aria-label=\"\u00dcbersetzt Text: KOPFST\u00dcTZE F\u00dcR PICK-UPDRAGER Great sex Die Super SX Kopfst\u00fctze ist speziell f\u00fcr den Einsatz mit Scope-Stretchern entwickelt und verf\u00fcgt \u00fcber eine zweiteilige gepolsterte Basis. Dieses innovative Design erm\u00f6glicht es, die Ruhigstellung an Ort und Stelle zu bleiben, w\u00e4hrend die Scope-Stretch angelegt wird, um eine kontinuierliche Unterst\u00fctzung und Stabilit\u00e4t f\u00fcr den Kopf und Hals des Patienten zu gew\u00e4hrleisten. Die Super SX ist so konzipiert, dass sie maximalen Komfort und Schutz bietet, was sie zu einem unverzichtbaren Hilfsmittel f\u00fcr Notfall- und Rettungseins\u00e4tze macht. Ihre robuste Konstruktion und ihr benutzerfreundliches Design erm\u00f6glichen eine schnelle und effiziente Ruhigstellung, die in der Traumaversorgung von entscheidender Bedeutung ist.\"><span class=\"Y2IQFc\" lang=\"nl\">KOPFST\u00dcTZE F\u00dcR PICK-UP-TRAGE\r\n\r\nDie Super SX-Kopfst\u00fctze wurde speziell f\u00fcr die Verwendung mit Schaufeltragen entwickelt und hat eine zweiteilige gepolsterte Basis. Dieses innovative Design erm\u00f6glicht es, dass die Ruhigstellung an Ort und Stelle bleibt, w\u00e4hrend die Schaufeltrage angelegt wird, und gew\u00e4hrleistet eine kontinuierliche Unterst\u00fctzung und Stabilit\u00e4t f\u00fcr Kopf und Nacken des Patienten. Die Super SX ist so konzipiert, dass sie maximalen Komfort und Schutz bietet, was sie zu einem unverzichtbaren Hilfsmittel f\u00fcr Notfall- und Rettungseins\u00e4tze macht. Ihre robuste Konstruktion und ihr benutzerfreundliches Design erm\u00f6glichen eine schnelle und effiziente Ruhigstellung, die in der Traumaversorgung von entscheidender Bedeutung ist.<\/span><\/pre>","protected":false},"excerpt":{"rendered":"<p>Spencer Kopfbefestigung: Super-Blau Universal<\/p>","protected":false},"featured_media":1484,"comment_status":"open","ping_status":"closed","template":"","meta":{"_acf_changed":false},"product_brand":[],"product_cat":[28],"product_tag":[50,52,51],"class_list":{"0":"post-1483","1":"product","2":"type-product","3":"status-publish","4":"has-post-thumbnail","6":"product_cat-accessoires-bhv","7":"product_tag-brancard","8":"product_tag-fixatie","9":"product_tag-spencer","11":"first","12":"instock","13":"taxable","14":"shipping-taxable","15":"purchasable","16":"product-type-simple"},"acf":[],"yoast_head":"<!-- This site is optimized with the Yoast SEO plugin v27.2 - https:\/\/yoast.com\/product\/yoast-seo-wordpress\/ -->\n<title>SPENCER Hoofd Fixatie SX-Head Immobilizer - Evacuatieexpert<\/title>\n<meta name=\"robots\" content=\"index, follow, max-snippet:-1, max-image-preview:large, max-video-preview:-1\" \/>\n<link rel=\"canonical\" href=\"https:\/\/www.evakuierungsstuhl.de\/de\/produkt\/spencer-kopfbefestigung-sx-kopf\/\" \/>\n<meta property=\"og:locale\" content=\"de_DE\" \/>\n<meta property=\"og:type\" content=\"article\" \/>\n<meta property=\"og:title\" content=\"SPENCER Hoofd Fixatie SX-Head Immobilizer - Evacuatieexpert\" \/>\n<meta property=\"og:description\" content=\"Spencer Hoofd Fixatie: Super-Blue Universeel\" \/>\n<meta property=\"og:url\" content=\"https:\/\/www.evakuierungsstuhl.de\/de\/produkt\/spencer-kopfbefestigung-sx-kopf\/\" \/>\n<meta property=\"og:site_name\" content=\"Evacuatieexpert\" \/>\n<meta property=\"article:modified_time\" content=\"2026-04-16T12:48:38+00:00\" \/>\n<meta property=\"og:image\" content=\"https:\/\/www.evakuierungsstuhl.de\/wp-content\/uploads\/2024\/10\/SH00500.jpg\" \/>\n\t<meta property=\"og:image:width\" content=\"540\" \/>\n\t<meta property=\"og:image:height\" content=\"540\" \/>\n\t<meta property=\"og:image:type\" content=\"image\/jpeg\" \/>\n<meta name=\"twitter:card\" content=\"summary_large_image\" \/>\n<meta name=\"twitter:label1\" content=\"Gesch\u00e4tzte Lesezeit\" \/>\n\t<meta name=\"twitter:data1\" content=\"1\u00a0Minute\" \/>\n<script type=\"application\/ld+json\" class=\"yoast-schema-graph\">{\"@context\":\"https:\/\/schema.org\",\"@graph\":[{\"@type\":\"WebPage\",\"@id\":\"https:\/\/www.evakuierungsstuhl.de\/de\/produkt\/spencer-kopfbefestigung-sx-kopf\/\",\"url\":\"https:\/\/www.evakuierungsstuhl.de\/de\/produkt\/spencer-kopfbefestigung-sx-kopf\/\",\"name\":\"SPENCER Hoofd Fixatie SX-Head Immobilizer - Evacuatieexpert\",\"isPartOf\":{\"@id\":\"https:\/\/www.evakuierungsstuhl.de\/#website\"},\"primaryImageOfPage\":{\"@id\":\"https:\/\/www.evakuierungsstuhl.de\/de\/produkt\/spencer-kopfbefestigung-sx-kopf\/#primaryimage\"},\"image\":{\"@id\":\"https:\/\/www.evakuierungsstuhl.de\/de\/produkt\/spencer-kopfbefestigung-sx-kopf\/#primaryimage\"},\"thumbnailUrl\":\"https:\/\/www.evakuierungsstuhl.de\/wp-content\/uploads\/2024\/10\/SH00500.jpg\",\"datePublished\":\"2024-10-08T15:03:03+00:00\",\"dateModified\":\"2026-04-16T12:48:38+00:00\",\"breadcrumb\":{\"@id\":\"https:\/\/www.evakuierungsstuhl.de\/de\/produkt\/spencer-kopfbefestigung-sx-kopf\/#breadcrumb\"},\"inLanguage\":\"de\",\"potentialAction\":[{\"@type\":\"ReadAction\",\"target\":[\"https:\/\/www.evakuierungsstuhl.de\/de\/produkt\/spencer-kopfbefestigung-sx-kopf\/\"]}]},{\"@type\":\"ImageObject\",\"inLanguage\":\"de\",\"@id\":\"https:\/\/www.evakuierungsstuhl.de\/de\/produkt\/spencer-kopfbefestigung-sx-kopf\/#primaryimage\",\"url\":\"https:\/\/www.evakuierungsstuhl.de\/wp-content\/uploads\/2024\/10\/SH00500.jpg\",\"contentUrl\":\"https:\/\/www.evakuierungsstuhl.de\/wp-content\/uploads\/2024\/10\/SH00500.jpg\",\"width\":540,\"height\":540,\"caption\":\"Hoofd-fixatie voor schepbrancard. Spencer SX\"},{\"@type\":\"BreadcrumbList\",\"@id\":\"https:\/\/www.evakuierungsstuhl.de\/de\/produkt\/spencer-kopfbefestigung-sx-kopf\/#breadcrumb\",\"itemListElement\":[{\"@type\":\"ListItem\",\"position\":1,\"name\":\"Home\",\"item\":\"https:\/\/www.evakuierungsstuhl.de\/\"},{\"@type\":\"ListItem\",\"position\":2,\"name\":\"Winkel\",\"item\":\"https:\/\/www.evakuierungsstuhl.de\/winkel\/\"},{\"@type\":\"ListItem\",\"position\":3,\"name\":\"SPENCER Hoofd Fixatie SX-Head Immobilizer\"}]},{\"@type\":\"WebSite\",\"@id\":\"https:\/\/www.evakuierungsstuhl.de\/#website\",\"url\":\"https:\/\/www.evakuierungsstuhl.de\/\",\"name\":\"Evacuatieexpert\",\"description\":\"De expert in evacuatie\",\"potentialAction\":[{\"@type\":\"SearchAction\",\"target\":{\"@type\":\"EntryPoint\",\"urlTemplate\":\"https:\/\/www.evakuierungsstuhl.de\/?s={search_term_string}\"},\"query-input\":{\"@type\":\"PropertyValueSpecification\",\"valueRequired\":true,\"valueName\":\"search_term_string\"}}],\"inLanguage\":\"de\"}]}<\/script>\n<!-- \/ Yoast SEO plugin. -->","yoast_head_json":{"title":"SPENCER Kopffixierung SX-Kopfstabilisator - Evakuierungsexperte","robots":{"index":"index","follow":"follow","max-snippet":"max-snippet:-1","max-image-preview":"max-image-preview:large","max-video-preview":"max-video-preview:-1"},"canonical":"https:\/\/www.evakuierungsstuhl.de\/de\/produkt\/spencer-kopfbefestigung-sx-kopf\/","og_locale":"de_DE","og_type":"article","og_title":"SPENCER Hoofd Fixatie SX-Head Immobilizer - Evacuatieexpert","og_description":"Spencer Hoofd Fixatie: Super-Blue Universeel","og_url":"https:\/\/www.evakuierungsstuhl.de\/de\/produkt\/spencer-kopfbefestigung-sx-kopf\/","og_site_name":"Evacuatieexpert","article_modified_time":"2026-04-16T12:48:38+00:00","og_image":[{"width":540,"height":540,"url":"https:\/\/www.evakuierungsstuhl.de\/wp-content\/uploads\/2024\/10\/SH00500.jpg","type":"image\/jpeg"}],"twitter_card":"summary_large_image","twitter_misc":{"Gesch\u00e4tzte Lesezeit":"1\u00a0Minute"},"schema":{"@context":"https:\/\/schema.org","@graph":[{"@type":"WebPage","@id":"https:\/\/www.evakuierungsstuhl.de\/de\/produkt\/spencer-kopfbefestigung-sx-kopf\/","url":"https:\/\/www.evakuierungsstuhl.de\/de\/produkt\/spencer-kopfbefestigung-sx-kopf\/","name":"SPENCER Kopffixierung SX-Kopfstabilisator - Evakuierungsexperte","isPartOf":{"@id":"https:\/\/www.evakuierungsstuhl.de\/#website"},"primaryImageOfPage":{"@id":"https:\/\/www.evakuierungsstuhl.de\/de\/produkt\/spencer-kopfbefestigung-sx-kopf\/#primaryimage"},"image":{"@id":"https:\/\/www.evakuierungsstuhl.de\/de\/produkt\/spencer-kopfbefestigung-sx-kopf\/#primaryimage"},"thumbnailUrl":"https:\/\/www.evakuierungsstuhl.de\/wp-content\/uploads\/2024\/10\/SH00500.jpg","datePublished":"2024-10-08T15:03:03+00:00","dateModified":"2026-04-16T12:48:38+00:00","breadcrumb":{"@id":"https:\/\/www.evakuierungsstuhl.de\/de\/produkt\/spencer-kopfbefestigung-sx-kopf\/#breadcrumb"},"inLanguage":"de","potentialAction":[{"@type":"ReadAction","target":["https:\/\/www.evakuierungsstuhl.de\/de\/produkt\/spencer-kopfbefestigung-sx-kopf\/"]}]},{"@type":"ImageObject","inLanguage":"de","@id":"https:\/\/www.evakuierungsstuhl.de\/de\/produkt\/spencer-kopfbefestigung-sx-kopf\/#primaryimage","url":"https:\/\/www.evakuierungsstuhl.de\/wp-content\/uploads\/2024\/10\/SH00500.jpg","contentUrl":"https:\/\/www.evakuierungsstuhl.de\/wp-content\/uploads\/2024\/10\/SH00500.jpg","width":540,"height":540,"caption":"Hoofd-fixatie voor schepbrancard. Spencer SX"},{"@type":"BreadcrumbList","@id":"https:\/\/www.evakuierungsstuhl.de\/de\/produkt\/spencer-kopfbefestigung-sx-kopf\/#breadcrumb","itemListElement":[{"@type":"ListItem","position":1,"name":"Home","item":"https:\/\/www.evakuierungsstuhl.de\/"},{"@type":"ListItem","position":2,"name":"Winkel","item":"https:\/\/www.evakuierungsstuhl.de\/winkel\/"},{"@type":"ListItem","position":3,"name":"SPENCER Hoofd Fixatie SX-Head Immobilizer"}]},{"@type":"WebSite","@id":"https:\/\/www.evakuierungsstuhl.de\/#website","url":"https:\/\/www.evakuierungsstuhl.de\/","name":"Experte f\u00fcr Evakuierung","description":"Der Experte f\u00fcr Evakuierung","potentialAction":[{"@type":"SearchAction","target":{"@type":"EntryPoint","urlTemplate":"https:\/\/www.evakuierungsstuhl.de\/?s={search_term_string}"},"query-input":{"@type":"PropertyValueSpecification","valueRequired":true,"valueName":"search_term_string"}}],"inLanguage":"de"}]}},"_links":{"self":[{"href":"https:\/\/www.evakuierungsstuhl.de\/de\/wp-json\/wp\/v2\/product\/1483","targetHints":{"allow":["GET"]}}],"collection":[{"href":"https:\/\/www.evakuierungsstuhl.de\/de\/wp-json\/wp\/v2\/product"}],"about":[{"href":"https:\/\/www.evakuierungsstuhl.de\/de\/wp-json\/wp\/v2\/types\/product"}],"replies":[{"embeddable":true,"href":"https:\/\/www.evakuierungsstuhl.de\/de\/wp-json\/wp\/v2\/comments?post=1483"}],"version-history":[{"count":2,"href":"https:\/\/www.evakuierungsstuhl.de\/de\/wp-json\/wp\/v2\/product\/1483\/revisions"}],"predecessor-version":[{"id":1549,"href":"https:\/\/www.evakuierungsstuhl.de\/de\/wp-json\/wp\/v2\/product\/1483\/revisions\/1549"}],"wp:featuredmedia":[{"embeddable":true,"href":"https:\/\/www.evakuierungsstuhl.de\/de\/wp-json\/wp\/v2\/media\/1484"}],"wp:attachment":[{"href":"https:\/\/www.evakuierungsstuhl.de\/de\/wp-json\/wp\/v2\/media?parent=1483"}],"wp:term":[{"taxonomy":"product_brand","embeddable":true,"href":"https:\/\/www.evakuierungsstuhl.de\/de\/wp-json\/wp\/v2\/product_brand?post=1483"},{"taxonomy":"product_cat","embeddable":true,"href":"https:\/\/www.evakuierungsstuhl.de\/de\/wp-json\/wp\/v2\/product_cat?post=1483"},{"taxonomy":"product_tag","embeddable":true,"href":"https:\/\/www.evakuierungsstuhl.de\/de\/wp-json\/wp\/v2\/product_tag?post=1483"}],"curies":[{"name":"wp","href":"https:\/\/api.w.org\/{rel}","templated":true}]}}