{"id":1104,"date":"2024-06-03T12:55:10","date_gmt":"2024-06-03T12:55:10","guid":{"rendered":"https:\/\/www.evakuierungsstuhl.de\/?post_type=product&#038;p=1104"},"modified":"2025-11-29T18:18:39","modified_gmt":"2025-11-29T17:18:39","slug":"evacchair-300h-komplettpaket-2","status":"publish","type":"product","link":"https:\/\/www.evakuierungsstuhl.de\/de\/product\/evacchair-300h-compleet-pakket-2\/","title":{"rendered":"Evac+chair 300H Komplettpaket"},"content":{"rendered":"<p>Der EVAC+CHAIR 300H f\u00fcr optimale Sicherheit<\/p>\n<p>Der Evac-chair 300H ist der mit Abstand am h\u00e4ufigsten gelieferte Evakuierungsstuhl.<\/p>\n<p>Er ist ein unverzichtbares Hilfsmittel f\u00fcr die Evakuierung von Personen \u00fcber Treppen. In allen Situationen, in denen man den Aufzug nicht benutzen kann oder soll. Denken Sie an Feueralarme, Stromausf\u00e4lle und dergleichen.<\/p>\n<p>Das Vorhandensein eines EVAC+CHAIR tr\u00e4gt zur optimalen Sicherheit bei.<\/p>\n<p>Viele Menschen k\u00f6nnen aus den unterschiedlichsten Gr\u00fcnden nicht ohne Hilfe eine Treppe hinuntergehen. Unabh\u00e4ngig davon, ob es sich um eine vor\u00fcbergehende oder dauerhafte Ursache handelt oder nicht.<\/p>\n<p>Wenn Sie in Ihrer Organisation f\u00fcr den Transport dieser Personen in Notf\u00e4llen verantwortlich sind, z.B. f\u00fcr Kara-Patienten, Schwangere, Behinderte oder Verletzte, haben wir die L\u00f6sung f\u00fcr Sie!<\/p>\n<p>Der EVAC+CHAIR f\u00fcr optimale Sicherheit:<br \/>\n- Unverzichtbar beim Transport von Personen \u00fcber Treppen:<br \/>\n- Innerhalb von Sekunden einsatzbereit.<\/p>\n<p>- Nutzlast bis zu 182 KG.<br \/>\n- Zu verwenden bei Feueralarm, Bombenalarm, Rauchalarm, etc.<br \/>\n- Keine Blockierung der Nottreppe: Sie gehen die Treppe mit anderen gehf\u00e4higen Personen ohne Verz\u00f6gerung hinunter;<br \/>\n- Passt in jeden Sicherheitsplan.<\/p>\n<p>Suchen Sie eine L\u00f6sung mit einer Tragf\u00e4higkeit von bis zu 227KG? dann schauen Sie &gt; hier &lt;<\/p>\n<p>Evac-Stuhl kaufen<\/p>\n<p>Lieferung mit Deckel, Piktogrammtafel, Wandhaken und Piktogramm.<\/p>\n<p>Nat\u00fcrlich mit einer 2-j\u00e4hrigen Garantie.<\/p>\n<p>M\u00f6chten Sie sofort eine Wartung und Inspektion vereinbaren?  Evacuatieexpert.de ist ein zertifizierter Wartungsexperte f\u00fcr den Evac+chair.<\/p>\n<p>Bitte kontaktieren Sie uns f\u00fcr ein unverbindliches Beratungsgespr\u00e4ch und\/oder eine Vorf\u00fchrung bei Ihnen vor Ort.<\/p>\n<p>&nbsp;<\/p>\n<p><iframe title=\"OFFIZIELLES EVAC+CHAIR SCHULUNGSVIDEO\" width=\"800\" height=\"600\" data-src=\"https:\/\/www.youtube.com\/embed\/OS-ujoYac0A?feature=oembed\" frameborder=\"0\" allow=\"accelerometer; autoplay; clipboard-write; encrypted-media; gyroscope; picture-in-picture; web-share\" referrerpolicy=\"strict-origin-when-cross-origin\" allowfullscreen src=\"data:image\/svg+xml;base64,PHN2ZyB3aWR0aD0iMSIgaGVpZ2h0PSIxIiB4bWxucz0iaHR0cDovL3d3dy53My5vcmcvMjAwMC9zdmciPjwvc3ZnPg==\" class=\"lazyload\" data-load-mode=\"1\"><\/iframe><\/p>","protected":false},"excerpt":{"rendered":"<p>Evac+chair 300H.\u00a0 De bekendste evacuatiestoel op de markt. Eenvoudig in het gebruik. Door de twee grote wielen aan de achterzijde kunt u eenvoudig op 4 wielen naar het horizontaal verplaatsen en naar het verzamelpunt. De maximale draagkracht bedraagt 182 KG.<\/p>\n<p>Deze Evacchair wordt geleverd incl. wandhaken, een evacuatiestoel pictogrambord, afdekhoes en gebruiksaanwijzing.<\/p>\n<p>Demonstratie van deze en\/of andere merken en modellen? Neem gerust contact met ons op.<\/p>\n<p>Wilt u deze evacchair kopen met een gebruikerstraining? Bij levering van deze evacuatiestoel kunt u voor een gereduceerd tarief een uitgebreide evacuatiestoel training bij boeken.<\/p>","protected":false},"featured_media":1099,"comment_status":"closed","ping_status":"closed","template":"","meta":{"_acf_changed":false},"product_brand":[],"product_cat":[24],"product_tag":[33],"class_list":{"0":"post-1104","1":"product","2":"type-product","3":"status-publish","4":"has-post-thumbnail","6":"product_cat-evacuatiestoelen","7":"product_tag-evacchair","9":"first","10":"instock","11":"taxable","12":"shipping-taxable","13":"purchasable","14":"product-type-simple"},"acf":[],"yoast_head":"<!-- This site is optimized with the Yoast SEO plugin v27.2 - https:\/\/yoast.com\/product\/yoast-seo-wordpress\/ -->\n<title>Evac+chair 300H compleet pakket - Evacuatieexpert<\/title>\n<meta name=\"robots\" content=\"index, follow, max-snippet:-1, max-image-preview:large, max-video-preview:-1\" \/>\n<link rel=\"canonical\" href=\"https:\/\/www.evakuierungsstuhl.de\/de\/produkt\/evacchair-300h-komplettpaket-2\/\" \/>\n<meta property=\"og:locale\" content=\"de_DE\" \/>\n<meta property=\"og:type\" content=\"article\" \/>\n<meta property=\"og:title\" content=\"Evac+chair 300H compleet pakket - Evacuatieexpert\" \/>\n<meta property=\"og:description\" content=\"Evac+chair 300H.\u00a0 De bekendste evacuatiestoel op de markt. Eenvoudig in het gebruik. Door de twee grote wielen aan de achterzijde kunt u eenvoudig op 4 wielen naar het horizontaal verplaatsen en naar het verzamelpunt. De maximale draagkracht bedraagt 182 KG.  Deze Evacchair wordt geleverd incl. wandhaken, een evacuatiestoel pictogrambord, afdekhoes en gebruiksaanwijzing.  Demonstratie van deze en\/of andere merken en modellen? Neem gerust contact met ons op.  Wilt u deze evacchair kopen met een gebruikerstraining? Bij levering van deze evacuatiestoel kunt u voor een gereduceerd tarief een uitgebreide evacuatiestoel training bij boeken.\" \/>\n<meta property=\"og:url\" content=\"https:\/\/www.evakuierungsstuhl.de\/de\/produkt\/evacchair-300h-komplettpaket-2\/\" \/>\n<meta property=\"og:site_name\" content=\"Evacuatieexpert\" \/>\n<meta property=\"article:modified_time\" content=\"2025-11-29T17:18:39+00:00\" \/>\n<meta property=\"og:image\" content=\"https:\/\/www.evakuierungsstuhl.de\/wp-content\/uploads\/2024\/06\/admin-ajax-2.png\" \/>\n\t<meta property=\"og:image:width\" content=\"266\" \/>\n\t<meta property=\"og:image:height\" content=\"400\" \/>\n\t<meta property=\"og:image:type\" content=\"image\/png\" \/>\n<meta name=\"twitter:card\" content=\"summary_large_image\" \/>\n<meta name=\"twitter:label1\" content=\"Gesch\u00e4tzte Lesezeit\" \/>\n\t<meta name=\"twitter:data1\" content=\"2\u00a0Minuten\" \/>\n<script type=\"application\/ld+json\" class=\"yoast-schema-graph\">{\"@context\":\"https:\/\/schema.org\",\"@graph\":[{\"@type\":\"WebPage\",\"@id\":\"https:\/\/www.evakuierungsstuhl.de\/product\/evacchair-300h-compleet-pakket-2\/\",\"url\":\"https:\/\/www.evakuierungsstuhl.de\/product\/evacchair-300h-compleet-pakket-2\/\",\"name\":\"Evac+chair 300H compleet pakket - Evacuatieexpert\",\"isPartOf\":{\"@id\":\"https:\/\/www.evakuierungsstuhl.de\/#website\"},\"primaryImageOfPage\":{\"@id\":\"https:\/\/www.evakuierungsstuhl.de\/product\/evacchair-300h-compleet-pakket-2\/#primaryimage\"},\"image\":{\"@id\":\"https:\/\/www.evakuierungsstuhl.de\/product\/evacchair-300h-compleet-pakket-2\/#primaryimage\"},\"thumbnailUrl\":\"https:\/\/www.evakuierungsstuhl.de\/wp-content\/uploads\/2024\/06\/admin-ajax-2.png\",\"datePublished\":\"2024-06-03T12:55:10+00:00\",\"dateModified\":\"2025-11-29T17:18:39+00:00\",\"breadcrumb\":{\"@id\":\"https:\/\/www.evakuierungsstuhl.de\/product\/evacchair-300h-compleet-pakket-2\/#breadcrumb\"},\"inLanguage\":\"de\",\"potentialAction\":[{\"@type\":\"ReadAction\",\"target\":[\"https:\/\/www.evakuierungsstuhl.de\/product\/evacchair-300h-compleet-pakket-2\/\"]}]},{\"@type\":\"ImageObject\",\"inLanguage\":\"de\",\"@id\":\"https:\/\/www.evakuierungsstuhl.de\/product\/evacchair-300h-compleet-pakket-2\/#primaryimage\",\"url\":\"https:\/\/www.evakuierungsstuhl.de\/wp-content\/uploads\/2024\/06\/admin-ajax-2.png\",\"contentUrl\":\"https:\/\/www.evakuierungsstuhl.de\/wp-content\/uploads\/2024\/06\/admin-ajax-2.png\",\"width\":266,\"height\":400},{\"@type\":\"BreadcrumbList\",\"@id\":\"https:\/\/www.evakuierungsstuhl.de\/product\/evacchair-300h-compleet-pakket-2\/#breadcrumb\",\"itemListElement\":[{\"@type\":\"ListItem\",\"position\":1,\"name\":\"Home\",\"item\":\"https:\/\/www.evakuierungsstuhl.de\/\"},{\"@type\":\"ListItem\",\"position\":2,\"name\":\"Winkel\",\"item\":\"https:\/\/www.evakuierungsstuhl.de\/winkel\/\"},{\"@type\":\"ListItem\",\"position\":3,\"name\":\"Evac+chair 300H compleet pakket\"}]},{\"@type\":\"WebSite\",\"@id\":\"https:\/\/www.evakuierungsstuhl.de\/#website\",\"url\":\"https:\/\/www.evakuierungsstuhl.de\/\",\"name\":\"Evacuatieexpert\",\"description\":\"De expert in evacuatie\",\"potentialAction\":[{\"@type\":\"SearchAction\",\"target\":{\"@type\":\"EntryPoint\",\"urlTemplate\":\"https:\/\/www.evakuierungsstuhl.de\/?s={search_term_string}\"},\"query-input\":{\"@type\":\"PropertyValueSpecification\",\"valueRequired\":true,\"valueName\":\"search_term_string\"}}],\"inLanguage\":\"de\"}]}<\/script>\n<!-- \/ Yoast SEO plugin. -->","yoast_head_json":{"title":"Evac+chair 300H Komplettpaket - Evakuierungsexperte","robots":{"index":"index","follow":"follow","max-snippet":"max-snippet:-1","max-image-preview":"max-image-preview:large","max-video-preview":"max-video-preview:-1"},"canonical":"https:\/\/www.evakuierungsstuhl.de\/de\/produkt\/evacchair-300h-komplettpaket-2\/","og_locale":"de_DE","og_type":"article","og_title":"Evac+chair 300H compleet pakket - Evacuatieexpert","og_description":"Evac+chair 300H.\u00a0 De bekendste evacuatiestoel op de markt. Eenvoudig in het gebruik. Door de twee grote wielen aan de achterzijde kunt u eenvoudig op 4 wielen naar het horizontaal verplaatsen en naar het verzamelpunt. De maximale draagkracht bedraagt 182 KG.  Deze Evacchair wordt geleverd incl. wandhaken, een evacuatiestoel pictogrambord, afdekhoes en gebruiksaanwijzing.  Demonstratie van deze en\/of andere merken en modellen? Neem gerust contact met ons op.  Wilt u deze evacchair kopen met een gebruikerstraining? Bij levering van deze evacuatiestoel kunt u voor een gereduceerd tarief een uitgebreide evacuatiestoel training bij boeken.","og_url":"https:\/\/www.evakuierungsstuhl.de\/de\/produkt\/evacchair-300h-komplettpaket-2\/","og_site_name":"Evacuatieexpert","article_modified_time":"2025-11-29T17:18:39+00:00","og_image":[{"width":266,"height":400,"url":"https:\/\/www.evakuierungsstuhl.de\/wp-content\/uploads\/2024\/06\/admin-ajax-2.png","type":"image\/png"}],"twitter_card":"summary_large_image","twitter_misc":{"Gesch\u00e4tzte Lesezeit":"2\u00a0Minuten"},"schema":{"@context":"https:\/\/schema.org","@graph":[{"@type":"WebPage","@id":"https:\/\/www.evakuierungsstuhl.de\/product\/evacchair-300h-compleet-pakket-2\/","url":"https:\/\/www.evakuierungsstuhl.de\/product\/evacchair-300h-compleet-pakket-2\/","name":"Evac+chair 300H Komplettpaket - Evakuierungsexperte","isPartOf":{"@id":"https:\/\/www.evakuierungsstuhl.de\/#website"},"primaryImageOfPage":{"@id":"https:\/\/www.evakuierungsstuhl.de\/product\/evacchair-300h-compleet-pakket-2\/#primaryimage"},"image":{"@id":"https:\/\/www.evakuierungsstuhl.de\/product\/evacchair-300h-compleet-pakket-2\/#primaryimage"},"thumbnailUrl":"https:\/\/www.evakuierungsstuhl.de\/wp-content\/uploads\/2024\/06\/admin-ajax-2.png","datePublished":"2024-06-03T12:55:10+00:00","dateModified":"2025-11-29T17:18:39+00:00","breadcrumb":{"@id":"https:\/\/www.evakuierungsstuhl.de\/product\/evacchair-300h-compleet-pakket-2\/#breadcrumb"},"inLanguage":"de","potentialAction":[{"@type":"ReadAction","target":["https:\/\/www.evakuierungsstuhl.de\/product\/evacchair-300h-compleet-pakket-2\/"]}]},{"@type":"ImageObject","inLanguage":"de","@id":"https:\/\/www.evakuierungsstuhl.de\/product\/evacchair-300h-compleet-pakket-2\/#primaryimage","url":"https:\/\/www.evakuierungsstuhl.de\/wp-content\/uploads\/2024\/06\/admin-ajax-2.png","contentUrl":"https:\/\/www.evakuierungsstuhl.de\/wp-content\/uploads\/2024\/06\/admin-ajax-2.png","width":266,"height":400},{"@type":"BreadcrumbList","@id":"https:\/\/www.evakuierungsstuhl.de\/product\/evacchair-300h-compleet-pakket-2\/#breadcrumb","itemListElement":[{"@type":"ListItem","position":1,"name":"Home","item":"https:\/\/www.evakuierungsstuhl.de\/"},{"@type":"ListItem","position":2,"name":"Winkel","item":"https:\/\/www.evakuierungsstuhl.de\/winkel\/"},{"@type":"ListItem","position":3,"name":"Evac+chair 300H compleet pakket"}]},{"@type":"WebSite","@id":"https:\/\/www.evakuierungsstuhl.de\/#website","url":"https:\/\/www.evakuierungsstuhl.de\/","name":"Experte f\u00fcr Evakuierung","description":"Der Experte f\u00fcr Evakuierung","potentialAction":[{"@type":"SearchAction","target":{"@type":"EntryPoint","urlTemplate":"https:\/\/www.evakuierungsstuhl.de\/?s={search_term_string}"},"query-input":{"@type":"PropertyValueSpecification","valueRequired":true,"valueName":"search_term_string"}}],"inLanguage":"de"}]}},"_links":{"self":[{"href":"https:\/\/www.evakuierungsstuhl.de\/de\/wp-json\/wp\/v2\/product\/1104","targetHints":{"allow":["GET"]}}],"collection":[{"href":"https:\/\/www.evakuierungsstuhl.de\/de\/wp-json\/wp\/v2\/product"}],"about":[{"href":"https:\/\/www.evakuierungsstuhl.de\/de\/wp-json\/wp\/v2\/types\/product"}],"replies":[{"embeddable":true,"href":"https:\/\/www.evakuierungsstuhl.de\/de\/wp-json\/wp\/v2\/comments?post=1104"}],"version-history":[{"count":1,"href":"https:\/\/www.evakuierungsstuhl.de\/de\/wp-json\/wp\/v2\/product\/1104\/revisions"}],"predecessor-version":[{"id":1804,"href":"https:\/\/www.evakuierungsstuhl.de\/de\/wp-json\/wp\/v2\/product\/1104\/revisions\/1804"}],"wp:featuredmedia":[{"embeddable":true,"href":"https:\/\/www.evakuierungsstuhl.de\/de\/wp-json\/wp\/v2\/media\/1099"}],"wp:attachment":[{"href":"https:\/\/www.evakuierungsstuhl.de\/de\/wp-json\/wp\/v2\/media?parent=1104"}],"wp:term":[{"taxonomy":"product_brand","embeddable":true,"href":"https:\/\/www.evakuierungsstuhl.de\/de\/wp-json\/wp\/v2\/product_brand?post=1104"},{"taxonomy":"product_cat","embeddable":true,"href":"https:\/\/www.evakuierungsstuhl.de\/de\/wp-json\/wp\/v2\/product_cat?post=1104"},{"taxonomy":"product_tag","embeddable":true,"href":"https:\/\/www.evakuierungsstuhl.de\/de\/wp-json\/wp\/v2\/product_tag?post=1104"}],"curies":[{"name":"wp","href":"https:\/\/api.w.org\/{rel}","templated":true}]}}