{"id":1096,"date":"2024-06-03T12:51:38","date_gmt":"2024-06-03T12:51:38","guid":{"rendered":"https:\/\/www.evakuierungsstuhl.de\/?post_type=product&#038;p=1096"},"modified":"2025-11-29T18:18:57","modified_gmt":"2025-11-29T17:18:57","slug":"evacchair-mk5-mit-fusstutze","status":"publish","type":"product","link":"https:\/\/www.evakuierungsstuhl.de\/de\/product\/evacchair-mk5-met-voetensteun\/","title":{"rendered":"Evac+Stuhl MK5 mit Fu\u00dfst\u00fctze"},"content":{"rendered":"<p>EVAC+CHAIR 300FS Evakuierungsstuhl jetzt auch mit Fu\u00dfst\u00fctze erh\u00e4ltlich.<\/p>\n<p>Der EVAC+CHAIR 300FS f\u00fcr optimale Sicherheit<\/p>\n<p>Der bekannteste Evakuierungsstuhl ist auch mit einer Fu\u00dfst\u00fctze erh\u00e4ltlich. Diese Fu\u00dfst\u00fctze auf dem Evac+-Stuhl entlastet die Beine des Evakuierten.<\/p>\n<p>Ein Evakuierungsstuhl ist ein unverzichtbares Hilfsmittel f\u00fcr den Personentransport \u00fcber Treppen in Situationen, in denen man den Aufzug nicht benutzen kann oder soll. Die Anwesenheit von EVAC+CHAIRS sorgt f\u00fcr optimale Sicherheit.<\/p>\n<p>Die evacchair-Fu\u00dfst\u00fctze gibt der zu transportierenden Person ein gro\u00dfes Sicherheitsgef\u00fchl. Im Falle eines Rollstuhlfahrers wird dieser l\u00e4nger im EVAC+CHAIR bleiben, denn der Rollstuhl verbleibt am Ort. Durch das Abst\u00fctzen der F\u00fc\u00dfe wird die Gefahr des Abklemmens der Venen stark reduziert.<\/p>\n<p>Mehr als 10% der Menschen haben in unterschiedlichem Ma\u00dfe Probleme beim Treppensteigen. Dar\u00fcber hinaus wird von uns erwartet, dass wir l\u00e4nger arbeiten. Dies f\u00fchrt u. a. dazu, dass immer mehr Menschen auf Aufz\u00fcge in Geb\u00e4uden angewiesen sind. Im Falle eines Brandes sind unter anderem genau diese Aufz\u00fcge nicht verf\u00fcgbar.<\/p>\n<p>Wenn Sie in Ihrer Organisation f\u00fcr den Transport dieser Personen in Notf\u00e4llen verantwortlich sind, z.B. f\u00fcr Kara-Patienten, Schwangere, Behinderte oder Verletzte, haben wir die L\u00f6sung f\u00fcr Sie!<\/p>\n<p>Der EVAC+CHAIR f\u00fcr optimale Sicherheit:<br \/>\n- Unverzichtbar beim Transport von Personen \u00fcber Treppen:<br \/>\n- Innerhalb von Sekunden einsatzbereit und sehr einfach in der Anwendung;<br \/>\n- Nutzlast bis zu 182 KG.<br \/>\n- Zu verwenden bei Feueralarm, Bombenalarm, Rauchalarm, etc.<br \/>\n- Keine Blockierung der Nottreppe: Sie gehen die Treppe mit anderen gehf\u00e4higen Personen ohne Verz\u00f6gerung hinunter;<\/p>\n<p>Evacchair 300FS Fu\u00dfst\u00fctze<\/p>\n<p>Dank der Fu\u00dfst\u00fctze, mehr Komfort. Reduziert den Druck auf die Beine. Die F\u00fc\u00dfe k\u00f6nnen mit dem Fu\u00dfgurt an der Fu\u00dfst\u00fctze fixiert werden. Die zu evakuierende Person wird sich im Evacchair dank der Unterst\u00fctzung unter den F\u00fc\u00dfen wohlf\u00fchlen.<\/p>\n<p>M\u00f6chten Sie den Unterschied mit und ohne Evacchair-Fu\u00dfst\u00fctze testen? Vereinbaren Sie einen Termin mit uns.  Wir beraten Sie und machen Sie und Ihre Mitarbeiter unverbindlich mit den Evacchair vertraut.<\/p>\n<p>Passt in jeden Sicherheitsplan.<\/p>\n<p>Komplett mit Abdeckung, Evakuierungsstuhl-Piktogrammschild, Wandhaken und Piktogramm.<\/p>\n<p>Bitte kontaktieren Sie uns f\u00fcr eine unverbindliche Beratung und Vorf\u00fchrung bei Ihnen vor Ort.<\/p>","protected":false},"excerpt":{"rendered":"<p>Evac+chair 300FS met voetensteun.\u00a0 De bekendste evacuatiestoel op de markt nu ook met voetensteun. Eenvoudig in het gebruik. Door de twee grote wielen aan de achterzijde kunt u eenvoudig op 4 wielen naar het verzamelpunt. De maximale draagkracht bedraagt 182 KG.<\/p>\n<p>Deze Evacchair wordt geleverd inclusief\u00a0 voetensteun, wandhaken, afdekhoes en gebruiksaanwijzing.<\/p>\n<p>Wilt u deze Evacchair kopen met een gebruikerstraining? Bij levering van deze evacuatiestoel kunt u voor een gereduceerd tarief een uitgebreide evacuatiestoel training bij boeken.<\/p>","protected":false},"featured_media":1335,"comment_status":"closed","ping_status":"closed","template":"","meta":{"_acf_changed":false},"product_brand":[],"product_cat":[24],"product_tag":[33],"class_list":{"0":"post-1096","1":"product","2":"type-product","3":"status-publish","4":"has-post-thumbnail","6":"product_cat-evacuatiestoelen","7":"product_tag-evacchair","9":"first","10":"instock","11":"taxable","12":"shipping-taxable","13":"purchasable","14":"product-type-simple"},"acf":[],"yoast_head":"<!-- This site is optimized with the Yoast SEO plugin v27.2 - https:\/\/yoast.com\/product\/yoast-seo-wordpress\/ -->\n<title>Evac+chair MK5 met voetensteun - Evacuatieexpert<\/title>\n<meta name=\"robots\" content=\"index, follow, max-snippet:-1, max-image-preview:large, max-video-preview:-1\" \/>\n<link rel=\"canonical\" href=\"https:\/\/www.evakuierungsstuhl.de\/de\/produkt\/evacchair-mk5-mit-fusstutze\/\" \/>\n<meta property=\"og:locale\" content=\"de_DE\" \/>\n<meta property=\"og:type\" content=\"article\" \/>\n<meta property=\"og:title\" content=\"Evac+chair MK5 met voetensteun - Evacuatieexpert\" \/>\n<meta property=\"og:description\" content=\"Evac+chair 300FS met voetensteun.\u00a0 De bekendste evacuatiestoel op de markt nu ook met voetensteun. Eenvoudig in het gebruik. Door de twee grote wielen aan de achterzijde kunt u eenvoudig op 4 wielen naar het verzamelpunt. De maximale draagkracht bedraagt 182 KG.  Deze Evacchair wordt geleverd inclusief\u00a0 voetensteun, wandhaken, afdekhoes en gebruiksaanwijzing.  Wilt u deze Evacchair kopen met een gebruikerstraining? Bij levering van deze evacuatiestoel kunt u voor een gereduceerd tarief een uitgebreide evacuatiestoel training bij boeken.\" \/>\n<meta property=\"og:url\" content=\"https:\/\/www.evakuierungsstuhl.de\/de\/produkt\/evacchair-mk5-mit-fusstutze\/\" \/>\n<meta property=\"og:site_name\" content=\"Evacuatieexpert\" \/>\n<meta property=\"article:modified_time\" content=\"2025-11-29T17:18:57+00:00\" \/>\n<meta property=\"og:image\" content=\"https:\/\/www.evakuierungsstuhl.de\/wp-content\/uploads\/2024\/06\/300FS-3.jpg\" \/>\n\t<meta property=\"og:image:width\" content=\"540\" \/>\n\t<meta property=\"og:image:height\" content=\"540\" \/>\n\t<meta property=\"og:image:type\" content=\"image\/jpeg\" \/>\n<meta name=\"twitter:card\" content=\"summary_large_image\" \/>\n<meta name=\"twitter:label1\" content=\"Gesch\u00e4tzte Lesezeit\" \/>\n\t<meta name=\"twitter:data1\" content=\"2\u00a0Minuten\" \/>\n<script type=\"application\/ld+json\" class=\"yoast-schema-graph\">{\"@context\":\"https:\/\/schema.org\",\"@graph\":[{\"@type\":\"WebPage\",\"@id\":\"https:\/\/www.evakuierungsstuhl.de\/product\/evacchair-mk5-met-voetensteun\/\",\"url\":\"https:\/\/www.evakuierungsstuhl.de\/product\/evacchair-mk5-met-voetensteun\/\",\"name\":\"Evac+chair MK5 met voetensteun - Evacuatieexpert\",\"isPartOf\":{\"@id\":\"https:\/\/www.evakuierungsstuhl.de\/#website\"},\"primaryImageOfPage\":{\"@id\":\"https:\/\/www.evakuierungsstuhl.de\/product\/evacchair-mk5-met-voetensteun\/#primaryimage\"},\"image\":{\"@id\":\"https:\/\/www.evakuierungsstuhl.de\/product\/evacchair-mk5-met-voetensteun\/#primaryimage\"},\"thumbnailUrl\":\"https:\/\/www.evakuierungsstuhl.de\/wp-content\/uploads\/2024\/06\/300FS-3.jpg\",\"datePublished\":\"2024-06-03T12:51:38+00:00\",\"dateModified\":\"2025-11-29T17:18:57+00:00\",\"breadcrumb\":{\"@id\":\"https:\/\/www.evakuierungsstuhl.de\/product\/evacchair-mk5-met-voetensteun\/#breadcrumb\"},\"inLanguage\":\"de\",\"potentialAction\":[{\"@type\":\"ReadAction\",\"target\":[\"https:\/\/www.evakuierungsstuhl.de\/product\/evacchair-mk5-met-voetensteun\/\"]}]},{\"@type\":\"ImageObject\",\"inLanguage\":\"de\",\"@id\":\"https:\/\/www.evakuierungsstuhl.de\/product\/evacchair-mk5-met-voetensteun\/#primaryimage\",\"url\":\"https:\/\/www.evakuierungsstuhl.de\/wp-content\/uploads\/2024\/06\/300FS-3.jpg\",\"contentUrl\":\"https:\/\/www.evakuierungsstuhl.de\/wp-content\/uploads\/2024\/06\/300FS-3.jpg\",\"width\":540,\"height\":540},{\"@type\":\"BreadcrumbList\",\"@id\":\"https:\/\/www.evakuierungsstuhl.de\/product\/evacchair-mk5-met-voetensteun\/#breadcrumb\",\"itemListElement\":[{\"@type\":\"ListItem\",\"position\":1,\"name\":\"Home\",\"item\":\"https:\/\/www.evakuierungsstuhl.de\/\"},{\"@type\":\"ListItem\",\"position\":2,\"name\":\"Winkel\",\"item\":\"https:\/\/www.evakuierungsstuhl.de\/winkel\/\"},{\"@type\":\"ListItem\",\"position\":3,\"name\":\"Evac+chair MK5 met voetensteun\"}]},{\"@type\":\"WebSite\",\"@id\":\"https:\/\/www.evakuierungsstuhl.de\/#website\",\"url\":\"https:\/\/www.evakuierungsstuhl.de\/\",\"name\":\"Evacuatieexpert\",\"description\":\"De expert in evacuatie\",\"potentialAction\":[{\"@type\":\"SearchAction\",\"target\":{\"@type\":\"EntryPoint\",\"urlTemplate\":\"https:\/\/www.evakuierungsstuhl.de\/?s={search_term_string}\"},\"query-input\":{\"@type\":\"PropertyValueSpecification\",\"valueRequired\":true,\"valueName\":\"search_term_string\"}}],\"inLanguage\":\"de\"}]}<\/script>\n<!-- \/ Yoast SEO plugin. -->","yoast_head_json":{"title":"Evac+chair MK5 mit Fu\u00dfst\u00fctze - Evacuation Expert","robots":{"index":"index","follow":"follow","max-snippet":"max-snippet:-1","max-image-preview":"max-image-preview:large","max-video-preview":"max-video-preview:-1"},"canonical":"https:\/\/www.evakuierungsstuhl.de\/de\/produkt\/evacchair-mk5-mit-fusstutze\/","og_locale":"de_DE","og_type":"article","og_title":"Evac+chair MK5 met voetensteun - Evacuatieexpert","og_description":"Evac+chair 300FS met voetensteun.\u00a0 De bekendste evacuatiestoel op de markt nu ook met voetensteun. Eenvoudig in het gebruik. Door de twee grote wielen aan de achterzijde kunt u eenvoudig op 4 wielen naar het verzamelpunt. De maximale draagkracht bedraagt 182 KG.  Deze Evacchair wordt geleverd inclusief\u00a0 voetensteun, wandhaken, afdekhoes en gebruiksaanwijzing.  Wilt u deze Evacchair kopen met een gebruikerstraining? Bij levering van deze evacuatiestoel kunt u voor een gereduceerd tarief een uitgebreide evacuatiestoel training bij boeken.","og_url":"https:\/\/www.evakuierungsstuhl.de\/de\/produkt\/evacchair-mk5-mit-fusstutze\/","og_site_name":"Evacuatieexpert","article_modified_time":"2025-11-29T17:18:57+00:00","og_image":[{"width":540,"height":540,"url":"https:\/\/www.evakuierungsstuhl.de\/wp-content\/uploads\/2024\/06\/300FS-3.jpg","type":"image\/jpeg"}],"twitter_card":"summary_large_image","twitter_misc":{"Gesch\u00e4tzte Lesezeit":"2\u00a0Minuten"},"schema":{"@context":"https:\/\/schema.org","@graph":[{"@type":"WebPage","@id":"https:\/\/www.evakuierungsstuhl.de\/product\/evacchair-mk5-met-voetensteun\/","url":"https:\/\/www.evakuierungsstuhl.de\/product\/evacchair-mk5-met-voetensteun\/","name":"Evac+chair MK5 mit Fu\u00dfst\u00fctze - Evacuation Expert","isPartOf":{"@id":"https:\/\/www.evakuierungsstuhl.de\/#website"},"primaryImageOfPage":{"@id":"https:\/\/www.evakuierungsstuhl.de\/product\/evacchair-mk5-met-voetensteun\/#primaryimage"},"image":{"@id":"https:\/\/www.evakuierungsstuhl.de\/product\/evacchair-mk5-met-voetensteun\/#primaryimage"},"thumbnailUrl":"https:\/\/www.evakuierungsstuhl.de\/wp-content\/uploads\/2024\/06\/300FS-3.jpg","datePublished":"2024-06-03T12:51:38+00:00","dateModified":"2025-11-29T17:18:57+00:00","breadcrumb":{"@id":"https:\/\/www.evakuierungsstuhl.de\/product\/evacchair-mk5-met-voetensteun\/#breadcrumb"},"inLanguage":"de","potentialAction":[{"@type":"ReadAction","target":["https:\/\/www.evakuierungsstuhl.de\/product\/evacchair-mk5-met-voetensteun\/"]}]},{"@type":"ImageObject","inLanguage":"de","@id":"https:\/\/www.evakuierungsstuhl.de\/product\/evacchair-mk5-met-voetensteun\/#primaryimage","url":"https:\/\/www.evakuierungsstuhl.de\/wp-content\/uploads\/2024\/06\/300FS-3.jpg","contentUrl":"https:\/\/www.evakuierungsstuhl.de\/wp-content\/uploads\/2024\/06\/300FS-3.jpg","width":540,"height":540},{"@type":"BreadcrumbList","@id":"https:\/\/www.evakuierungsstuhl.de\/product\/evacchair-mk5-met-voetensteun\/#breadcrumb","itemListElement":[{"@type":"ListItem","position":1,"name":"Home","item":"https:\/\/www.evakuierungsstuhl.de\/"},{"@type":"ListItem","position":2,"name":"Winkel","item":"https:\/\/www.evakuierungsstuhl.de\/winkel\/"},{"@type":"ListItem","position":3,"name":"Evac+chair MK5 met voetensteun"}]},{"@type":"WebSite","@id":"https:\/\/www.evakuierungsstuhl.de\/#website","url":"https:\/\/www.evakuierungsstuhl.de\/","name":"Experte f\u00fcr Evakuierung","description":"Der Experte f\u00fcr Evakuierung","potentialAction":[{"@type":"SearchAction","target":{"@type":"EntryPoint","urlTemplate":"https:\/\/www.evakuierungsstuhl.de\/?s={search_term_string}"},"query-input":{"@type":"PropertyValueSpecification","valueRequired":true,"valueName":"search_term_string"}}],"inLanguage":"de"}]}},"_links":{"self":[{"href":"https:\/\/www.evakuierungsstuhl.de\/de\/wp-json\/wp\/v2\/product\/1096","targetHints":{"allow":["GET"]}}],"collection":[{"href":"https:\/\/www.evakuierungsstuhl.de\/de\/wp-json\/wp\/v2\/product"}],"about":[{"href":"https:\/\/www.evakuierungsstuhl.de\/de\/wp-json\/wp\/v2\/types\/product"}],"replies":[{"embeddable":true,"href":"https:\/\/www.evakuierungsstuhl.de\/de\/wp-json\/wp\/v2\/comments?post=1096"}],"version-history":[{"count":1,"href":"https:\/\/www.evakuierungsstuhl.de\/de\/wp-json\/wp\/v2\/product\/1096\/revisions"}],"predecessor-version":[{"id":1901,"href":"https:\/\/www.evakuierungsstuhl.de\/de\/wp-json\/wp\/v2\/product\/1096\/revisions\/1901"}],"wp:featuredmedia":[{"embeddable":true,"href":"https:\/\/www.evakuierungsstuhl.de\/de\/wp-json\/wp\/v2\/media\/1335"}],"wp:attachment":[{"href":"https:\/\/www.evakuierungsstuhl.de\/de\/wp-json\/wp\/v2\/media?parent=1096"}],"wp:term":[{"taxonomy":"product_brand","embeddable":true,"href":"https:\/\/www.evakuierungsstuhl.de\/de\/wp-json\/wp\/v2\/product_brand?post=1096"},{"taxonomy":"product_cat","embeddable":true,"href":"https:\/\/www.evakuierungsstuhl.de\/de\/wp-json\/wp\/v2\/product_cat?post=1096"},{"taxonomy":"product_tag","embeddable":true,"href":"https:\/\/www.evakuierungsstuhl.de\/de\/wp-json\/wp\/v2\/product_tag?post=1096"}],"curies":[{"name":"wp","href":"https:\/\/api.w.org\/{rel}","templated":true}]}}