{"id":1092,"date":"2024-06-03T12:50:03","date_gmt":"2024-06-03T12:50:03","guid":{"rendered":"https:\/\/www.evakuierungsstuhl.de\/?post_type=product&#038;p=1092"},"modified":"2024-09-12T08:34:22","modified_gmt":"2024-09-12T07:34:22","slug":"600h-evacchair-mit-tragegriff","status":"publish","type":"product","link":"https:\/\/www.evakuierungsstuhl.de\/de\/product\/evacchair-600h-evacchair-met-draagbeugel\/","title":{"rendered":"Evac+chair 600H, Evacchair mit Tragegriff"},"content":{"rendered":"<p>Der Evac+Chair wurde verbessert und ist in mehreren Grundversionen erh\u00e4ltlich:<br \/>\n- Evac+ Chair Mk5: Standardmodell Evac+Chair mit einer Tragf\u00e4higkeit von 182 kg<br \/>\n- Modell 600H: Verf\u00fcgt \u00fcber 2 zus\u00e4tzliche Tragegriffe f\u00fcr schwer zug\u00e4ngliche Stellen und den Betrieb zu zweit<\/p>\n<p>Ein Evakuierungsstuhl ist ein unverzichtbares Hilfsmittel f\u00fcr den Personentransport \u00fcber Treppen in Situationen, in denen man den Aufzug nicht benutzen kann oder soll. Das Vorhandensein von EVACCHAIRS gew\u00e4hrleistet optimale Sicherheit.<\/p>\n<p>Der EVACCHAIR H600 verf\u00fcgt \u00fcber zwei zus\u00e4tzliche Halterungen f\u00fcr schwer zug\u00e4ngliche Stellen und Fluchtwege mit Stufen oder Hindernissen, die \u00fcberstiegen oder \u00fcberquert werden m\u00fcssen.<\/p>\n<p>Wussten Sie, dass etwa 10 % der Personen, die sich in Ihrem Geb\u00e4ude aufhalten, aufgrund ihres k\u00f6rperlichen Zustands ein unerwartetes Risiko darstellen?<\/p>\n<p>Wenn Sie in Ihrer Organisation f\u00fcr den Transport dieser Personen in Notf\u00e4llen verantwortlich sind, z.B. f\u00fcr Kara-Patienten, Schwangere, Behinderte oder Verletzte, haben wir die L\u00f6sung f\u00fcr Sie!<\/p>\n<p>Der EVACCHAIR f\u00fcr optimale Sicherheit:<br \/>\n- Unverzichtbar beim Transport von Personen \u00fcber Treppen:<br \/>\n- Innerhalb von Sekunden einsatzbereit;<br \/>\n- Belastung bis zu 227 KG bei Bedienung durch 2 Personen.<br \/>\n- Zu verwenden bei Feueralarm, Bombenalarm, Rauchalarm, etc.<br \/>\n- Keine Blockierung der Nottreppe: Sie gehen die Treppe mit anderen gehf\u00e4higen Personen ohne Verz\u00f6gerung hinunter;<br \/>\n- Passt in jeden Sicherheitsplan.<\/p>\n<p>Wird als Komplettpaket mit H\u00fclle, Wandhaken und Piktogramm geliefert.<br \/>\nVor-Ort-Vorf\u00fchrung oder Beratung? Bitte nehmen Sie Kontakt mit uns auf.<\/p>","protected":false},"excerpt":{"rendered":"<p>Inmiddels is de Evac+chair nog verder verbeterd.<\/p>\n<p>Model 600H: Heeft 2 extra draagbeugels voor moeilijk toegankelijke ruimtes en bediening door twee personen.<\/p>\n<p>Evacchair is de bekendste producent van evacuatiestoelen. De degelijke kwaliteit en eenvoudige werkwijze hebben zich al jaren bewezen.<\/p>\n<p>Advies of demonstratie? Neem gerust contact op. <\/p>","protected":false},"featured_media":1094,"comment_status":"closed","ping_status":"closed","template":"","meta":{"_acf_changed":false},"product_brand":[],"product_cat":[24],"product_tag":[34,33],"class_list":{"0":"post-1092","1":"product","2":"type-product","3":"status-publish","4":"has-post-thumbnail","6":"product_cat-evacuatiestoelen","7":"product_tag-draagbaar","8":"product_tag-evacchair","10":"first","11":"instock","12":"taxable","13":"shipping-taxable","14":"purchasable","15":"product-type-simple"},"acf":[],"yoast_head":"<!-- This site is optimized with the Yoast SEO plugin v27.2 - https:\/\/yoast.com\/product\/yoast-seo-wordpress\/ -->\n<title>Evac+chair 600H, Evacchair met draagbeugel - Evacuatieexpert<\/title>\n<meta name=\"robots\" content=\"index, follow, max-snippet:-1, max-image-preview:large, max-video-preview:-1\" \/>\n<link rel=\"canonical\" href=\"https:\/\/www.evakuierungsstuhl.de\/de\/produkt\/600h-evacchair-mit-tragegriff\/\" \/>\n<meta property=\"og:locale\" content=\"de_DE\" \/>\n<meta property=\"og:type\" content=\"article\" \/>\n<meta property=\"og:title\" content=\"Evac+chair 600H, Evacchair met draagbeugel - Evacuatieexpert\" \/>\n<meta property=\"og:description\" content=\"Inmiddels is de Evac+chair nog verder verbeterd.  Model 600H: Heeft 2 extra draagbeugels voor moeilijk toegankelijke ruimtes en bediening door twee personen.  Evacchair is de bekendste producent van evacuatiestoelen. De degelijke kwaliteit en eenvoudige werkwijze hebben zich al jaren bewezen.  Advies of demonstratie? Neem gerust contact op.\" \/>\n<meta property=\"og:url\" content=\"https:\/\/www.evakuierungsstuhl.de\/de\/produkt\/600h-evacchair-mit-tragegriff\/\" \/>\n<meta property=\"og:site_name\" content=\"Evacuatieexpert\" \/>\n<meta property=\"article:modified_time\" content=\"2024-09-12T07:34:22+00:00\" \/>\n<meta property=\"og:image\" content=\"https:\/\/www.evakuierungsstuhl.de\/wp-content\/uploads\/2024\/06\/600_AMB_3-4_FRont_Ver_5-681x1024.png\" \/>\n\t<meta property=\"og:image:width\" content=\"681\" \/>\n\t<meta property=\"og:image:height\" content=\"1024\" \/>\n\t<meta property=\"og:image:type\" content=\"image\/png\" \/>\n<meta name=\"twitter:card\" content=\"summary_large_image\" \/>\n<meta name=\"twitter:label1\" content=\"Gesch\u00e4tzte Lesezeit\" \/>\n\t<meta name=\"twitter:data1\" content=\"2\u00a0Minuten\" \/>\n<script type=\"application\/ld+json\" class=\"yoast-schema-graph\">{\"@context\":\"https:\/\/schema.org\",\"@graph\":[{\"@type\":\"WebPage\",\"@id\":\"https:\/\/www.evakuierungsstuhl.de\/product\/evacchair-600h-evacchair-met-draagbeugel\/\",\"url\":\"https:\/\/www.evakuierungsstuhl.de\/product\/evacchair-600h-evacchair-met-draagbeugel\/\",\"name\":\"Evac+chair 600H, Evacchair met draagbeugel - Evacuatieexpert\",\"isPartOf\":{\"@id\":\"https:\/\/www.evakuierungsstuhl.de\/#website\"},\"primaryImageOfPage\":{\"@id\":\"https:\/\/www.evakuierungsstuhl.de\/product\/evacchair-600h-evacchair-met-draagbeugel\/#primaryimage\"},\"image\":{\"@id\":\"https:\/\/www.evakuierungsstuhl.de\/product\/evacchair-600h-evacchair-met-draagbeugel\/#primaryimage\"},\"thumbnailUrl\":\"https:\/\/www.evakuierungsstuhl.de\/wp-content\/uploads\/2024\/06\/600_AMB_3-4_FRont_Ver_5.png\",\"datePublished\":\"2024-06-03T12:50:03+00:00\",\"dateModified\":\"2024-09-12T07:34:22+00:00\",\"breadcrumb\":{\"@id\":\"https:\/\/www.evakuierungsstuhl.de\/product\/evacchair-600h-evacchair-met-draagbeugel\/#breadcrumb\"},\"inLanguage\":\"de\",\"potentialAction\":[{\"@type\":\"ReadAction\",\"target\":[\"https:\/\/www.evakuierungsstuhl.de\/product\/evacchair-600h-evacchair-met-draagbeugel\/\"]}]},{\"@type\":\"ImageObject\",\"inLanguage\":\"de\",\"@id\":\"https:\/\/www.evakuierungsstuhl.de\/product\/evacchair-600h-evacchair-met-draagbeugel\/#primaryimage\",\"url\":\"https:\/\/www.evakuierungsstuhl.de\/wp-content\/uploads\/2024\/06\/600_AMB_3-4_FRont_Ver_5.png\",\"contentUrl\":\"https:\/\/www.evakuierungsstuhl.de\/wp-content\/uploads\/2024\/06\/600_AMB_3-4_FRont_Ver_5.png\",\"width\":4829,\"height\":7258},{\"@type\":\"BreadcrumbList\",\"@id\":\"https:\/\/www.evakuierungsstuhl.de\/product\/evacchair-600h-evacchair-met-draagbeugel\/#breadcrumb\",\"itemListElement\":[{\"@type\":\"ListItem\",\"position\":1,\"name\":\"Home\",\"item\":\"https:\/\/www.evakuierungsstuhl.de\/\"},{\"@type\":\"ListItem\",\"position\":2,\"name\":\"Winkel\",\"item\":\"https:\/\/www.evakuierungsstuhl.de\/winkel\/\"},{\"@type\":\"ListItem\",\"position\":3,\"name\":\"Evac+chair 600H, Evacchair met draagbeugel\"}]},{\"@type\":\"WebSite\",\"@id\":\"https:\/\/www.evakuierungsstuhl.de\/#website\",\"url\":\"https:\/\/www.evakuierungsstuhl.de\/\",\"name\":\"Evacuatieexpert\",\"description\":\"De expert in evacuatie\",\"potentialAction\":[{\"@type\":\"SearchAction\",\"target\":{\"@type\":\"EntryPoint\",\"urlTemplate\":\"https:\/\/www.evakuierungsstuhl.de\/?s={search_term_string}\"},\"query-input\":{\"@type\":\"PropertyValueSpecification\",\"valueRequired\":true,\"valueName\":\"search_term_string\"}}],\"inLanguage\":\"de\"}]}<\/script>\n<!-- \/ Yoast SEO plugin. -->","yoast_head_json":{"title":"Evac+chair 600H, Evacchair mit Tragegriff - Evacuation Expert","robots":{"index":"index","follow":"follow","max-snippet":"max-snippet:-1","max-image-preview":"max-image-preview:large","max-video-preview":"max-video-preview:-1"},"canonical":"https:\/\/www.evakuierungsstuhl.de\/de\/produkt\/600h-evacchair-mit-tragegriff\/","og_locale":"de_DE","og_type":"article","og_title":"Evac+chair 600H, Evacchair met draagbeugel - Evacuatieexpert","og_description":"Inmiddels is de Evac+chair nog verder verbeterd.  Model 600H: Heeft 2 extra draagbeugels voor moeilijk toegankelijke ruimtes en bediening door twee personen.  Evacchair is de bekendste producent van evacuatiestoelen. De degelijke kwaliteit en eenvoudige werkwijze hebben zich al jaren bewezen.  Advies of demonstratie? Neem gerust contact op.","og_url":"https:\/\/www.evakuierungsstuhl.de\/de\/produkt\/600h-evacchair-mit-tragegriff\/","og_site_name":"Evacuatieexpert","article_modified_time":"2024-09-12T07:34:22+00:00","og_image":[{"width":681,"height":1024,"url":"https:\/\/www.evakuierungsstuhl.de\/wp-content\/uploads\/2024\/06\/600_AMB_3-4_FRont_Ver_5-681x1024.png","type":"image\/png"}],"twitter_card":"summary_large_image","twitter_misc":{"Gesch\u00e4tzte Lesezeit":"2\u00a0Minuten"},"schema":{"@context":"https:\/\/schema.org","@graph":[{"@type":"WebPage","@id":"https:\/\/www.evakuierungsstuhl.de\/product\/evacchair-600h-evacchair-met-draagbeugel\/","url":"https:\/\/www.evakuierungsstuhl.de\/product\/evacchair-600h-evacchair-met-draagbeugel\/","name":"Evac+chair 600H, Evacchair mit Tragegriff - Evacuation Expert","isPartOf":{"@id":"https:\/\/www.evakuierungsstuhl.de\/#website"},"primaryImageOfPage":{"@id":"https:\/\/www.evakuierungsstuhl.de\/product\/evacchair-600h-evacchair-met-draagbeugel\/#primaryimage"},"image":{"@id":"https:\/\/www.evakuierungsstuhl.de\/product\/evacchair-600h-evacchair-met-draagbeugel\/#primaryimage"},"thumbnailUrl":"https:\/\/www.evakuierungsstuhl.de\/wp-content\/uploads\/2024\/06\/600_AMB_3-4_FRont_Ver_5.png","datePublished":"2024-06-03T12:50:03+00:00","dateModified":"2024-09-12T07:34:22+00:00","breadcrumb":{"@id":"https:\/\/www.evakuierungsstuhl.de\/product\/evacchair-600h-evacchair-met-draagbeugel\/#breadcrumb"},"inLanguage":"de","potentialAction":[{"@type":"ReadAction","target":["https:\/\/www.evakuierungsstuhl.de\/product\/evacchair-600h-evacchair-met-draagbeugel\/"]}]},{"@type":"ImageObject","inLanguage":"de","@id":"https:\/\/www.evakuierungsstuhl.de\/product\/evacchair-600h-evacchair-met-draagbeugel\/#primaryimage","url":"https:\/\/www.evakuierungsstuhl.de\/wp-content\/uploads\/2024\/06\/600_AMB_3-4_FRont_Ver_5.png","contentUrl":"https:\/\/www.evakuierungsstuhl.de\/wp-content\/uploads\/2024\/06\/600_AMB_3-4_FRont_Ver_5.png","width":4829,"height":7258},{"@type":"BreadcrumbList","@id":"https:\/\/www.evakuierungsstuhl.de\/product\/evacchair-600h-evacchair-met-draagbeugel\/#breadcrumb","itemListElement":[{"@type":"ListItem","position":1,"name":"Home","item":"https:\/\/www.evakuierungsstuhl.de\/"},{"@type":"ListItem","position":2,"name":"Winkel","item":"https:\/\/www.evakuierungsstuhl.de\/winkel\/"},{"@type":"ListItem","position":3,"name":"Evac+chair 600H, Evacchair met draagbeugel"}]},{"@type":"WebSite","@id":"https:\/\/www.evakuierungsstuhl.de\/#website","url":"https:\/\/www.evakuierungsstuhl.de\/","name":"Experte f\u00fcr Evakuierung","description":"Der Experte f\u00fcr Evakuierung","potentialAction":[{"@type":"SearchAction","target":{"@type":"EntryPoint","urlTemplate":"https:\/\/www.evakuierungsstuhl.de\/?s={search_term_string}"},"query-input":{"@type":"PropertyValueSpecification","valueRequired":true,"valueName":"search_term_string"}}],"inLanguage":"de"}]}},"_links":{"self":[{"href":"https:\/\/www.evakuierungsstuhl.de\/de\/wp-json\/wp\/v2\/product\/1092","targetHints":{"allow":["GET"]}}],"collection":[{"href":"https:\/\/www.evakuierungsstuhl.de\/de\/wp-json\/wp\/v2\/product"}],"about":[{"href":"https:\/\/www.evakuierungsstuhl.de\/de\/wp-json\/wp\/v2\/types\/product"}],"replies":[{"embeddable":true,"href":"https:\/\/www.evakuierungsstuhl.de\/de\/wp-json\/wp\/v2\/comments?post=1092"}],"version-history":[{"count":0,"href":"https:\/\/www.evakuierungsstuhl.de\/de\/wp-json\/wp\/v2\/product\/1092\/revisions"}],"wp:featuredmedia":[{"embeddable":true,"href":"https:\/\/www.evakuierungsstuhl.de\/de\/wp-json\/wp\/v2\/media\/1094"}],"wp:attachment":[{"href":"https:\/\/www.evakuierungsstuhl.de\/de\/wp-json\/wp\/v2\/media?parent=1092"}],"wp:term":[{"taxonomy":"product_brand","embeddable":true,"href":"https:\/\/www.evakuierungsstuhl.de\/de\/wp-json\/wp\/v2\/product_brand?post=1092"},{"taxonomy":"product_cat","embeddable":true,"href":"https:\/\/www.evakuierungsstuhl.de\/de\/wp-json\/wp\/v2\/product_cat?post=1092"},{"taxonomy":"product_tag","embeddable":true,"href":"https:\/\/www.evakuierungsstuhl.de\/de\/wp-json\/wp\/v2\/product_tag?post=1092"}],"curies":[{"name":"wp","href":"https:\/\/api.w.org\/{rel}","templated":true}]}}