{"id":1089,"date":"2024-06-03T12:48:57","date_gmt":"2024-06-03T12:48:57","guid":{"rendered":"https:\/\/www.evakuierungsstuhl.de\/?post_type=product&#038;p=1089"},"modified":"2024-09-12T09:14:09","modified_gmt":"2024-09-12T08:14:09","slug":"sitzerhohung-comfy-seat-evacchair","status":"publish","type":"product","link":"https:\/\/www.evakuierungsstuhl.de\/de\/product\/zitverhoging-comfy-seat-evacchair\/","title":{"rendered":"Sitzerh\u00f6hung - Comfy seat Evacchair"},"content":{"rendered":"<p>Ein Sitzerh\u00f6her f\u00fcr zus\u00e4tzlichen Komfort und Halt. Dieser \"Comfy Seat\" kann mit Clips u.a. am Evac + Chair befestigt werden.<\/p>\n<p>Die Sitzerh\u00f6hung ist ideal geeignet f\u00fcr Personen, f\u00fcr die der \"tiefe\" Sitz eines Evakuierungsstuhls nicht in Frage kommt. Auch f\u00fcr Rollstuhlfahrer, die selbstst\u00e4ndig einen seitlichen Transfer durchf\u00fchren, bietet der Comfy Seat einen leichteren \u00dcbergang. In einem Notfall z\u00e4hlt jede Sekunde<\/p>\n<p>Evakuierungsstuhl mit Sitzh\u00f6he.<\/p>","protected":false},"excerpt":{"rendered":"<p>Ein Sitzerh\u00f6her f\u00fcr zus\u00e4tzlichen Komfort und Halt. Dieser \"Comfy Seat\" kann mit Clips u.a. am Evac + Chair befestigt werden.<\/p>\n<p>Die Sitzerh\u00f6hung ist ideal geeignet f\u00fcr Personen, f\u00fcr die der \"tiefe\" Sitz eines Evakuierungsstuhls nicht in Frage kommt. Auch f\u00fcr Rollstuhlfahrer, die selbstst\u00e4ndig einen seitlichen Transfer durchf\u00fchren, bietet der Comfy Seat einen leichteren \u00dcbergang. In einem Notfall z\u00e4hlt jede Sekunde<\/p>\n<p>Evakuierungsstuhl mit Sitzh\u00f6he.<\/p>","protected":false},"featured_media":1354,"comment_status":"closed","ping_status":"closed","template":"","meta":{"_acf_changed":false},"product_brand":[],"product_cat":[28],"product_tag":[33],"class_list":{"0":"post-1089","1":"product","2":"type-product","3":"status-publish","4":"has-post-thumbnail","6":"product_cat-accessoires-bhv","7":"product_tag-evacchair","9":"first","10":"instock","11":"taxable","12":"shipping-taxable","13":"purchasable","14":"product-type-simple"},"acf":[],"yoast_head":"<!-- This site is optimized with the Yoast SEO plugin v27.2 - https:\/\/yoast.com\/product\/yoast-seo-wordpress\/ -->\n<title>Zitverhoging - Comfy seat Evacchair - Evacuatieexpert<\/title>\n<meta name=\"robots\" content=\"index, follow, max-snippet:-1, max-image-preview:large, max-video-preview:-1\" \/>\n<link rel=\"canonical\" href=\"https:\/\/www.evakuierungsstuhl.de\/de\/produkt\/sitzerhohung-comfy-seat-evacchair\/\" \/>\n<meta property=\"og:locale\" content=\"de_DE\" \/>\n<meta property=\"og:type\" content=\"article\" \/>\n<meta property=\"og:title\" content=\"Zitverhoging - Comfy seat Evacchair - Evacuatieexpert\" \/>\n<meta property=\"og:description\" content=\"Een zittingverhoging voor extra comfort en steun. Deze \u2018Comfy Seat\u2019 kan met clips aan onder andere de \u00a0Evac + Chair bevestigd worden.  De Zitting verhogen is uitermate geschikt voor personen voor wie de \u201ddiepe\u201d zit van een evacuatiestoel niet haalbaar is. Ook voor rolstoelgebruikers de zelfstandig een zijwaartse transfer maken zorgt de Comfy seat voor een gemakkelijker overgang. Bij een calamiteit telt elke seconde  Zittingverhoging evacuatiestoel.\" \/>\n<meta property=\"og:url\" content=\"https:\/\/www.evakuierungsstuhl.de\/de\/produkt\/sitzerhohung-comfy-seat-evacchair\/\" \/>\n<meta property=\"og:site_name\" content=\"Evacuatieexpert\" \/>\n<meta property=\"article:modified_time\" content=\"2024-09-12T08:14:09+00:00\" \/>\n<meta property=\"og:image\" content=\"https:\/\/www.evakuierungsstuhl.de\/wp-content\/uploads\/2024\/06\/Comfy-seat.jpg\" \/>\n\t<meta property=\"og:image:width\" content=\"540\" \/>\n\t<meta property=\"og:image:height\" content=\"540\" \/>\n\t<meta property=\"og:image:type\" content=\"image\/jpeg\" \/>\n<meta name=\"twitter:card\" content=\"summary_large_image\" \/>\n<meta name=\"twitter:label1\" content=\"Gesch\u00e4tzte Lesezeit\" \/>\n\t<meta name=\"twitter:data1\" content=\"1\u00a0Minute\" \/>\n<script type=\"application\/ld+json\" class=\"yoast-schema-graph\">{\"@context\":\"https:\/\/schema.org\",\"@graph\":[{\"@type\":\"WebPage\",\"@id\":\"https:\/\/www.evakuierungsstuhl.de\/product\/zitverhoging-comfy-seat-evacchair\/\",\"url\":\"https:\/\/www.evakuierungsstuhl.de\/product\/zitverhoging-comfy-seat-evacchair\/\",\"name\":\"Zitverhoging - Comfy seat Evacchair - Evacuatieexpert\",\"isPartOf\":{\"@id\":\"https:\/\/www.evakuierungsstuhl.de\/#website\"},\"primaryImageOfPage\":{\"@id\":\"https:\/\/www.evakuierungsstuhl.de\/product\/zitverhoging-comfy-seat-evacchair\/#primaryimage\"},\"image\":{\"@id\":\"https:\/\/www.evakuierungsstuhl.de\/product\/zitverhoging-comfy-seat-evacchair\/#primaryimage\"},\"thumbnailUrl\":\"https:\/\/www.evakuierungsstuhl.de\/wp-content\/uploads\/2024\/06\/Comfy-seat.jpg\",\"datePublished\":\"2024-06-03T12:48:57+00:00\",\"dateModified\":\"2024-09-12T08:14:09+00:00\",\"breadcrumb\":{\"@id\":\"https:\/\/www.evakuierungsstuhl.de\/product\/zitverhoging-comfy-seat-evacchair\/#breadcrumb\"},\"inLanguage\":\"de\",\"potentialAction\":[{\"@type\":\"ReadAction\",\"target\":[\"https:\/\/www.evakuierungsstuhl.de\/product\/zitverhoging-comfy-seat-evacchair\/\"]}]},{\"@type\":\"ImageObject\",\"inLanguage\":\"de\",\"@id\":\"https:\/\/www.evakuierungsstuhl.de\/product\/zitverhoging-comfy-seat-evacchair\/#primaryimage\",\"url\":\"https:\/\/www.evakuierungsstuhl.de\/wp-content\/uploads\/2024\/06\/Comfy-seat.jpg\",\"contentUrl\":\"https:\/\/www.evakuierungsstuhl.de\/wp-content\/uploads\/2024\/06\/Comfy-seat.jpg\",\"width\":540,\"height\":540},{\"@type\":\"BreadcrumbList\",\"@id\":\"https:\/\/www.evakuierungsstuhl.de\/product\/zitverhoging-comfy-seat-evacchair\/#breadcrumb\",\"itemListElement\":[{\"@type\":\"ListItem\",\"position\":1,\"name\":\"Home\",\"item\":\"https:\/\/www.evakuierungsstuhl.de\/\"},{\"@type\":\"ListItem\",\"position\":2,\"name\":\"Winkel\",\"item\":\"https:\/\/www.evakuierungsstuhl.de\/winkel\/\"},{\"@type\":\"ListItem\",\"position\":3,\"name\":\"Zitverhoging &#8211; Comfy seat Evacchair\"}]},{\"@type\":\"WebSite\",\"@id\":\"https:\/\/www.evakuierungsstuhl.de\/#website\",\"url\":\"https:\/\/www.evakuierungsstuhl.de\/\",\"name\":\"Evacuatieexpert\",\"description\":\"De expert in evacuatie\",\"potentialAction\":[{\"@type\":\"SearchAction\",\"target\":{\"@type\":\"EntryPoint\",\"urlTemplate\":\"https:\/\/www.evakuierungsstuhl.de\/?s={search_term_string}\"},\"query-input\":{\"@type\":\"PropertyValueSpecification\",\"valueRequired\":true,\"valueName\":\"search_term_string\"}}],\"inLanguage\":\"de\"}]}<\/script>\n<!-- \/ Yoast SEO plugin. -->","yoast_head_json":{"title":"Sitzerh\u00f6hung - Bequemer Sitz Evacchair - Evakuierungsexperte","robots":{"index":"index","follow":"follow","max-snippet":"max-snippet:-1","max-image-preview":"max-image-preview:large","max-video-preview":"max-video-preview:-1"},"canonical":"https:\/\/www.evakuierungsstuhl.de\/de\/produkt\/sitzerhohung-comfy-seat-evacchair\/","og_locale":"de_DE","og_type":"article","og_title":"Zitverhoging - Comfy seat Evacchair - Evacuatieexpert","og_description":"Een zittingverhoging voor extra comfort en steun. Deze \u2018Comfy Seat\u2019 kan met clips aan onder andere de \u00a0Evac + Chair bevestigd worden.  De Zitting verhogen is uitermate geschikt voor personen voor wie de \u201ddiepe\u201d zit van een evacuatiestoel niet haalbaar is. Ook voor rolstoelgebruikers de zelfstandig een zijwaartse transfer maken zorgt de Comfy seat voor een gemakkelijker overgang. Bij een calamiteit telt elke seconde  Zittingverhoging evacuatiestoel.","og_url":"https:\/\/www.evakuierungsstuhl.de\/de\/produkt\/sitzerhohung-comfy-seat-evacchair\/","og_site_name":"Evacuatieexpert","article_modified_time":"2024-09-12T08:14:09+00:00","og_image":[{"width":540,"height":540,"url":"https:\/\/www.evakuierungsstuhl.de\/wp-content\/uploads\/2024\/06\/Comfy-seat.jpg","type":"image\/jpeg"}],"twitter_card":"summary_large_image","twitter_misc":{"Gesch\u00e4tzte Lesezeit":"1\u00a0Minute"},"schema":{"@context":"https:\/\/schema.org","@graph":[{"@type":"WebPage","@id":"https:\/\/www.evakuierungsstuhl.de\/product\/zitverhoging-comfy-seat-evacchair\/","url":"https:\/\/www.evakuierungsstuhl.de\/product\/zitverhoging-comfy-seat-evacchair\/","name":"Sitzerh\u00f6hung - Bequemer Sitz Evacchair - Evakuierungsexperte","isPartOf":{"@id":"https:\/\/www.evakuierungsstuhl.de\/#website"},"primaryImageOfPage":{"@id":"https:\/\/www.evakuierungsstuhl.de\/product\/zitverhoging-comfy-seat-evacchair\/#primaryimage"},"image":{"@id":"https:\/\/www.evakuierungsstuhl.de\/product\/zitverhoging-comfy-seat-evacchair\/#primaryimage"},"thumbnailUrl":"https:\/\/www.evakuierungsstuhl.de\/wp-content\/uploads\/2024\/06\/Comfy-seat.jpg","datePublished":"2024-06-03T12:48:57+00:00","dateModified":"2024-09-12T08:14:09+00:00","breadcrumb":{"@id":"https:\/\/www.evakuierungsstuhl.de\/product\/zitverhoging-comfy-seat-evacchair\/#breadcrumb"},"inLanguage":"de","potentialAction":[{"@type":"ReadAction","target":["https:\/\/www.evakuierungsstuhl.de\/product\/zitverhoging-comfy-seat-evacchair\/"]}]},{"@type":"ImageObject","inLanguage":"de","@id":"https:\/\/www.evakuierungsstuhl.de\/product\/zitverhoging-comfy-seat-evacchair\/#primaryimage","url":"https:\/\/www.evakuierungsstuhl.de\/wp-content\/uploads\/2024\/06\/Comfy-seat.jpg","contentUrl":"https:\/\/www.evakuierungsstuhl.de\/wp-content\/uploads\/2024\/06\/Comfy-seat.jpg","width":540,"height":540},{"@type":"BreadcrumbList","@id":"https:\/\/www.evakuierungsstuhl.de\/product\/zitverhoging-comfy-seat-evacchair\/#breadcrumb","itemListElement":[{"@type":"ListItem","position":1,"name":"Home","item":"https:\/\/www.evakuierungsstuhl.de\/"},{"@type":"ListItem","position":2,"name":"Winkel","item":"https:\/\/www.evakuierungsstuhl.de\/winkel\/"},{"@type":"ListItem","position":3,"name":"Zitverhoging &#8211; Comfy seat Evacchair"}]},{"@type":"WebSite","@id":"https:\/\/www.evakuierungsstuhl.de\/#website","url":"https:\/\/www.evakuierungsstuhl.de\/","name":"Experte f\u00fcr Evakuierung","description":"Der Experte f\u00fcr Evakuierung","potentialAction":[{"@type":"SearchAction","target":{"@type":"EntryPoint","urlTemplate":"https:\/\/www.evakuierungsstuhl.de\/?s={search_term_string}"},"query-input":{"@type":"PropertyValueSpecification","valueRequired":true,"valueName":"search_term_string"}}],"inLanguage":"de"}]}},"_links":{"self":[{"href":"https:\/\/www.evakuierungsstuhl.de\/de\/wp-json\/wp\/v2\/product\/1089","targetHints":{"allow":["GET"]}}],"collection":[{"href":"https:\/\/www.evakuierungsstuhl.de\/de\/wp-json\/wp\/v2\/product"}],"about":[{"href":"https:\/\/www.evakuierungsstuhl.de\/de\/wp-json\/wp\/v2\/types\/product"}],"replies":[{"embeddable":true,"href":"https:\/\/www.evakuierungsstuhl.de\/de\/wp-json\/wp\/v2\/comments?post=1089"}],"version-history":[{"count":0,"href":"https:\/\/www.evakuierungsstuhl.de\/de\/wp-json\/wp\/v2\/product\/1089\/revisions"}],"wp:featuredmedia":[{"embeddable":true,"href":"https:\/\/www.evakuierungsstuhl.de\/de\/wp-json\/wp\/v2\/media\/1354"}],"wp:attachment":[{"href":"https:\/\/www.evakuierungsstuhl.de\/de\/wp-json\/wp\/v2\/media?parent=1089"}],"wp:term":[{"taxonomy":"product_brand","embeddable":true,"href":"https:\/\/www.evakuierungsstuhl.de\/de\/wp-json\/wp\/v2\/product_brand?post=1089"},{"taxonomy":"product_cat","embeddable":true,"href":"https:\/\/www.evakuierungsstuhl.de\/de\/wp-json\/wp\/v2\/product_cat?post=1089"},{"taxonomy":"product_tag","embeddable":true,"href":"https:\/\/www.evakuierungsstuhl.de\/de\/wp-json\/wp\/v2\/product_tag?post=1089"}],"curies":[{"name":"wp","href":"https:\/\/api.w.org\/{rel}","templated":true}]}}