{"id":1083,"date":"2024-06-03T12:46:53","date_gmt":"2024-06-03T12:46:53","guid":{"rendered":"https:\/\/www.evakuierungsstuhl.de\/?post_type=product&#038;p=1083"},"modified":"2024-09-12T09:03:13","modified_gmt":"2024-09-12T08:03:13","slug":"schnellsicherheitsschrank-fur-evakuierungsstuhl","status":"publish","type":"product","link":"https:\/\/www.evakuierungsstuhl.de\/de\/product\/quick-bhv-kast-tbv-evacuatiestoel\/","title":{"rendered":"Schrank f\u00fcr Evakuierungsstuhl"},"content":{"rendered":"<p>Solides und gut verarbeitetes Metallgeh\u00e4use. Farbe gelb-blau. Abschlie\u00dfbar mit Zylinderschloss (zwei (2) Schl\u00fcssel enthalten).<\/p>\n<p>Ideal f\u00fcr die ordnungsgem\u00e4\u00dfe und saubere Aufbewahrung Ihres Evakuierungsstuhls. Verhindert, dass Personen den Evakuierungsstuhl benutzen, f\u00fcr die er nicht bestimmt ist.<\/p>\n<p>Bei der Bestellung mehrerer Schr\u00e4nke k\u00f6nnen identische Zylinderschl\u00f6sser eingebaut werden. Mehrere Schl\u00fcssel k\u00f6nnen als Option geliefert werden.<\/p>","protected":false},"excerpt":{"rendered":"<p>Solides und gut verarbeitetes Metallgeh\u00e4use. Farbe gelb-blau. Abschlie\u00dfbar mit Zylinderschloss (zwei (2) Schl\u00fcssel enthalten).<\/p>\n<p>Ideal f\u00fcr die ordnungsgem\u00e4\u00dfe und saubere Aufbewahrung Ihres Evakuierungsstuhls. Verhindert, dass Personen den Evakuierungsstuhl benutzen, f\u00fcr die er nicht bestimmt ist.<\/p>\n<p>Bei der Bestellung mehrerer Schr\u00e4nke k\u00f6nnen identische Zylinderschl\u00f6sser eingebaut werden. Mehrere Schl\u00fcssel k\u00f6nnen als Option geliefert werden.<\/p>","protected":false},"featured_media":1087,"comment_status":"closed","ping_status":"closed","template":"","meta":{"_acf_changed":false},"product_brand":[],"product_cat":[28,24],"product_tag":[33],"class_list":{"0":"post-1083","1":"product","2":"type-product","3":"status-publish","4":"has-post-thumbnail","6":"product_cat-accessoires-bhv","7":"product_cat-evacuatiestoelen","8":"product_tag-evacchair","10":"first","11":"instock","12":"taxable","13":"shipping-taxable","14":"purchasable","15":"product-type-simple"},"acf":[],"yoast_head":"<!-- This site is optimized with the Yoast SEO plugin v27.5 - https:\/\/yoast.com\/product\/yoast-seo-wordpress\/ -->\n<title>Quick BHV kast tbv evacuatiestoel - Evacuatieexpert<\/title>\n<meta name=\"robots\" content=\"index, follow, max-snippet:-1, max-image-preview:large, max-video-preview:-1\" \/>\n<link rel=\"canonical\" href=\"https:\/\/www.evakuierungsstuhl.de\/de\/produkt\/schnellsicherheitsschrank-fur-evakuierungsstuhl\/\" \/>\n<meta property=\"og:locale\" content=\"de_DE\" \/>\n<meta property=\"og:type\" content=\"article\" \/>\n<meta property=\"og:title\" content=\"Quick BHV kast tbv evacuatiestoel - Evacuatieexpert\" \/>\n<meta property=\"og:description\" content=\"Metalen degelijke en goed afgewerkte kast. Kleur geel-blauw. Afsluitbaar middels cilinderslot (inclusief twee (2) sleutels bijgeleverd).  Ideeal om uw evacuatiestoel\u00a0goed en netjes op te bergen. Voorkomt dat mensen de Evacuatiestoel\u00a0gebruiken voor wie\/ waar voor deze niet is bedoeld.  Bij afname van meerdere kasten kunnen gelijke cilindersloten worden gemonteerd. Meerdere sleutels kunnen optioneel worden geleverd.\" \/>\n<meta property=\"og:url\" content=\"https:\/\/www.evakuierungsstuhl.de\/de\/produkt\/schnellsicherheitsschrank-fur-evakuierungsstuhl\/\" \/>\n<meta property=\"og:site_name\" content=\"Evacuatieexpert\" \/>\n<meta property=\"article:modified_time\" content=\"2024-09-12T08:03:13+00:00\" \/>\n<meta property=\"og:image\" content=\"https:\/\/www.evakuierungsstuhl.de\/wp-content\/uploads\/2024\/06\/evac-chair-kast3-1.png\" \/>\n\t<meta property=\"og:image:width\" content=\"600\" \/>\n\t<meta property=\"og:image:height\" content=\"450\" \/>\n\t<meta property=\"og:image:type\" content=\"image\/png\" \/>\n<meta name=\"twitter:card\" content=\"summary_large_image\" \/>\n<meta name=\"twitter:label1\" content=\"Gesch\u00e4tzte Lesezeit\" \/>\n\t<meta name=\"twitter:data1\" content=\"1\u00a0Minute\" \/>\n<script type=\"application\/ld+json\" class=\"yoast-schema-graph\">{\"@context\":\"https:\\\/\\\/schema.org\",\"@graph\":[{\"@type\":\"WebPage\",\"@id\":\"https:\\\/\\\/www.evakuierungsstuhl.de\\\/product\\\/quick-bhv-kast-tbv-evacuatiestoel\\\/\",\"url\":\"https:\\\/\\\/www.evakuierungsstuhl.de\\\/product\\\/quick-bhv-kast-tbv-evacuatiestoel\\\/\",\"name\":\"Quick BHV kast tbv evacuatiestoel - Evacuatieexpert\",\"isPartOf\":{\"@id\":\"https:\\\/\\\/www.evakuierungsstuhl.de\\\/#website\"},\"primaryImageOfPage\":{\"@id\":\"https:\\\/\\\/www.evakuierungsstuhl.de\\\/product\\\/quick-bhv-kast-tbv-evacuatiestoel\\\/#primaryimage\"},\"image\":{\"@id\":\"https:\\\/\\\/www.evakuierungsstuhl.de\\\/product\\\/quick-bhv-kast-tbv-evacuatiestoel\\\/#primaryimage\"},\"thumbnailUrl\":\"https:\\\/\\\/www.evakuierungsstuhl.de\\\/wp-content\\\/uploads\\\/2024\\\/06\\\/evac-chair-kast3-1.png\",\"datePublished\":\"2024-06-03T12:46:53+00:00\",\"dateModified\":\"2024-09-12T08:03:13+00:00\",\"breadcrumb\":{\"@id\":\"https:\\\/\\\/www.evakuierungsstuhl.de\\\/product\\\/quick-bhv-kast-tbv-evacuatiestoel\\\/#breadcrumb\"},\"inLanguage\":\"de\",\"potentialAction\":[{\"@type\":\"ReadAction\",\"target\":[\"https:\\\/\\\/www.evakuierungsstuhl.de\\\/product\\\/quick-bhv-kast-tbv-evacuatiestoel\\\/\"]}]},{\"@type\":\"ImageObject\",\"inLanguage\":\"de\",\"@id\":\"https:\\\/\\\/www.evakuierungsstuhl.de\\\/product\\\/quick-bhv-kast-tbv-evacuatiestoel\\\/#primaryimage\",\"url\":\"https:\\\/\\\/www.evakuierungsstuhl.de\\\/wp-content\\\/uploads\\\/2024\\\/06\\\/evac-chair-kast3-1.png\",\"contentUrl\":\"https:\\\/\\\/www.evakuierungsstuhl.de\\\/wp-content\\\/uploads\\\/2024\\\/06\\\/evac-chair-kast3-1.png\",\"width\":600,\"height\":450},{\"@type\":\"BreadcrumbList\",\"@id\":\"https:\\\/\\\/www.evakuierungsstuhl.de\\\/product\\\/quick-bhv-kast-tbv-evacuatiestoel\\\/#breadcrumb\",\"itemListElement\":[{\"@type\":\"ListItem\",\"position\":1,\"name\":\"Home\",\"item\":\"https:\\\/\\\/www.evakuierungsstuhl.de\\\/\"},{\"@type\":\"ListItem\",\"position\":2,\"name\":\"Winkel\",\"item\":\"https:\\\/\\\/www.evakuierungsstuhl.de\\\/winkel\\\/\"},{\"@type\":\"ListItem\",\"position\":3,\"name\":\"Quick BHV kast tbv evacuatiestoel\"}]},{\"@type\":\"WebSite\",\"@id\":\"https:\\\/\\\/www.evakuierungsstuhl.de\\\/#website\",\"url\":\"https:\\\/\\\/www.evakuierungsstuhl.de\\\/\",\"name\":\"Evacuatieexpert\",\"description\":\"De expert in evacuatie\",\"potentialAction\":[{\"@type\":\"SearchAction\",\"target\":{\"@type\":\"EntryPoint\",\"urlTemplate\":\"https:\\\/\\\/www.evakuierungsstuhl.de\\\/?s={search_term_string}\"},\"query-input\":{\"@type\":\"PropertyValueSpecification\",\"valueRequired\":true,\"valueName\":\"search_term_string\"}}],\"inLanguage\":\"de\"}]}<\/script>\n<!-- \/ Yoast SEO plugin. -->","yoast_head_json":{"title":"BHV-Schnellverschluss f\u00fcr Evakuierungsstuhl - Evacuation Expert","robots":{"index":"index","follow":"follow","max-snippet":"max-snippet:-1","max-image-preview":"max-image-preview:large","max-video-preview":"max-video-preview:-1"},"canonical":"https:\/\/www.evakuierungsstuhl.de\/de\/produkt\/schnellsicherheitsschrank-fur-evakuierungsstuhl\/","og_locale":"de_DE","og_type":"article","og_title":"Quick BHV kast tbv evacuatiestoel - Evacuatieexpert","og_description":"Metalen degelijke en goed afgewerkte kast. Kleur geel-blauw. Afsluitbaar middels cilinderslot (inclusief twee (2) sleutels bijgeleverd).  Ideeal om uw evacuatiestoel\u00a0goed en netjes op te bergen. Voorkomt dat mensen de Evacuatiestoel\u00a0gebruiken voor wie\/ waar voor deze niet is bedoeld.  Bij afname van meerdere kasten kunnen gelijke cilindersloten worden gemonteerd. Meerdere sleutels kunnen optioneel worden geleverd.","og_url":"https:\/\/www.evakuierungsstuhl.de\/de\/produkt\/schnellsicherheitsschrank-fur-evakuierungsstuhl\/","og_site_name":"Evacuatieexpert","article_modified_time":"2024-09-12T08:03:13+00:00","og_image":[{"width":600,"height":450,"url":"https:\/\/www.evakuierungsstuhl.de\/wp-content\/uploads\/2024\/06\/evac-chair-kast3-1.png","type":"image\/png"}],"twitter_card":"summary_large_image","twitter_misc":{"Gesch\u00e4tzte Lesezeit":"1\u00a0Minute"},"schema":{"@context":"https:\/\/schema.org","@graph":[{"@type":"WebPage","@id":"https:\/\/www.evakuierungsstuhl.de\/product\/quick-bhv-kast-tbv-evacuatiestoel\/","url":"https:\/\/www.evakuierungsstuhl.de\/product\/quick-bhv-kast-tbv-evacuatiestoel\/","name":"BHV-Schnellverschluss f\u00fcr Evakuierungsstuhl - Evacuation Expert","isPartOf":{"@id":"https:\/\/www.evakuierungsstuhl.de\/#website"},"primaryImageOfPage":{"@id":"https:\/\/www.evakuierungsstuhl.de\/product\/quick-bhv-kast-tbv-evacuatiestoel\/#primaryimage"},"image":{"@id":"https:\/\/www.evakuierungsstuhl.de\/product\/quick-bhv-kast-tbv-evacuatiestoel\/#primaryimage"},"thumbnailUrl":"https:\/\/www.evakuierungsstuhl.de\/wp-content\/uploads\/2024\/06\/evac-chair-kast3-1.png","datePublished":"2024-06-03T12:46:53+00:00","dateModified":"2024-09-12T08:03:13+00:00","breadcrumb":{"@id":"https:\/\/www.evakuierungsstuhl.de\/product\/quick-bhv-kast-tbv-evacuatiestoel\/#breadcrumb"},"inLanguage":"de","potentialAction":[{"@type":"ReadAction","target":["https:\/\/www.evakuierungsstuhl.de\/product\/quick-bhv-kast-tbv-evacuatiestoel\/"]}]},{"@type":"ImageObject","inLanguage":"de","@id":"https:\/\/www.evakuierungsstuhl.de\/product\/quick-bhv-kast-tbv-evacuatiestoel\/#primaryimage","url":"https:\/\/www.evakuierungsstuhl.de\/wp-content\/uploads\/2024\/06\/evac-chair-kast3-1.png","contentUrl":"https:\/\/www.evakuierungsstuhl.de\/wp-content\/uploads\/2024\/06\/evac-chair-kast3-1.png","width":600,"height":450},{"@type":"BreadcrumbList","@id":"https:\/\/www.evakuierungsstuhl.de\/product\/quick-bhv-kast-tbv-evacuatiestoel\/#breadcrumb","itemListElement":[{"@type":"ListItem","position":1,"name":"Home","item":"https:\/\/www.evakuierungsstuhl.de\/"},{"@type":"ListItem","position":2,"name":"Winkel","item":"https:\/\/www.evakuierungsstuhl.de\/winkel\/"},{"@type":"ListItem","position":3,"name":"Quick BHV kast tbv evacuatiestoel"}]},{"@type":"WebSite","@id":"https:\/\/www.evakuierungsstuhl.de\/#website","url":"https:\/\/www.evakuierungsstuhl.de\/","name":"Experte f\u00fcr Evakuierung","description":"Der Experte f\u00fcr Evakuierung","potentialAction":[{"@type":"SearchAction","target":{"@type":"EntryPoint","urlTemplate":"https:\/\/www.evakuierungsstuhl.de\/?s={search_term_string}"},"query-input":{"@type":"PropertyValueSpecification","valueRequired":true,"valueName":"search_term_string"}}],"inLanguage":"de"}]}},"_links":{"self":[{"href":"https:\/\/www.evakuierungsstuhl.de\/de\/wp-json\/wp\/v2\/product\/1083","targetHints":{"allow":["GET"]}}],"collection":[{"href":"https:\/\/www.evakuierungsstuhl.de\/de\/wp-json\/wp\/v2\/product"}],"about":[{"href":"https:\/\/www.evakuierungsstuhl.de\/de\/wp-json\/wp\/v2\/types\/product"}],"replies":[{"embeddable":true,"href":"https:\/\/www.evakuierungsstuhl.de\/de\/wp-json\/wp\/v2\/comments?post=1083"}],"version-history":[{"count":0,"href":"https:\/\/www.evakuierungsstuhl.de\/de\/wp-json\/wp\/v2\/product\/1083\/revisions"}],"wp:featuredmedia":[{"embeddable":true,"href":"https:\/\/www.evakuierungsstuhl.de\/de\/wp-json\/wp\/v2\/media\/1087"}],"wp:attachment":[{"href":"https:\/\/www.evakuierungsstuhl.de\/de\/wp-json\/wp\/v2\/media?parent=1083"}],"wp:term":[{"taxonomy":"product_brand","embeddable":true,"href":"https:\/\/www.evakuierungsstuhl.de\/de\/wp-json\/wp\/v2\/product_brand?post=1083"},{"taxonomy":"product_cat","embeddable":true,"href":"https:\/\/www.evakuierungsstuhl.de\/de\/wp-json\/wp\/v2\/product_cat?post=1083"},{"taxonomy":"product_tag","embeddable":true,"href":"https:\/\/www.evakuierungsstuhl.de\/de\/wp-json\/wp\/v2\/product_tag?post=1083"}],"curies":[{"name":"wp","href":"https:\/\/api.w.org\/{rel}","templated":true}]}}