{"id":1077,"date":"2024-06-03T12:44:24","date_gmt":"2024-06-03T12:44:24","guid":{"rendered":"https:\/\/www.evakuierungsstuhl.de\/?post_type=product&#038;p=1077"},"modified":"2026-03-20T08:41:41","modified_gmt":"2026-03-20T07:41:41","slug":"exzellenter-evakuierungsstuhl-mit-fusstutze-und-armlehnen","status":"publish","type":"product","link":"https:\/\/www.evakuierungsstuhl.de\/de\/product\/excel-evacuatiestoel-met-voetensteun-en-armleuningen\/","title":{"rendered":"Excel Evacuation Chair mit Fu\u00dfst\u00fctze und Armlehnen"},"content":{"rendered":"<p>Der Excel-Evakuierungsstuhl ist die neueste Version. Dank der stabilen Armlehnen und dem Sicherheitsgurt f\u00fcr Brust und Beine erf\u00e4hrt der Evakuierte zus\u00e4tzlichen Komfort und Sicherheit. Dank der integrierten Griffe l\u00e4sst sich der Stuhl leicht \u00fcber die Treppe man\u00f6vrieren. Der Stuhl hat au\u00dferdem eine besonders hohe Tragf\u00e4higkeit von 227 kg.<\/p>\n<p>Vorteile des Evacusafe Evakuierungsstuhls<br \/>\nIdeal f\u00fcr die Evakuierung \u00fcber eine Treppe nach unten<br \/>\nSpuren an der Unterseite sorgen f\u00fcr Reibung<br \/>\n4 R\u00e4der sorgen f\u00fcr optimale Man\u00f6vrierf\u00e4higkeit<br \/>\nEinfach zu entfalten und schnell zu benutzen<br \/>\nFlacher bequemer Sitz<br \/>\nGepolsterte Kopfst\u00fctze<br \/>\nFu\u00dfbet\u00e4tigte Bremse<br \/>\nArm- und Fu\u00dfst\u00fctzen<br \/>\nEingebaute Griffe<br \/>\nSicherheitsgurte<br \/>\nAbnehmbarer Deckel<\/p>\n<p>Wir empfehlen, einen Termin f\u00fcr eine unverbindliche Vorf\u00fchrung und Beratung bei Ihnen vor Ort zu vereinbaren.<\/p>\n<p><iframe title=\"Excel Evacuation Chair Anleitungsvideo\" width=\"800\" height=\"450\" data-src=\"https:\/\/www.youtube.com\/embed\/6MeU6-Ps5-M?feature=oembed\" frameborder=\"0\" allow=\"accelerometer; autoplay; clipboard-write; encrypted-media; gyroscope; picture-in-picture; web-share\" referrerpolicy=\"strict-origin-when-cross-origin\" allowfullscreen src=\"data:image\/svg+xml;base64,PHN2ZyB3aWR0aD0iMSIgaGVpZ2h0PSIxIiB4bWxucz0iaHR0cDovL3d3dy53My5vcmcvMjAwMC9zdmciPjwvc3ZnPg==\" class=\"lazyload\" data-load-mode=\"1\"><\/iframe><\/p>\n<p>&lt;iframe width=&#8221;1236&#8243; height=&#8221;695&#8243; src=&#8221;https:\/\/www.youtube.com\/embed\/6MeU6-Ps5-M&#8221; title=&#8221;Excel Evacuation Chair Instructional Video&#8221; frameborder=&#8221;0&#8243; allow=&#8221;accelerometer; autoplay; clipboard-write; encrypted-media; gyroscope; picture-in-picture; web-share&#8221; referrerpolicy=&#8221;strict-origin-when-cross-origin&#8221; allowfullscreen&gt;&lt;\/iframe&gt;<\/p>\n<p>&nbsp;<\/p>","protected":false},"excerpt":{"rendered":"<p>Der Excel-Evakuierungsstuhl ist die neueste Version. Dank der stabilen Armlehnen und dem Sicherheitsgurt f\u00fcr Brust und Beine erf\u00e4hrt der Evakuierte zus\u00e4tzlichen Komfort und Sicherheit. Dank der integrierten Griffe l\u00e4sst sich der Stuhl leicht die Treppe hinunter man\u00f6vrieren. Der Stuhl hat au\u00dferdem eine besonders hohe Tragf\u00e4higkeit von 227 kg.<\/p>","protected":false},"featured_media":1081,"comment_status":"closed","ping_status":"closed","template":"","meta":{"_acf_changed":false},"product_brand":[],"product_cat":[24],"product_tag":[36,37],"class_list":{"0":"post-1077","1":"product","2":"type-product","3":"status-publish","4":"has-post-thumbnail","6":"product_cat-evacuatiestoelen","7":"product_tag-evacusafe","8":"product_tag-excel-chair","10":"first","11":"instock","12":"taxable","13":"shipping-taxable","14":"purchasable","15":"product-type-simple"},"acf":[],"yoast_head":"<!-- This site is optimized with the Yoast SEO plugin v27.2 - https:\/\/yoast.com\/product\/yoast-seo-wordpress\/ -->\n<title>Excel Evacuatiestoel met voetensteun en armleuningen - Evacuatieexpert<\/title>\n<meta name=\"robots\" content=\"index, follow, max-snippet:-1, max-image-preview:large, max-video-preview:-1\" \/>\n<link rel=\"canonical\" href=\"https:\/\/www.evakuierungsstuhl.de\/de\/produkt\/exzellenter-evakuierungsstuhl-mit-fusstutze-und-armlehnen\/\" \/>\n<meta property=\"og:locale\" content=\"de_DE\" \/>\n<meta property=\"og:type\" content=\"article\" \/>\n<meta property=\"og:title\" content=\"Excel Evacuatiestoel met voetensteun en armleuningen - Evacuatieexpert\" \/>\n<meta property=\"og:description\" content=\"De Excel evacuatiestoel is de nieuwste versie. Dankzij de stevige armleuningen en de veiligheidsriem voor borst en benen ervaart de evacu\u00e9 extra comfort en veiligheid. U manoeuvreert de stoel eenvoudig van de trap vanwege de ge\u00efntegreerde handgrepen. Ook heeft de stoel een extra hoog draagvermogen van maar liefst 227 kg.\" \/>\n<meta property=\"og:url\" content=\"https:\/\/www.evakuierungsstuhl.de\/de\/produkt\/exzellenter-evakuierungsstuhl-mit-fusstutze-und-armlehnen\/\" \/>\n<meta property=\"og:site_name\" content=\"Evacuatieexpert\" \/>\n<meta property=\"article:modified_time\" content=\"2026-03-20T07:41:41+00:00\" \/>\n<meta property=\"og:image\" content=\"https:\/\/www.evakuierungsstuhl.de\/wp-content\/uploads\/2024\/06\/Evacuatiestoel-Excel-2-1.png\" \/>\n\t<meta property=\"og:image:width\" content=\"500\" \/>\n\t<meta property=\"og:image:height\" content=\"707\" \/>\n\t<meta property=\"og:image:type\" content=\"image\/png\" \/>\n<meta name=\"twitter:card\" content=\"summary_large_image\" \/>\n<meta name=\"twitter:label1\" content=\"Gesch\u00e4tzte Lesezeit\" \/>\n\t<meta name=\"twitter:data1\" content=\"1\u00a0Minute\" \/>\n<script type=\"application\/ld+json\" class=\"yoast-schema-graph\">{\"@context\":\"https:\/\/schema.org\",\"@graph\":[{\"@type\":\"WebPage\",\"@id\":\"https:\/\/www.evakuierungsstuhl.de\/product\/excel-evacuatiestoel-met-voetensteun-en-armleuningen\/\",\"url\":\"https:\/\/www.evakuierungsstuhl.de\/product\/excel-evacuatiestoel-met-voetensteun-en-armleuningen\/\",\"name\":\"Excel Evacuatiestoel met voetensteun en armleuningen - Evacuatieexpert\",\"isPartOf\":{\"@id\":\"https:\/\/www.evakuierungsstuhl.de\/#website\"},\"primaryImageOfPage\":{\"@id\":\"https:\/\/www.evakuierungsstuhl.de\/product\/excel-evacuatiestoel-met-voetensteun-en-armleuningen\/#primaryimage\"},\"image\":{\"@id\":\"https:\/\/www.evakuierungsstuhl.de\/product\/excel-evacuatiestoel-met-voetensteun-en-armleuningen\/#primaryimage\"},\"thumbnailUrl\":\"https:\/\/www.evakuierungsstuhl.de\/wp-content\/uploads\/2024\/06\/Evacuatiestoel-Excel-2-1.png\",\"datePublished\":\"2024-06-03T12:44:24+00:00\",\"dateModified\":\"2026-03-20T07:41:41+00:00\",\"breadcrumb\":{\"@id\":\"https:\/\/www.evakuierungsstuhl.de\/product\/excel-evacuatiestoel-met-voetensteun-en-armleuningen\/#breadcrumb\"},\"inLanguage\":\"de\",\"potentialAction\":[{\"@type\":\"ReadAction\",\"target\":[\"https:\/\/www.evakuierungsstuhl.de\/product\/excel-evacuatiestoel-met-voetensteun-en-armleuningen\/\"]}]},{\"@type\":\"ImageObject\",\"inLanguage\":\"de\",\"@id\":\"https:\/\/www.evakuierungsstuhl.de\/product\/excel-evacuatiestoel-met-voetensteun-en-armleuningen\/#primaryimage\",\"url\":\"https:\/\/www.evakuierungsstuhl.de\/wp-content\/uploads\/2024\/06\/Evacuatiestoel-Excel-2-1.png\",\"contentUrl\":\"https:\/\/www.evakuierungsstuhl.de\/wp-content\/uploads\/2024\/06\/Evacuatiestoel-Excel-2-1.png\",\"width\":500,\"height\":707},{\"@type\":\"BreadcrumbList\",\"@id\":\"https:\/\/www.evakuierungsstuhl.de\/product\/excel-evacuatiestoel-met-voetensteun-en-armleuningen\/#breadcrumb\",\"itemListElement\":[{\"@type\":\"ListItem\",\"position\":1,\"name\":\"Home\",\"item\":\"https:\/\/www.evakuierungsstuhl.de\/\"},{\"@type\":\"ListItem\",\"position\":2,\"name\":\"Winkel\",\"item\":\"https:\/\/www.evakuierungsstuhl.de\/winkel\/\"},{\"@type\":\"ListItem\",\"position\":3,\"name\":\"Excel Evacuatiestoel met voetensteun en armleuningen\"}]},{\"@type\":\"WebSite\",\"@id\":\"https:\/\/www.evakuierungsstuhl.de\/#website\",\"url\":\"https:\/\/www.evakuierungsstuhl.de\/\",\"name\":\"Evacuatieexpert\",\"description\":\"De expert in evacuatie\",\"potentialAction\":[{\"@type\":\"SearchAction\",\"target\":{\"@type\":\"EntryPoint\",\"urlTemplate\":\"https:\/\/www.evakuierungsstuhl.de\/?s={search_term_string}\"},\"query-input\":{\"@type\":\"PropertyValueSpecification\",\"valueRequired\":true,\"valueName\":\"search_term_string\"}}],\"inLanguage\":\"de\"}]}<\/script>\n<!-- \/ Yoast SEO plugin. -->","yoast_head_json":{"title":"Excel Evacuation Chair mit Fu\u00dfst\u00fctze und Armlehnen - Evacuation Expert","robots":{"index":"index","follow":"follow","max-snippet":"max-snippet:-1","max-image-preview":"max-image-preview:large","max-video-preview":"max-video-preview:-1"},"canonical":"https:\/\/www.evakuierungsstuhl.de\/de\/produkt\/exzellenter-evakuierungsstuhl-mit-fusstutze-und-armlehnen\/","og_locale":"de_DE","og_type":"article","og_title":"Excel Evacuatiestoel met voetensteun en armleuningen - Evacuatieexpert","og_description":"De Excel evacuatiestoel is de nieuwste versie. Dankzij de stevige armleuningen en de veiligheidsriem voor borst en benen ervaart de evacu\u00e9 extra comfort en veiligheid. U manoeuvreert de stoel eenvoudig van de trap vanwege de ge\u00efntegreerde handgrepen. Ook heeft de stoel een extra hoog draagvermogen van maar liefst 227 kg.","og_url":"https:\/\/www.evakuierungsstuhl.de\/de\/produkt\/exzellenter-evakuierungsstuhl-mit-fusstutze-und-armlehnen\/","og_site_name":"Evacuatieexpert","article_modified_time":"2026-03-20T07:41:41+00:00","og_image":[{"width":500,"height":707,"url":"https:\/\/www.evakuierungsstuhl.de\/wp-content\/uploads\/2024\/06\/Evacuatiestoel-Excel-2-1.png","type":"image\/png"}],"twitter_card":"summary_large_image","twitter_misc":{"Gesch\u00e4tzte Lesezeit":"1\u00a0Minute"},"schema":{"@context":"https:\/\/schema.org","@graph":[{"@type":"WebPage","@id":"https:\/\/www.evakuierungsstuhl.de\/product\/excel-evacuatiestoel-met-voetensteun-en-armleuningen\/","url":"https:\/\/www.evakuierungsstuhl.de\/product\/excel-evacuatiestoel-met-voetensteun-en-armleuningen\/","name":"Excel Evacuation Chair mit Fu\u00dfst\u00fctze und Armlehnen - Evacuation Expert","isPartOf":{"@id":"https:\/\/www.evakuierungsstuhl.de\/#website"},"primaryImageOfPage":{"@id":"https:\/\/www.evakuierungsstuhl.de\/product\/excel-evacuatiestoel-met-voetensteun-en-armleuningen\/#primaryimage"},"image":{"@id":"https:\/\/www.evakuierungsstuhl.de\/product\/excel-evacuatiestoel-met-voetensteun-en-armleuningen\/#primaryimage"},"thumbnailUrl":"https:\/\/www.evakuierungsstuhl.de\/wp-content\/uploads\/2024\/06\/Evacuatiestoel-Excel-2-1.png","datePublished":"2024-06-03T12:44:24+00:00","dateModified":"2026-03-20T07:41:41+00:00","breadcrumb":{"@id":"https:\/\/www.evakuierungsstuhl.de\/product\/excel-evacuatiestoel-met-voetensteun-en-armleuningen\/#breadcrumb"},"inLanguage":"de","potentialAction":[{"@type":"ReadAction","target":["https:\/\/www.evakuierungsstuhl.de\/product\/excel-evacuatiestoel-met-voetensteun-en-armleuningen\/"]}]},{"@type":"ImageObject","inLanguage":"de","@id":"https:\/\/www.evakuierungsstuhl.de\/product\/excel-evacuatiestoel-met-voetensteun-en-armleuningen\/#primaryimage","url":"https:\/\/www.evakuierungsstuhl.de\/wp-content\/uploads\/2024\/06\/Evacuatiestoel-Excel-2-1.png","contentUrl":"https:\/\/www.evakuierungsstuhl.de\/wp-content\/uploads\/2024\/06\/Evacuatiestoel-Excel-2-1.png","width":500,"height":707},{"@type":"BreadcrumbList","@id":"https:\/\/www.evakuierungsstuhl.de\/product\/excel-evacuatiestoel-met-voetensteun-en-armleuningen\/#breadcrumb","itemListElement":[{"@type":"ListItem","position":1,"name":"Home","item":"https:\/\/www.evakuierungsstuhl.de\/"},{"@type":"ListItem","position":2,"name":"Winkel","item":"https:\/\/www.evakuierungsstuhl.de\/winkel\/"},{"@type":"ListItem","position":3,"name":"Excel Evacuatiestoel met voetensteun en armleuningen"}]},{"@type":"WebSite","@id":"https:\/\/www.evakuierungsstuhl.de\/#website","url":"https:\/\/www.evakuierungsstuhl.de\/","name":"Experte f\u00fcr Evakuierung","description":"Der Experte f\u00fcr Evakuierung","potentialAction":[{"@type":"SearchAction","target":{"@type":"EntryPoint","urlTemplate":"https:\/\/www.evakuierungsstuhl.de\/?s={search_term_string}"},"query-input":{"@type":"PropertyValueSpecification","valueRequired":true,"valueName":"search_term_string"}}],"inLanguage":"de"}]}},"_links":{"self":[{"href":"https:\/\/www.evakuierungsstuhl.de\/de\/wp-json\/wp\/v2\/product\/1077","targetHints":{"allow":["GET"]}}],"collection":[{"href":"https:\/\/www.evakuierungsstuhl.de\/de\/wp-json\/wp\/v2\/product"}],"about":[{"href":"https:\/\/www.evakuierungsstuhl.de\/de\/wp-json\/wp\/v2\/types\/product"}],"replies":[{"embeddable":true,"href":"https:\/\/www.evakuierungsstuhl.de\/de\/wp-json\/wp\/v2\/comments?post=1077"}],"version-history":[{"count":2,"href":"https:\/\/www.evakuierungsstuhl.de\/de\/wp-json\/wp\/v2\/product\/1077\/revisions"}],"predecessor-version":[{"id":1806,"href":"https:\/\/www.evakuierungsstuhl.de\/de\/wp-json\/wp\/v2\/product\/1077\/revisions\/1806"}],"wp:featuredmedia":[{"embeddable":true,"href":"https:\/\/www.evakuierungsstuhl.de\/de\/wp-json\/wp\/v2\/media\/1081"}],"wp:attachment":[{"href":"https:\/\/www.evakuierungsstuhl.de\/de\/wp-json\/wp\/v2\/media?parent=1077"}],"wp:term":[{"taxonomy":"product_brand","embeddable":true,"href":"https:\/\/www.evakuierungsstuhl.de\/de\/wp-json\/wp\/v2\/product_brand?post=1077"},{"taxonomy":"product_cat","embeddable":true,"href":"https:\/\/www.evakuierungsstuhl.de\/de\/wp-json\/wp\/v2\/product_cat?post=1077"},{"taxonomy":"product_tag","embeddable":true,"href":"https:\/\/www.evakuierungsstuhl.de\/de\/wp-json\/wp\/v2\/product_tag?post=1077"}],"curies":[{"name":"wp","href":"https:\/\/api.w.org\/{rel}","templated":true}]}}