{"id":1070,"date":"2024-06-03T12:41:11","date_gmt":"2024-06-03T12:41:11","guid":{"rendered":"https:\/\/www.evakuierungsstuhl.de\/?post_type=product&#038;p=1070"},"modified":"2024-09-12T12:40:07","modified_gmt":"2024-09-12T11:40:07","slug":"evacuslider-premium-evakuierungsmatratze","status":"publish","type":"product","link":"https:\/\/www.evakuierungsstuhl.de\/de\/product\/evacuslider-premium-evacuatiematras\/","title":{"rendered":"Evacuslider Premium-Evakuierungsmatratze"},"content":{"rendered":"<p>EVACUSLIDER PREMIUM<\/p>\n<p>Der Premium Evacuslider ist die moderne Version einer Evakuierungsmatratze. Sie dient der sicheren Evakuierung von Personen in einer Notsituation. Die Matratze ist in jeder Situation schnell und einfach zu verwenden.<\/p>\n<p>Der Premium Evacuslider ist eine kosteng\u00fcnstige L\u00f6sung f\u00fcr die sichere Evakuierung von Menschen mit mobilen Einschr\u00e4nkungen. In mehrst\u00f6ckigen Geb\u00e4uden kann es verschiedene Hindernisse f\u00fcr eine sichere und effiziente Evakuierung von Personen w\u00e4hrend eines Notfalls geben, z. B. enge Flure, Treppenh\u00e4user und Feuerleitern. Die dicke Schaumstoffmatratze f\u00fchlt sich f\u00fcr den Patienten angenehm an. Die glatte Unterseite der Matratze macht es m\u00f6glich, den Patienten bei Bedarf horizontal zu bewegen.<\/p>\n<p>Die Evakuierungsmatratze ist in jeder Situation schnell und einfach zu verwenden. Die Matratze ist vollst\u00e4ndig verstellbar, so dass sowohl Kinder als auch Erwachsene sicher evakuiert werden k\u00f6nnen.<\/p>\n<p>Wird in einer Aufbewahrungstasche geliefert. Inklusive zwei Wandhaken und Gebrauchsanweisung.<\/p>\n<p>Maximale Arbeitslast 120kg<br \/>\nL\u00e4nge (Betrieb) 195cm<br \/>\nTiefe (Betrieb) 5cm<br \/>\nBreite (Betrieb) 65cm<br \/>\nEvacuslider Gewicht 5.5kg<\/p>","protected":false},"excerpt":{"rendered":"<p>Der Premium Evacuslider ist die moderne Version einer Evakuierungsmatratze. Sie wird u. a. in Krankenh\u00e4usern und Pflegeheimen eingesetzt, um Patienten im Notfall sicher zu evakuieren. Die Matratze ist in jeder Situation schnell und einfach zu verwenden.<\/p>","protected":false},"featured_media":1075,"comment_status":"closed","ping_status":"closed","template":"","meta":{"_acf_changed":false},"product_brand":[],"product_cat":[25],"product_tag":[38,36],"class_list":{"0":"post-1070","1":"product","2":"type-product","3":"status-publish","4":"has-post-thumbnail","6":"product_cat-evacuatiematrassen","7":"product_tag-evacuatiematras","8":"product_tag-evacusafe","10":"first","11":"instock","12":"taxable","13":"shipping-taxable","14":"purchasable","15":"product-type-simple"},"acf":[],"yoast_head":"<!-- This site is optimized with the Yoast SEO plugin v27.2 - https:\/\/yoast.com\/product\/yoast-seo-wordpress\/ -->\n<title>Evacuslider premium evacuatiematras - Evacuatieexpert<\/title>\n<meta name=\"robots\" content=\"index, follow, max-snippet:-1, max-image-preview:large, max-video-preview:-1\" \/>\n<link rel=\"canonical\" href=\"https:\/\/www.evakuierungsstuhl.de\/de\/produkt\/evacuslider-premium-evakuierungsmatratze\/\" \/>\n<meta property=\"og:locale\" content=\"de_DE\" \/>\n<meta property=\"og:type\" content=\"article\" \/>\n<meta property=\"og:title\" content=\"Evacuslider premium evacuatiematras - Evacuatieexpert\" \/>\n<meta property=\"og:description\" content=\"De Premium Evacuslider is de moderne uitvoering van een Evacuatie matras. Hij wordt onder andere in zieken- en verzorgingstehuizen gebruikt om patienten veilig te evacueren tijdens een noodsituatie. Het matras is in elke situatie snel en gemakkelijk te gebruiken.\" \/>\n<meta property=\"og:url\" content=\"https:\/\/www.evakuierungsstuhl.de\/de\/produkt\/evacuslider-premium-evakuierungsmatratze\/\" \/>\n<meta property=\"og:site_name\" content=\"Evacuatieexpert\" \/>\n<meta property=\"article:modified_time\" content=\"2024-09-12T11:40:07+00:00\" \/>\n<meta property=\"og:image\" content=\"https:\/\/www.evakuierungsstuhl.de\/wp-content\/uploads\/2024\/06\/Evacslider-bag.jpg\" \/>\n\t<meta property=\"og:image:width\" content=\"304\" \/>\n\t<meta property=\"og:image:height\" content=\"235\" \/>\n\t<meta property=\"og:image:type\" content=\"image\/jpeg\" \/>\n<meta name=\"twitter:card\" content=\"summary_large_image\" \/>\n<meta name=\"twitter:label1\" content=\"Gesch\u00e4tzte Lesezeit\" \/>\n\t<meta name=\"twitter:data1\" content=\"2\u00a0Minuten\" \/>\n<script type=\"application\/ld+json\" class=\"yoast-schema-graph\">{\"@context\":\"https:\/\/schema.org\",\"@graph\":[{\"@type\":\"WebPage\",\"@id\":\"https:\/\/www.evakuierungsstuhl.de\/product\/evacuslider-premium-evacuatiematras\/\",\"url\":\"https:\/\/www.evakuierungsstuhl.de\/product\/evacuslider-premium-evacuatiematras\/\",\"name\":\"Evacuslider premium evacuatiematras - Evacuatieexpert\",\"isPartOf\":{\"@id\":\"https:\/\/www.evakuierungsstuhl.de\/#website\"},\"primaryImageOfPage\":{\"@id\":\"https:\/\/www.evakuierungsstuhl.de\/product\/evacuslider-premium-evacuatiematras\/#primaryimage\"},\"image\":{\"@id\":\"https:\/\/www.evakuierungsstuhl.de\/product\/evacuslider-premium-evacuatiematras\/#primaryimage\"},\"thumbnailUrl\":\"https:\/\/www.evakuierungsstuhl.de\/wp-content\/uploads\/2024\/06\/Evacslider-bag.jpg\",\"datePublished\":\"2024-06-03T12:41:11+00:00\",\"dateModified\":\"2024-09-12T11:40:07+00:00\",\"breadcrumb\":{\"@id\":\"https:\/\/www.evakuierungsstuhl.de\/product\/evacuslider-premium-evacuatiematras\/#breadcrumb\"},\"inLanguage\":\"de\",\"potentialAction\":[{\"@type\":\"ReadAction\",\"target\":[\"https:\/\/www.evakuierungsstuhl.de\/product\/evacuslider-premium-evacuatiematras\/\"]}]},{\"@type\":\"ImageObject\",\"inLanguage\":\"de\",\"@id\":\"https:\/\/www.evakuierungsstuhl.de\/product\/evacuslider-premium-evacuatiematras\/#primaryimage\",\"url\":\"https:\/\/www.evakuierungsstuhl.de\/wp-content\/uploads\/2024\/06\/Evacslider-bag.jpg\",\"contentUrl\":\"https:\/\/www.evakuierungsstuhl.de\/wp-content\/uploads\/2024\/06\/Evacslider-bag.jpg\",\"width\":304,\"height\":235},{\"@type\":\"BreadcrumbList\",\"@id\":\"https:\/\/www.evakuierungsstuhl.de\/product\/evacuslider-premium-evacuatiematras\/#breadcrumb\",\"itemListElement\":[{\"@type\":\"ListItem\",\"position\":1,\"name\":\"Home\",\"item\":\"https:\/\/www.evakuierungsstuhl.de\/\"},{\"@type\":\"ListItem\",\"position\":2,\"name\":\"Winkel\",\"item\":\"https:\/\/www.evakuierungsstuhl.de\/winkel\/\"},{\"@type\":\"ListItem\",\"position\":3,\"name\":\"Evacuslider premium evacuatiematras\"}]},{\"@type\":\"WebSite\",\"@id\":\"https:\/\/www.evakuierungsstuhl.de\/#website\",\"url\":\"https:\/\/www.evakuierungsstuhl.de\/\",\"name\":\"Evacuatieexpert\",\"description\":\"De expert in evacuatie\",\"potentialAction\":[{\"@type\":\"SearchAction\",\"target\":{\"@type\":\"EntryPoint\",\"urlTemplate\":\"https:\/\/www.evakuierungsstuhl.de\/?s={search_term_string}\"},\"query-input\":{\"@type\":\"PropertyValueSpecification\",\"valueRequired\":true,\"valueName\":\"search_term_string\"}}],\"inLanguage\":\"de\"}]}<\/script>\n<!-- \/ Yoast SEO plugin. -->","yoast_head_json":{"title":"Evacuslider Premium-Evakuierungsmatratze - Evacuation Expert","robots":{"index":"index","follow":"follow","max-snippet":"max-snippet:-1","max-image-preview":"max-image-preview:large","max-video-preview":"max-video-preview:-1"},"canonical":"https:\/\/www.evakuierungsstuhl.de\/de\/produkt\/evacuslider-premium-evakuierungsmatratze\/","og_locale":"de_DE","og_type":"article","og_title":"Evacuslider premium evacuatiematras - Evacuatieexpert","og_description":"De Premium Evacuslider is de moderne uitvoering van een Evacuatie matras. Hij wordt onder andere in zieken- en verzorgingstehuizen gebruikt om patienten veilig te evacueren tijdens een noodsituatie. Het matras is in elke situatie snel en gemakkelijk te gebruiken.","og_url":"https:\/\/www.evakuierungsstuhl.de\/de\/produkt\/evacuslider-premium-evakuierungsmatratze\/","og_site_name":"Evacuatieexpert","article_modified_time":"2024-09-12T11:40:07+00:00","og_image":[{"width":304,"height":235,"url":"https:\/\/www.evakuierungsstuhl.de\/wp-content\/uploads\/2024\/06\/Evacslider-bag.jpg","type":"image\/jpeg"}],"twitter_card":"summary_large_image","twitter_misc":{"Gesch\u00e4tzte Lesezeit":"2\u00a0Minuten"},"schema":{"@context":"https:\/\/schema.org","@graph":[{"@type":"WebPage","@id":"https:\/\/www.evakuierungsstuhl.de\/product\/evacuslider-premium-evacuatiematras\/","url":"https:\/\/www.evakuierungsstuhl.de\/product\/evacuslider-premium-evacuatiematras\/","name":"Evacuslider Premium-Evakuierungsmatratze - Evacuation Expert","isPartOf":{"@id":"https:\/\/www.evakuierungsstuhl.de\/#website"},"primaryImageOfPage":{"@id":"https:\/\/www.evakuierungsstuhl.de\/product\/evacuslider-premium-evacuatiematras\/#primaryimage"},"image":{"@id":"https:\/\/www.evakuierungsstuhl.de\/product\/evacuslider-premium-evacuatiematras\/#primaryimage"},"thumbnailUrl":"https:\/\/www.evakuierungsstuhl.de\/wp-content\/uploads\/2024\/06\/Evacslider-bag.jpg","datePublished":"2024-06-03T12:41:11+00:00","dateModified":"2024-09-12T11:40:07+00:00","breadcrumb":{"@id":"https:\/\/www.evakuierungsstuhl.de\/product\/evacuslider-premium-evacuatiematras\/#breadcrumb"},"inLanguage":"de","potentialAction":[{"@type":"ReadAction","target":["https:\/\/www.evakuierungsstuhl.de\/product\/evacuslider-premium-evacuatiematras\/"]}]},{"@type":"ImageObject","inLanguage":"de","@id":"https:\/\/www.evakuierungsstuhl.de\/product\/evacuslider-premium-evacuatiematras\/#primaryimage","url":"https:\/\/www.evakuierungsstuhl.de\/wp-content\/uploads\/2024\/06\/Evacslider-bag.jpg","contentUrl":"https:\/\/www.evakuierungsstuhl.de\/wp-content\/uploads\/2024\/06\/Evacslider-bag.jpg","width":304,"height":235},{"@type":"BreadcrumbList","@id":"https:\/\/www.evakuierungsstuhl.de\/product\/evacuslider-premium-evacuatiematras\/#breadcrumb","itemListElement":[{"@type":"ListItem","position":1,"name":"Home","item":"https:\/\/www.evakuierungsstuhl.de\/"},{"@type":"ListItem","position":2,"name":"Winkel","item":"https:\/\/www.evakuierungsstuhl.de\/winkel\/"},{"@type":"ListItem","position":3,"name":"Evacuslider premium evacuatiematras"}]},{"@type":"WebSite","@id":"https:\/\/www.evakuierungsstuhl.de\/#website","url":"https:\/\/www.evakuierungsstuhl.de\/","name":"Experte f\u00fcr Evakuierung","description":"Der Experte f\u00fcr Evakuierung","potentialAction":[{"@type":"SearchAction","target":{"@type":"EntryPoint","urlTemplate":"https:\/\/www.evakuierungsstuhl.de\/?s={search_term_string}"},"query-input":{"@type":"PropertyValueSpecification","valueRequired":true,"valueName":"search_term_string"}}],"inLanguage":"de"}]}},"_links":{"self":[{"href":"https:\/\/www.evakuierungsstuhl.de\/de\/wp-json\/wp\/v2\/product\/1070","targetHints":{"allow":["GET"]}}],"collection":[{"href":"https:\/\/www.evakuierungsstuhl.de\/de\/wp-json\/wp\/v2\/product"}],"about":[{"href":"https:\/\/www.evakuierungsstuhl.de\/de\/wp-json\/wp\/v2\/types\/product"}],"replies":[{"embeddable":true,"href":"https:\/\/www.evakuierungsstuhl.de\/de\/wp-json\/wp\/v2\/comments?post=1070"}],"version-history":[{"count":0,"href":"https:\/\/www.evakuierungsstuhl.de\/de\/wp-json\/wp\/v2\/product\/1070\/revisions"}],"wp:featuredmedia":[{"embeddable":true,"href":"https:\/\/www.evakuierungsstuhl.de\/de\/wp-json\/wp\/v2\/media\/1075"}],"wp:attachment":[{"href":"https:\/\/www.evakuierungsstuhl.de\/de\/wp-json\/wp\/v2\/media?parent=1070"}],"wp:term":[{"taxonomy":"product_brand","embeddable":true,"href":"https:\/\/www.evakuierungsstuhl.de\/de\/wp-json\/wp\/v2\/product_brand?post=1070"},{"taxonomy":"product_cat","embeddable":true,"href":"https:\/\/www.evakuierungsstuhl.de\/de\/wp-json\/wp\/v2\/product_cat?post=1070"},{"taxonomy":"product_tag","embeddable":true,"href":"https:\/\/www.evakuierungsstuhl.de\/de\/wp-json\/wp\/v2\/product_tag?post=1070"}],"curies":[{"name":"wp","href":"https:\/\/api.w.org\/{rel}","templated":true}]}}