{"id":1065,"date":"2024-06-03T12:37:37","date_gmt":"2024-06-03T12:37:37","guid":{"rendered":"https:\/\/www.evakuierungsstuhl.de\/?post_type=product&#038;p=1065"},"modified":"2024-09-12T09:56:44","modified_gmt":"2024-09-12T08:56:44","slug":"wandhulle-aufbewahrungshulle-fur-capeplus-evakuierungsmatratze","status":"publish","type":"product","link":"https:\/\/www.evakuierungsstuhl.de\/de\/product\/wall-cover-opberghoes-t-b-v-s-capeplus-evacuatiematras\/","title":{"rendered":"Wandabdeckung \/ Aufbewahrungsh\u00fclle f\u00fcr S-capeplus Evakuierungsmatratze."},"content":{"rendered":"<p>Wandabdeckung f\u00fcr die strategische Lagerung Ihrer S-CAPEPLUS Evakuierungs- und Rettungsmatratze.<\/p>\n<p>Innen mit klarer Gebrauchsanweisung in Piktogrammen versehen.<\/p>\n<p>Die Wandabdeckung ist in der Farbe Gr\u00fcn erh\u00e4ltlich.<\/p>\n<p>Die Wandverkleidung ist aus feuerhemmendem Material gefertigt.<\/p>\n<p>Wird mit Montageanleitung und Befestigungsmaterial geliefert.<\/p>\n<p>Der angegebene Preis gilt pro St\u00fcck. F\u00fcr mehrere Exemplare fordern Sie bitte ein unverbindliches Angebot an. Es ist auch m\u00f6glich, die Wandabdeckung entsprechend den Anforderungen Ihrer Organisation zu personalisieren. Kontaktieren Sie uns f\u00fcr weitere Informationen.<\/p>","protected":false},"excerpt":{"rendered":"<p>Wandabdeckung f\u00fcr die strategische Lagerung Ihrer S-CAPEPLUS EVACUATION Matratze<\/p>","protected":false},"featured_media":1066,"comment_status":"closed","ping_status":"closed","template":"","meta":{"_acf_changed":false},"product_brand":[],"product_cat":[28,25],"product_tag":[38,40,39],"class_list":{"0":"post-1065","1":"product","2":"type-product","3":"status-publish","4":"has-post-thumbnail","6":"product_cat-accessoires-bhv","7":"product_cat-evacuatiematrassen","8":"product_tag-evacuatiematras","9":"product_tag-reddingsmatras","10":"product_tag-s-capeplus","12":"first","13":"instock","14":"taxable","15":"shipping-taxable","16":"purchasable","17":"product-type-simple"},"acf":[],"yoast_head":"<!-- This site is optimized with the Yoast SEO plugin v27.2 - https:\/\/yoast.com\/product\/yoast-seo-wordpress\/ -->\n<title>Wall-cover \/ Opberghoes t.b.v. S-capeplus evacuatiematras. - Evacuatieexpert<\/title>\n<meta name=\"robots\" content=\"index, follow, max-snippet:-1, max-image-preview:large, max-video-preview:-1\" \/>\n<link rel=\"canonical\" href=\"https:\/\/www.evakuierungsstuhl.de\/de\/produkt\/wandhulle-aufbewahrungshulle-fur-capeplus-evakuierungsmatratze\/\" \/>\n<meta property=\"og:locale\" content=\"de_DE\" \/>\n<meta property=\"og:type\" content=\"article\" \/>\n<meta property=\"og:title\" content=\"Wall-cover \/ Opberghoes t.b.v. S-capeplus evacuatiematras. - Evacuatieexpert\" \/>\n<meta property=\"og:description\" content=\"Wall Cover voor het op een strategisch plaats opbergen van uw S-CAPEPLUS EVACUATIE Matras\" \/>\n<meta property=\"og:url\" content=\"https:\/\/www.evakuierungsstuhl.de\/de\/produkt\/wandhulle-aufbewahrungshulle-fur-capeplus-evakuierungsmatratze\/\" \/>\n<meta property=\"og:site_name\" content=\"Evacuatieexpert\" \/>\n<meta property=\"article:modified_time\" content=\"2024-09-12T08:56:44+00:00\" \/>\n<meta property=\"og:image\" content=\"https:\/\/www.evakuierungsstuhl.de\/wp-content\/uploads\/2024\/06\/admin-ajax.png\" \/>\n\t<meta property=\"og:image:width\" content=\"300\" \/>\n\t<meta property=\"og:image:height\" content=\"400\" \/>\n\t<meta property=\"og:image:type\" content=\"image\/png\" \/>\n<meta name=\"twitter:card\" content=\"summary_large_image\" \/>\n<meta name=\"twitter:label1\" content=\"Gesch\u00e4tzte Lesezeit\" \/>\n\t<meta name=\"twitter:data1\" content=\"1\u00a0Minute\" \/>\n<script type=\"application\/ld+json\" class=\"yoast-schema-graph\">{\"@context\":\"https:\/\/schema.org\",\"@graph\":[{\"@type\":\"WebPage\",\"@id\":\"https:\/\/www.evakuierungsstuhl.de\/product\/wall-cover-opberghoes-t-b-v-s-capeplus-evacuatiematras\/\",\"url\":\"https:\/\/www.evakuierungsstuhl.de\/product\/wall-cover-opberghoes-t-b-v-s-capeplus-evacuatiematras\/\",\"name\":\"Wall-cover \/ Opberghoes t.b.v. S-capeplus evacuatiematras. - Evacuatieexpert\",\"isPartOf\":{\"@id\":\"https:\/\/www.evakuierungsstuhl.de\/#website\"},\"primaryImageOfPage\":{\"@id\":\"https:\/\/www.evakuierungsstuhl.de\/product\/wall-cover-opberghoes-t-b-v-s-capeplus-evacuatiematras\/#primaryimage\"},\"image\":{\"@id\":\"https:\/\/www.evakuierungsstuhl.de\/product\/wall-cover-opberghoes-t-b-v-s-capeplus-evacuatiematras\/#primaryimage\"},\"thumbnailUrl\":\"https:\/\/www.evakuierungsstuhl.de\/wp-content\/uploads\/2024\/06\/admin-ajax.png\",\"datePublished\":\"2024-06-03T12:37:37+00:00\",\"dateModified\":\"2024-09-12T08:56:44+00:00\",\"breadcrumb\":{\"@id\":\"https:\/\/www.evakuierungsstuhl.de\/product\/wall-cover-opberghoes-t-b-v-s-capeplus-evacuatiematras\/#breadcrumb\"},\"inLanguage\":\"de\",\"potentialAction\":[{\"@type\":\"ReadAction\",\"target\":[\"https:\/\/www.evakuierungsstuhl.de\/product\/wall-cover-opberghoes-t-b-v-s-capeplus-evacuatiematras\/\"]}]},{\"@type\":\"ImageObject\",\"inLanguage\":\"de\",\"@id\":\"https:\/\/www.evakuierungsstuhl.de\/product\/wall-cover-opberghoes-t-b-v-s-capeplus-evacuatiematras\/#primaryimage\",\"url\":\"https:\/\/www.evakuierungsstuhl.de\/wp-content\/uploads\/2024\/06\/admin-ajax.png\",\"contentUrl\":\"https:\/\/www.evakuierungsstuhl.de\/wp-content\/uploads\/2024\/06\/admin-ajax.png\",\"width\":300,\"height\":400},{\"@type\":\"BreadcrumbList\",\"@id\":\"https:\/\/www.evakuierungsstuhl.de\/product\/wall-cover-opberghoes-t-b-v-s-capeplus-evacuatiematras\/#breadcrumb\",\"itemListElement\":[{\"@type\":\"ListItem\",\"position\":1,\"name\":\"Home\",\"item\":\"https:\/\/www.evakuierungsstuhl.de\/\"},{\"@type\":\"ListItem\",\"position\":2,\"name\":\"Winkel\",\"item\":\"https:\/\/www.evakuierungsstuhl.de\/winkel\/\"},{\"@type\":\"ListItem\",\"position\":3,\"name\":\"Wall-cover \/ Opberghoes t.b.v. S-capeplus evacuatiematras.\"}]},{\"@type\":\"WebSite\",\"@id\":\"https:\/\/www.evakuierungsstuhl.de\/#website\",\"url\":\"https:\/\/www.evakuierungsstuhl.de\/\",\"name\":\"Evacuatieexpert\",\"description\":\"De expert in evacuatie\",\"potentialAction\":[{\"@type\":\"SearchAction\",\"target\":{\"@type\":\"EntryPoint\",\"urlTemplate\":\"https:\/\/www.evakuierungsstuhl.de\/?s={search_term_string}\"},\"query-input\":{\"@type\":\"PropertyValueSpecification\",\"valueRequired\":true,\"valueName\":\"search_term_string\"}}],\"inLanguage\":\"de\"}]}<\/script>\n<!-- \/ Yoast SEO plugin. -->","yoast_head_json":{"title":"Wandabdeckung \/ Aufbewahrungsh\u00fclle f\u00fcr S-capeplus Evakuierungsmatratze. - Evakuierung Experte","robots":{"index":"index","follow":"follow","max-snippet":"max-snippet:-1","max-image-preview":"max-image-preview:large","max-video-preview":"max-video-preview:-1"},"canonical":"https:\/\/www.evakuierungsstuhl.de\/de\/produkt\/wandhulle-aufbewahrungshulle-fur-capeplus-evakuierungsmatratze\/","og_locale":"de_DE","og_type":"article","og_title":"Wall-cover \/ Opberghoes t.b.v. S-capeplus evacuatiematras. - Evacuatieexpert","og_description":"Wall Cover voor het op een strategisch plaats opbergen van uw S-CAPEPLUS EVACUATIE Matras","og_url":"https:\/\/www.evakuierungsstuhl.de\/de\/produkt\/wandhulle-aufbewahrungshulle-fur-capeplus-evakuierungsmatratze\/","og_site_name":"Evacuatieexpert","article_modified_time":"2024-09-12T08:56:44+00:00","og_image":[{"width":300,"height":400,"url":"https:\/\/www.evakuierungsstuhl.de\/wp-content\/uploads\/2024\/06\/admin-ajax.png","type":"image\/png"}],"twitter_card":"summary_large_image","twitter_misc":{"Gesch\u00e4tzte Lesezeit":"1\u00a0Minute"},"schema":{"@context":"https:\/\/schema.org","@graph":[{"@type":"WebPage","@id":"https:\/\/www.evakuierungsstuhl.de\/product\/wall-cover-opberghoes-t-b-v-s-capeplus-evacuatiematras\/","url":"https:\/\/www.evakuierungsstuhl.de\/product\/wall-cover-opberghoes-t-b-v-s-capeplus-evacuatiematras\/","name":"Wandabdeckung \/ Aufbewahrungsh\u00fclle f\u00fcr S-capeplus Evakuierungsmatratze. - Evakuierung Experte","isPartOf":{"@id":"https:\/\/www.evakuierungsstuhl.de\/#website"},"primaryImageOfPage":{"@id":"https:\/\/www.evakuierungsstuhl.de\/product\/wall-cover-opberghoes-t-b-v-s-capeplus-evacuatiematras\/#primaryimage"},"image":{"@id":"https:\/\/www.evakuierungsstuhl.de\/product\/wall-cover-opberghoes-t-b-v-s-capeplus-evacuatiematras\/#primaryimage"},"thumbnailUrl":"https:\/\/www.evakuierungsstuhl.de\/wp-content\/uploads\/2024\/06\/admin-ajax.png","datePublished":"2024-06-03T12:37:37+00:00","dateModified":"2024-09-12T08:56:44+00:00","breadcrumb":{"@id":"https:\/\/www.evakuierungsstuhl.de\/product\/wall-cover-opberghoes-t-b-v-s-capeplus-evacuatiematras\/#breadcrumb"},"inLanguage":"de","potentialAction":[{"@type":"ReadAction","target":["https:\/\/www.evakuierungsstuhl.de\/product\/wall-cover-opberghoes-t-b-v-s-capeplus-evacuatiematras\/"]}]},{"@type":"ImageObject","inLanguage":"de","@id":"https:\/\/www.evakuierungsstuhl.de\/product\/wall-cover-opberghoes-t-b-v-s-capeplus-evacuatiematras\/#primaryimage","url":"https:\/\/www.evakuierungsstuhl.de\/wp-content\/uploads\/2024\/06\/admin-ajax.png","contentUrl":"https:\/\/www.evakuierungsstuhl.de\/wp-content\/uploads\/2024\/06\/admin-ajax.png","width":300,"height":400},{"@type":"BreadcrumbList","@id":"https:\/\/www.evakuierungsstuhl.de\/product\/wall-cover-opberghoes-t-b-v-s-capeplus-evacuatiematras\/#breadcrumb","itemListElement":[{"@type":"ListItem","position":1,"name":"Home","item":"https:\/\/www.evakuierungsstuhl.de\/"},{"@type":"ListItem","position":2,"name":"Winkel","item":"https:\/\/www.evakuierungsstuhl.de\/winkel\/"},{"@type":"ListItem","position":3,"name":"Wall-cover \/ Opberghoes t.b.v. S-capeplus evacuatiematras."}]},{"@type":"WebSite","@id":"https:\/\/www.evakuierungsstuhl.de\/#website","url":"https:\/\/www.evakuierungsstuhl.de\/","name":"Experte f\u00fcr Evakuierung","description":"Der Experte f\u00fcr Evakuierung","potentialAction":[{"@type":"SearchAction","target":{"@type":"EntryPoint","urlTemplate":"https:\/\/www.evakuierungsstuhl.de\/?s={search_term_string}"},"query-input":{"@type":"PropertyValueSpecification","valueRequired":true,"valueName":"search_term_string"}}],"inLanguage":"de"}]}},"_links":{"self":[{"href":"https:\/\/www.evakuierungsstuhl.de\/de\/wp-json\/wp\/v2\/product\/1065","targetHints":{"allow":["GET"]}}],"collection":[{"href":"https:\/\/www.evakuierungsstuhl.de\/de\/wp-json\/wp\/v2\/product"}],"about":[{"href":"https:\/\/www.evakuierungsstuhl.de\/de\/wp-json\/wp\/v2\/types\/product"}],"replies":[{"embeddable":true,"href":"https:\/\/www.evakuierungsstuhl.de\/de\/wp-json\/wp\/v2\/comments?post=1065"}],"version-history":[{"count":0,"href":"https:\/\/www.evakuierungsstuhl.de\/de\/wp-json\/wp\/v2\/product\/1065\/revisions"}],"wp:featuredmedia":[{"embeddable":true,"href":"https:\/\/www.evakuierungsstuhl.de\/de\/wp-json\/wp\/v2\/media\/1066"}],"wp:attachment":[{"href":"https:\/\/www.evakuierungsstuhl.de\/de\/wp-json\/wp\/v2\/media?parent=1065"}],"wp:term":[{"taxonomy":"product_brand","embeddable":true,"href":"https:\/\/www.evakuierungsstuhl.de\/de\/wp-json\/wp\/v2\/product_brand?post=1065"},{"taxonomy":"product_cat","embeddable":true,"href":"https:\/\/www.evakuierungsstuhl.de\/de\/wp-json\/wp\/v2\/product_cat?post=1065"},{"taxonomy":"product_tag","embeddable":true,"href":"https:\/\/www.evakuierungsstuhl.de\/de\/wp-json\/wp\/v2\/product_tag?post=1065"}],"curies":[{"name":"wp","href":"https:\/\/api.w.org\/{rel}","templated":true}]}}