{"id":1059,"date":"2024-06-03T12:35:24","date_gmt":"2024-06-03T12:35:24","guid":{"rendered":"https:\/\/www.evakuierungsstuhl.de\/?post_type=product&#038;p=1059"},"modified":"2026-01-02T17:19:18","modified_gmt":"2026-01-02T16:19:18","slug":"evakuierungsmatratze-s-capeplus","status":"publish","type":"product","link":"https:\/\/www.evakuierungsstuhl.de\/de\/product\/evacuatiematras-s-capeplus\/","title":{"rendered":"Evakuierungsmatratze S-capeplus"},"content":{"rendered":"<p>S-CAPEPLUS Evakuierungs- und Rettungsmatratze,<\/p>\n<p>Mit dieser Evakuierungsmatratze k\u00f6nnen Sie u. a. Behinderte, Rollstuhlfahrer und alle anderen Personen, die das Geb\u00e4ude oder die Etage nicht selbstst\u00e4ndig verlassen k\u00f6nnen, schnell in Sicherheit bringen.<\/p>\n<p>Jede Treppe wird zum Rettungsweg. Unabh\u00e4ngig davon, ob es sich um eine Wendeltreppe, eine Spindeltreppe oder eine steile Treppe handelt.<\/p>\n<p>Innerhalb von 30 Sekunden bereiten Sie eine hilflose Person auf eine Evakuierung vor. Diese einfache Evakuierungsmatratze kann von fast jedem verwendet werden.<\/p>\n<p>Der Hersteller dieser Evakuierungsl\u00f6sung geht von der Pr\u00e4misse aus, dass:  \"Wir sind davon \u00fcberzeugt, dass alle Ihre Mitarbeiter in der Lage sein sollten, eine Evakuierungshilfe ohne intensive Schulung zu bedienen. Die Anwendung sollte sogar so einfach sein, dass ein Passant allein durch einen Blick auf die sichtbare Anleitung zum Lebensretter werden kann. Diese Philosophie haben sie f\u00fcr Sie in der Evakuierungsmatratze E-SCAPEPLUS umgesetzt.<\/p>\n<p>Die wichtigsten Vorteile:<\/p>\n<p>Passt in jeden Evakuierungsplan.<br \/>\nGeringer Wartungsaufwand.<br \/>\nMindestausbildung.<br \/>\nKann auf jeder Treppe verwendet werden. Auch f\u00fcr Wendeltreppen.<br \/>\nDer Au\u00dfenbezug besteht aus feuerhemmendem Polyester.<\/p>\n<p>Der Preis versteht sich pro St\u00fcck, f\u00fcr gr\u00f6\u00dfere Mengen bitte ein Angebot anfordern.<\/p>\n<p>Het evacuatiematras wordt standaard geleverd in een draagtas. Voor montage aan de muur adviseren wij u de <a href=\"https:\/\/www.evakuierungsstuhl.de\/de\/produkt\/wandhulle-aufbewahrungshulle-fur-capeplus-evakuierungsmatratze\/\">Wall-Cover<\/a>.<\/p>\n<p>The Basic Model comes standard in a blue portable bag.<br \/>\nTo mount your Evacuation Mat to a wall, we recommend you to use a Wall Cover.<\/p>\n<p>Die Lieferzeit betr\u00e4gt in der Regel ca. 3 Arbeitstage.<\/p>\n<p>Bitte kontaktieren Sie uns f\u00fcr eine unverbindliche Beratung und Vorf\u00fchrung bei Ihnen vor Ort.<\/p>","protected":false},"excerpt":{"rendered":"<p>Snel en eenvoudig inzetbaar.<br \/>\nLiggend evacueren van minder mobiele personen.<br \/>\nVrijblijvende demonstratie of offerte?<br \/>\nBitte nehmen Sie Kontakt mit uns auf.<\/p>","protected":false},"featured_media":1063,"comment_status":"closed","ping_status":"closed","template":"","meta":{"_acf_changed":false},"product_brand":[],"product_cat":[25],"product_tag":[38,40,39],"class_list":{"0":"post-1059","1":"product","2":"type-product","3":"status-publish","4":"has-post-thumbnail","6":"product_cat-evacuatiematrassen","7":"product_tag-evacuatiematras","8":"product_tag-reddingsmatras","9":"product_tag-s-capeplus","11":"first","12":"instock","13":"taxable","14":"shipping-taxable","15":"purchasable","16":"product-type-simple"},"acf":[],"yoast_head":"<!-- This site is optimized with the Yoast SEO plugin v27.2 - https:\/\/yoast.com\/product\/yoast-seo-wordpress\/ -->\n<title>Evacuatiematras S-capeplus - Evacuatieexpert<\/title>\n<meta name=\"robots\" content=\"index, follow, max-snippet:-1, max-image-preview:large, max-video-preview:-1\" \/>\n<link rel=\"canonical\" href=\"https:\/\/www.evakuierungsstuhl.de\/de\/produkt\/evakuierungsmatratze-s-capeplus\/\" \/>\n<meta property=\"og:locale\" content=\"de_DE\" \/>\n<meta property=\"og:type\" content=\"article\" \/>\n<meta property=\"og:title\" content=\"Evacuatiematras S-capeplus - Evacuatieexpert\" \/>\n<meta property=\"og:description\" content=\"Snel en eenvoudig inzetbaar. Liggend evacueren van minder mobiele personen. Vrijblijvende demonstratie of offerte? Neemt u gerust contact met ons op.\" \/>\n<meta property=\"og:url\" content=\"https:\/\/www.evakuierungsstuhl.de\/de\/produkt\/evakuierungsmatratze-s-capeplus\/\" \/>\n<meta property=\"og:site_name\" content=\"Evacuatieexpert\" \/>\n<meta property=\"article:modified_time\" content=\"2026-01-02T16:19:18+00:00\" \/>\n<meta property=\"og:image\" content=\"https:\/\/www.evakuierungsstuhl.de\/wp-content\/uploads\/2024\/06\/Standaardtas.jpg\" \/>\n\t<meta property=\"og:image:width\" content=\"480\" \/>\n\t<meta property=\"og:image:height\" content=\"319\" \/>\n\t<meta property=\"og:image:type\" content=\"image\/jpeg\" \/>\n<meta name=\"twitter:card\" content=\"summary_large_image\" \/>\n<meta name=\"twitter:label1\" content=\"Gesch\u00e4tzte Lesezeit\" \/>\n\t<meta name=\"twitter:data1\" content=\"2\u00a0Minuten\" \/>\n<script type=\"application\/ld+json\" class=\"yoast-schema-graph\">{\"@context\":\"https:\/\/schema.org\",\"@graph\":[{\"@type\":\"WebPage\",\"@id\":\"https:\/\/www.evakuierungsstuhl.de\/product\/evacuatiematras-s-capeplus\/\",\"url\":\"https:\/\/www.evakuierungsstuhl.de\/product\/evacuatiematras-s-capeplus\/\",\"name\":\"Evacuatiematras S-capeplus - Evacuatieexpert\",\"isPartOf\":{\"@id\":\"https:\/\/www.evakuierungsstuhl.de\/#website\"},\"primaryImageOfPage\":{\"@id\":\"https:\/\/www.evakuierungsstuhl.de\/product\/evacuatiematras-s-capeplus\/#primaryimage\"},\"image\":{\"@id\":\"https:\/\/www.evakuierungsstuhl.de\/product\/evacuatiematras-s-capeplus\/#primaryimage\"},\"thumbnailUrl\":\"https:\/\/www.evakuierungsstuhl.de\/wp-content\/uploads\/2024\/06\/Standaardtas.jpg\",\"datePublished\":\"2024-06-03T12:35:24+00:00\",\"dateModified\":\"2026-01-02T16:19:18+00:00\",\"breadcrumb\":{\"@id\":\"https:\/\/www.evakuierungsstuhl.de\/product\/evacuatiematras-s-capeplus\/#breadcrumb\"},\"inLanguage\":\"de\",\"potentialAction\":[{\"@type\":\"ReadAction\",\"target\":[\"https:\/\/www.evakuierungsstuhl.de\/product\/evacuatiematras-s-capeplus\/\"]}]},{\"@type\":\"ImageObject\",\"inLanguage\":\"de\",\"@id\":\"https:\/\/www.evakuierungsstuhl.de\/product\/evacuatiematras-s-capeplus\/#primaryimage\",\"url\":\"https:\/\/www.evakuierungsstuhl.de\/wp-content\/uploads\/2024\/06\/Standaardtas.jpg\",\"contentUrl\":\"https:\/\/www.evakuierungsstuhl.de\/wp-content\/uploads\/2024\/06\/Standaardtas.jpg\",\"width\":480,\"height\":319},{\"@type\":\"BreadcrumbList\",\"@id\":\"https:\/\/www.evakuierungsstuhl.de\/product\/evacuatiematras-s-capeplus\/#breadcrumb\",\"itemListElement\":[{\"@type\":\"ListItem\",\"position\":1,\"name\":\"Home\",\"item\":\"https:\/\/www.evakuierungsstuhl.de\/\"},{\"@type\":\"ListItem\",\"position\":2,\"name\":\"Winkel\",\"item\":\"https:\/\/www.evakuierungsstuhl.de\/winkel\/\"},{\"@type\":\"ListItem\",\"position\":3,\"name\":\"Evacuatiematras S-capeplus\"}]},{\"@type\":\"WebSite\",\"@id\":\"https:\/\/www.evakuierungsstuhl.de\/#website\",\"url\":\"https:\/\/www.evakuierungsstuhl.de\/\",\"name\":\"Evacuatieexpert\",\"description\":\"De expert in evacuatie\",\"potentialAction\":[{\"@type\":\"SearchAction\",\"target\":{\"@type\":\"EntryPoint\",\"urlTemplate\":\"https:\/\/www.evakuierungsstuhl.de\/?s={search_term_string}\"},\"query-input\":{\"@type\":\"PropertyValueSpecification\",\"valueRequired\":true,\"valueName\":\"search_term_string\"}}],\"inLanguage\":\"de\"}]}<\/script>\n<!-- \/ Yoast SEO plugin. -->","yoast_head_json":{"title":"Evakuierungsmatratze S-capeplus - Evacuation Expert","robots":{"index":"index","follow":"follow","max-snippet":"max-snippet:-1","max-image-preview":"max-image-preview:large","max-video-preview":"max-video-preview:-1"},"canonical":"https:\/\/www.evakuierungsstuhl.de\/de\/produkt\/evakuierungsmatratze-s-capeplus\/","og_locale":"de_DE","og_type":"article","og_title":"Evacuatiematras S-capeplus - Evacuatieexpert","og_description":"Snel en eenvoudig inzetbaar. Liggend evacueren van minder mobiele personen. Vrijblijvende demonstratie of offerte? Neemt u gerust contact met ons op.","og_url":"https:\/\/www.evakuierungsstuhl.de\/de\/produkt\/evakuierungsmatratze-s-capeplus\/","og_site_name":"Evacuatieexpert","article_modified_time":"2026-01-02T16:19:18+00:00","og_image":[{"width":480,"height":319,"url":"https:\/\/www.evakuierungsstuhl.de\/wp-content\/uploads\/2024\/06\/Standaardtas.jpg","type":"image\/jpeg"}],"twitter_card":"summary_large_image","twitter_misc":{"Gesch\u00e4tzte Lesezeit":"2\u00a0Minuten"},"schema":{"@context":"https:\/\/schema.org","@graph":[{"@type":"WebPage","@id":"https:\/\/www.evakuierungsstuhl.de\/product\/evacuatiematras-s-capeplus\/","url":"https:\/\/www.evakuierungsstuhl.de\/product\/evacuatiematras-s-capeplus\/","name":"Evakuierungsmatratze S-capeplus - Evacuation Expert","isPartOf":{"@id":"https:\/\/www.evakuierungsstuhl.de\/#website"},"primaryImageOfPage":{"@id":"https:\/\/www.evakuierungsstuhl.de\/product\/evacuatiematras-s-capeplus\/#primaryimage"},"image":{"@id":"https:\/\/www.evakuierungsstuhl.de\/product\/evacuatiematras-s-capeplus\/#primaryimage"},"thumbnailUrl":"https:\/\/www.evakuierungsstuhl.de\/wp-content\/uploads\/2024\/06\/Standaardtas.jpg","datePublished":"2024-06-03T12:35:24+00:00","dateModified":"2026-01-02T16:19:18+00:00","breadcrumb":{"@id":"https:\/\/www.evakuierungsstuhl.de\/product\/evacuatiematras-s-capeplus\/#breadcrumb"},"inLanguage":"de","potentialAction":[{"@type":"ReadAction","target":["https:\/\/www.evakuierungsstuhl.de\/product\/evacuatiematras-s-capeplus\/"]}]},{"@type":"ImageObject","inLanguage":"de","@id":"https:\/\/www.evakuierungsstuhl.de\/product\/evacuatiematras-s-capeplus\/#primaryimage","url":"https:\/\/www.evakuierungsstuhl.de\/wp-content\/uploads\/2024\/06\/Standaardtas.jpg","contentUrl":"https:\/\/www.evakuierungsstuhl.de\/wp-content\/uploads\/2024\/06\/Standaardtas.jpg","width":480,"height":319},{"@type":"BreadcrumbList","@id":"https:\/\/www.evakuierungsstuhl.de\/product\/evacuatiematras-s-capeplus\/#breadcrumb","itemListElement":[{"@type":"ListItem","position":1,"name":"Home","item":"https:\/\/www.evakuierungsstuhl.de\/"},{"@type":"ListItem","position":2,"name":"Winkel","item":"https:\/\/www.evakuierungsstuhl.de\/winkel\/"},{"@type":"ListItem","position":3,"name":"Evacuatiematras S-capeplus"}]},{"@type":"WebSite","@id":"https:\/\/www.evakuierungsstuhl.de\/#website","url":"https:\/\/www.evakuierungsstuhl.de\/","name":"Experte f\u00fcr Evakuierung","description":"Der Experte f\u00fcr Evakuierung","potentialAction":[{"@type":"SearchAction","target":{"@type":"EntryPoint","urlTemplate":"https:\/\/www.evakuierungsstuhl.de\/?s={search_term_string}"},"query-input":{"@type":"PropertyValueSpecification","valueRequired":true,"valueName":"search_term_string"}}],"inLanguage":"de"}]}},"_links":{"self":[{"href":"https:\/\/www.evakuierungsstuhl.de\/de\/wp-json\/wp\/v2\/product\/1059","targetHints":{"allow":["GET"]}}],"collection":[{"href":"https:\/\/www.evakuierungsstuhl.de\/de\/wp-json\/wp\/v2\/product"}],"about":[{"href":"https:\/\/www.evakuierungsstuhl.de\/de\/wp-json\/wp\/v2\/types\/product"}],"replies":[{"embeddable":true,"href":"https:\/\/www.evakuierungsstuhl.de\/de\/wp-json\/wp\/v2\/comments?post=1059"}],"version-history":[{"count":3,"href":"https:\/\/www.evakuierungsstuhl.de\/de\/wp-json\/wp\/v2\/product\/1059\/revisions"}],"predecessor-version":[{"id":1928,"href":"https:\/\/www.evakuierungsstuhl.de\/de\/wp-json\/wp\/v2\/product\/1059\/revisions\/1928"}],"wp:featuredmedia":[{"embeddable":true,"href":"https:\/\/www.evakuierungsstuhl.de\/de\/wp-json\/wp\/v2\/media\/1063"}],"wp:attachment":[{"href":"https:\/\/www.evakuierungsstuhl.de\/de\/wp-json\/wp\/v2\/media?parent=1059"}],"wp:term":[{"taxonomy":"product_brand","embeddable":true,"href":"https:\/\/www.evakuierungsstuhl.de\/de\/wp-json\/wp\/v2\/product_brand?post=1059"},{"taxonomy":"product_cat","embeddable":true,"href":"https:\/\/www.evakuierungsstuhl.de\/de\/wp-json\/wp\/v2\/product_cat?post=1059"},{"taxonomy":"product_tag","embeddable":true,"href":"https:\/\/www.evakuierungsstuhl.de\/de\/wp-json\/wp\/v2\/product_tag?post=1059"}],"curies":[{"name":"wp","href":"https:\/\/api.w.org\/{rel}","templated":true}]}}