{"id":1048,"date":"2024-06-03T12:27:10","date_gmt":"2024-06-03T12:27:10","guid":{"rendered":"https:\/\/www.evakuierungsstuhl.de\/?post_type=product&#038;p=1048"},"modified":"2024-09-12T10:29:48","modified_gmt":"2024-09-12T09:29:48","slug":"evakuierungsstuhl-500amb-evakuierungsstuhl","status":"publish","type":"product","link":"https:\/\/www.evakuierungsstuhl.de\/de\/product\/evac-chair-500amb-evacuatiestoel\/","title":{"rendered":"Evac Chair 500AMB Evakuierungsstuhl"},"content":{"rendered":"<p>Die vorderen Halterungen dienen gleichzeitig als Fu\u00dfst\u00fctze f\u00fcr die zu transportierende Person.<\/p>\n<p>Ein Evakuierungsstuhl ist ein unentbehrliches Hilfsmittel f\u00fcr den Personentransport \u00fcber Treppen in Situationen, in denen der Aufzug nicht benutzt werden kann oder soll. Das Vorhandensein von EVAC CHAIRS gew\u00e4hrleistet optimale Sicherheit.<\/p>\n<p>Wussten Sie, dass etwa 10 % der Personen, die sich in Ihrem Geb\u00e4ude aufhalten, aufgrund ihres k\u00f6rperlichen Zustands ein unerwartetes Risiko darstellen?<\/p>\n<p>Wenn Sie in Ihrer Organisation f\u00fcr den Transport dieser Personen in Notf\u00e4llen verantwortlich sind, z.B. f\u00fcr Kara-Patienten, Schwangere, Behinderte oder Verletzte, haben wir die L\u00f6sung f\u00fcr Sie!<\/p>\n<p>Der EVAC CHAIR f\u00fcr optimale Sicherheit:<br \/>\n- Unverzichtbar beim Transport von Personen \u00fcber Treppen:<br \/>\n- Innerhalb von Sekunden einsatzbereit;<br \/>\n- Belastung bis zu 227 KG bei Bedienung durch 2 Personen.<br \/>\n- Zu verwenden bei Feueralarm, Bombenalarm, Rauchalarm, etc.<br \/>\n- Keine Blockierung der Nottreppe: Sie gehen die Treppe mit anderen gehf\u00e4higen Personen ohne Verz\u00f6gerung hinunter;<br \/>\n- Passt in jeden Sicherheitsplan.<\/p>\n<p>Kommt mit<br \/>\n- Verst\u00e4rkte Sicherheitsgurte<br \/>\n- Verl\u00e4ngerungsband<br \/>\n- Piktogramm-Tafel<br \/>\n- Staubschutzh\u00fclle<br \/>\n- Zusammenklappbarer Griff<br \/>\n- Handbuch<br \/>\n- Aufh\u00e4ngeb\u00fcgel<\/p>\n<p>Bitte kontaktieren Sie uns f\u00fcr eine unverbindliche Beratung und Vorf\u00fchrung bei Ihnen vor Ort.<\/p>","protected":false},"excerpt":{"rendered":"<p>De EVAC CHAIR 500 evacuatiestoel voor optimale veiligheid.<\/p>\n<p>Dit model heeft een extra hoge draaglast van maar liefs 227 KG. tevens is deze EVAC CHAIR uitermate geschikt voor trappen tot 45 graden.<\/p>\n<p>227 KG bij bediening door twee personen. bij bediening door 1 persoon tot maximaal 182 KG inzetbaar, afhankelijk van de traphoek.<\/p>\n<p>Neem voor een vrijblijvende demonstratie en advies op locatie met ons op.<\/p>","protected":false},"featured_media":1049,"comment_status":"closed","ping_status":"closed","template":"","meta":{"_acf_changed":false},"product_brand":[],"product_cat":[24],"product_tag":[33],"class_list":{"0":"post-1048","1":"product","2":"type-product","3":"status-publish","4":"has-post-thumbnail","6":"product_cat-evacuatiestoelen","7":"product_tag-evacchair","9":"first","10":"instock","11":"taxable","12":"shipping-taxable","13":"purchasable","14":"product-type-simple"},"acf":[],"yoast_head":"<!-- This site is optimized with the Yoast SEO plugin v27.2 - https:\/\/yoast.com\/product\/yoast-seo-wordpress\/ -->\n<title>Evac Chair 500AMB evacuatiestoel - Evacuatieexpert<\/title>\n<meta name=\"robots\" content=\"index, follow, max-snippet:-1, max-image-preview:large, max-video-preview:-1\" \/>\n<link rel=\"canonical\" href=\"https:\/\/www.evakuierungsstuhl.de\/de\/produkt\/evakuierungsstuhl-500amb-evakuierungsstuhl\/\" \/>\n<meta property=\"og:locale\" content=\"de_DE\" \/>\n<meta property=\"og:type\" content=\"article\" \/>\n<meta property=\"og:title\" content=\"Evac Chair 500AMB evacuatiestoel - Evacuatieexpert\" \/>\n<meta property=\"og:description\" content=\"De EVAC CHAIR 500 evacuatiestoel voor optimale veiligheid.  Dit model heeft een extra hoge draaglast van maar liefs 227 KG. tevens is deze EVAC CHAIR uitermate geschikt voor trappen tot 45 graden.  227 KG bij bediening door twee personen. bij bediening door 1 persoon tot maximaal 182 KG inzetbaar, afhankelijk van de traphoek.  Neem voor een vrijblijvende demonstratie en advies op locatie met ons op.\" \/>\n<meta property=\"og:url\" content=\"https:\/\/www.evakuierungsstuhl.de\/de\/produkt\/evakuierungsstuhl-500amb-evakuierungsstuhl\/\" \/>\n<meta property=\"og:site_name\" content=\"Evacuatieexpert\" \/>\n<meta property=\"article:modified_time\" content=\"2024-09-12T09:29:48+00:00\" \/>\n<meta property=\"og:image\" content=\"https:\/\/www.evakuierungsstuhl.de\/wp-content\/uploads\/2024\/06\/EvacChair-500-1-scaled.jpg\" \/>\n\t<meta property=\"og:image:width\" content=\"2327\" \/>\n\t<meta property=\"og:image:height\" content=\"2560\" \/>\n\t<meta property=\"og:image:type\" content=\"image\/jpeg\" \/>\n<meta name=\"twitter:card\" content=\"summary_large_image\" \/>\n<meta name=\"twitter:label1\" content=\"Gesch\u00e4tzte Lesezeit\" \/>\n\t<meta name=\"twitter:data1\" content=\"2\u00a0Minuten\" \/>\n<script type=\"application\/ld+json\" class=\"yoast-schema-graph\">{\"@context\":\"https:\/\/schema.org\",\"@graph\":[{\"@type\":\"WebPage\",\"@id\":\"https:\/\/www.evakuierungsstuhl.de\/product\/evac-chair-500amb-evacuatiestoel\/\",\"url\":\"https:\/\/www.evakuierungsstuhl.de\/product\/evac-chair-500amb-evacuatiestoel\/\",\"name\":\"Evac Chair 500AMB evacuatiestoel - Evacuatieexpert\",\"isPartOf\":{\"@id\":\"https:\/\/www.evakuierungsstuhl.de\/#website\"},\"primaryImageOfPage\":{\"@id\":\"https:\/\/www.evakuierungsstuhl.de\/product\/evac-chair-500amb-evacuatiestoel\/#primaryimage\"},\"image\":{\"@id\":\"https:\/\/www.evakuierungsstuhl.de\/product\/evac-chair-500amb-evacuatiestoel\/#primaryimage\"},\"thumbnailUrl\":\"https:\/\/www.evakuierungsstuhl.de\/wp-content\/uploads\/2024\/06\/EvacChair-500-1-scaled.jpg\",\"datePublished\":\"2024-06-03T12:27:10+00:00\",\"dateModified\":\"2024-09-12T09:29:48+00:00\",\"breadcrumb\":{\"@id\":\"https:\/\/www.evakuierungsstuhl.de\/product\/evac-chair-500amb-evacuatiestoel\/#breadcrumb\"},\"inLanguage\":\"de\",\"potentialAction\":[{\"@type\":\"ReadAction\",\"target\":[\"https:\/\/www.evakuierungsstuhl.de\/product\/evac-chair-500amb-evacuatiestoel\/\"]}]},{\"@type\":\"ImageObject\",\"inLanguage\":\"de\",\"@id\":\"https:\/\/www.evakuierungsstuhl.de\/product\/evac-chair-500amb-evacuatiestoel\/#primaryimage\",\"url\":\"https:\/\/www.evakuierungsstuhl.de\/wp-content\/uploads\/2024\/06\/EvacChair-500-1-scaled.jpg\",\"contentUrl\":\"https:\/\/www.evakuierungsstuhl.de\/wp-content\/uploads\/2024\/06\/EvacChair-500-1-scaled.jpg\",\"width\":2327,\"height\":2560},{\"@type\":\"BreadcrumbList\",\"@id\":\"https:\/\/www.evakuierungsstuhl.de\/product\/evac-chair-500amb-evacuatiestoel\/#breadcrumb\",\"itemListElement\":[{\"@type\":\"ListItem\",\"position\":1,\"name\":\"Home\",\"item\":\"https:\/\/www.evakuierungsstuhl.de\/\"},{\"@type\":\"ListItem\",\"position\":2,\"name\":\"Winkel\",\"item\":\"https:\/\/www.evakuierungsstuhl.de\/winkel\/\"},{\"@type\":\"ListItem\",\"position\":3,\"name\":\"Evac Chair 500AMB evacuatiestoel\"}]},{\"@type\":\"WebSite\",\"@id\":\"https:\/\/www.evakuierungsstuhl.de\/#website\",\"url\":\"https:\/\/www.evakuierungsstuhl.de\/\",\"name\":\"Evacuatieexpert\",\"description\":\"De expert in evacuatie\",\"potentialAction\":[{\"@type\":\"SearchAction\",\"target\":{\"@type\":\"EntryPoint\",\"urlTemplate\":\"https:\/\/www.evakuierungsstuhl.de\/?s={search_term_string}\"},\"query-input\":{\"@type\":\"PropertyValueSpecification\",\"valueRequired\":true,\"valueName\":\"search_term_string\"}}],\"inLanguage\":\"de\"}]}<\/script>\n<!-- \/ Yoast SEO plugin. -->","yoast_head_json":{"title":"Evac Chair 500AMB Evakuierungsstuhl - Evacuation Expert","robots":{"index":"index","follow":"follow","max-snippet":"max-snippet:-1","max-image-preview":"max-image-preview:large","max-video-preview":"max-video-preview:-1"},"canonical":"https:\/\/www.evakuierungsstuhl.de\/de\/produkt\/evakuierungsstuhl-500amb-evakuierungsstuhl\/","og_locale":"de_DE","og_type":"article","og_title":"Evac Chair 500AMB evacuatiestoel - Evacuatieexpert","og_description":"De EVAC CHAIR 500 evacuatiestoel voor optimale veiligheid.  Dit model heeft een extra hoge draaglast van maar liefs 227 KG. tevens is deze EVAC CHAIR uitermate geschikt voor trappen tot 45 graden.  227 KG bij bediening door twee personen. bij bediening door 1 persoon tot maximaal 182 KG inzetbaar, afhankelijk van de traphoek.  Neem voor een vrijblijvende demonstratie en advies op locatie met ons op.","og_url":"https:\/\/www.evakuierungsstuhl.de\/de\/produkt\/evakuierungsstuhl-500amb-evakuierungsstuhl\/","og_site_name":"Evacuatieexpert","article_modified_time":"2024-09-12T09:29:48+00:00","og_image":[{"width":2327,"height":2560,"url":"https:\/\/www.evakuierungsstuhl.de\/wp-content\/uploads\/2024\/06\/EvacChair-500-1-scaled.jpg","type":"image\/jpeg"}],"twitter_card":"summary_large_image","twitter_misc":{"Gesch\u00e4tzte Lesezeit":"2\u00a0Minuten"},"schema":{"@context":"https:\/\/schema.org","@graph":[{"@type":"WebPage","@id":"https:\/\/www.evakuierungsstuhl.de\/product\/evac-chair-500amb-evacuatiestoel\/","url":"https:\/\/www.evakuierungsstuhl.de\/product\/evac-chair-500amb-evacuatiestoel\/","name":"Evac Chair 500AMB Evakuierungsstuhl - Evacuation Expert","isPartOf":{"@id":"https:\/\/www.evakuierungsstuhl.de\/#website"},"primaryImageOfPage":{"@id":"https:\/\/www.evakuierungsstuhl.de\/product\/evac-chair-500amb-evacuatiestoel\/#primaryimage"},"image":{"@id":"https:\/\/www.evakuierungsstuhl.de\/product\/evac-chair-500amb-evacuatiestoel\/#primaryimage"},"thumbnailUrl":"https:\/\/www.evakuierungsstuhl.de\/wp-content\/uploads\/2024\/06\/EvacChair-500-1-scaled.jpg","datePublished":"2024-06-03T12:27:10+00:00","dateModified":"2024-09-12T09:29:48+00:00","breadcrumb":{"@id":"https:\/\/www.evakuierungsstuhl.de\/product\/evac-chair-500amb-evacuatiestoel\/#breadcrumb"},"inLanguage":"de","potentialAction":[{"@type":"ReadAction","target":["https:\/\/www.evakuierungsstuhl.de\/product\/evac-chair-500amb-evacuatiestoel\/"]}]},{"@type":"ImageObject","inLanguage":"de","@id":"https:\/\/www.evakuierungsstuhl.de\/product\/evac-chair-500amb-evacuatiestoel\/#primaryimage","url":"https:\/\/www.evakuierungsstuhl.de\/wp-content\/uploads\/2024\/06\/EvacChair-500-1-scaled.jpg","contentUrl":"https:\/\/www.evakuierungsstuhl.de\/wp-content\/uploads\/2024\/06\/EvacChair-500-1-scaled.jpg","width":2327,"height":2560},{"@type":"BreadcrumbList","@id":"https:\/\/www.evakuierungsstuhl.de\/product\/evac-chair-500amb-evacuatiestoel\/#breadcrumb","itemListElement":[{"@type":"ListItem","position":1,"name":"Home","item":"https:\/\/www.evakuierungsstuhl.de\/"},{"@type":"ListItem","position":2,"name":"Winkel","item":"https:\/\/www.evakuierungsstuhl.de\/winkel\/"},{"@type":"ListItem","position":3,"name":"Evac Chair 500AMB evacuatiestoel"}]},{"@type":"WebSite","@id":"https:\/\/www.evakuierungsstuhl.de\/#website","url":"https:\/\/www.evakuierungsstuhl.de\/","name":"Experte f\u00fcr Evakuierung","description":"Der Experte f\u00fcr Evakuierung","potentialAction":[{"@type":"SearchAction","target":{"@type":"EntryPoint","urlTemplate":"https:\/\/www.evakuierungsstuhl.de\/?s={search_term_string}"},"query-input":{"@type":"PropertyValueSpecification","valueRequired":true,"valueName":"search_term_string"}}],"inLanguage":"de"}]}},"_links":{"self":[{"href":"https:\/\/www.evakuierungsstuhl.de\/de\/wp-json\/wp\/v2\/product\/1048","targetHints":{"allow":["GET"]}}],"collection":[{"href":"https:\/\/www.evakuierungsstuhl.de\/de\/wp-json\/wp\/v2\/product"}],"about":[{"href":"https:\/\/www.evakuierungsstuhl.de\/de\/wp-json\/wp\/v2\/types\/product"}],"replies":[{"embeddable":true,"href":"https:\/\/www.evakuierungsstuhl.de\/de\/wp-json\/wp\/v2\/comments?post=1048"}],"version-history":[{"count":0,"href":"https:\/\/www.evakuierungsstuhl.de\/de\/wp-json\/wp\/v2\/product\/1048\/revisions"}],"wp:featuredmedia":[{"embeddable":true,"href":"https:\/\/www.evakuierungsstuhl.de\/de\/wp-json\/wp\/v2\/media\/1049"}],"wp:attachment":[{"href":"https:\/\/www.evakuierungsstuhl.de\/de\/wp-json\/wp\/v2\/media?parent=1048"}],"wp:term":[{"taxonomy":"product_brand","embeddable":true,"href":"https:\/\/www.evakuierungsstuhl.de\/de\/wp-json\/wp\/v2\/product_brand?post=1048"},{"taxonomy":"product_cat","embeddable":true,"href":"https:\/\/www.evakuierungsstuhl.de\/de\/wp-json\/wp\/v2\/product_cat?post=1048"},{"taxonomy":"product_tag","embeddable":true,"href":"https:\/\/www.evakuierungsstuhl.de\/de\/wp-json\/wp\/v2\/product_tag?post=1048"}],"curies":[{"name":"wp","href":"https:\/\/api.w.org\/{rel}","templated":true}]}}