{"id":1042,"date":"2024-06-03T12:23:29","date_gmt":"2024-06-03T12:23:29","guid":{"rendered":"https:\/\/www.evakuierungsstuhl.de\/?post_type=product&#038;p=1042"},"modified":"2025-03-12T14:20:34","modified_gmt":"2025-03-12T13:20:34","slug":"s-capepod-evakuierungstuch-antibakteriell","status":"publish","type":"product","link":"https:\/\/www.evakuierungsstuhl.de\/de\/product\/s-capepod-evacuatiedoek-antibacterieel\/","title":{"rendered":"S-capepod-Rettungstuch antibakteriell"},"content":{"rendered":"<p>Das S-CAPEPOD-Evakuierungstuch.<\/p>\n<p>Das S-CAPEPOD ist ein schnelles, sicheres und sehr einfach zu bedienendes Hilfsmittel zur Evakuierung von bettl\u00e4gerigen Patienten und\/oder Bewohnern. Dies betrifft nicht nur bettl\u00e4gerige Patienten, sondern auch solche, f\u00fcr die Sie sonst einen Lifter verwenden m\u00fcssten. Jeder, bei dem der Zeitfaktor beim Verlassen des Bettes ein Problem darstellt, kann mit diesem in den Niederlanden entwickelten Evakuierungstuch in einer Notsituation schnell und sicher evakuiert werden.<\/p>\n<p>Ob es sich um ein gro\u00dfes Krankenhaus, ein lokales Pflegeheim oder die Familie einer bettl\u00e4gerigen Person handelt, der S-CAPEPOD gew\u00e4hrleistet eine schnelle Evakuierung mit minimalem Aufwand.<\/p>\n<p>Produktdetails auf einen Blick.<\/p>\n<p>Liegt dauerhaft zwischen Bett und Matratze. Immer bereit f\u00fcr den sofortigen Einsatz.<br \/>\nDie erkennbaren, mit Klettverschluss versehenen Klappen machen die Bedienung sehr einfach.<br \/>\nHorizontale UND vertikale Evakuierung mit minimalem Einsatz von Einsatzkr\u00e4ften.<br \/>\nWird auch als Abschlepptuch eingesetzt.<br \/>\nIst f\u00fcr alle Bettmodelle und Pflegematratzen geeignet.<br \/>\nKann sicher und einfach von 1 Person bedient werden.<br \/>\nDas Material l\u00e4sst den Stoff sehr leicht gleiten.<br \/>\nFeuerhemmendes Polyester<br \/>\nHergestellt aus Stoff mit antibakterieller Wirkung.<br \/>\nTragf\u00e4higkeit 120 bis 150 KG. je nach Oberk\u00f6rpergr\u00f6\u00dfe.<br \/>\nF\u00fcr schwerere Personen ist eine Verl\u00e4ngerung erh\u00e4ltlich. Dann bis zu 250 KG belasten<br \/>\nBei 60 Grad waschen, bei niedriger Temperatur trocknen, nicht b\u00fcgeln.<br \/>\nCE-zertifiziert, TUV-gepr\u00fcft.<\/p>\n<p>Ein Aufkleber f\u00fcr den Bettrahmen liegt jeder Leinwand bei. <\/p>\n<p>Die Einfachheit des s-capepod Evakuierungstuches bedeutet, dass es von fast jedem verwendet werden kann.<\/p>\n<p>Abgesehen von den \u00fcblichen \u00dcbungen ben\u00f6tigen Ihre Mitarbeiter keine zus\u00e4tzliche Schulung.<\/p>\n<p>Viele Krankenh\u00e4user und Pflegeheime verwenden bereits das s-capepod-Evakuierungstuch. Wir geben Ihnen gerne die M\u00f6glichkeit, von unserem Know-how Gebrauch zu machen. Auf Wunsch kommen wir kostenlos zu Ihnen, um Ihnen unsere verschiedenen Evakuierungst\u00fccher vorzuf\u00fchren, damit Sie und Ihre Kollegen selbst erleben k\u00f6nnen, wie einfach und unkompliziert eine Evakuierung sein kann.<\/p>\n<p>Kaufen Sie S-capepod? fragen Sie nach unseren Preisen f\u00fcr gr\u00f6\u00dfere Mengen.<\/p>\n<p>Bitte kontaktieren Sie uns unverbindlich.<\/p>\n<p>Nachstehend finden Sie zwei informative Videos, die die Scape-Pod-Evakuierungsdecke und die Scape-Plus-Evakuierungsmatratze zeigen.<\/p>\n<p><iframe title=\"Evakuierungstuch S CAPEPOD Evakuierungsexperte\" width=\"800\" height=\"450\" data-src=\"https:\/\/www.youtube.com\/embed\/DTD-mrf25v8?feature=oembed\" frameborder=\"0\" allow=\"accelerometer; autoplay; clipboard-write; encrypted-media; gyroscope; picture-in-picture; web-share\" referrerpolicy=\"strict-origin-when-cross-origin\" allowfullscreen src=\"data:image\/svg+xml;base64,PHN2ZyB3aWR0aD0iMSIgaGVpZ2h0PSIxIiB4bWxucz0iaHR0cDovL3d3dy53My5vcmcvMjAwMC9zdmciPjwvc3ZnPg==\" class=\"lazyload\" data-load-mode=\"1\"><\/iframe><\/p>\n<p><iframe title=\"Evakuierung von Patienten im Krankenhaus Ljubljana, Slowenien\" width=\"800\" height=\"450\" data-src=\"https:\/\/www.youtube.com\/embed\/yeVBvxu_YZs?feature=oembed\" frameborder=\"0\" allow=\"accelerometer; autoplay; clipboard-write; encrypted-media; gyroscope; picture-in-picture; web-share\" referrerpolicy=\"strict-origin-when-cross-origin\" allowfullscreen src=\"data:image\/svg+xml;base64,PHN2ZyB3aWR0aD0iMSIgaGVpZ2h0PSIxIiB4bWxucz0iaHR0cDovL3d3dy53My5vcmcvMjAwMC9zdmciPjwvc3ZnPg==\" class=\"lazyload\" data-load-mode=\"1\"><\/iframe><\/p>","protected":false},"excerpt":{"rendered":"<p>Die Evakuierungst\u00fccher von S-CAPEPOD k\u00f6nnen in jeden Evakuierungsplan integriert werden. Lassen Sie sich nicht \u00fcberrumpeln. Die Evakuierungst\u00fccher sind nat\u00fcrlich auch f\u00fcr die horizontale Evakuierung sehr gut geeignet. Das spezielle Material erm\u00f6glicht es Ihnen, eine Person problemlos an einen sicheren Ort zu ziehen. Achten Sie immer auf Ihre eigene Sicherheit.<\/p>\n<p>Vraagt u vrijblijvend een offerte aan voor meer dan 10 stuks.<\/p>","protected":false},"featured_media":1046,"comment_status":"closed","ping_status":"closed","template":"","meta":{"_acf_changed":false},"product_brand":[],"product_cat":[27],"product_tag":[41,42],"class_list":{"0":"post-1042","1":"product","2":"type-product","3":"status-publish","4":"has-post-thumbnail","6":"product_cat-evacuatiedoeken","7":"product_tag-evacuatiedoek","8":"product_tag-reddingsdoek","10":"first","11":"instock","12":"taxable","13":"shipping-taxable","14":"purchasable","15":"product-type-simple"},"acf":[],"yoast_head":"<!-- This site is optimized with the Yoast SEO plugin v27.2 - https:\/\/yoast.com\/product\/yoast-seo-wordpress\/ -->\n<title>S-capepod evacuatiedoek antibacterieel - Evacuatieexpert<\/title>\n<meta name=\"robots\" content=\"index, follow, max-snippet:-1, max-image-preview:large, max-video-preview:-1\" \/>\n<link rel=\"canonical\" href=\"https:\/\/www.evakuierungsstuhl.de\/de\/produkt\/s-capepod-evakuierungstuch-antibakteriell\/\" \/>\n<meta property=\"og:locale\" content=\"de_DE\" \/>\n<meta property=\"og:type\" content=\"article\" \/>\n<meta property=\"og:title\" content=\"S-capepod evacuatiedoek antibacterieel - Evacuatieexpert\" \/>\n<meta property=\"og:description\" content=\"De S-CAPEPOD &#039;s evacuatiedoeken zijn inpasbaar in elk evacuatieplan. Laat u niet verrassen. De evacuatie doeken zijn uiteraard ook zeer geschikt voor horizontale evacuatie. Door het speciale materiaal sleept u zonder probleem een persoon naar een veilige locatie. Let altijd wel op uw eigen veiligheid.  Vraagt u vrijblijvend een offerte aan voor meer dan 10 stuks.\" \/>\n<meta property=\"og:url\" content=\"https:\/\/www.evakuierungsstuhl.de\/de\/produkt\/s-capepod-evakuierungstuch-antibakteriell\/\" \/>\n<meta property=\"og:site_name\" content=\"Evacuatieexpert\" \/>\n<meta property=\"article:modified_time\" content=\"2025-03-12T13:20:34+00:00\" \/>\n<meta property=\"og:image\" content=\"https:\/\/www.evakuierungsstuhl.de\/wp-content\/uploads\/2024\/06\/S-CAPEPOD-evacuatiedoek-evacuation-sheet-evakuirungstuch2.jpg\" \/>\n\t<meta property=\"og:image:width\" content=\"2048\" \/>\n\t<meta property=\"og:image:height\" content=\"1350\" \/>\n\t<meta property=\"og:image:type\" content=\"image\/jpeg\" \/>\n<meta name=\"twitter:card\" content=\"summary_large_image\" \/>\n<meta name=\"twitter:label1\" content=\"Gesch\u00e4tzte Lesezeit\" \/>\n\t<meta name=\"twitter:data1\" content=\"2\u00a0Minuten\" \/>\n<script type=\"application\/ld+json\" class=\"yoast-schema-graph\">{\"@context\":\"https:\/\/schema.org\",\"@graph\":[{\"@type\":\"WebPage\",\"@id\":\"https:\/\/www.evakuierungsstuhl.de\/product\/s-capepod-evacuatiedoek-antibacterieel\/\",\"url\":\"https:\/\/www.evakuierungsstuhl.de\/product\/s-capepod-evacuatiedoek-antibacterieel\/\",\"name\":\"S-capepod evacuatiedoek antibacterieel - Evacuatieexpert\",\"isPartOf\":{\"@id\":\"https:\/\/www.evakuierungsstuhl.de\/#website\"},\"primaryImageOfPage\":{\"@id\":\"https:\/\/www.evakuierungsstuhl.de\/product\/s-capepod-evacuatiedoek-antibacterieel\/#primaryimage\"},\"image\":{\"@id\":\"https:\/\/www.evakuierungsstuhl.de\/product\/s-capepod-evacuatiedoek-antibacterieel\/#primaryimage\"},\"thumbnailUrl\":\"https:\/\/www.evakuierungsstuhl.de\/wp-content\/uploads\/2024\/06\/S-CAPEPOD-evacuatiedoek-evacuation-sheet-evakuirungstuch2.jpg\",\"datePublished\":\"2024-06-03T12:23:29+00:00\",\"dateModified\":\"2025-03-12T13:20:34+00:00\",\"breadcrumb\":{\"@id\":\"https:\/\/www.evakuierungsstuhl.de\/product\/s-capepod-evacuatiedoek-antibacterieel\/#breadcrumb\"},\"inLanguage\":\"de\",\"potentialAction\":[{\"@type\":\"ReadAction\",\"target\":[\"https:\/\/www.evakuierungsstuhl.de\/product\/s-capepod-evacuatiedoek-antibacterieel\/\"]}]},{\"@type\":\"ImageObject\",\"inLanguage\":\"de\",\"@id\":\"https:\/\/www.evakuierungsstuhl.de\/product\/s-capepod-evacuatiedoek-antibacterieel\/#primaryimage\",\"url\":\"https:\/\/www.evakuierungsstuhl.de\/wp-content\/uploads\/2024\/06\/S-CAPEPOD-evacuatiedoek-evacuation-sheet-evakuirungstuch2.jpg\",\"contentUrl\":\"https:\/\/www.evakuierungsstuhl.de\/wp-content\/uploads\/2024\/06\/S-CAPEPOD-evacuatiedoek-evacuation-sheet-evakuirungstuch2.jpg\",\"width\":2048,\"height\":1350},{\"@type\":\"BreadcrumbList\",\"@id\":\"https:\/\/www.evakuierungsstuhl.de\/product\/s-capepod-evacuatiedoek-antibacterieel\/#breadcrumb\",\"itemListElement\":[{\"@type\":\"ListItem\",\"position\":1,\"name\":\"Home\",\"item\":\"https:\/\/www.evakuierungsstuhl.de\/\"},{\"@type\":\"ListItem\",\"position\":2,\"name\":\"Winkel\",\"item\":\"https:\/\/www.evakuierungsstuhl.de\/winkel\/\"},{\"@type\":\"ListItem\",\"position\":3,\"name\":\"S-capepod evacuatiedoek antibacterieel\"}]},{\"@type\":\"WebSite\",\"@id\":\"https:\/\/www.evakuierungsstuhl.de\/#website\",\"url\":\"https:\/\/www.evakuierungsstuhl.de\/\",\"name\":\"Evacuatieexpert\",\"description\":\"De expert in evacuatie\",\"potentialAction\":[{\"@type\":\"SearchAction\",\"target\":{\"@type\":\"EntryPoint\",\"urlTemplate\":\"https:\/\/www.evakuierungsstuhl.de\/?s={search_term_string}\"},\"query-input\":{\"@type\":\"PropertyValueSpecification\",\"valueRequired\":true,\"valueName\":\"search_term_string\"}}],\"inLanguage\":\"de\"}]}<\/script>\n<!-- \/ Yoast SEO plugin. -->","yoast_head_json":{"title":"S-capepod Evakuierungstuch antibakteriell - Evacuation Expert","robots":{"index":"index","follow":"follow","max-snippet":"max-snippet:-1","max-image-preview":"max-image-preview:large","max-video-preview":"max-video-preview:-1"},"canonical":"https:\/\/www.evakuierungsstuhl.de\/de\/produkt\/s-capepod-evakuierungstuch-antibakteriell\/","og_locale":"de_DE","og_type":"article","og_title":"S-capepod evacuatiedoek antibacterieel - Evacuatieexpert","og_description":"De S-CAPEPOD 's evacuatiedoeken zijn inpasbaar in elk evacuatieplan. Laat u niet verrassen. De evacuatie doeken zijn uiteraard ook zeer geschikt voor horizontale evacuatie. Door het speciale materiaal sleept u zonder probleem een persoon naar een veilige locatie. Let altijd wel op uw eigen veiligheid.  Vraagt u vrijblijvend een offerte aan voor meer dan 10 stuks.","og_url":"https:\/\/www.evakuierungsstuhl.de\/de\/produkt\/s-capepod-evakuierungstuch-antibakteriell\/","og_site_name":"Evacuatieexpert","article_modified_time":"2025-03-12T13:20:34+00:00","og_image":[{"width":2048,"height":1350,"url":"https:\/\/www.evakuierungsstuhl.de\/wp-content\/uploads\/2024\/06\/S-CAPEPOD-evacuatiedoek-evacuation-sheet-evakuirungstuch2.jpg","type":"image\/jpeg"}],"twitter_card":"summary_large_image","twitter_misc":{"Gesch\u00e4tzte Lesezeit":"2\u00a0Minuten"},"schema":{"@context":"https:\/\/schema.org","@graph":[{"@type":"WebPage","@id":"https:\/\/www.evakuierungsstuhl.de\/product\/s-capepod-evacuatiedoek-antibacterieel\/","url":"https:\/\/www.evakuierungsstuhl.de\/product\/s-capepod-evacuatiedoek-antibacterieel\/","name":"S-capepod Evakuierungstuch antibakteriell - Evacuation Expert","isPartOf":{"@id":"https:\/\/www.evakuierungsstuhl.de\/#website"},"primaryImageOfPage":{"@id":"https:\/\/www.evakuierungsstuhl.de\/product\/s-capepod-evacuatiedoek-antibacterieel\/#primaryimage"},"image":{"@id":"https:\/\/www.evakuierungsstuhl.de\/product\/s-capepod-evacuatiedoek-antibacterieel\/#primaryimage"},"thumbnailUrl":"https:\/\/www.evakuierungsstuhl.de\/wp-content\/uploads\/2024\/06\/S-CAPEPOD-evacuatiedoek-evacuation-sheet-evakuirungstuch2.jpg","datePublished":"2024-06-03T12:23:29+00:00","dateModified":"2025-03-12T13:20:34+00:00","breadcrumb":{"@id":"https:\/\/www.evakuierungsstuhl.de\/product\/s-capepod-evacuatiedoek-antibacterieel\/#breadcrumb"},"inLanguage":"de","potentialAction":[{"@type":"ReadAction","target":["https:\/\/www.evakuierungsstuhl.de\/product\/s-capepod-evacuatiedoek-antibacterieel\/"]}]},{"@type":"ImageObject","inLanguage":"de","@id":"https:\/\/www.evakuierungsstuhl.de\/product\/s-capepod-evacuatiedoek-antibacterieel\/#primaryimage","url":"https:\/\/www.evakuierungsstuhl.de\/wp-content\/uploads\/2024\/06\/S-CAPEPOD-evacuatiedoek-evacuation-sheet-evakuirungstuch2.jpg","contentUrl":"https:\/\/www.evakuierungsstuhl.de\/wp-content\/uploads\/2024\/06\/S-CAPEPOD-evacuatiedoek-evacuation-sheet-evakuirungstuch2.jpg","width":2048,"height":1350},{"@type":"BreadcrumbList","@id":"https:\/\/www.evakuierungsstuhl.de\/product\/s-capepod-evacuatiedoek-antibacterieel\/#breadcrumb","itemListElement":[{"@type":"ListItem","position":1,"name":"Home","item":"https:\/\/www.evakuierungsstuhl.de\/"},{"@type":"ListItem","position":2,"name":"Winkel","item":"https:\/\/www.evakuierungsstuhl.de\/winkel\/"},{"@type":"ListItem","position":3,"name":"S-capepod evacuatiedoek antibacterieel"}]},{"@type":"WebSite","@id":"https:\/\/www.evakuierungsstuhl.de\/#website","url":"https:\/\/www.evakuierungsstuhl.de\/","name":"Experte f\u00fcr Evakuierung","description":"Der Experte f\u00fcr Evakuierung","potentialAction":[{"@type":"SearchAction","target":{"@type":"EntryPoint","urlTemplate":"https:\/\/www.evakuierungsstuhl.de\/?s={search_term_string}"},"query-input":{"@type":"PropertyValueSpecification","valueRequired":true,"valueName":"search_term_string"}}],"inLanguage":"de"}]}},"_links":{"self":[{"href":"https:\/\/www.evakuierungsstuhl.de\/de\/wp-json\/wp\/v2\/product\/1042","targetHints":{"allow":["GET"]}}],"collection":[{"href":"https:\/\/www.evakuierungsstuhl.de\/de\/wp-json\/wp\/v2\/product"}],"about":[{"href":"https:\/\/www.evakuierungsstuhl.de\/de\/wp-json\/wp\/v2\/types\/product"}],"replies":[{"embeddable":true,"href":"https:\/\/www.evakuierungsstuhl.de\/de\/wp-json\/wp\/v2\/comments?post=1042"}],"version-history":[{"count":1,"href":"https:\/\/www.evakuierungsstuhl.de\/de\/wp-json\/wp\/v2\/product\/1042\/revisions"}],"predecessor-version":[{"id":1644,"href":"https:\/\/www.evakuierungsstuhl.de\/de\/wp-json\/wp\/v2\/product\/1042\/revisions\/1644"}],"wp:featuredmedia":[{"embeddable":true,"href":"https:\/\/www.evakuierungsstuhl.de\/de\/wp-json\/wp\/v2\/media\/1046"}],"wp:attachment":[{"href":"https:\/\/www.evakuierungsstuhl.de\/de\/wp-json\/wp\/v2\/media?parent=1042"}],"wp:term":[{"taxonomy":"product_brand","embeddable":true,"href":"https:\/\/www.evakuierungsstuhl.de\/de\/wp-json\/wp\/v2\/product_brand?post=1042"},{"taxonomy":"product_cat","embeddable":true,"href":"https:\/\/www.evakuierungsstuhl.de\/de\/wp-json\/wp\/v2\/product_cat?post=1042"},{"taxonomy":"product_tag","embeddable":true,"href":"https:\/\/www.evakuierungsstuhl.de\/de\/wp-json\/wp\/v2\/product_tag?post=1042"}],"curies":[{"name":"wp","href":"https:\/\/api.w.org\/{rel}","templated":true}]}}