{"id":1035,"date":"2024-06-03T12:20:48","date_gmt":"2024-06-03T12:20:48","guid":{"rendered":"https:\/\/www.evakuierungsstuhl.de\/?post_type=product&#038;p=1035"},"modified":"2024-09-12T12:03:29","modified_gmt":"2024-09-12T11:03:29","slug":"lg-2004-treppenlift-rollstuhl-uber-treppen","status":"publish","type":"product","link":"https:\/\/www.evakuierungsstuhl.de\/de\/product\/lg-2004-traplift-rolstoel-over-trappen\/","title":{"rendered":"LG 2004 Treppenlift Rollstuhl \u00fcber Treppen"},"content":{"rendered":"<p>LG2004 Rollstuhltransporter. Traprun.<\/p>\n<p>Entwickelt und hergestellt in Italien vom f\u00fchrenden Unternehmen ANTANO.<\/p>\n<p>Technologische Innovation, die den Endverbraucher im Auge beh\u00e4lt und ihm Aufmerksamkeit schenkt, kombiniert mit<br \/>\nf\u00fcr besondere \u00e4sthetische Details sind angesichts des Erfolgs des Treppenlifts LG2004 \u00e4u\u00dferst erfolgreich.<br \/>\nDies ist die neue Version, die alle Funktionen enth\u00e4lt, die in acht Jahren kontinuierlicher Entwicklung entwickelt wurden<br \/>\nund die Produktentwicklung einbezogen werden.<\/p>\n<p>Dank seines patentierten Betriebssystems ist das LG 2004 unvergleichlich einfach zu bedienen.<br \/>\nm\u00fcheloses Arbeiten auch bei beengten Platzverh\u00e4ltnissen. Verl\u00e4sslichkeit durch<br \/>\nAusgewogenheit und Technologie, die erhebliche Energieeinsparungen und eine l\u00e4ngere Batterielebensdauer erm\u00f6glichen<br \/>\nmacht.<\/p>\n<p>Alle Innovationen in einem Produkt, die das t\u00e4gliche Leben f\u00fcr weniger mobile Menschen erleichtern.<\/p>\n<p>Mit dem LG2004 kann der LG2004 mit Beifahrer auch horizontal ohne Kraftaufwand bewegt werden.<br \/>\nSie k\u00f6nnen auch eine 360-Grad-Drehung in einem relativ kleinen Raum wie einem Treppenhaus durchf\u00fchren.<br \/>\nMit einem Knopfdruck werden 4 R\u00e4der heruntergefahren, die das Fahren und Lenken erm\u00f6glichen.<\/p>\n<p>Der LG2004 kann mit verschiedenem Zubeh\u00f6r ausgestattet werden. O.A. f\u00fcr breite Rollst\u00fchle.<br \/>\nAdapter f\u00fcr Rollst\u00fchle mit 300 R\u00e4dern usw. Wir beraten Sie gerne.<\/p>\n<p>Wir liefern das LG 2004 pers\u00f6nlich zu Ihnen, inklusive einer kompletten Einweisung vor Ort.<\/p>\n<p>Wir empfehlen Ihnen, einen Termin f\u00fcr eine unverbindliche Einweisung und Vorf\u00fchrung zu vereinbaren.<\/p>","protected":false},"excerpt":{"rendered":"<p>Unerreichte Benutzerfreundlichkeit dank des patentierten Betriebssystems erm\u00f6glicht eine m\u00fchelose Bedienung des LG 2004, auch in engen R\u00e4umen. Zuverl\u00e4ssigkeit dank einer Ausgewogenheit und Technologie, die erhebliche Energieeinsparungen und eine l\u00e4ngere Batterielebensdauer erm\u00f6glicht.<\/p>","protected":false},"featured_media":1040,"comment_status":"closed","ping_status":"closed","template":"","meta":{"_acf_changed":false},"product_brand":[],"product_cat":[26],"product_tag":[43],"class_list":{"0":"post-1035","1":"product","2":"type-product","3":"status-publish","4":"has-post-thumbnail","6":"product_cat-trapklimmers","7":"product_tag-trapklimmer","9":"first","10":"onbackorder","11":"taxable","12":"shipping-taxable","13":"purchasable","14":"product-type-simple"},"acf":[],"yoast_head":"<!-- This site is optimized with the Yoast SEO plugin v27.2 - https:\/\/yoast.com\/product\/yoast-seo-wordpress\/ -->\n<title>LG 2004 Traplift rolstoel over trappen - Evacuatieexpert<\/title>\n<meta name=\"robots\" content=\"index, follow, max-snippet:-1, max-image-preview:large, max-video-preview:-1\" \/>\n<link rel=\"canonical\" href=\"https:\/\/www.evakuierungsstuhl.de\/de\/produkt\/lg-2004-treppenlift-rollstuhl-uber-treppen\/\" \/>\n<meta property=\"og:locale\" content=\"de_DE\" \/>\n<meta property=\"og:type\" content=\"article\" \/>\n<meta property=\"og:title\" content=\"LG 2004 Traplift rolstoel over trappen - Evacuatieexpert\" \/>\n<meta property=\"og:description\" content=\"Onge\u00ebvenaard gebruiksgemak dankzij het gepatenteerde besturingssysteem maakt het mogelijk de LG 2004 zonder enige moeite te bedienen, zelfs in kleine ruimtes. Betrouwbaarheid als gevolg van een balans en techniek die een aanzienlijke energiebesparing en een langere levensduur van de batterij mogelijk maakt.\" \/>\n<meta property=\"og:url\" content=\"https:\/\/www.evakuierungsstuhl.de\/de\/produkt\/lg-2004-treppenlift-rollstuhl-uber-treppen\/\" \/>\n<meta property=\"og:site_name\" content=\"Evacuatieexpert\" \/>\n<meta property=\"article:modified_time\" content=\"2024-09-12T11:03:29+00:00\" \/>\n<meta property=\"og:image\" content=\"https:\/\/www.evakuierungsstuhl.de\/wp-content\/uploads\/2024\/06\/epf_26398-Small.png\" \/>\n\t<meta property=\"og:image:width\" content=\"548\" \/>\n\t<meta property=\"og:image:height\" content=\"480\" \/>\n\t<meta property=\"og:image:type\" content=\"image\/png\" \/>\n<meta name=\"twitter:card\" content=\"summary_large_image\" \/>\n<meta name=\"twitter:label1\" content=\"Gesch\u00e4tzte Lesezeit\" \/>\n\t<meta name=\"twitter:data1\" content=\"2\u00a0Minuten\" \/>\n<script type=\"application\/ld+json\" class=\"yoast-schema-graph\">{\"@context\":\"https:\/\/schema.org\",\"@graph\":[{\"@type\":\"WebPage\",\"@id\":\"https:\/\/www.evakuierungsstuhl.de\/product\/lg-2004-traplift-rolstoel-over-trappen\/\",\"url\":\"https:\/\/www.evakuierungsstuhl.de\/product\/lg-2004-traplift-rolstoel-over-trappen\/\",\"name\":\"LG 2004 Traplift rolstoel over trappen - Evacuatieexpert\",\"isPartOf\":{\"@id\":\"https:\/\/www.evakuierungsstuhl.de\/#website\"},\"primaryImageOfPage\":{\"@id\":\"https:\/\/www.evakuierungsstuhl.de\/product\/lg-2004-traplift-rolstoel-over-trappen\/#primaryimage\"},\"image\":{\"@id\":\"https:\/\/www.evakuierungsstuhl.de\/product\/lg-2004-traplift-rolstoel-over-trappen\/#primaryimage\"},\"thumbnailUrl\":\"https:\/\/www.evakuierungsstuhl.de\/wp-content\/uploads\/2024\/06\/epf_26398-Small.png\",\"datePublished\":\"2024-06-03T12:20:48+00:00\",\"dateModified\":\"2024-09-12T11:03:29+00:00\",\"breadcrumb\":{\"@id\":\"https:\/\/www.evakuierungsstuhl.de\/product\/lg-2004-traplift-rolstoel-over-trappen\/#breadcrumb\"},\"inLanguage\":\"de\",\"potentialAction\":[{\"@type\":\"ReadAction\",\"target\":[\"https:\/\/www.evakuierungsstuhl.de\/product\/lg-2004-traplift-rolstoel-over-trappen\/\"]}]},{\"@type\":\"ImageObject\",\"inLanguage\":\"de\",\"@id\":\"https:\/\/www.evakuierungsstuhl.de\/product\/lg-2004-traplift-rolstoel-over-trappen\/#primaryimage\",\"url\":\"https:\/\/www.evakuierungsstuhl.de\/wp-content\/uploads\/2024\/06\/epf_26398-Small.png\",\"contentUrl\":\"https:\/\/www.evakuierungsstuhl.de\/wp-content\/uploads\/2024\/06\/epf_26398-Small.png\",\"width\":548,\"height\":480},{\"@type\":\"BreadcrumbList\",\"@id\":\"https:\/\/www.evakuierungsstuhl.de\/product\/lg-2004-traplift-rolstoel-over-trappen\/#breadcrumb\",\"itemListElement\":[{\"@type\":\"ListItem\",\"position\":1,\"name\":\"Home\",\"item\":\"https:\/\/www.evakuierungsstuhl.de\/\"},{\"@type\":\"ListItem\",\"position\":2,\"name\":\"Winkel\",\"item\":\"https:\/\/www.evakuierungsstuhl.de\/winkel\/\"},{\"@type\":\"ListItem\",\"position\":3,\"name\":\"LG 2004 Traplift rolstoel over trappen\"}]},{\"@type\":\"WebSite\",\"@id\":\"https:\/\/www.evakuierungsstuhl.de\/#website\",\"url\":\"https:\/\/www.evakuierungsstuhl.de\/\",\"name\":\"Evacuatieexpert\",\"description\":\"De expert in evacuatie\",\"potentialAction\":[{\"@type\":\"SearchAction\",\"target\":{\"@type\":\"EntryPoint\",\"urlTemplate\":\"https:\/\/www.evakuierungsstuhl.de\/?s={search_term_string}\"},\"query-input\":{\"@type\":\"PropertyValueSpecification\",\"valueRequired\":true,\"valueName\":\"search_term_string\"}}],\"inLanguage\":\"de\"}]}<\/script>\n<!-- \/ Yoast SEO plugin. -->","yoast_head_json":{"title":"LG 2004 Treppenlift Rollstuhl \u00fcber Treppen - Evacuation Expert","robots":{"index":"index","follow":"follow","max-snippet":"max-snippet:-1","max-image-preview":"max-image-preview:large","max-video-preview":"max-video-preview:-1"},"canonical":"https:\/\/www.evakuierungsstuhl.de\/de\/produkt\/lg-2004-treppenlift-rollstuhl-uber-treppen\/","og_locale":"de_DE","og_type":"article","og_title":"LG 2004 Traplift rolstoel over trappen - Evacuatieexpert","og_description":"Onge\u00ebvenaard gebruiksgemak dankzij het gepatenteerde besturingssysteem maakt het mogelijk de LG 2004 zonder enige moeite te bedienen, zelfs in kleine ruimtes. Betrouwbaarheid als gevolg van een balans en techniek die een aanzienlijke energiebesparing en een langere levensduur van de batterij mogelijk maakt.","og_url":"https:\/\/www.evakuierungsstuhl.de\/de\/produkt\/lg-2004-treppenlift-rollstuhl-uber-treppen\/","og_site_name":"Evacuatieexpert","article_modified_time":"2024-09-12T11:03:29+00:00","og_image":[{"width":548,"height":480,"url":"https:\/\/www.evakuierungsstuhl.de\/wp-content\/uploads\/2024\/06\/epf_26398-Small.png","type":"image\/png"}],"twitter_card":"summary_large_image","twitter_misc":{"Gesch\u00e4tzte Lesezeit":"2\u00a0Minuten"},"schema":{"@context":"https:\/\/schema.org","@graph":[{"@type":"WebPage","@id":"https:\/\/www.evakuierungsstuhl.de\/product\/lg-2004-traplift-rolstoel-over-trappen\/","url":"https:\/\/www.evakuierungsstuhl.de\/product\/lg-2004-traplift-rolstoel-over-trappen\/","name":"LG 2004 Treppenlift Rollstuhl \u00fcber Treppen - Evacuation Expert","isPartOf":{"@id":"https:\/\/www.evakuierungsstuhl.de\/#website"},"primaryImageOfPage":{"@id":"https:\/\/www.evakuierungsstuhl.de\/product\/lg-2004-traplift-rolstoel-over-trappen\/#primaryimage"},"image":{"@id":"https:\/\/www.evakuierungsstuhl.de\/product\/lg-2004-traplift-rolstoel-over-trappen\/#primaryimage"},"thumbnailUrl":"https:\/\/www.evakuierungsstuhl.de\/wp-content\/uploads\/2024\/06\/epf_26398-Small.png","datePublished":"2024-06-03T12:20:48+00:00","dateModified":"2024-09-12T11:03:29+00:00","breadcrumb":{"@id":"https:\/\/www.evakuierungsstuhl.de\/product\/lg-2004-traplift-rolstoel-over-trappen\/#breadcrumb"},"inLanguage":"de","potentialAction":[{"@type":"ReadAction","target":["https:\/\/www.evakuierungsstuhl.de\/product\/lg-2004-traplift-rolstoel-over-trappen\/"]}]},{"@type":"ImageObject","inLanguage":"de","@id":"https:\/\/www.evakuierungsstuhl.de\/product\/lg-2004-traplift-rolstoel-over-trappen\/#primaryimage","url":"https:\/\/www.evakuierungsstuhl.de\/wp-content\/uploads\/2024\/06\/epf_26398-Small.png","contentUrl":"https:\/\/www.evakuierungsstuhl.de\/wp-content\/uploads\/2024\/06\/epf_26398-Small.png","width":548,"height":480},{"@type":"BreadcrumbList","@id":"https:\/\/www.evakuierungsstuhl.de\/product\/lg-2004-traplift-rolstoel-over-trappen\/#breadcrumb","itemListElement":[{"@type":"ListItem","position":1,"name":"Home","item":"https:\/\/www.evakuierungsstuhl.de\/"},{"@type":"ListItem","position":2,"name":"Winkel","item":"https:\/\/www.evakuierungsstuhl.de\/winkel\/"},{"@type":"ListItem","position":3,"name":"LG 2004 Traplift rolstoel over trappen"}]},{"@type":"WebSite","@id":"https:\/\/www.evakuierungsstuhl.de\/#website","url":"https:\/\/www.evakuierungsstuhl.de\/","name":"Experte f\u00fcr Evakuierung","description":"Der Experte f\u00fcr Evakuierung","potentialAction":[{"@type":"SearchAction","target":{"@type":"EntryPoint","urlTemplate":"https:\/\/www.evakuierungsstuhl.de\/?s={search_term_string}"},"query-input":{"@type":"PropertyValueSpecification","valueRequired":true,"valueName":"search_term_string"}}],"inLanguage":"de"}]}},"_links":{"self":[{"href":"https:\/\/www.evakuierungsstuhl.de\/de\/wp-json\/wp\/v2\/product\/1035","targetHints":{"allow":["GET"]}}],"collection":[{"href":"https:\/\/www.evakuierungsstuhl.de\/de\/wp-json\/wp\/v2\/product"}],"about":[{"href":"https:\/\/www.evakuierungsstuhl.de\/de\/wp-json\/wp\/v2\/types\/product"}],"replies":[{"embeddable":true,"href":"https:\/\/www.evakuierungsstuhl.de\/de\/wp-json\/wp\/v2\/comments?post=1035"}],"version-history":[{"count":0,"href":"https:\/\/www.evakuierungsstuhl.de\/de\/wp-json\/wp\/v2\/product\/1035\/revisions"}],"wp:featuredmedia":[{"embeddable":true,"href":"https:\/\/www.evakuierungsstuhl.de\/de\/wp-json\/wp\/v2\/media\/1040"}],"wp:attachment":[{"href":"https:\/\/www.evakuierungsstuhl.de\/de\/wp-json\/wp\/v2\/media?parent=1035"}],"wp:term":[{"taxonomy":"product_brand","embeddable":true,"href":"https:\/\/www.evakuierungsstuhl.de\/de\/wp-json\/wp\/v2\/product_brand?post=1035"},{"taxonomy":"product_cat","embeddable":true,"href":"https:\/\/www.evakuierungsstuhl.de\/de\/wp-json\/wp\/v2\/product_cat?post=1035"},{"taxonomy":"product_tag","embeddable":true,"href":"https:\/\/www.evakuierungsstuhl.de\/de\/wp-json\/wp\/v2\/product_tag?post=1035"}],"curies":[{"name":"wp","href":"https:\/\/api.w.org\/{rel}","templated":true}]}}