{"id":1019,"date":"2024-06-03T11:59:09","date_gmt":"2024-06-03T11:59:09","guid":{"rendered":"https:\/\/www.evakuierungsstuhl.de\/?post_type=product&#038;p=1019"},"modified":"2024-09-12T12:24:13","modified_gmt":"2024-09-12T11:24:13","slug":"muffelpuppe-pro-3-stuck","status":"publish","type":"product","link":"https:\/\/www.evakuierungsstuhl.de\/de\/product\/moofy-oefenpop-per-3-stuks\/","title":{"rendered":"Moofy-Puppe (pro 3 St\u00fcck)"},"content":{"rendered":"<p>Speziell f\u00fcr die Baby-mover-Evakuierungssch\u00fcrze entwickelt.<\/p>\n<p>Neben dem Baby Mover selbst, k\u00f6nnen Sie bei uns auch den Moofy erwerben.<\/p>\n<p>Er ist speziell f\u00fcr den Einsatz bei Evakuierungs\u00fcbungen konzipiert. Der Moofy sollte mit Sand gef\u00fcllt werden, um ein realistisches Gewicht zu erzeugen.<\/p>\n<p>Die Moofy werden in einer 3er-Packung geliefert.<\/p>","protected":false},"excerpt":{"rendered":"<p>Neben dem Baby Mover selbst, k\u00f6nnen Sie bei uns auch den Moofy erwerben.<\/p>\n<p>Er ist speziell f\u00fcr den Einsatz bei Evakuierungs\u00fcbungen konzipiert. Der Moofy sollte mit Sand gef\u00fcllt werden, um ein realistisches Gewicht zu erzeugen.<\/p>\n<p>Die Moofy werden in einer 3er-Packung geliefert.<\/p>","protected":false},"featured_media":1018,"comment_status":"closed","ping_status":"closed","template":"","meta":{"_acf_changed":false},"product_brand":[],"product_cat":[29],"product_tag":[48],"class_list":{"0":"post-1019","1":"product","2":"type-product","3":"status-publish","4":"has-post-thumbnail","6":"product_cat-school-en-kinderen","7":"product_tag-evacuatieschort","9":"first","10":"instock","11":"taxable","12":"shipping-taxable","13":"purchasable","14":"product-type-simple"},"acf":[],"yoast_head":"<!-- This site is optimized with the Yoast SEO plugin v27.2 - https:\/\/yoast.com\/product\/yoast-seo-wordpress\/ -->\n<title>Moofy oefenpop (per 3 stuks) - Evacuatieexpert<\/title>\n<meta name=\"robots\" content=\"index, follow, max-snippet:-1, max-image-preview:large, max-video-preview:-1\" \/>\n<link rel=\"canonical\" href=\"https:\/\/www.evakuierungsstuhl.de\/de\/produkt\/muffelpuppe-pro-3-stuck\/\" \/>\n<meta property=\"og:locale\" content=\"de_DE\" \/>\n<meta property=\"og:type\" content=\"article\" \/>\n<meta property=\"og:title\" content=\"Moofy oefenpop (per 3 stuks) - Evacuatieexpert\" \/>\n<meta property=\"og:description\" content=\"Naast de Baby Mover zelf kunt u bij ons ook de Moofy verkrijgen.  Deze is speciaal ontwikkeld om tijdens evacuatie oefeningen te gebruiken. De Moofy dient met zand te worden gevuld zodat een realistisch gewicht ontstaat.  De Moofy worden geleverd in een pakket van 3 stuks.\" \/>\n<meta property=\"og:url\" content=\"https:\/\/www.evakuierungsstuhl.de\/de\/produkt\/muffelpuppe-pro-3-stuck\/\" \/>\n<meta property=\"og:site_name\" content=\"Evacuatieexpert\" \/>\n<meta property=\"article:modified_time\" content=\"2024-09-12T11:24:13+00:00\" \/>\n<meta property=\"og:image\" content=\"https:\/\/www.evakuierungsstuhl.de\/wp-content\/uploads\/2024\/06\/Moofy.jpg\" \/>\n\t<meta property=\"og:image:width\" content=\"1200\" \/>\n\t<meta property=\"og:image:height\" content=\"1600\" \/>\n\t<meta property=\"og:image:type\" content=\"image\/jpeg\" \/>\n<meta name=\"twitter:card\" content=\"summary_large_image\" \/>\n<meta name=\"twitter:label1\" content=\"Gesch\u00e4tzte Lesezeit\" \/>\n\t<meta name=\"twitter:data1\" content=\"1\u00a0Minute\" \/>\n<script type=\"application\/ld+json\" class=\"yoast-schema-graph\">{\"@context\":\"https:\/\/schema.org\",\"@graph\":[{\"@type\":\"WebPage\",\"@id\":\"https:\/\/www.evakuierungsstuhl.de\/product\/moofy-oefenpop-per-3-stuks\/\",\"url\":\"https:\/\/www.evakuierungsstuhl.de\/product\/moofy-oefenpop-per-3-stuks\/\",\"name\":\"Moofy oefenpop (per 3 stuks) - Evacuatieexpert\",\"isPartOf\":{\"@id\":\"https:\/\/www.evakuierungsstuhl.de\/#website\"},\"primaryImageOfPage\":{\"@id\":\"https:\/\/www.evakuierungsstuhl.de\/product\/moofy-oefenpop-per-3-stuks\/#primaryimage\"},\"image\":{\"@id\":\"https:\/\/www.evakuierungsstuhl.de\/product\/moofy-oefenpop-per-3-stuks\/#primaryimage\"},\"thumbnailUrl\":\"https:\/\/www.evakuierungsstuhl.de\/wp-content\/uploads\/2024\/06\/Moofy.jpg\",\"datePublished\":\"2024-06-03T11:59:09+00:00\",\"dateModified\":\"2024-09-12T11:24:13+00:00\",\"breadcrumb\":{\"@id\":\"https:\/\/www.evakuierungsstuhl.de\/product\/moofy-oefenpop-per-3-stuks\/#breadcrumb\"},\"inLanguage\":\"de\",\"potentialAction\":[{\"@type\":\"ReadAction\",\"target\":[\"https:\/\/www.evakuierungsstuhl.de\/product\/moofy-oefenpop-per-3-stuks\/\"]}]},{\"@type\":\"ImageObject\",\"inLanguage\":\"de\",\"@id\":\"https:\/\/www.evakuierungsstuhl.de\/product\/moofy-oefenpop-per-3-stuks\/#primaryimage\",\"url\":\"https:\/\/www.evakuierungsstuhl.de\/wp-content\/uploads\/2024\/06\/Moofy.jpg\",\"contentUrl\":\"https:\/\/www.evakuierungsstuhl.de\/wp-content\/uploads\/2024\/06\/Moofy.jpg\",\"width\":1200,\"height\":1600,\"caption\":\"SAMSUNG CAMERA PICTURES\"},{\"@type\":\"BreadcrumbList\",\"@id\":\"https:\/\/www.evakuierungsstuhl.de\/product\/moofy-oefenpop-per-3-stuks\/#breadcrumb\",\"itemListElement\":[{\"@type\":\"ListItem\",\"position\":1,\"name\":\"Home\",\"item\":\"https:\/\/www.evakuierungsstuhl.de\/\"},{\"@type\":\"ListItem\",\"position\":2,\"name\":\"Winkel\",\"item\":\"https:\/\/www.evakuierungsstuhl.de\/winkel\/\"},{\"@type\":\"ListItem\",\"position\":3,\"name\":\"Moofy oefenpop (per 3 stuks)\"}]},{\"@type\":\"WebSite\",\"@id\":\"https:\/\/www.evakuierungsstuhl.de\/#website\",\"url\":\"https:\/\/www.evakuierungsstuhl.de\/\",\"name\":\"Evacuatieexpert\",\"description\":\"De expert in evacuatie\",\"potentialAction\":[{\"@type\":\"SearchAction\",\"target\":{\"@type\":\"EntryPoint\",\"urlTemplate\":\"https:\/\/www.evakuierungsstuhl.de\/?s={search_term_string}\"},\"query-input\":{\"@type\":\"PropertyValueSpecification\",\"valueRequired\":true,\"valueName\":\"search_term_string\"}}],\"inLanguage\":\"de\"}]}<\/script>\n<!-- \/ Yoast SEO plugin. -->","yoast_head_json":{"title":"Moofy-Puppe (je 3 St\u00fcck) - Evakuierungsexperte","robots":{"index":"index","follow":"follow","max-snippet":"max-snippet:-1","max-image-preview":"max-image-preview:large","max-video-preview":"max-video-preview:-1"},"canonical":"https:\/\/www.evakuierungsstuhl.de\/de\/produkt\/muffelpuppe-pro-3-stuck\/","og_locale":"de_DE","og_type":"article","og_title":"Moofy oefenpop (per 3 stuks) - Evacuatieexpert","og_description":"Naast de Baby Mover zelf kunt u bij ons ook de Moofy verkrijgen.  Deze is speciaal ontwikkeld om tijdens evacuatie oefeningen te gebruiken. De Moofy dient met zand te worden gevuld zodat een realistisch gewicht ontstaat.  De Moofy worden geleverd in een pakket van 3 stuks.","og_url":"https:\/\/www.evakuierungsstuhl.de\/de\/produkt\/muffelpuppe-pro-3-stuck\/","og_site_name":"Evacuatieexpert","article_modified_time":"2024-09-12T11:24:13+00:00","og_image":[{"width":1200,"height":1600,"url":"https:\/\/www.evakuierungsstuhl.de\/wp-content\/uploads\/2024\/06\/Moofy.jpg","type":"image\/jpeg"}],"twitter_card":"summary_large_image","twitter_misc":{"Gesch\u00e4tzte Lesezeit":"1\u00a0Minute"},"schema":{"@context":"https:\/\/schema.org","@graph":[{"@type":"WebPage","@id":"https:\/\/www.evakuierungsstuhl.de\/product\/moofy-oefenpop-per-3-stuks\/","url":"https:\/\/www.evakuierungsstuhl.de\/product\/moofy-oefenpop-per-3-stuks\/","name":"Moofy-Puppe (je 3 St\u00fcck) - Evakuierungsexperte","isPartOf":{"@id":"https:\/\/www.evakuierungsstuhl.de\/#website"},"primaryImageOfPage":{"@id":"https:\/\/www.evakuierungsstuhl.de\/product\/moofy-oefenpop-per-3-stuks\/#primaryimage"},"image":{"@id":"https:\/\/www.evakuierungsstuhl.de\/product\/moofy-oefenpop-per-3-stuks\/#primaryimage"},"thumbnailUrl":"https:\/\/www.evakuierungsstuhl.de\/wp-content\/uploads\/2024\/06\/Moofy.jpg","datePublished":"2024-06-03T11:59:09+00:00","dateModified":"2024-09-12T11:24:13+00:00","breadcrumb":{"@id":"https:\/\/www.evakuierungsstuhl.de\/product\/moofy-oefenpop-per-3-stuks\/#breadcrumb"},"inLanguage":"de","potentialAction":[{"@type":"ReadAction","target":["https:\/\/www.evakuierungsstuhl.de\/product\/moofy-oefenpop-per-3-stuks\/"]}]},{"@type":"ImageObject","inLanguage":"de","@id":"https:\/\/www.evakuierungsstuhl.de\/product\/moofy-oefenpop-per-3-stuks\/#primaryimage","url":"https:\/\/www.evakuierungsstuhl.de\/wp-content\/uploads\/2024\/06\/Moofy.jpg","contentUrl":"https:\/\/www.evakuierungsstuhl.de\/wp-content\/uploads\/2024\/06\/Moofy.jpg","width":1200,"height":1600,"caption":"SAMSUNG CAMERA PICTURES"},{"@type":"BreadcrumbList","@id":"https:\/\/www.evakuierungsstuhl.de\/product\/moofy-oefenpop-per-3-stuks\/#breadcrumb","itemListElement":[{"@type":"ListItem","position":1,"name":"Home","item":"https:\/\/www.evakuierungsstuhl.de\/"},{"@type":"ListItem","position":2,"name":"Winkel","item":"https:\/\/www.evakuierungsstuhl.de\/winkel\/"},{"@type":"ListItem","position":3,"name":"Moofy oefenpop (per 3 stuks)"}]},{"@type":"WebSite","@id":"https:\/\/www.evakuierungsstuhl.de\/#website","url":"https:\/\/www.evakuierungsstuhl.de\/","name":"Experte f\u00fcr Evakuierung","description":"Der Experte f\u00fcr Evakuierung","potentialAction":[{"@type":"SearchAction","target":{"@type":"EntryPoint","urlTemplate":"https:\/\/www.evakuierungsstuhl.de\/?s={search_term_string}"},"query-input":{"@type":"PropertyValueSpecification","valueRequired":true,"valueName":"search_term_string"}}],"inLanguage":"de"}]}},"_links":{"self":[{"href":"https:\/\/www.evakuierungsstuhl.de\/de\/wp-json\/wp\/v2\/product\/1019","targetHints":{"allow":["GET"]}}],"collection":[{"href":"https:\/\/www.evakuierungsstuhl.de\/de\/wp-json\/wp\/v2\/product"}],"about":[{"href":"https:\/\/www.evakuierungsstuhl.de\/de\/wp-json\/wp\/v2\/types\/product"}],"replies":[{"embeddable":true,"href":"https:\/\/www.evakuierungsstuhl.de\/de\/wp-json\/wp\/v2\/comments?post=1019"}],"version-history":[{"count":0,"href":"https:\/\/www.evakuierungsstuhl.de\/de\/wp-json\/wp\/v2\/product\/1019\/revisions"}],"wp:featuredmedia":[{"embeddable":true,"href":"https:\/\/www.evakuierungsstuhl.de\/de\/wp-json\/wp\/v2\/media\/1018"}],"wp:attachment":[{"href":"https:\/\/www.evakuierungsstuhl.de\/de\/wp-json\/wp\/v2\/media?parent=1019"}],"wp:term":[{"taxonomy":"product_brand","embeddable":true,"href":"https:\/\/www.evakuierungsstuhl.de\/de\/wp-json\/wp\/v2\/product_brand?post=1019"},{"taxonomy":"product_cat","embeddable":true,"href":"https:\/\/www.evakuierungsstuhl.de\/de\/wp-json\/wp\/v2\/product_cat?post=1019"},{"taxonomy":"product_tag","embeddable":true,"href":"https:\/\/www.evakuierungsstuhl.de\/de\/wp-json\/wp\/v2\/product_tag?post=1019"}],"curies":[{"name":"wp","href":"https:\/\/api.w.org\/{rel}","templated":true}]}}