{"id":1008,"date":"2024-06-03T11:53:08","date_gmt":"2024-06-03T11:53:08","guid":{"rendered":"https:\/\/www.evakuierungsstuhl.de\/?post_type=product&#038;p=1008"},"modified":"2025-05-20T16:03:07","modified_gmt":"2025-05-20T15:03:07","slug":"s-capepod-bariatrisches-evakuierungstuch","status":"publish","type":"product","link":"https:\/\/www.evakuierungsstuhl.de\/de\/product\/s-capepod-bariatric-evacuatiedoek\/","title":{"rendered":"S-Capepod Bariatric Evakuierungstuch"},"content":{"rendered":"<p>Das bariatrische S-CAPEPOD-Evakuierungstuch.<\/p>\n<p>Das Bariatric S-CAPEPOD Evakuierungstuch ist ein Hilfsmittel zur schnellen und sicheren Evakuierung von bettl\u00e4gerigen Personen mit einem Gewicht von bis zu 300 KG, die das Bett nicht schnell oder gar nicht verlassen k\u00f6nnen oder in einer Notsituation Hilfe beim Verlassen des Bettes ben\u00f6tigen.<\/p>\n<p>Die Zahl der Menschen mit morbider Adipositas hat sehr schnell zugenommen und wird auch in Zukunft weiter steigen. Folglich m\u00fcssen auch f\u00fcr diese Personen Evakuierungshilfen zur Verf\u00fcgung stehen.<\/p>\n<p>Ob es sich um ein gro\u00dfes Krankenhaus, ein lokales Pflegeheim oder ein Rehabilitationszentrum handelt, der bariatrische S-CAPEPOD gew\u00e4hrleistet eine schnelle und sichere Evakuierung.<\/p>\n<p>Produktdetails auf einen Blick.<\/p>\n<p>Liegt dauerhaft zwischen Bett und Matratze. Immer bereit f\u00fcr den sofortigen Einsatz.<br \/>\nWird auch als Abschlepptuch eingesetzt.<br \/>\nIst f\u00fcr alle Bettmodelle und Pflegematratzen geeignet.<br \/>\nHinweis: Evakuieren Sie mit 3 Personen, insbesondere bei einer vertikalen Evakuierung.<br \/>\nDas Material l\u00e4sst den Stoff sehr leicht gleiten.<br \/>\nFeuerhemmendes Polyester<br \/>\nHergestellt aus Stoff mit antibakterieller Wirkung.<br \/>\nTragf\u00e4higkeit 300 KG<br \/>\nBei 60 Grad waschen, bei niedriger Temperatur trocknen, nicht b\u00fcgeln.<br \/>\nCE-zertifiziert, TUV-gepr\u00fcft.<\/p>\n<p>Das Design des Baratric s-capepod Evakuierungstuches macht die Anwendung sehr einfach und erfordert keine zus\u00e4tzliche Ausbildung \u00fcber die \u00fcblichen \u00dcbungen hinaus.<\/p>\n<p>Viele Krankenh\u00e4user und Pflegeheime verwenden bereits s-capepod-Evakuierungst\u00fccher. Wir geben Ihnen gerne die M\u00f6glichkeit, von unserem Know-how Gebrauch zu machen.<\/p>","protected":false},"excerpt":{"rendered":"<p>S-capepod bariatrische Evakuierungsmatratze. Auch f\u00fcr Spezialmatratzen geeignet.<\/p>","protected":false},"featured_media":1011,"comment_status":"closed","ping_status":"closed","template":"","meta":{"_acf_changed":false},"product_brand":[],"product_cat":[27],"product_tag":[41],"class_list":{"0":"post-1008","1":"product","2":"type-product","3":"status-publish","4":"has-post-thumbnail","6":"product_cat-evacuatiedoeken","7":"product_tag-evacuatiedoek","9":"first","10":"instock","11":"taxable","12":"shipping-taxable","13":"purchasable","14":"product-type-simple"},"acf":[],"yoast_head":"<!-- This site is optimized with the Yoast SEO plugin v27.2 - https:\/\/yoast.com\/product\/yoast-seo-wordpress\/ -->\n<title>S-Capepod Bariatric Evacuation Sheets - Evacuatieexpert<\/title>\n<meta name=\"robots\" content=\"index, follow, max-snippet:-1, max-image-preview:large, max-video-preview:-1\" \/>\n<link rel=\"canonical\" href=\"https:\/\/www.evakuierungsstuhl.de\/de\/produkt\/s-capepod-bariatrisches-evakuierungstuch\/\" \/>\n<meta property=\"og:locale\" content=\"de_DE\" \/>\n<meta property=\"og:type\" content=\"article\" \/>\n<meta property=\"og:title\" content=\"S-Capepod Bariatric Evacuation Sheets - Evacuatieexpert\" \/>\n<meta property=\"og:description\" content=\"S-capepod bariatric evacuatiematras. Ook geschikt voor speciale matrassen.\" \/>\n<meta property=\"og:url\" content=\"https:\/\/www.evakuierungsstuhl.de\/de\/produkt\/s-capepod-bariatrisches-evakuierungstuch\/\" \/>\n<meta property=\"og:site_name\" content=\"Evacuatieexpert\" \/>\n<meta property=\"article:modified_time\" content=\"2025-05-20T15:03:07+00:00\" \/>\n<meta property=\"og:image\" content=\"https:\/\/www.evakuierungsstuhl.de\/wp-content\/uploads\/2024\/06\/Bariatric-evacuation-slide-S-CAPEPOD.jpg\" \/>\n\t<meta property=\"og:image:width\" content=\"800\" \/>\n\t<meta property=\"og:image:height\" content=\"533\" \/>\n\t<meta property=\"og:image:type\" content=\"image\/jpeg\" \/>\n<meta name=\"twitter:card\" content=\"summary_large_image\" \/>\n<meta name=\"twitter:label1\" content=\"Gesch\u00e4tzte Lesezeit\" \/>\n\t<meta name=\"twitter:data1\" content=\"2\u00a0Minuten\" \/>\n<script type=\"application\/ld+json\" class=\"yoast-schema-graph\">{\"@context\":\"https:\/\/schema.org\",\"@graph\":[{\"@type\":\"WebPage\",\"@id\":\"https:\/\/www.evakuierungsstuhl.de\/product\/s-capepod-bariatric-evacuatiedoek\/\",\"url\":\"https:\/\/www.evakuierungsstuhl.de\/product\/s-capepod-bariatric-evacuatiedoek\/\",\"name\":\"S-Capepod Bariatric Evacuation Sheets - Evacuatieexpert\",\"isPartOf\":{\"@id\":\"https:\/\/www.evakuierungsstuhl.de\/#website\"},\"primaryImageOfPage\":{\"@id\":\"https:\/\/www.evakuierungsstuhl.de\/product\/s-capepod-bariatric-evacuatiedoek\/#primaryimage\"},\"image\":{\"@id\":\"https:\/\/www.evakuierungsstuhl.de\/product\/s-capepod-bariatric-evacuatiedoek\/#primaryimage\"},\"thumbnailUrl\":\"https:\/\/www.evakuierungsstuhl.de\/wp-content\/uploads\/2024\/06\/Bariatric-evacuation-slide-S-CAPEPOD.jpg\",\"datePublished\":\"2024-06-03T11:53:08+00:00\",\"dateModified\":\"2025-05-20T15:03:07+00:00\",\"breadcrumb\":{\"@id\":\"https:\/\/www.evakuierungsstuhl.de\/product\/s-capepod-bariatric-evacuatiedoek\/#breadcrumb\"},\"inLanguage\":\"de\",\"potentialAction\":[{\"@type\":\"ReadAction\",\"target\":[\"https:\/\/www.evakuierungsstuhl.de\/product\/s-capepod-bariatric-evacuatiedoek\/\"]}]},{\"@type\":\"ImageObject\",\"inLanguage\":\"de\",\"@id\":\"https:\/\/www.evakuierungsstuhl.de\/product\/s-capepod-bariatric-evacuatiedoek\/#primaryimage\",\"url\":\"https:\/\/www.evakuierungsstuhl.de\/wp-content\/uploads\/2024\/06\/Bariatric-evacuation-slide-S-CAPEPOD.jpg\",\"contentUrl\":\"https:\/\/www.evakuierungsstuhl.de\/wp-content\/uploads\/2024\/06\/Bariatric-evacuation-slide-S-CAPEPOD.jpg\",\"width\":800,\"height\":533},{\"@type\":\"BreadcrumbList\",\"@id\":\"https:\/\/www.evakuierungsstuhl.de\/product\/s-capepod-bariatric-evacuatiedoek\/#breadcrumb\",\"itemListElement\":[{\"@type\":\"ListItem\",\"position\":1,\"name\":\"Home\",\"item\":\"https:\/\/www.evakuierungsstuhl.de\/\"},{\"@type\":\"ListItem\",\"position\":2,\"name\":\"Winkel\",\"item\":\"https:\/\/www.evakuierungsstuhl.de\/winkel\/\"},{\"@type\":\"ListItem\",\"position\":3,\"name\":\"S-Capepod Bariatric Evacuation Sheets\"}]},{\"@type\":\"WebSite\",\"@id\":\"https:\/\/www.evakuierungsstuhl.de\/#website\",\"url\":\"https:\/\/www.evakuierungsstuhl.de\/\",\"name\":\"Evacuatieexpert\",\"description\":\"De expert in evacuatie\",\"potentialAction\":[{\"@type\":\"SearchAction\",\"target\":{\"@type\":\"EntryPoint\",\"urlTemplate\":\"https:\/\/www.evakuierungsstuhl.de\/?s={search_term_string}\"},\"query-input\":{\"@type\":\"PropertyValueSpecification\",\"valueRequired\":true,\"valueName\":\"search_term_string\"}}],\"inLanguage\":\"de\"}]}<\/script>\n<!-- \/ Yoast SEO plugin. -->","yoast_head_json":{"title":"S-Capepod Bariatric Evacuation Sheets - Evacuation Expert","robots":{"index":"index","follow":"follow","max-snippet":"max-snippet:-1","max-image-preview":"max-image-preview:large","max-video-preview":"max-video-preview:-1"},"canonical":"https:\/\/www.evakuierungsstuhl.de\/de\/produkt\/s-capepod-bariatrisches-evakuierungstuch\/","og_locale":"de_DE","og_type":"article","og_title":"S-Capepod Bariatric Evacuation Sheets - Evacuatieexpert","og_description":"S-capepod bariatric evacuatiematras. Ook geschikt voor speciale matrassen.","og_url":"https:\/\/www.evakuierungsstuhl.de\/de\/produkt\/s-capepod-bariatrisches-evakuierungstuch\/","og_site_name":"Evacuatieexpert","article_modified_time":"2025-05-20T15:03:07+00:00","og_image":[{"width":800,"height":533,"url":"https:\/\/www.evakuierungsstuhl.de\/wp-content\/uploads\/2024\/06\/Bariatric-evacuation-slide-S-CAPEPOD.jpg","type":"image\/jpeg"}],"twitter_card":"summary_large_image","twitter_misc":{"Gesch\u00e4tzte Lesezeit":"2\u00a0Minuten"},"schema":{"@context":"https:\/\/schema.org","@graph":[{"@type":"WebPage","@id":"https:\/\/www.evakuierungsstuhl.de\/product\/s-capepod-bariatric-evacuatiedoek\/","url":"https:\/\/www.evakuierungsstuhl.de\/product\/s-capepod-bariatric-evacuatiedoek\/","name":"S-Capepod Bariatric Evacuation Sheets - Evacuation Expert","isPartOf":{"@id":"https:\/\/www.evakuierungsstuhl.de\/#website"},"primaryImageOfPage":{"@id":"https:\/\/www.evakuierungsstuhl.de\/product\/s-capepod-bariatric-evacuatiedoek\/#primaryimage"},"image":{"@id":"https:\/\/www.evakuierungsstuhl.de\/product\/s-capepod-bariatric-evacuatiedoek\/#primaryimage"},"thumbnailUrl":"https:\/\/www.evakuierungsstuhl.de\/wp-content\/uploads\/2024\/06\/Bariatric-evacuation-slide-S-CAPEPOD.jpg","datePublished":"2024-06-03T11:53:08+00:00","dateModified":"2025-05-20T15:03:07+00:00","breadcrumb":{"@id":"https:\/\/www.evakuierungsstuhl.de\/product\/s-capepod-bariatric-evacuatiedoek\/#breadcrumb"},"inLanguage":"de","potentialAction":[{"@type":"ReadAction","target":["https:\/\/www.evakuierungsstuhl.de\/product\/s-capepod-bariatric-evacuatiedoek\/"]}]},{"@type":"ImageObject","inLanguage":"de","@id":"https:\/\/www.evakuierungsstuhl.de\/product\/s-capepod-bariatric-evacuatiedoek\/#primaryimage","url":"https:\/\/www.evakuierungsstuhl.de\/wp-content\/uploads\/2024\/06\/Bariatric-evacuation-slide-S-CAPEPOD.jpg","contentUrl":"https:\/\/www.evakuierungsstuhl.de\/wp-content\/uploads\/2024\/06\/Bariatric-evacuation-slide-S-CAPEPOD.jpg","width":800,"height":533},{"@type":"BreadcrumbList","@id":"https:\/\/www.evakuierungsstuhl.de\/product\/s-capepod-bariatric-evacuatiedoek\/#breadcrumb","itemListElement":[{"@type":"ListItem","position":1,"name":"Home","item":"https:\/\/www.evakuierungsstuhl.de\/"},{"@type":"ListItem","position":2,"name":"Winkel","item":"https:\/\/www.evakuierungsstuhl.de\/winkel\/"},{"@type":"ListItem","position":3,"name":"S-Capepod Bariatric Evacuation Sheets"}]},{"@type":"WebSite","@id":"https:\/\/www.evakuierungsstuhl.de\/#website","url":"https:\/\/www.evakuierungsstuhl.de\/","name":"Experte f\u00fcr Evakuierung","description":"Der Experte f\u00fcr Evakuierung","potentialAction":[{"@type":"SearchAction","target":{"@type":"EntryPoint","urlTemplate":"https:\/\/www.evakuierungsstuhl.de\/?s={search_term_string}"},"query-input":{"@type":"PropertyValueSpecification","valueRequired":true,"valueName":"search_term_string"}}],"inLanguage":"de"}]}},"_links":{"self":[{"href":"https:\/\/www.evakuierungsstuhl.de\/de\/wp-json\/wp\/v2\/product\/1008","targetHints":{"allow":["GET"]}}],"collection":[{"href":"https:\/\/www.evakuierungsstuhl.de\/de\/wp-json\/wp\/v2\/product"}],"about":[{"href":"https:\/\/www.evakuierungsstuhl.de\/de\/wp-json\/wp\/v2\/types\/product"}],"replies":[{"embeddable":true,"href":"https:\/\/www.evakuierungsstuhl.de\/de\/wp-json\/wp\/v2\/comments?post=1008"}],"version-history":[{"count":1,"href":"https:\/\/www.evakuierungsstuhl.de\/de\/wp-json\/wp\/v2\/product\/1008\/revisions"}],"predecessor-version":[{"id":1645,"href":"https:\/\/www.evakuierungsstuhl.de\/de\/wp-json\/wp\/v2\/product\/1008\/revisions\/1645"}],"wp:featuredmedia":[{"embeddable":true,"href":"https:\/\/www.evakuierungsstuhl.de\/de\/wp-json\/wp\/v2\/media\/1011"}],"wp:attachment":[{"href":"https:\/\/www.evakuierungsstuhl.de\/de\/wp-json\/wp\/v2\/media?parent=1008"}],"wp:term":[{"taxonomy":"product_brand","embeddable":true,"href":"https:\/\/www.evakuierungsstuhl.de\/de\/wp-json\/wp\/v2\/product_brand?post=1008"},{"taxonomy":"product_cat","embeddable":true,"href":"https:\/\/www.evakuierungsstuhl.de\/de\/wp-json\/wp\/v2\/product_cat?post=1008"},{"taxonomy":"product_tag","embeddable":true,"href":"https:\/\/www.evakuierungsstuhl.de\/de\/wp-json\/wp\/v2\/product_tag?post=1008"}],"curies":[{"name":"wp","href":"https:\/\/api.w.org\/{rel}","templated":true}]}}