{"id":1680,"date":"2025-06-19T09:55:25","date_gmt":"2025-06-19T08:55:25","guid":{"rendered":"https:\/\/www.evakuierungsstuhl.de\/?page_id=1680"},"modified":"2025-06-19T09:56:56","modified_gmt":"2025-06-19T08:56:56","slug":"ensafe-evakuierungsstuhle-und-evakuierungsmatratzen","status":"publish","type":"page","link":"https:\/\/www.evakuierungsstuhl.de\/de\/ensafe-evacuatiestoelen-en-evacuatiematrassen\/","title":{"rendered":"Ensafe Evakuierungsst\u00fchle und Evakuierungsmatratzen"},"content":{"rendered":"<p>Wir treffen regelm\u00e4\u00dfig auf neue Lieferanten und Hersteller.  Sie kommen oft auf uns zu und fragen, ob wir ihre Produkte in unser Programm aufnehmen m\u00f6chten.<\/p>\n\n\n\n<p>Nur Evakuierungsst\u00fchle und andere Evakuierungshilfen, die unseren Kunden wirklich etwas bringen, werden in unser Sortiment aufgenommen.<\/p>\n\n\n\n<p>Die Evakuierungsinstrumente von <a href=\"http:\/\/ensafe.one\">Ensafe<\/a> in Polen haben den Test bestanden.<\/p>\n\n\n\n<p>Die beiden Inhaber, ehemalige Feuerwehrleute, haben sich 2018 auf den Weg gemacht, um die Probleme zu l\u00f6sen, die sie bei ihrer fr\u00fcheren Arbeit hatten. Inzwischen haben sie zwei wichtige Auszeichnungen der polnischen Regierung f\u00fcr die Weiterentwicklung der Evakuierungsst\u00fchle erhalten.<\/p>\n\n\n\n<p>Es ist ihnen gelungen, echte neue Erkenntnisse in die Evakuierungsst\u00fchle einzubauen.<\/p>\n\n\n\n<p>Jeder kennt die <a href=\"https:\/\/www.evakuierungsstuhl.de\/de\/produkt\/600h-evacchair-mit-tragegriff\/\">Evac+St\u00fchle<\/a>, <a href=\"https:\/\/www.evakuierungsstuhl.de\/de\/produkt\/escape-stuhl-volt-batteriebetrieben\/\">Fluchtst\u00fchle<\/a>, <a href=\"https:\/\/www.evakuierungsstuhl.de\/de\/produkt\/exzellenter-evakuierungsstuhl-mit-fusstutze-und-armlehnen\/\">Evacusafe<\/a> Evakuierungshilfen und andere Marken aus unserem Sortiment.<\/p>\n\n\n\n<p>Ensafe f\u00fchrte umfangreiche Untersuchungen zur Ergonomie sowohl f\u00fcr den Bediener als auch f\u00fcr den Fahrgast durch und untersuchte die m\u00f6glichen Risiken im Detail<\/p>\n\n\n\n<p>Deshalb haben sie den Trepsafe f\u00fcr die Evakuierungsst\u00fchle Everrest und Falcon entwickelt.<\/p>\n\n\n\n<p>Dieser Terpsafe verhindert, dass der Evakuierungsstuhl mit seinen Vorderr\u00e4dern die erste Stufe \u00fcberf\u00e4hrt.<\/p>\n\n\n\n<p>Das macht die Sicherheit in Stressmomenten noch besser.<\/p>\n\n\n\n<p>Dies ist nur eine der \u00c4nderungen, die sie vorgenommen haben.<\/p>\n\n\n\n<p>Eines der Dinge, die uns sehr gefallen haben, ist, dass die Evakuierungswerkzeuge in Polen hergestellt werden. Im Hinblick auf Nachhaltigkeit und weniger Transport ist dies eine weitere Entwicklung unseres Wunsches, nachhaltiger zu werden, da unser Strom, den wir verwenden, bereits nachhaltig erzeugt wird.<\/p>\n\n\n\n<p>M\u00f6chten Sie wissen, welche weiteren bahnbrechenden \u00c4nderungen die neue Reihe von Evakuierungsst\u00fchlen aufweist, und die Materialien sehen und testen?<\/p>\n\n\n\n<p>Nehmen Sie <a href=\"https:\/\/www.evakuierungsstuhl.de\/de\/kontakt\/\">Kontakt<\/a> an und wir vereinbaren einen Beratungstermin und\/oder eine Vorf\u00fchrung bei Ihnen vor Ort.<\/p>","protected":false},"excerpt":{"rendered":"<p>Regelmatig zien wij nieuwe leveranciers en fabrikanten voorbij komen. &nbsp;Vaak benaderen ze ons of wij hun produkten willen meenemen in ons programma. Alleen evacuatiestoelen en overige evacuatiehulpmiddelen die voor onze klanten echt iets toevoegen nemen wij op in ons programma. De evacuatiehulpmiddelen van Ensafe in Polen hebben de test doorstaan. Opgericht in 2018 hebben de [&hellip;]<\/p>\n","protected":false},"author":2,"featured_media":0,"parent":0,"menu_order":0,"comment_status":"closed","ping_status":"closed","template":"","meta":{"_acf_changed":false,"footnotes":""},"class_list":["post-1680","page","type-page","status-publish","hentry"],"acf":[],"yoast_head":"<!-- This site is optimized with the Yoast SEO plugin v27.2 - https:\/\/yoast.com\/product\/yoast-seo-wordpress\/ -->\n<title>Ensafe evacuatiestoelen en evacuatiematrassen - Evacuatieexpert<\/title>\n<meta name=\"robots\" content=\"index, follow, max-snippet:-1, max-image-preview:large, max-video-preview:-1\" \/>\n<link rel=\"canonical\" href=\"https:\/\/www.evakuierungsstuhl.de\/de\/ensafe-evakuierungsstuhle-und-evakuierungsmatratzen\/\" \/>\n<meta property=\"og:locale\" content=\"de_DE\" \/>\n<meta property=\"og:type\" content=\"article\" \/>\n<meta property=\"og:title\" content=\"Ensafe evacuatiestoelen en evacuatiematrassen - Evacuatieexpert\" \/>\n<meta property=\"og:description\" content=\"Regelmatig zien wij nieuwe leveranciers en fabrikanten voorbij komen. &nbsp;Vaak benaderen ze ons of wij hun produkten willen meenemen in ons programma. Alleen evacuatiestoelen en overige evacuatiehulpmiddelen die voor onze klanten echt iets toevoegen nemen wij op in ons programma. De evacuatiehulpmiddelen van Ensafe in Polen hebben de test doorstaan. Opgericht in 2018 hebben de [&hellip;]\" \/>\n<meta property=\"og:url\" content=\"https:\/\/www.evakuierungsstuhl.de\/de\/ensafe-evakuierungsstuhle-und-evakuierungsmatratzen\/\" \/>\n<meta property=\"og:site_name\" content=\"Evacuatieexpert\" \/>\n<meta property=\"article:modified_time\" content=\"2025-06-19T08:56:56+00:00\" \/>\n<meta name=\"twitter:card\" content=\"summary_large_image\" \/>\n<meta name=\"twitter:label1\" content=\"Gesch\u00e4tzte Lesezeit\" \/>\n\t<meta name=\"twitter:data1\" content=\"2\u00a0Minuten\" \/>\n<script type=\"application\/ld+json\" class=\"yoast-schema-graph\">{\"@context\":\"https:\/\/schema.org\",\"@graph\":[{\"@type\":\"WebPage\",\"@id\":\"https:\/\/www.evakuierungsstuhl.de\/ensafe-evacuatiestoelen-en-evacuatiematrassen\/\",\"url\":\"https:\/\/www.evakuierungsstuhl.de\/ensafe-evacuatiestoelen-en-evacuatiematrassen\/\",\"name\":\"Ensafe evacuatiestoelen en evacuatiematrassen - Evacuatieexpert\",\"isPartOf\":{\"@id\":\"https:\/\/www.evakuierungsstuhl.de\/#website\"},\"datePublished\":\"2025-06-19T08:55:25+00:00\",\"dateModified\":\"2025-06-19T08:56:56+00:00\",\"breadcrumb\":{\"@id\":\"https:\/\/www.evakuierungsstuhl.de\/ensafe-evacuatiestoelen-en-evacuatiematrassen\/#breadcrumb\"},\"inLanguage\":\"de\",\"potentialAction\":[{\"@type\":\"ReadAction\",\"target\":[\"https:\/\/www.evakuierungsstuhl.de\/ensafe-evacuatiestoelen-en-evacuatiematrassen\/\"]}]},{\"@type\":\"BreadcrumbList\",\"@id\":\"https:\/\/www.evakuierungsstuhl.de\/ensafe-evacuatiestoelen-en-evacuatiematrassen\/#breadcrumb\",\"itemListElement\":[{\"@type\":\"ListItem\",\"position\":1,\"name\":\"Home\",\"item\":\"https:\/\/www.evakuierungsstuhl.de\/\"},{\"@type\":\"ListItem\",\"position\":2,\"name\":\"Ensafe evacuatiestoelen en evacuatiematrassen\"}]},{\"@type\":\"WebSite\",\"@id\":\"https:\/\/www.evakuierungsstuhl.de\/#website\",\"url\":\"https:\/\/www.evakuierungsstuhl.de\/\",\"name\":\"Evacuatieexpert\",\"description\":\"De expert in evacuatie\",\"potentialAction\":[{\"@type\":\"SearchAction\",\"target\":{\"@type\":\"EntryPoint\",\"urlTemplate\":\"https:\/\/www.evakuierungsstuhl.de\/?s={search_term_string}\"},\"query-input\":{\"@type\":\"PropertyValueSpecification\",\"valueRequired\":true,\"valueName\":\"search_term_string\"}}],\"inLanguage\":\"de\"}]}<\/script>\n<!-- \/ Yoast SEO plugin. -->","yoast_head_json":{"title":"Ensafe Evakuierungsst\u00fchle und Evakuierungsmatratzen - Evacuation Expert","robots":{"index":"index","follow":"follow","max-snippet":"max-snippet:-1","max-image-preview":"max-image-preview:large","max-video-preview":"max-video-preview:-1"},"canonical":"https:\/\/www.evakuierungsstuhl.de\/de\/ensafe-evakuierungsstuhle-und-evakuierungsmatratzen\/","og_locale":"de_DE","og_type":"article","og_title":"Ensafe evacuatiestoelen en evacuatiematrassen - Evacuatieexpert","og_description":"Regelmatig zien wij nieuwe leveranciers en fabrikanten voorbij komen. &nbsp;Vaak benaderen ze ons of wij hun produkten willen meenemen in ons programma. Alleen evacuatiestoelen en overige evacuatiehulpmiddelen die voor onze klanten echt iets toevoegen nemen wij op in ons programma. De evacuatiehulpmiddelen van Ensafe in Polen hebben de test doorstaan. Opgericht in 2018 hebben de [&hellip;]","og_url":"https:\/\/www.evakuierungsstuhl.de\/de\/ensafe-evakuierungsstuhle-und-evakuierungsmatratzen\/","og_site_name":"Evacuatieexpert","article_modified_time":"2025-06-19T08:56:56+00:00","twitter_card":"summary_large_image","twitter_misc":{"Gesch\u00e4tzte Lesezeit":"2\u00a0Minuten"},"schema":{"@context":"https:\/\/schema.org","@graph":[{"@type":"WebPage","@id":"https:\/\/www.evakuierungsstuhl.de\/ensafe-evacuatiestoelen-en-evacuatiematrassen\/","url":"https:\/\/www.evakuierungsstuhl.de\/ensafe-evacuatiestoelen-en-evacuatiematrassen\/","name":"Ensafe Evakuierungsst\u00fchle und Evakuierungsmatratzen - Evacuation Expert","isPartOf":{"@id":"https:\/\/www.evakuierungsstuhl.de\/#website"},"datePublished":"2025-06-19T08:55:25+00:00","dateModified":"2025-06-19T08:56:56+00:00","breadcrumb":{"@id":"https:\/\/www.evakuierungsstuhl.de\/ensafe-evacuatiestoelen-en-evacuatiematrassen\/#breadcrumb"},"inLanguage":"de","potentialAction":[{"@type":"ReadAction","target":["https:\/\/www.evakuierungsstuhl.de\/ensafe-evacuatiestoelen-en-evacuatiematrassen\/"]}]},{"@type":"BreadcrumbList","@id":"https:\/\/www.evakuierungsstuhl.de\/ensafe-evacuatiestoelen-en-evacuatiematrassen\/#breadcrumb","itemListElement":[{"@type":"ListItem","position":1,"name":"Home","item":"https:\/\/www.evakuierungsstuhl.de\/"},{"@type":"ListItem","position":2,"name":"Ensafe evacuatiestoelen en evacuatiematrassen"}]},{"@type":"WebSite","@id":"https:\/\/www.evakuierungsstuhl.de\/#website","url":"https:\/\/www.evakuierungsstuhl.de\/","name":"Experte f\u00fcr Evakuierung","description":"Der Experte f\u00fcr Evakuierung","potentialAction":[{"@type":"SearchAction","target":{"@type":"EntryPoint","urlTemplate":"https:\/\/www.evakuierungsstuhl.de\/?s={search_term_string}"},"query-input":{"@type":"PropertyValueSpecification","valueRequired":true,"valueName":"search_term_string"}}],"inLanguage":"de"}]}},"_links":{"self":[{"href":"https:\/\/www.evakuierungsstuhl.de\/de\/wp-json\/wp\/v2\/pages\/1680","targetHints":{"allow":["GET"]}}],"collection":[{"href":"https:\/\/www.evakuierungsstuhl.de\/de\/wp-json\/wp\/v2\/pages"}],"about":[{"href":"https:\/\/www.evakuierungsstuhl.de\/de\/wp-json\/wp\/v2\/types\/page"}],"author":[{"embeddable":true,"href":"https:\/\/www.evakuierungsstuhl.de\/de\/wp-json\/wp\/v2\/users\/2"}],"replies":[{"embeddable":true,"href":"https:\/\/www.evakuierungsstuhl.de\/de\/wp-json\/wp\/v2\/comments?post=1680"}],"version-history":[{"count":2,"href":"https:\/\/www.evakuierungsstuhl.de\/de\/wp-json\/wp\/v2\/pages\/1680\/revisions"}],"predecessor-version":[{"id":1682,"href":"https:\/\/www.evakuierungsstuhl.de\/de\/wp-json\/wp\/v2\/pages\/1680\/revisions\/1682"}],"wp:attachment":[{"href":"https:\/\/www.evakuierungsstuhl.de\/de\/wp-json\/wp\/v2\/media?parent=1680"}],"curies":[{"name":"wp","href":"https:\/\/api.w.org\/{rel}","templated":true}]}}