{"id":1671,"date":"2025-06-18T16:26:56","date_gmt":"2025-06-18T15:26:56","guid":{"rendered":"https:\/\/www.evakuierungsstuhl.de\/?page_id=1671"},"modified":"2025-06-18T16:26:57","modified_gmt":"2025-06-18T15:26:57","slug":"evac-stuhl-kaufen","status":"publish","type":"page","link":"https:\/\/www.evakuierungsstuhl.de\/de\/evac-chair-kopen\/","title":{"rendered":"Evac-Chair kaufen."},"content":{"rendered":"<p>Evac+chair Evakuierungsstuhl.<\/p>\n\n\n\n<p>Der Evac+-Stuhl ist bei weitem der bekannteste Evakuierungsstuhl. Die gelben Hussen sind an vielen Orten zu finden, an denen es einen Aufzug gibt. Denn im Notfall kann der Aufzug nicht benutzt werden.<\/p>\n\n\n\n<p>Durch den Einsatz von Evac+St\u00fchlen konnten bereits viele Leben gerettet und Menschen auf der ganzen Welt in Sicherheit gebracht werden.<\/p>\n\n\n\n<p>Der Evacchair ist einfach zu bedienen und erm\u00f6glicht es einer Person, eine andere zu evakuieren.<\/p>\n\n\n\n<p>Anpassungen Evac+Stuhl<\/p>\n\n\n\n<p>Im Laufe der Zeit wurden an den verschiedenen Modellen \u00c4nderungen vorgenommen, die die bereits gute Vermittelbarkeit weiter verbessern.<\/p>\n\n\n\n<p>So sind die beiden hinteren R\u00e4der vergr\u00f6\u00dfert worden. Dadurch l\u00e4sst sich der Evakuierungsstuhl leicht zum Sammelplatz fahren.<\/p>\n\n\n\n<p>Der St\u00e4nder ist mit einer Gasfeder ausgestattet. Der St\u00e4nder bewegt sich automatisch in die richtige Position. Die alten St\u00e4nder mussten mit einem Fu\u00df herausgezogen werden.<\/p>\n\n\n\n<p>Maximales Gewicht <a href=\"https:\/\/www.evakuierungsstuhl.de\/de\/produkt\/evacchair-mk5-mit-fusstutze\/\">Evac+Stuhl 300<\/a> und 300fs<\/p>\n\n\n\n<p>Das maximal zul\u00e4ssige Gewicht f\u00fcr den Evac+-Stuhl wurde auf 185 KG erh\u00f6ht. Dies erm\u00f6glicht es dem Evakuierungsstuhl, die meisten Personen zu transportieren.<\/p>\n\n\n\n<p>In der Zwischenzeit war die Firma Evacchair nicht unt\u00e4tig und hat einen Evakuierungsstuhl entwickelt, der ein noch h\u00f6heres Tragegewicht hat. Der <a href=\"https:\/\/www.evakuierungsstuhl.de\/de\/produkt\/evakuierungsstuhl-500amb-evakuierungsstuhl\/\">Evac+Stuhl 500<\/a> wurde zusammen mit Krankenh\u00e4usern entwickelt und hat eine Tragf\u00e4higkeit von nicht weniger als 227 KG.<\/p>\n\n\n\n<p>Evakuierungstreppe<\/p>\n\n\n\n<p>An einigen Orten gibt es keine andere M\u00f6glichkeit als die Evakuierung \u00fcber eine Treppe. Da die Standard-Evakuierungsst\u00fchle f\u00fcr die Evakuierung \u00fcber die Treppe gebaut sind, haben sie auch einen Evakuierungsstuhl entwickelt, <a href=\"https:\/\/www.evakuierungsstuhl.de\/de\/produkt\/600h-evacchair-mit-tragegriff\/\">n\u00e4mlich den Evac+Chair 600H,<\/a> \u00dcber die Treppe zu evakuieren.<\/p>\n\n\n\n<p>Dieser Evakuierungsstuhl hat zwei Griffe an der Vorderseite und einen Tragegriff an der R\u00fcckseite.<\/p>\n\n\n\n<p>Qualit\u00e4t und Sicherheit<\/p>\n\n\n\n<p>Inzwischen haben wir mehrere Marken in unserem Sortiment, darunter Escape-Chair von Escape Mobility, The Evac+Chair, Evacusafe, Spencer und Ensafe<\/p>\n\n\n\n<p>T\u00fcV-gepr\u00fcft<\/p>\n\n\n\n<p>Alle von Evac vertriebenen Evakuierungsst\u00fchle sind T\u00fcV-gepr\u00fcft und entsprechen selbstverst\u00e4ndlich allen geltenden Gesetzen und Vorschriften.<\/p>\n\n\n\n<p>Welches passt zu Ihnen?<\/p>\n\n\n\n<p>Es gibt mehrere Optionen, und es gibt einen gro\u00dfen Unterschied in der Benutzerfreundlichkeit. <\/p>\n\n\n\n<p>Die Frage, welcher Evakuierungsstuhl f\u00fcr Ihre Situation am besten geeignet ist, k\u00f6nnen wir leicht beantworten. Nehmen Sie Kontakt mit uns auf, um Antworten auf Ihre Fragen zu erhalten.<\/p>\n\n\n\n<p>Kostenlose Tests<\/p>\n\n\n\n<p>Unsere Experten haben jahrelange Erfahrung mit praktisch allen Marken von Evakuierungsger\u00e4ten und verf\u00fcgen \u00fcber das richtige Fachwissen, um Ihre FAFS-Organisation zu unterst\u00fctzen.<\/p>\n\n\n\n<p>Sie laden uns ein?  Dann kommen wir mit den verschiedenen L\u00f6sungen zu Ihnen ins Haus und geben Ihnen die M\u00f6glichkeit, die verschiedenen Modelle und L\u00f6sungen zu testen.<\/p>\n\n\n\n<p>Kontrolle und Wartung der Evakuierungsausr\u00fcstung.<\/p>\n\n\n\n<p>Alle Hersteller von Evakuierungsst\u00fchlen empfehlen eine regelm\u00e4\u00dfige Wartung und Inspektion durch zertifizierte Experten. Evacuationexpert.de geh\u00f6rt zu den zertifizierten Unternehmen, die die Wartung Ihrer Ger\u00e4te durchf\u00fchren.<\/p>\n\n\n\n<p>Wartung und Kontrolle stellen sicher, dass sich Ihre Ausr\u00fcstung in optimalem Zustand befindet und tats\u00e4chlich einsatzbereit ist, wenn es darauf ankommt.<\/p>\n\n\n\n<p>Wenn die Entscheidung f\u00fcr den Kauf von Evakuierungsausr\u00fcstung gefallen ist, ist die Ausbildung ein wichtiger Bestandteil. Evacuatieexpert.nl ist auch f\u00fcr die Schulung die richtige Adresse. Da unsere Experten t\u00e4glich mit verschiedenen Evakuierungsst\u00fchlen arbeiten, haben sie die n\u00f6tige Erfahrung, um Ihr Personal richtig zu schulen.<\/p>\n\n\n\n<p>F\u00fcr Informationen oder ein Angebot k\u00f6nnen Sie uns gerne kontaktieren.<\/p>\n\n\n\n<p>Manche Organisationen denken, dass sie mit dem Kauf eines Evakuierungsstuhls alles richtig gemacht haben. Schlie\u00dflich wird der Evakuierungsstuhl mit etwas Gl\u00fcck nur bei der j\u00e4hrlichen \u00dcbung ausgeklappt.<\/p>\n\n\n\n<p>Evakuierungsst\u00fchle verwenden in den allermeisten F\u00e4llen Gummigleitb\u00e4nder, um die Person kontrolliert die Treppe hinunter zu bringen. Wie bei jedem Bauteil, bei dem Gummi eine wichtige Rolle spielt, halten auch diese Gleitb\u00e4nder nicht ewig.<\/p>\n\n\n\n<p>Die Gleitb\u00e4nder verlieren mit der Zeit an Flexibilit\u00e4t, was zu kleinen Rissen in der<\/p>\n\n\n\n<p>rutschende B\u00e4nder auftreten. Au\u00dferdem k\u00f6nnen die Rollen, die diese Gleitb\u00e4nder f\u00fchren, stecken bleiben. Veraltete Gleitb\u00e4nder sind hart und lassen sich nicht mehr ausreichend eindr\u00fccken, wodurch zu wenig Reibung entsteht, um dem Evakuierungsstuhl gen\u00fcgend Bremskraft zu verleihen. Stellen Sie sich das so vor, als w\u00fcrden Sie ohne Bremse den Berg hinunterfahren.<\/p>\n\n\n\n<p>EIN SOFORTIGES UND UNVERBINDLICHES ANGEBOT?\u00a0 <a href=\"https:\/\/www.evakuierungsstuhl.de\/de\/kontakt\/\">&gt; Klicken Sie hier &lt;<\/a><\/p>\n\n\n\n<p>Wartung und Kosten der Evakuierungsst\u00fchle<\/p>\n\n\n\n<p>Machen Sie sich Gedanken \u00fcber die Kosten der vorbeugenden Inspektion und Wartung? Diese Kosten sind um ein Vielfaches niedriger als der Kauf eines neuen Stuhls. Wenn der Evakuierungsstuhl regelm\u00e4\u00dfig gewartet wird, kann er Jahrzehnte lang halten. Und Sie k\u00f6nnen sicher sein, dass ein sicherer Betrieb gew\u00e4hrleistet ist.<\/p>\n\n\n\n<p>Das Letzte, was Sie wollen, ist, im Moment des Alarms festzustellen, dass der Evakuierungsstuhl nicht funktioniert oder dass es niemanden gibt, der ihn bedienen kann.<\/p>\n\n\n\n<p>Wir bieten mehrere M\u00f6glichkeiten, um dieser Situation zu entgehen.<\/p>\n\n\n\n<p>Wartung des Evakuierungsstuhls. Ihr Evakuierungsstuhl wird an 24 Punkten gepr\u00fcft und getestet.<\/p>\n\n\n\n<p>Wartung des Evakuierungsstuhls und Training f\u00fcr 6 Personen. Ihr Evakuierungsstuhl wird an 24 Punkten gepr\u00fcft und getestet.<\/p>\n\n\n\n<p>Wartungs- und\/oder Schulungsvertrag mit j\u00e4hrlicher Wartung und Schulung. Ihr Evakuierungsstuhl wird an 24 Punkten gepr\u00fcft und getestet, einschlie\u00dflich der Teile und eines m\u00f6glichen \"Leihstuhls\" (f\u00fcr den Fall, dass ein Defekt nicht vor Ort behoben werden kann).<\/p>\n\n\n\n<p>Wir k\u00f6nnen auch Benutzerschulungen f\u00fcr Ihre Evakuierungsausr\u00fcstung anbieten. Unabh\u00e4ngig von der Marke. Klicken Sie hier f\u00fcr Trainingskurse.<\/p>\n\n\n\n<p>Wir bieten L\u00f6sungen f\u00fcr alle Marken von Evakuierungsst\u00fchlen. Bitte kontaktieren Sie uns f\u00fcr weitere Informationen. Bei Bedarf \u00fcbernehmen wir die Herstellergarantie von Ihrem Lieferanten.<\/p>","protected":false},"excerpt":{"rendered":"<p>Evac+chair evacuatiestoel. De Evac+chair is veruit de bekendste evacuatiestoel. De gele afdekhoezen kom je tegen op heel veel locaties waar een lift aanwezig is. Ingeval van een calamiteit kan de lift immers niet gebruikt worden. Door de inzet van de Evac+chairs zijn wereldwijd al vele levens gered en personen in veiligheid gebracht. De Evacchair is [&hellip;]<\/p>\n","protected":false},"author":2,"featured_media":0,"parent":0,"menu_order":0,"comment_status":"closed","ping_status":"closed","template":"","meta":{"_acf_changed":false,"footnotes":""},"class_list":["post-1671","page","type-page","status-publish","hentry"],"acf":[],"yoast_head":"<!-- This site is optimized with the Yoast SEO plugin v27.2 - https:\/\/yoast.com\/product\/yoast-seo-wordpress\/ -->\n<title>Evac-Chair kopen. - Evacuatieexpert<\/title>\n<meta name=\"robots\" content=\"index, follow, max-snippet:-1, max-image-preview:large, max-video-preview:-1\" \/>\n<link rel=\"canonical\" href=\"https:\/\/www.evakuierungsstuhl.de\/de\/evac-stuhl-kaufen\/\" \/>\n<meta property=\"og:locale\" content=\"de_DE\" \/>\n<meta property=\"og:type\" content=\"article\" \/>\n<meta property=\"og:title\" content=\"Evac-Chair kopen. - Evacuatieexpert\" \/>\n<meta property=\"og:description\" content=\"Evac+chair evacuatiestoel. De Evac+chair is veruit de bekendste evacuatiestoel. De gele afdekhoezen kom je tegen op heel veel locaties waar een lift aanwezig is. Ingeval van een calamiteit kan de lift immers niet gebruikt worden. Door de inzet van de Evac+chairs zijn wereldwijd al vele levens gered en personen in veiligheid gebracht. De Evacchair is [&hellip;]\" \/>\n<meta property=\"og:url\" content=\"https:\/\/www.evakuierungsstuhl.de\/de\/evac-stuhl-kaufen\/\" \/>\n<meta property=\"og:site_name\" content=\"Evacuatieexpert\" \/>\n<meta property=\"article:modified_time\" content=\"2025-06-18T15:26:57+00:00\" \/>\n<meta name=\"twitter:card\" content=\"summary_large_image\" \/>\n<meta name=\"twitter:label1\" content=\"Gesch\u00e4tzte Lesezeit\" \/>\n\t<meta name=\"twitter:data1\" content=\"5\u00a0Minuten\" \/>\n<script type=\"application\/ld+json\" class=\"yoast-schema-graph\">{\"@context\":\"https:\/\/schema.org\",\"@graph\":[{\"@type\":\"WebPage\",\"@id\":\"https:\/\/www.evakuierungsstuhl.de\/evac-chair-kopen\/\",\"url\":\"https:\/\/www.evakuierungsstuhl.de\/evac-chair-kopen\/\",\"name\":\"Evac-Chair kopen. - Evacuatieexpert\",\"isPartOf\":{\"@id\":\"https:\/\/www.evakuierungsstuhl.de\/#website\"},\"datePublished\":\"2025-06-18T15:26:56+00:00\",\"dateModified\":\"2025-06-18T15:26:57+00:00\",\"breadcrumb\":{\"@id\":\"https:\/\/www.evakuierungsstuhl.de\/evac-chair-kopen\/#breadcrumb\"},\"inLanguage\":\"de\",\"potentialAction\":[{\"@type\":\"ReadAction\",\"target\":[\"https:\/\/www.evakuierungsstuhl.de\/evac-chair-kopen\/\"]}]},{\"@type\":\"BreadcrumbList\",\"@id\":\"https:\/\/www.evakuierungsstuhl.de\/evac-chair-kopen\/#breadcrumb\",\"itemListElement\":[{\"@type\":\"ListItem\",\"position\":1,\"name\":\"Home\",\"item\":\"https:\/\/www.evakuierungsstuhl.de\/\"},{\"@type\":\"ListItem\",\"position\":2,\"name\":\"Evac-Chair kopen.\"}]},{\"@type\":\"WebSite\",\"@id\":\"https:\/\/www.evakuierungsstuhl.de\/#website\",\"url\":\"https:\/\/www.evakuierungsstuhl.de\/\",\"name\":\"Evacuatieexpert\",\"description\":\"De expert in evacuatie\",\"potentialAction\":[{\"@type\":\"SearchAction\",\"target\":{\"@type\":\"EntryPoint\",\"urlTemplate\":\"https:\/\/www.evakuierungsstuhl.de\/?s={search_term_string}\"},\"query-input\":{\"@type\":\"PropertyValueSpecification\",\"valueRequired\":true,\"valueName\":\"search_term_string\"}}],\"inLanguage\":\"de\"}]}<\/script>\n<!-- \/ Yoast SEO plugin. -->","yoast_head_json":{"title":"Evac-Chair kaufen. - Experte f\u00fcr Evakuierung","robots":{"index":"index","follow":"follow","max-snippet":"max-snippet:-1","max-image-preview":"max-image-preview:large","max-video-preview":"max-video-preview:-1"},"canonical":"https:\/\/www.evakuierungsstuhl.de\/de\/evac-stuhl-kaufen\/","og_locale":"de_DE","og_type":"article","og_title":"Evac-Chair kopen. - Evacuatieexpert","og_description":"Evac+chair evacuatiestoel. De Evac+chair is veruit de bekendste evacuatiestoel. De gele afdekhoezen kom je tegen op heel veel locaties waar een lift aanwezig is. Ingeval van een calamiteit kan de lift immers niet gebruikt worden. Door de inzet van de Evac+chairs zijn wereldwijd al vele levens gered en personen in veiligheid gebracht. De Evacchair is [&hellip;]","og_url":"https:\/\/www.evakuierungsstuhl.de\/de\/evac-stuhl-kaufen\/","og_site_name":"Evacuatieexpert","article_modified_time":"2025-06-18T15:26:57+00:00","twitter_card":"summary_large_image","twitter_misc":{"Gesch\u00e4tzte Lesezeit":"5\u00a0Minuten"},"schema":{"@context":"https:\/\/schema.org","@graph":[{"@type":"WebPage","@id":"https:\/\/www.evakuierungsstuhl.de\/evac-chair-kopen\/","url":"https:\/\/www.evakuierungsstuhl.de\/evac-chair-kopen\/","name":"Evac-Chair kaufen. - Experte f\u00fcr Evakuierung","isPartOf":{"@id":"https:\/\/www.evakuierungsstuhl.de\/#website"},"datePublished":"2025-06-18T15:26:56+00:00","dateModified":"2025-06-18T15:26:57+00:00","breadcrumb":{"@id":"https:\/\/www.evakuierungsstuhl.de\/evac-chair-kopen\/#breadcrumb"},"inLanguage":"de","potentialAction":[{"@type":"ReadAction","target":["https:\/\/www.evakuierungsstuhl.de\/evac-chair-kopen\/"]}]},{"@type":"BreadcrumbList","@id":"https:\/\/www.evakuierungsstuhl.de\/evac-chair-kopen\/#breadcrumb","itemListElement":[{"@type":"ListItem","position":1,"name":"Home","item":"https:\/\/www.evakuierungsstuhl.de\/"},{"@type":"ListItem","position":2,"name":"Evac-Chair kopen."}]},{"@type":"WebSite","@id":"https:\/\/www.evakuierungsstuhl.de\/#website","url":"https:\/\/www.evakuierungsstuhl.de\/","name":"Experte f\u00fcr Evakuierung","description":"Der Experte f\u00fcr Evakuierung","potentialAction":[{"@type":"SearchAction","target":{"@type":"EntryPoint","urlTemplate":"https:\/\/www.evakuierungsstuhl.de\/?s={search_term_string}"},"query-input":{"@type":"PropertyValueSpecification","valueRequired":true,"valueName":"search_term_string"}}],"inLanguage":"de"}]}},"_links":{"self":[{"href":"https:\/\/www.evakuierungsstuhl.de\/de\/wp-json\/wp\/v2\/pages\/1671","targetHints":{"allow":["GET"]}}],"collection":[{"href":"https:\/\/www.evakuierungsstuhl.de\/de\/wp-json\/wp\/v2\/pages"}],"about":[{"href":"https:\/\/www.evakuierungsstuhl.de\/de\/wp-json\/wp\/v2\/types\/page"}],"author":[{"embeddable":true,"href":"https:\/\/www.evakuierungsstuhl.de\/de\/wp-json\/wp\/v2\/users\/2"}],"replies":[{"embeddable":true,"href":"https:\/\/www.evakuierungsstuhl.de\/de\/wp-json\/wp\/v2\/comments?post=1671"}],"version-history":[{"count":1,"href":"https:\/\/www.evakuierungsstuhl.de\/de\/wp-json\/wp\/v2\/pages\/1671\/revisions"}],"predecessor-version":[{"id":1672,"href":"https:\/\/www.evakuierungsstuhl.de\/de\/wp-json\/wp\/v2\/pages\/1671\/revisions\/1672"}],"wp:attachment":[{"href":"https:\/\/www.evakuierungsstuhl.de\/de\/wp-json\/wp\/v2\/media?parent=1671"}],"curies":[{"name":"wp","href":"https:\/\/api.w.org\/{rel}","templated":true}]}}