{"id":1521,"date":"2024-10-09T10:34:14","date_gmt":"2024-10-09T09:34:14","guid":{"rendered":"https:\/\/www.evakuierungsstuhl.de\/?page_id=1521"},"modified":"2024-10-09T10:40:40","modified_gmt":"2024-10-09T09:40:40","slug":"unverbindliche-beratung-und-vorfuhrung-vor-ort","status":"publish","type":"page","link":"https:\/\/www.evakuierungsstuhl.de\/de\/vrijblijvend-advies-en-demonstratie-op-locatie\/","title":{"rendered":"Unverbindliche Beratung und Vorf\u00fchrung vor Ort."},"content":{"rendered":"<h2 class=\"wp-block-heading\">Liefern kann jeder, E.E.H. funktioniert anders!<\/h2>\n\n\n\n<p>Wir betrachten Ihre Organisation, Ihr(e) Geb\u00e4ude und andere relevante Faktoren, um die richtige Wahl zu treffen. Auf der Grundlage dieses Fachwissens beraten wir Sie und bieten Ihnen effiziente Produkte und Dienstleistungen. In der Praxis f\u00fchrt diese Effizienz oft zu:<\/p>\n\n\n\n<ul class=\"wp-block-list\">\n<li>ein sichereres Umfeld,<\/li>\n\n\n\n<li>Keine Beeintr\u00e4chtigung der Arbeitszufriedenheit und\/oder der Freude am Wohnen<\/li>\n\n\n\n<li>Kosteneinsparungen, direkt und indirekt.<\/li>\n\n\n\n<li>Sensibilisierung Ihres Personals und\/oder Ihrer Bewohner.<\/li>\n\n\n\n<li>Breite Akzeptanz innerhalb der Organisation.<\/li>\n\n\n\n<li>bessere Rechtsposition im Falle einer Haftung.<\/li>\n<\/ul>\n\n\n\n<p>Unser Servicepaket umfasst:<\/p>\n\n\n\n<h3 class=\"wp-block-heading\">Beratung zur Evakuierung, Evakuierungsstuhl, Evakuierungsausr\u00fcstung.<\/h3>\n\n\n\n<p>Beratung \u00fcber Evakuierung, Evakuierungsausr\u00fcstung und die M\u00f6glichkeiten Ihrer eigenen Organisation. Jede Organisation hat ihre spezifischen Fragen, Merkmale, Zielgruppen und Personalausstattung. Bei Bedarf macht E.E.H. eine Bestandsaufnahme Ihrer Organisation und Ihrer Geb\u00e4ude und gibt Ihnen eine fundierte Beratung, mit der Sie arbeiten k\u00f6nnen. Dar\u00fcber hinaus unterst\u00fctzen wir verschiedene Pflegeorganisationen, Schulen und St\u00e4dte bei der korrekten Umsetzung von Evakuierungspl\u00e4nen und arbeiten mit verschiedenen Sicherheitsexperten als externe Berater zusammen.<\/p>\n\n\n\n<p><strong>Unabh\u00e4ngige Beratung und Vorf\u00fchrung vor Ort.<\/strong><\/p>\n\n\n\n<p>Als unabh\u00e4ngiger Spezialist bieten wir die M\u00f6glichkeit, verschiedene Marken, Modelle und Optionen vor Ort zu testen. <\/p>\n\n\n\n<p><strong>Ihr Vorteil?<\/strong><\/p>\n\n\n\n<p>Die Kollegen einer Hersteller werden Sie immer so beraten, dass es in ihr eigenes Sortiment passt, auch wenn es gerade nicht die beste Option ist. Wir arbeiten mit mehreren Marken zusammen und bieten Ihnen eine ma\u00dfgeschneiderte Beratung, die auf Ihre Bed\u00fcrfnisse und W\u00fcnsche zugeschnitten ist.<\/p>\n\n\n\n<p><strong>Einen Termin vereinbaren?<\/strong><\/p>\n\n\n\n<p>Bitte wenden Sie sich an <a href=\"https:\/\/www.evakuierungsstuhl.de\/de\/kontakt\/\">Kontakt<\/a> mit uns einen Termin zu vereinbaren. wir sind f\u00fcr Sie da.<\/p>","protected":false},"excerpt":{"rendered":"<p>Spullen leveren kan iedereen, Evacuatieexpert.nl werkt anders! Wij kijken met een gespecialiseerde blik naar uw organisatie, uw gebouw(en) en andere relevante factoren voor een juiste keuze. Vanuit deze expertise adviseren en leveren wij doelmatige producten en diensten. Deze doelmatigheid leidt in de praktijk vaak tot: Ons diensten pakket bestaat onder andere uit: Advies evacuatie, evacuatiestoel, [&hellip;]<\/p>\n","protected":false},"author":2,"featured_media":0,"parent":0,"menu_order":0,"comment_status":"closed","ping_status":"closed","template":"","meta":{"_acf_changed":false,"footnotes":""},"class_list":["post-1521","page","type-page","status-publish","hentry"],"acf":[],"yoast_head":"<!-- This site is optimized with the Yoast SEO plugin v27.2 - https:\/\/yoast.com\/product\/yoast-seo-wordpress\/ -->\n<title>Vrijblijvend advies en demonstratie op locatie. - Evacuatieexpert<\/title>\n<meta name=\"robots\" content=\"index, follow, max-snippet:-1, max-image-preview:large, max-video-preview:-1\" \/>\n<link rel=\"canonical\" href=\"https:\/\/www.evakuierungsstuhl.de\/de\/unverbindliche-beratung-und-vorfuhrung-vor-ort\/\" \/>\n<meta property=\"og:locale\" content=\"de_DE\" \/>\n<meta property=\"og:type\" content=\"article\" \/>\n<meta property=\"og:title\" content=\"Vrijblijvend advies en demonstratie op locatie. - Evacuatieexpert\" \/>\n<meta property=\"og:description\" content=\"Spullen leveren kan iedereen, Evacuatieexpert.nl werkt anders! Wij kijken met een gespecialiseerde blik naar uw organisatie, uw gebouw(en) en andere relevante factoren voor een juiste keuze. Vanuit deze expertise adviseren en leveren wij doelmatige producten en diensten. Deze doelmatigheid leidt in de praktijk vaak tot: Ons diensten pakket bestaat onder andere uit: Advies evacuatie, evacuatiestoel, [&hellip;]\" \/>\n<meta property=\"og:url\" content=\"https:\/\/www.evakuierungsstuhl.de\/de\/unverbindliche-beratung-und-vorfuhrung-vor-ort\/\" \/>\n<meta property=\"og:site_name\" content=\"Evacuatieexpert\" \/>\n<meta property=\"article:modified_time\" content=\"2024-10-09T09:40:40+00:00\" \/>\n<meta name=\"twitter:card\" content=\"summary_large_image\" \/>\n<meta name=\"twitter:label1\" content=\"Gesch\u00e4tzte Lesezeit\" \/>\n\t<meta name=\"twitter:data1\" content=\"2\u00a0Minuten\" \/>\n<script type=\"application\/ld+json\" class=\"yoast-schema-graph\">{\"@context\":\"https:\/\/schema.org\",\"@graph\":[{\"@type\":\"WebPage\",\"@id\":\"https:\/\/www.evakuierungsstuhl.de\/vrijblijvend-advies-en-demonstratie-op-locatie\/\",\"url\":\"https:\/\/www.evakuierungsstuhl.de\/vrijblijvend-advies-en-demonstratie-op-locatie\/\",\"name\":\"Vrijblijvend advies en demonstratie op locatie. - Evacuatieexpert\",\"isPartOf\":{\"@id\":\"https:\/\/www.evakuierungsstuhl.de\/#website\"},\"datePublished\":\"2024-10-09T09:34:14+00:00\",\"dateModified\":\"2024-10-09T09:40:40+00:00\",\"breadcrumb\":{\"@id\":\"https:\/\/www.evakuierungsstuhl.de\/vrijblijvend-advies-en-demonstratie-op-locatie\/#breadcrumb\"},\"inLanguage\":\"de\",\"potentialAction\":[{\"@type\":\"ReadAction\",\"target\":[\"https:\/\/www.evakuierungsstuhl.de\/vrijblijvend-advies-en-demonstratie-op-locatie\/\"]}]},{\"@type\":\"BreadcrumbList\",\"@id\":\"https:\/\/www.evakuierungsstuhl.de\/vrijblijvend-advies-en-demonstratie-op-locatie\/#breadcrumb\",\"itemListElement\":[{\"@type\":\"ListItem\",\"position\":1,\"name\":\"Home\",\"item\":\"https:\/\/www.evakuierungsstuhl.de\/\"},{\"@type\":\"ListItem\",\"position\":2,\"name\":\"Vrijblijvend advies en demonstratie op locatie.\"}]},{\"@type\":\"WebSite\",\"@id\":\"https:\/\/www.evakuierungsstuhl.de\/#website\",\"url\":\"https:\/\/www.evakuierungsstuhl.de\/\",\"name\":\"Evacuatieexpert\",\"description\":\"De expert in evacuatie\",\"potentialAction\":[{\"@type\":\"SearchAction\",\"target\":{\"@type\":\"EntryPoint\",\"urlTemplate\":\"https:\/\/www.evakuierungsstuhl.de\/?s={search_term_string}\"},\"query-input\":{\"@type\":\"PropertyValueSpecification\",\"valueRequired\":true,\"valueName\":\"search_term_string\"}}],\"inLanguage\":\"de\"}]}<\/script>\n<!-- \/ Yoast SEO plugin. -->","yoast_head_json":{"title":"Unverbindliche Beratung und Vorf\u00fchrung vor Ort - Experte f\u00fcr Evakuierung","robots":{"index":"index","follow":"follow","max-snippet":"max-snippet:-1","max-image-preview":"max-image-preview:large","max-video-preview":"max-video-preview:-1"},"canonical":"https:\/\/www.evakuierungsstuhl.de\/de\/unverbindliche-beratung-und-vorfuhrung-vor-ort\/","og_locale":"de_DE","og_type":"article","og_title":"Vrijblijvend advies en demonstratie op locatie. - Evacuatieexpert","og_description":"Spullen leveren kan iedereen, Evacuatieexpert.nl werkt anders! Wij kijken met een gespecialiseerde blik naar uw organisatie, uw gebouw(en) en andere relevante factoren voor een juiste keuze. Vanuit deze expertise adviseren en leveren wij doelmatige producten en diensten. Deze doelmatigheid leidt in de praktijk vaak tot: Ons diensten pakket bestaat onder andere uit: Advies evacuatie, evacuatiestoel, [&hellip;]","og_url":"https:\/\/www.evakuierungsstuhl.de\/de\/unverbindliche-beratung-und-vorfuhrung-vor-ort\/","og_site_name":"Evacuatieexpert","article_modified_time":"2024-10-09T09:40:40+00:00","twitter_card":"summary_large_image","twitter_misc":{"Gesch\u00e4tzte Lesezeit":"2\u00a0Minuten"},"schema":{"@context":"https:\/\/schema.org","@graph":[{"@type":"WebPage","@id":"https:\/\/www.evakuierungsstuhl.de\/vrijblijvend-advies-en-demonstratie-op-locatie\/","url":"https:\/\/www.evakuierungsstuhl.de\/vrijblijvend-advies-en-demonstratie-op-locatie\/","name":"Unverbindliche Beratung und Vorf\u00fchrung vor Ort - Experte f\u00fcr Evakuierung","isPartOf":{"@id":"https:\/\/www.evakuierungsstuhl.de\/#website"},"datePublished":"2024-10-09T09:34:14+00:00","dateModified":"2024-10-09T09:40:40+00:00","breadcrumb":{"@id":"https:\/\/www.evakuierungsstuhl.de\/vrijblijvend-advies-en-demonstratie-op-locatie\/#breadcrumb"},"inLanguage":"de","potentialAction":[{"@type":"ReadAction","target":["https:\/\/www.evakuierungsstuhl.de\/vrijblijvend-advies-en-demonstratie-op-locatie\/"]}]},{"@type":"BreadcrumbList","@id":"https:\/\/www.evakuierungsstuhl.de\/vrijblijvend-advies-en-demonstratie-op-locatie\/#breadcrumb","itemListElement":[{"@type":"ListItem","position":1,"name":"Home","item":"https:\/\/www.evakuierungsstuhl.de\/"},{"@type":"ListItem","position":2,"name":"Vrijblijvend advies en demonstratie op locatie."}]},{"@type":"WebSite","@id":"https:\/\/www.evakuierungsstuhl.de\/#website","url":"https:\/\/www.evakuierungsstuhl.de\/","name":"Experte f\u00fcr Evakuierung","description":"Der Experte f\u00fcr Evakuierung","potentialAction":[{"@type":"SearchAction","target":{"@type":"EntryPoint","urlTemplate":"https:\/\/www.evakuierungsstuhl.de\/?s={search_term_string}"},"query-input":{"@type":"PropertyValueSpecification","valueRequired":true,"valueName":"search_term_string"}}],"inLanguage":"de"}]}},"_links":{"self":[{"href":"https:\/\/www.evakuierungsstuhl.de\/de\/wp-json\/wp\/v2\/pages\/1521","targetHints":{"allow":["GET"]}}],"collection":[{"href":"https:\/\/www.evakuierungsstuhl.de\/de\/wp-json\/wp\/v2\/pages"}],"about":[{"href":"https:\/\/www.evakuierungsstuhl.de\/de\/wp-json\/wp\/v2\/types\/page"}],"author":[{"embeddable":true,"href":"https:\/\/www.evakuierungsstuhl.de\/de\/wp-json\/wp\/v2\/users\/2"}],"replies":[{"embeddable":true,"href":"https:\/\/www.evakuierungsstuhl.de\/de\/wp-json\/wp\/v2\/comments?post=1521"}],"version-history":[{"count":3,"href":"https:\/\/www.evakuierungsstuhl.de\/de\/wp-json\/wp\/v2\/pages\/1521\/revisions"}],"predecessor-version":[{"id":1525,"href":"https:\/\/www.evakuierungsstuhl.de\/de\/wp-json\/wp\/v2\/pages\/1521\/revisions\/1525"}],"wp:attachment":[{"href":"https:\/\/www.evakuierungsstuhl.de\/de\/wp-json\/wp\/v2\/media?parent=1521"}],"curies":[{"name":"wp","href":"https:\/\/api.w.org\/{rel}","templated":true}]}}